{"id":30693,"date":"2023-10-12T17:33:28","date_gmt":"2023-10-12T14:33:28","guid":{"rendered":"https:\/\/www.asimis-market.com\/product\/croce-in-argento-925-con-crocifisso-collana-libera-con-malocchio-e-catena-a-serpente-in-argento-925\/"},"modified":"2024-01-07T03:49:49","modified_gmt":"2024-01-07T00:49:49","slug":"croce-in-argento-925-con-crocifisso-collana-libera-con-malocchio-e-catena-a-serpente-in-argento-925","status":"publish","type":"product","link":"https:\/\/www.asimis-market.com\/it\/prodotto\/croce-in-argento-925-con-crocifisso-collana-libera-con-malocchio-e-catena-a-serpente-in-argento-925\/","title":{"rendered":"CROCE IN ARGENTO 925 CON CROCIFISSO + COLLANA LIBERA CON MALOCCHIO E CATENA A SERPENTE IN ARGENTO 925."},"content":{"rendered":"<p><strong>CROCE IN ARGENTO 925 CON IL CROCIFISSO + COLLANA GRATUITA CON MALOCCHIO E CATENA A SERPENTE IN ARGENTO 925<\/strong><\/p>\n<p>Una moderna croce da donna in argento 925 ornata dal crocifisso. Una croce straordinaria che spicca sul collo di una donna e che cattura l&#8217;attenzione di tutti. Un gioiello ideale per ogni occasione.<\/p>\n<p>Caratteristiche trasversali:<\/p>\n<p>SKU: 524-551-200<\/p>\n<p>Marchio: Asimis<\/p>\n<p>Tipo: Collana<\/p>\n<p>Metallo: Argento 925<\/p>\n<p>Lunghezza della catena: 50 cm<\/p>\n<p>Dimensioni del disegno: 2,9 cm x 1,7 cm<\/p>\n<p>Genere: Femmina<\/p>\n<p>Collana con malocchio e catena a serpente in argento 925<\/p>\n<p>Bellissima collana di malocchio con catena a serpente in argento 925. Una collana di grande effetto che completa splendidamente il collo di una donna e che attirer\u00e0 tutti gli sguardi.<\/p>\n<p>Caratteristiche della collana:<\/p>\n<p>SKU: 523-521<\/p>\n<p>Marchio: Asimis<\/p>\n<p>Tipo: Collana<\/p>\n<p>Metallo: Argento 925<\/p>\n<p>Lunghezza della catena: 48 cm<\/p>\n<p>Dimensioni del disegno: 6 mm<\/p>\n<p>Genere: Femmina<\/p>\n<p>Un gioiello in ARGENTO 925 \u00e8 il regalo migliore per stupire i vostri amici e scaldare i cuori di chi amate, sempre al prezzo pi\u00f9 basso del mercato, poich\u00e9 importiamo tutti i nostri gioielli.<\/p>\n<p>Tutti i gioielli sono corredati di confezione.<\/p>\n<p>Potete scegliere la confezione che preferite. Quando si completa l&#8217;ordine, \u00e8 possibile specificare la propria scelta nella nota del cliente. Nel caso in cui non venga menzionata la confezione, il nostro eshop fornir\u00e0 i gioielli con un astuccio.<\/p>\n<p>\u00c8 anche possibile richiedere una busta regalo se si desidera regalarla.<\/p>\n<p>COLORI BORSA IN TESSUTO PER REGALO CON CORDINO<\/p>\n<ul>\n<li>Arancione<\/li>\n<li>Turchese<\/li>\n<li>Rosso<\/li>\n<li>Rosa<\/li>\n<li>Blu<\/li>\n<li>Azzurro<\/li>\n<li>Verde<\/li>\n<li>Nero<\/li>\n<\/ul>\n<p>COLORI DELLA SCATOLA<\/p>\n<ul>\n<li>Bianco<\/li>\n<li>Rosso<\/li>\n<li>Nero<\/li>\n<li>Rosa<\/li>\n<\/ul>\n<p>Nelle foto \u00e8 possibile vedere tutti i design delle confezioni.<\/p>\n<p>&nbsp;<\/p>\n<p><img loading=\"lazy\" decoding=\"async\" class=\"alignnone size-medium wp-image-17681\" src=\"https:\/\/www.asimis-market.com\/wp-content\/uploads\/2021\/04\/%CE%A3%CE%A5%CE%A3%CE%9A%CE%95%CE%A5%CE%91%CE%A3%CE%99%CE%91-%CE%A0%CE%9F%CE%A5%CE%93%CE%9A%CE%99-_%CE%92%CE%95%CE%9B%CE%9F%CE%A5%CE%94%CE%99%CE%9D%CE%9F-300x300.jpg\" alt=\"\" width=\"300\" height=\"300\"><img loading=\"lazy\" decoding=\"async\" class=\"alignnone size-medium wp-image-17680\" src=\"https:\/\/www.asimis-market.com\/wp-content\/uploads\/2021\/04\/%CE%A3%CE%A5%CE%A3%CE%9A%CE%95%CE%A5%CE%91%CE%A3%CE%99%CE%91-%CE%A0%CE%9F%CE%A5%CE%93%CE%9A%CE%99-_ORGANZA-300x300.jpg\" alt=\"\" width=\"300\" height=\"300\"><img loading=\"lazy\" decoding=\"async\" class=\"alignnone size-medium wp-image-17678\" src=\"https:\/\/www.asimis-market.com\/wp-content\/uploads\/2021\/04\/%CE%A3%CE%A5%CE%A3%CE%9A%CE%95%CE%A5%CE%91%CE%A3%CE%99%CE%91-%CE%9A%CE%9F%CE%A5%CE%A4%CE%91%CE%9A%CE%99_%CE%A1%CE%9F%CE%96-300x300.jpg\" alt=\"\" width=\"300\" height=\"300\"><img loading=\"lazy\" decoding=\"async\" class=\"alignnone size-medium wp-image-17679\" src=\"https:\/\/www.asimis-market.com\/wp-content\/uploads\/2021\/04\/%CE%A3%CE%A5%CE%A3%CE%9A%CE%95%CE%A5%CE%91%CE%A3%CE%99%CE%91-%CE%9A%CE%9F%CE%A5%CE%A4%CE%91%CE%9A%CE%99%CE%91_-%CE%94%CE%99%CE%91%CE%A6%CE%91%CE%9D%CE%91-300x300.jpg\" alt=\"\" width=\"300\" height=\"300\"><img loading=\"lazy\" decoding=\"async\" class=\"alignnone size-medium wp-image-17840\" src=\"https:\/\/www.asimis-market.com\/wp-content\/uploads\/2021\/04\/%CE%A3%CE%91%CE%9A%CE%9F%CE%A5%CE%9B%CE%99%CE%A4%CE%A3%CE%91-%CE%94%CE%A9%CE%A1%CE%9F%CE%A5-300x300.jpg\" alt=\"\" width=\"300\" height=\"300\"><\/p>\n","protected":false},"excerpt":{"rendered":"<p>CROCE IN ARGENTO 925 CON IL CROCIFISSO + COLLANA GRATUITA CON MALOCCHIO E CATENA A SERPENTE IN ARGENTO 925 Una moderna croce da donna in argento 925 ornata dal crocifisso. Una croce straordinaria che spicca sul collo di una donna e che cattura l&#8217;attenzione di tutti. Un gioiello ideale per ogni occasione. Caratteristiche trasversali: SKU: [&#8230;]\n","protected":false},"featured_media":25915,"comment_status":"closed","ping_status":"closed","template":"","meta":{"wds_primary_product_brand":0,"wds_primary_product_cat":0},"product_brand":[],"product_cat":[469,428],"product_tag":[],"class_list":{"0":"post-30693","1":"product","2":"type-product","3":"status-publish","4":"has-post-thumbnail","6":"product_cat-croci","7":"product_cat-gioielleria","8":"product_shipping_class-buste","10":"first","11":"instock","12":"sale","13":"featured","14":"shipping-taxable","15":"purchasable","16":"product-type-simple"},"_links":{"self":[{"href":"https:\/\/www.asimis-market.com\/it\/wp-json\/wp\/v2\/product\/30693","targetHints":{"allow":["GET"]}}],"collection":[{"href":"https:\/\/www.asimis-market.com\/it\/wp-json\/wp\/v2\/product"}],"about":[{"href":"https:\/\/www.asimis-market.com\/it\/wp-json\/wp\/v2\/types\/product"}],"replies":[{"embeddable":true,"href":"https:\/\/www.asimis-market.com\/it\/wp-json\/wp\/v2\/comments?post=30693"}],"wp:featuredmedia":[{"embeddable":true,"href":"https:\/\/www.asimis-market.com\/it\/wp-json\/wp\/v2\/media\/25915"}],"wp:attachment":[{"href":"https:\/\/www.asimis-market.com\/it\/wp-json\/wp\/v2\/media?parent=30693"}],"wp:term":[{"taxonomy":"product_brand","embeddable":true,"href":"https:\/\/www.asimis-market.com\/it\/wp-json\/wp\/v2\/product_brand?post=30693"},{"taxonomy":"product_cat","embeddable":true,"href":"https:\/\/www.asimis-market.com\/it\/wp-json\/wp\/v2\/product_cat?post=30693"},{"taxonomy":"product_tag","embeddable":true,"href":"https:\/\/www.asimis-market.com\/it\/wp-json\/wp\/v2\/product_tag?post=30693"}],"curies":[{"name":"wp","href":"https:\/\/api.w.org\/{rel}","templated":true}]}}