{"id":30696,"date":"2023-10-12T17:33:28","date_gmt":"2023-10-12T14:33:28","guid":{"rendered":"https:\/\/www.asimis-market.com\/product\/croce-in-argento-925-con-zaffiro-bianco-collana-gratuita-con-malocchio-e-catena-a-serpente-in-argento-925\/"},"modified":"2024-01-07T04:06:09","modified_gmt":"2024-01-07T01:06:09","slug":"croce-in-argento-925-con-zaffiro-bianco-collana-gratuita-con-malocchio-e-catena-a-serpente-in-argento-925","status":"publish","type":"product","link":"https:\/\/www.asimis-market.com\/it\/prodotto\/croce-in-argento-925-con-zaffiro-bianco-collana-gratuita-con-malocchio-e-catena-a-serpente-in-argento-925\/","title":{"rendered":"CROCE IN ARGENTO 925 CON ZAFFIRO BIANCO + COLLANA GRATUITA CON MALOCCHIO E CATENA A SERPENTE IN ARGENTO 925."},"content":{"rendered":"<p>CROCE IN ARGENTO 925 CON ZAFFIRO BIANCO + COLLANA GRATUITA CON MALOCCHIO E CATENA A SERPENTE IN ARGENTO 925<\/p>\n<p>Una moderna croce da donna in argento 925 ornata da uno zaffiro sintetico bianco. Un incrocio di grande effetto che valorizza splendidamente il d\u00e9collet\u00e9 femminile e attira tutti gli sguardi. Un accessorio ideale per ogni occasione.<\/p>\n<p>Caratteristiche trasversali<\/p>\n<p>Codice: 524-531-200-1<\/p>\n<p>Marchio: Asimis<\/p>\n<p>Tipo: Collana<\/p>\n<p>Metallo: Argento 925<\/p>\n<p>Pietra: Zaffiro sintetico<\/p>\n<p>Lunghezza della catena: 45 cm<\/p>\n<p>Dimensioni del design: 30 mm<\/p>\n<p>Genere: Femmina<\/p>\n<p>COLLANA CON MALOCCHIO E CATENA A SERPENTE IN ARGENTO 925<\/p>\n<p>Una bella collana in argento 925 con malocchio e catena a serpente. Una collana di grande effetto che completa splendidamente il d\u00e9collet\u00e9 femminile e cattura l&#8217;attenzione.<\/p>\n<p>Caratteristiche della collana<\/p>\n<p>Codice: 523-500<\/p>\n<p>Marchio: Asimis<\/p>\n<p>Tipo: Collana<\/p>\n<p>Metallo: Argento 925<\/p>\n<p>Lunghezza della catena: 50 cm<\/p>\n<p>Dimensioni del disegno: 28 mm x 15 mm<\/p>\n<p>Genere: Femmina<\/p>\n<p>Un gioiello in ARGENTO 925 \u00e8 il regalo perfetto per stupire i vostri amici e scaldare i cuori di chi amate, sempre al prezzo pi\u00f9 basso del mercato perch\u00e9 importiamo tutti i nostri gioielli.<\/p>\n<p>Tutti i gioielli sono dotati di confezione.<\/p>\n<p>Potete scegliere la confezione che preferite e, quando completate l&#8217;ordine, potete scriverlo nella nota del cliente. Nel caso in cui non si specifichi la confezione, l&#8217;eshop fornisce i gioielli con un astuccio.<\/p>\n<p>\u00c8 anche possibile richiedere una busta regalo se si vuole fare un regalo.<\/p>\n<p>COLORI BORSA IN TESSUTO PER REGALO CON CORDINO<\/p>\n<ul>\n<li>Arancione<\/li>\n<li>Turchese<\/li>\n<li>Rosso<\/li>\n<li>Rosa<\/li>\n<li>Blu<\/li>\n<li>Azzurro<\/li>\n<li>Verde<\/li>\n<li>Nero<\/li>\n<\/ul>\n<p>COLORI DELLA SCATOLA<\/p>\n<ul>\n<li>Bianco<\/li>\n<li>Rosso<\/li>\n<li>Nero<\/li>\n<li>Rosa<\/li>\n<\/ul>\n<p>Nelle foto potete vedere tutti i design delle confezioni.<\/p>\n<p><img loading=\"lazy\" decoding=\"async\" class=\"alignnone size-medium wp-image-17681\" src=\"https:\/\/www.asimis-market.com\/wp-content\/uploads\/2021\/04\/%CE%A3%CE%A5%CE%A3%CE%9A%CE%95%CE%A5%CE%91%CE%A3%CE%99%CE%91-%CE%A0%CE%9F%CE%A5%CE%93%CE%9A%CE%99-_%CE%92%CE%95%CE%9B%CE%9F%CE%A5%CE%94%CE%99%CE%9D%CE%9F-300x300.jpg\" alt=\"\" width=\"300\" height=\"300\"><img loading=\"lazy\" decoding=\"async\" class=\"alignnone size-medium wp-image-17680\" src=\"https:\/\/www.asimis-market.com\/wp-content\/uploads\/2021\/04\/%CE%A3%CE%A5%CE%A3%CE%9A%CE%95%CE%A5%CE%91%CE%A3%CE%99%CE%91-%CE%A0%CE%9F%CE%A5%CE%93%CE%9A%CE%99-_ORGANZA-300x300.jpg\" alt=\"\" width=\"300\" height=\"300\"><img loading=\"lazy\" decoding=\"async\" class=\"alignnone size-medium wp-image-17678\" src=\"https:\/\/www.asimis-market.com\/wp-content\/uploads\/2021\/04\/%CE%A3%CE%A5%CE%A3%CE%9A%CE%95%CE%A5%CE%91%CE%A3%CE%99%CE%91-%CE%9A%CE%9F%CE%A5%CE%A4%CE%91%CE%9A%CE%99_%CE%A1%CE%9F%CE%96-300x300.jpg\" alt=\"\" width=\"300\" height=\"300\"><img loading=\"lazy\" decoding=\"async\" class=\"alignnone size-medium wp-image-17679\" src=\"https:\/\/www.asimis-market.com\/wp-content\/uploads\/2021\/04\/%CE%A3%CE%A5%CE%A3%CE%9A%CE%95%CE%A5%CE%91%CE%A3%CE%99%CE%91-%CE%9A%CE%9F%CE%A5%CE%A4%CE%91%CE%9A%CE%99%CE%91_-%CE%94%CE%99%CE%91%CE%A6%CE%91%CE%9D%CE%91-300x300.jpg\" alt=\"\" width=\"300\" height=\"300\"><img loading=\"lazy\" decoding=\"async\" class=\"alignnone size-medium wp-image-17840\" src=\"https:\/\/www.asimis-market.com\/wp-content\/uploads\/2021\/04\/%CE%A3%CE%91%CE%9A%CE%9F%CE%A5%CE%9B%CE%99%CE%A4%CE%A3%CE%91-%CE%94%CE%A9%CE%A1%CE%9F%CE%A5-300x300.jpg\" alt=\"\" width=\"300\" height=\"300\"><\/p>\n<p>&nbsp;<\/p>\n","protected":false},"excerpt":{"rendered":"<p>CROCE IN ARGENTO 925 CON ZAFFIRO BIANCO + COLLANA GRATUITA CON MALOCCHIO E CATENA A SERPENTE IN ARGENTO 925 Una moderna croce da donna in argento 925 ornata da uno zaffiro sintetico bianco. Un incrocio di grande effetto che valorizza splendidamente il d\u00e9collet\u00e9 femminile e attira tutti gli sguardi. Un accessorio ideale per ogni occasione. [&#8230;]\n","protected":false},"featured_media":25903,"comment_status":"closed","ping_status":"closed","template":"","meta":{"wds_primary_product_brand":0,"wds_primary_product_cat":0},"product_brand":[],"product_cat":[469,428],"product_tag":[],"class_list":{"0":"post-30696","1":"product","2":"type-product","3":"status-publish","4":"has-post-thumbnail","6":"product_cat-croci","7":"product_cat-gioielleria","8":"product_shipping_class-buste","10":"first","11":"instock","12":"sale","13":"featured","14":"shipping-taxable","15":"purchasable","16":"product-type-simple"},"_links":{"self":[{"href":"https:\/\/www.asimis-market.com\/it\/wp-json\/wp\/v2\/product\/30696","targetHints":{"allow":["GET"]}}],"collection":[{"href":"https:\/\/www.asimis-market.com\/it\/wp-json\/wp\/v2\/product"}],"about":[{"href":"https:\/\/www.asimis-market.com\/it\/wp-json\/wp\/v2\/types\/product"}],"replies":[{"embeddable":true,"href":"https:\/\/www.asimis-market.com\/it\/wp-json\/wp\/v2\/comments?post=30696"}],"wp:featuredmedia":[{"embeddable":true,"href":"https:\/\/www.asimis-market.com\/it\/wp-json\/wp\/v2\/media\/25903"}],"wp:attachment":[{"href":"https:\/\/www.asimis-market.com\/it\/wp-json\/wp\/v2\/media?parent=30696"}],"wp:term":[{"taxonomy":"product_brand","embeddable":true,"href":"https:\/\/www.asimis-market.com\/it\/wp-json\/wp\/v2\/product_brand?post=30696"},{"taxonomy":"product_cat","embeddable":true,"href":"https:\/\/www.asimis-market.com\/it\/wp-json\/wp\/v2\/product_cat?post=30696"},{"taxonomy":"product_tag","embeddable":true,"href":"https:\/\/www.asimis-market.com\/it\/wp-json\/wp\/v2\/product_tag?post=30696"}],"curies":[{"name":"wp","href":"https:\/\/api.w.org\/{rel}","templated":true}]}}