{"id":30698,"date":"2023-10-12T17:33:27","date_gmt":"2023-10-12T14:33:27","guid":{"rendered":"https:\/\/www.asimis-market.com\/product\/argento-925-croce-con-il-crocifisso-argento-925-bracciale-albero-di-foglie-regalo\/"},"modified":"2024-01-07T04:06:34","modified_gmt":"2024-01-07T01:06:34","slug":"argento-925-croce-con-il-crocifisso-argento-925-bracciale-albero-di-foglie-regalo","status":"publish","type":"product","link":"https:\/\/www.asimis-market.com\/it\/prodotto\/argento-925-croce-con-il-crocifisso-argento-925-bracciale-albero-di-foglie-regalo\/","title":{"rendered":"ARGENTO 925 CROCE CON IL CROCIFISSO + ARGENTO 925 BRACCIALE ALBERO DI FOGLIE REGALO"},"content":{"rendered":"<p><strong>ARGENTO 925 CROCE CON IL CROCIFISSO + ARGENTO 925 BRACCIALE ALBERO DI FOGLIE REGALO<\/strong><\/p>\n<p>Croce da donna moderna in argento 925 con il crocifisso. Una croce straordinaria che mette in risalto il collo della donna e attira tutti gli sguardi. Un gioiello ideale per tutte le uscite.<\/p>\n<p>Caratteristiche trasversali:<\/p>\n<p>Codice: 524-521-210<\/p>\n<p>Marchio: Asimis<\/p>\n<p>Tipo: Collana<\/p>\n<p>Metallo: Argento 925<\/p>\n<p>Lunghezza della catena: 50 cm<\/p>\n<p>Dimensioni del disegno: 6,9 cm x 3,6 cm<\/p>\n<p>Genere: Femmina<\/p>\n<p>BRACCIALE IN ARGENTO 925 CON ALBERO DI FOGLIE<\/p>\n<p>Un bellissimo bracciale in argento 925 con ciondoli a forma di foglie pendenti. Un braccialetto di grande effetto, che sta benissimo al polso e attira l&#8217;attenzione di tutti.<\/p>\n<p>Caratteristiche del bracciale:<\/p>\n<p>Codice: 522-550<\/p>\n<p>Marchio: Asimis<\/p>\n<p>Tipo: Bracciale<\/p>\n<p>Metallo: Argento 925<\/p>\n<p>Lunghezza della catena: da 19 a 24 cm<\/p>\n<p>Dimensioni del disegno: 0,8 cm<\/p>\n<p>Genere: Femmina<\/p>\n<p>Un gioiello in ARGENTO 925 \u00e8 il regalo migliore per stupire i vostri amici e scaldare i cuori dei vostri cari, sempre al prezzo pi\u00f9 basso del mercato perch\u00e9 importiamo tutti i nostri gioielli.<\/p>\n<p>Tutti i gioielli sono dotati di confezione.<\/p>\n<p>\u00c8 possibile scegliere la confezione desiderata.<\/p>\n<p>E quando si completa l&#8217;ordine,<\/p>\n<p>scriverlo nella nota del cliente.<\/p>\n<p>Nel caso in cui non si parli di imballaggi,<\/p>\n<p>l&#8217;eshop include il gioiello<\/p>\n<p>in una confezione a sacchetto.<\/p>\n<p>Potete anche chiedere una borsa regalo<\/p>\n<p>se volete farne un regalo.<\/p>\n<p>Colori Borsa In Tessuto Per Regalo Con Cordino<\/p>\n<ul>\n<li>Arancione<\/li>\n<li>Turchese<\/li>\n<li>Rosso<\/li>\n<li>Rosa<\/li>\n<li>Blu<\/li>\n<li>Azzurro<\/li>\n<li>Verde<\/li>\n<li>Nero<\/li>\n<\/ul>\n<p>COLORI DELLA SCATOLA<\/p>\n<ul>\n<li>Bianco<\/li>\n<li>Rosso<\/li>\n<li>Nero<\/li>\n<li>Rosa<\/li>\n<\/ul>\n<p>Nelle foto potete vedere tutti i design delle confezioni.<\/p>\n<p>&nbsp;<\/p>\n<p><img loading=\"lazy\" decoding=\"async\" class=\"alignnone size-medium wp-image-17681\" src=\"https:\/\/www.asimis-market.com\/wp-content\/uploads\/2021\/04\/%CE%A3%CE%A5%CE%A3%CE%9A%CE%95%CE%A5%CE%91%CE%A3%CE%99%CE%91-%CE%A0%CE%9F%CE%A5%CE%93%CE%9A%CE%99-_%CE%92%CE%95%CE%9B%CE%9F%CE%A5%CE%94%CE%99%CE%9D%CE%9F-300x300.jpg\" alt=\"\" width=\"300\" height=\"300\"><img loading=\"lazy\" decoding=\"async\" class=\"alignnone size-medium wp-image-17680\" src=\"https:\/\/www.asimis-market.com\/wp-content\/uploads\/2021\/04\/%CE%A3%CE%A5%CE%A3%CE%9A%CE%95%CE%A5%CE%91%CE%A3%CE%99%CE%91-%CE%A0%CE%9F%CE%A5%CE%93%CE%9A%CE%99-_ORGANZA-300x300.jpg\" alt=\"\" width=\"300\" height=\"300\"><img loading=\"lazy\" decoding=\"async\" class=\"alignnone size-medium wp-image-17678\" src=\"https:\/\/www.asimis-market.com\/wp-content\/uploads\/2021\/04\/%CE%A3%CE%A5%CE%A3%CE%9A%CE%95%CE%A5%CE%91%CE%A3%CE%99%CE%91-%CE%9A%CE%9F%CE%A5%CE%A4%CE%91%CE%9A%CE%99_%CE%A1%CE%9F%CE%96-300x300.jpg\" alt=\"\" width=\"300\" height=\"300\"><img loading=\"lazy\" decoding=\"async\" class=\"alignnone size-medium wp-image-17679\" src=\"https:\/\/www.asimis-market.com\/wp-content\/uploads\/2021\/04\/%CE%A3%CE%A5%CE%A3%CE%9A%CE%95%CE%A5%CE%91%CE%A3%CE%99%CE%91-%CE%9A%CE%9F%CE%A5%CE%A4%CE%91%CE%9A%CE%99%CE%91_-%CE%94%CE%99%CE%91%CE%A6%CE%91%CE%9D%CE%91-300x300.jpg\" alt=\"\" width=\"300\" height=\"300\"><img loading=\"lazy\" decoding=\"async\" class=\"alignnone size-medium wp-image-17840\" src=\"https:\/\/www.asimis-market.com\/wp-content\/uploads\/2021\/04\/%CE%A3%CE%91%CE%9A%CE%9F%CE%A5%CE%9B%CE%99%CE%A4%CE%A3%CE%91-%CE%94%CE%A9%CE%A1%CE%9F%CE%A5-300x300.jpg\" alt=\"\" width=\"300\" height=\"300\"><\/p>\n","protected":false},"excerpt":{"rendered":"<p>ARGENTO 925 CROCE CON IL CROCIFISSO + ARGENTO 925 BRACCIALE ALBERO DI FOGLIE REGALO Croce da donna moderna in argento 925 con il crocifisso. Una croce straordinaria che mette in risalto il collo della donna e attira tutti gli sguardi. Un gioiello ideale per tutte le uscite. Caratteristiche trasversali: Codice: 524-521-210 Marchio: Asimis Tipo: Collana [&#8230;]\n","protected":false},"featured_media":25895,"comment_status":"closed","ping_status":"closed","template":"","meta":{"wds_primary_product_brand":0,"wds_primary_product_cat":0},"product_brand":[],"product_cat":[469,428],"product_tag":[],"class_list":{"0":"post-30698","1":"product","2":"type-product","3":"status-publish","4":"has-post-thumbnail","6":"product_cat-croci","7":"product_cat-gioielleria","8":"product_shipping_class-buste","10":"first","11":"instock","12":"sale","13":"shipping-taxable","14":"purchasable","15":"product-type-simple"},"_links":{"self":[{"href":"https:\/\/www.asimis-market.com\/it\/wp-json\/wp\/v2\/product\/30698","targetHints":{"allow":["GET"]}}],"collection":[{"href":"https:\/\/www.asimis-market.com\/it\/wp-json\/wp\/v2\/product"}],"about":[{"href":"https:\/\/www.asimis-market.com\/it\/wp-json\/wp\/v2\/types\/product"}],"replies":[{"embeddable":true,"href":"https:\/\/www.asimis-market.com\/it\/wp-json\/wp\/v2\/comments?post=30698"}],"wp:featuredmedia":[{"embeddable":true,"href":"https:\/\/www.asimis-market.com\/it\/wp-json\/wp\/v2\/media\/25895"}],"wp:attachment":[{"href":"https:\/\/www.asimis-market.com\/it\/wp-json\/wp\/v2\/media?parent=30698"}],"wp:term":[{"taxonomy":"product_brand","embeddable":true,"href":"https:\/\/www.asimis-market.com\/it\/wp-json\/wp\/v2\/product_brand?post=30698"},{"taxonomy":"product_cat","embeddable":true,"href":"https:\/\/www.asimis-market.com\/it\/wp-json\/wp\/v2\/product_cat?post=30698"},{"taxonomy":"product_tag","embeddable":true,"href":"https:\/\/www.asimis-market.com\/it\/wp-json\/wp\/v2\/product_tag?post=30698"}],"curies":[{"name":"wp","href":"https:\/\/api.w.org\/{rel}","templated":true}]}}