{"id":30699,"date":"2023-10-12T17:33:27","date_gmt":"2023-10-12T14:33:27","guid":{"rendered":"https:\/\/www.asimis-market.com\/product\/bracciale-in-argento-925-acciaio-inossidabile-con-la-mano-di-fatima-e-il-malocchio-in-zirconi\/"},"modified":"2024-01-07T04:07:58","modified_gmt":"2024-01-07T01:07:58","slug":"bracciale-in-argento-925-acciaio-inossidabile-con-la-mano-di-fatima-e-il-malocchio-in-zirconi","status":"publish","type":"product","link":"https:\/\/www.asimis-market.com\/it\/prodotto\/bracciale-in-argento-925-acciaio-inossidabile-con-la-mano-di-fatima-e-il-malocchio-in-zirconi\/","title":{"rendered":"CROCE IN ARGENTO 925 + BRACCIALE ACCIAIO INOSSIDABILE CON LA MANO DI FATIMA E IL MALOCCHIO IN ZIRCONI"},"content":{"rendered":"<p><strong>CROCE IN ARGENTO 925 + BRACCIALE ACCIAIO INOSSIDABILE CON LA MANO DI FATIMA E IL MALOCCHIO IN ZIRCONI<\/strong><\/p>\n<p>Una moderna croce da donna in argento 925, che si presenta splendidamente sul collo femminile e attirer\u00e0 l&#8217;attenzione di tutti. Un gioiello ideale per qualsiasi uscita.<\/p>\n<p>Caratteristiche trasversali<\/p>\n<p>Codice: 524-521-200-1<\/p>\n<p>Marchio: Asimis<\/p>\n<p>Tipo: Collana<\/p>\n<p>Metallo: Argento 925<\/p>\n<p>Lunghezza della catena: 59 cm<\/p>\n<p>Dimensioni del disegno: 5,2 cm x 2,9 cm<\/p>\n<p>Genere: Femmina<\/p>\n<p>BRACCIALE IN ACCIAIO INOSSIDABILE CON MANO DI FATIMA E MALOCCHIO IN ZIRCONI<\/p>\n<p>Un bellissimo bracciale in acciaio inossidabile con la Mano di Fatima e un malocchio ornato da pietre di zirconia. Un bracciale straordinario che accentua la mano in modo splendido e allontana le energie negative.<\/p>\n<p>Caratteristiche del bracciale<\/p>\n<p>Marchio: Asimis<\/p>\n<p>Tipo: Bracciale<\/p>\n<p>Metallo: Acciaio inossidabile<\/p>\n<p>Lunghezza della catena: da 16 cm a 21 cm<\/p>\n<p>Dimensioni del disegno: 15 mm<\/p>\n<p>Genere: Femmina<\/p>\n<p>Un gioiello in ARGENTO 925 \u00e8 il regalo migliore per stupire i vostri amici e scaldare i cuori dei vostri cari, sempre al prezzo pi\u00f9 basso del mercato perch\u00e9 importiamo tutti i nostri gioielli.<\/p>\n<p>Tutti i gioielli sono dotati di confezione. \u00c8 possibile scegliere la confezione desiderata. Quando si completa l&#8217;ordine, si prega di specificarlo nella nota del cliente. Nel caso in cui non venga specificata la confezione, l&#8217;eshop includer\u00e0 una custodia. \u00c8 anche possibile richiedere una busta regalo se si vuole fare un regalo.<\/p>\n<p>Colori Borsa In Tessuto Per Regalo Con Cordino<\/p>\n<ul>\n<li>Arancione<\/li>\n<li>Turchese<\/li>\n<li>Rosso<\/li>\n<li>Rosa<\/li>\n<li>Blu<\/li>\n<li>Azzurro<\/li>\n<li>Verde<\/li>\n<li>Nero<\/li>\n<\/ul>\n<p>Colori Della Scatola<\/p>\n<ul>\n<li>Bianco<\/li>\n<li>Rosso<\/li>\n<li>Nero<\/li>\n<li>Rosa<\/li>\n<\/ul>\n<p>Nelle foto potete vedere tutti i design delle confezioni.<\/p>\n<p><img loading=\"lazy\" decoding=\"async\" class=\"alignnone size-medium wp-image-17681\" src=\"https:\/\/www.asimis-market.com\/wp-content\/uploads\/2021\/04\/%CE%A3%CE%A5%CE%A3%CE%9A%CE%95%CE%A5%CE%91%CE%A3%CE%99%CE%91-%CE%A0%CE%9F%CE%A5%CE%93%CE%9A%CE%99-_%CE%92%CE%95%CE%9B%CE%9F%CE%A5%CE%94%CE%99%CE%9D%CE%9F-300x300.jpg\" alt=\"\" width=\"300\" height=\"300\"><img loading=\"lazy\" decoding=\"async\" class=\"alignnone size-medium wp-image-17680\" src=\"https:\/\/www.asimis-market.com\/wp-content\/uploads\/2021\/04\/%CE%A3%CE%A5%CE%A3%CE%9A%CE%95%CE%A5%CE%91%CE%A3%CE%99%CE%91-%CE%A0%CE%9F%CE%A5%CE%93%CE%9A%CE%99-_ORGANZA-300x300.jpg\" alt=\"\" width=\"300\" height=\"300\"><img loading=\"lazy\" decoding=\"async\" class=\"alignnone size-medium wp-image-17678\" src=\"https:\/\/www.asimis-market.com\/wp-content\/uploads\/2021\/04\/%CE%A3%CE%A5%CE%A3%CE%9A%CE%95%CE%A5%CE%91%CE%A3%CE%99%CE%91-%CE%9A%CE%9F%CE%A5%CE%A4%CE%91%CE%9A%CE%99_%CE%A1%CE%9F%CE%96-300x300.jpg\" alt=\"\" width=\"300\" height=\"300\"><img loading=\"lazy\" decoding=\"async\" class=\"alignnone size-medium wp-image-17679\" src=\"https:\/\/www.asimis-market.com\/wp-content\/uploads\/2021\/04\/%CE%A3%CE%A5%CE%A3%CE%9A%CE%95%CE%A5%CE%91%CE%A3%CE%99%CE%91-%CE%9A%CE%9F%CE%A5%CE%A4%CE%91%CE%9A%CE%99%CE%91_-%CE%94%CE%99%CE%91%CE%A6%CE%91%CE%9D%CE%91-300x300.jpg\" alt=\"\" width=\"300\" height=\"300\"><img loading=\"lazy\" decoding=\"async\" class=\"alignnone size-medium wp-image-17840\" src=\"https:\/\/www.asimis-market.com\/wp-content\/uploads\/2021\/04\/%CE%A3%CE%91%CE%9A%CE%9F%CE%A5%CE%9B%CE%99%CE%A4%CE%A3%CE%91-%CE%94%CE%A9%CE%A1%CE%9F%CE%A5-300x300.jpg\" alt=\"\" width=\"300\" height=\"300\"><\/p>\n","protected":false},"excerpt":{"rendered":"<p>CROCE IN ARGENTO 925 + BRACCIALE ACCIAIO INOSSIDABILE CON LA MANO DI FATIMA E IL MALOCCHIO IN ZIRCONI Una moderna croce da donna in argento 925, che si presenta splendidamente sul collo femminile e attirer\u00e0 l&#8217;attenzione di tutti. Un gioiello ideale per qualsiasi uscita. Caratteristiche trasversali Codice: 524-521-200-1 Marchio: Asimis Tipo: Collana Metallo: Argento 925 [&#8230;]\n","protected":false},"featured_media":25891,"comment_status":"closed","ping_status":"closed","template":"","meta":{"wds_primary_product_brand":0,"wds_primary_product_cat":0},"product_brand":[],"product_cat":[469,428],"product_tag":[],"class_list":{"0":"post-30699","1":"product","2":"type-product","3":"status-publish","4":"has-post-thumbnail","6":"product_cat-croci","7":"product_cat-gioielleria","8":"product_shipping_class-buste","10":"first","11":"instock","12":"sale","13":"shipping-taxable","14":"purchasable","15":"product-type-simple"},"_links":{"self":[{"href":"https:\/\/www.asimis-market.com\/it\/wp-json\/wp\/v2\/product\/30699","targetHints":{"allow":["GET"]}}],"collection":[{"href":"https:\/\/www.asimis-market.com\/it\/wp-json\/wp\/v2\/product"}],"about":[{"href":"https:\/\/www.asimis-market.com\/it\/wp-json\/wp\/v2\/types\/product"}],"replies":[{"embeddable":true,"href":"https:\/\/www.asimis-market.com\/it\/wp-json\/wp\/v2\/comments?post=30699"}],"wp:featuredmedia":[{"embeddable":true,"href":"https:\/\/www.asimis-market.com\/it\/wp-json\/wp\/v2\/media\/25891"}],"wp:attachment":[{"href":"https:\/\/www.asimis-market.com\/it\/wp-json\/wp\/v2\/media?parent=30699"}],"wp:term":[{"taxonomy":"product_brand","embeddable":true,"href":"https:\/\/www.asimis-market.com\/it\/wp-json\/wp\/v2\/product_brand?post=30699"},{"taxonomy":"product_cat","embeddable":true,"href":"https:\/\/www.asimis-market.com\/it\/wp-json\/wp\/v2\/product_cat?post=30699"},{"taxonomy":"product_tag","embeddable":true,"href":"https:\/\/www.asimis-market.com\/it\/wp-json\/wp\/v2\/product_tag?post=30699"}],"curies":[{"name":"wp","href":"https:\/\/api.w.org\/{rel}","templated":true}]}}