{"id":30701,"date":"2023-10-12T17:33:27","date_gmt":"2023-10-12T14:33:27","guid":{"rendered":"https:\/\/www.asimis-market.com\/product\/bracciale-crystal-cube-in-argento-925-con-pietre-di-zirconio-collana-gratuita-con-malocchio-e-catena-a-serpente-in-argento-925\/"},"modified":"2024-01-07T04:22:19","modified_gmt":"2024-01-07T01:22:19","slug":"bracciale-crystal-cube-in-argento-925-con-pietre-di-zirconio-collana-gratuita-con-malocchio-e-catena-a-serpente-in-argento-925","status":"publish","type":"product","link":"https:\/\/www.asimis-market.com\/it\/prodotto\/bracciale-crystal-cube-in-argento-925-con-pietre-di-zirconio-collana-gratuita-con-malocchio-e-catena-a-serpente-in-argento-925\/","title":{"rendered":"BRACCIALE CRYSTAL CUBE IN ARGENTO 925 CON PIETRE DI ZIRCONIO + COLLANA GRATUITA CON MALOCCHIO E CATENA A SERPENTE IN ARGENTO 925"},"content":{"rendered":"<p><strong>BRACCIALE CRYSTAL CUBE IN ARGENTO 925 CON PIETRE ZIRCONICHE + COLLANA GRATUITA CON MALOCCHIO E CATENA A SERPENTE IN ARGENTO 925<\/strong><\/p>\n<p>Un bellissimo bracciale in argento 925 ornato da perline cubiche di zirconi. Un braccialetto di grande effetto con perle cubiche di zirconi che risalta magnificamente al polso e cattura gli sguardi di tutti. Acquistatelo e lasciatevi ispirare dal suo spirito romantico e dalla fiducia in voi stessi.<\/p>\n<p>Caratteristiche del bracciale:<\/p>\n<p>SKU: 522-621<\/p>\n<p>Marchio: Asimis<\/p>\n<p>Tipo: Bracciale<\/p>\n<p>Metallo: Argento 925 o argento 925 placcato oro (specificare la preferenza del colore nell&#8217;ordine).<\/p>\n<p>Lunghezza della catena: da 20 cm a 24 cm<\/p>\n<p>Pietre: Zirconi sintetici<\/p>\n<p>Dimensioni del disegno: 0,6 cm<\/p>\n<p>Genere: Donne<\/p>\n<p>COLLANA CON MALOCCHIO E CATENA A SERPENTE IN ARGENTO 925<\/p>\n<p>Una bella collana in argento 925 con un malocchio e una catena a serpente. Una collana di grande effetto che valorizza meravigliosamente il collo femminile e attira tutti gli sguardi.<\/p>\n<p>Caratteristiche della collana:<\/p>\n<p>SKU: 523-500<\/p>\n<p>Marchio: Asimis<\/p>\n<p>Tipo: Collana<\/p>\n<p>Metallo: Argento 925<\/p>\n<p>Lunghezza della catena: 50 cm<\/p>\n<p>Dimensioni del disegno: 28 mm x 15 mm<\/p>\n<p>Genere: Donne<\/p>\n<p>Un gioiello in ARGENTO 925 \u00e8 il regalo migliore per stupire i vostri amici e scaldare i cuori di chi amate, sempre al prezzo pi\u00f9 basso del mercato perch\u00e9 importiamo tutti i nostri gioielli.<\/p>\n<p>Tutti i gioielli sono dotati di confezione.<\/p>\n<p>Potete scegliere l&#8217;imballaggio che desiderate e, quando completate l&#8217;ordine, scrivetelo nella nota del cliente. Nel caso in cui non ci venga comunicato l&#8217;imballaggio, l&#8217;eshop include i gioielli in un sacchetto.<\/p>\n<p>\u00c8 anche possibile richiedere una busta regalo se si vuole fare un regalo.<\/p>\n<p>Colori Borsa In Tessuto Per Regalo Con Cordino<\/p>\n<ul>\n<li>Arancione<\/li>\n<li>Turchese<\/li>\n<li>Rosso<\/li>\n<li>Rosa<\/li>\n<li>Blu<\/li>\n<li>Azzurro<\/li>\n<li>Verde<\/li>\n<li>Nero<\/li>\n<\/ul>\n<p>Colori Della Scatola<\/p>\n<ul>\n<li>Bianco<\/li>\n<li>Rosso<\/li>\n<li>Nero<\/li>\n<li>Rosa<\/li>\n<\/ul>\n<p>Nelle foto potete vedere tutti i design delle confezioni.<\/p>\n<p>&nbsp;<\/p>\n<p><img loading=\"lazy\" decoding=\"async\" class=\"alignnone size-medium wp-image-17681\" src=\"https:\/\/www.asimis-market.com\/wp-content\/uploads\/2021\/04\/%CE%A3%CE%A5%CE%A3%CE%9A%CE%95%CE%A5%CE%91%CE%A3%CE%99%CE%91-%CE%A0%CE%9F%CE%A5%CE%93%CE%9A%CE%99-_%CE%92%CE%95%CE%9B%CE%9F%CE%A5%CE%94%CE%99%CE%9D%CE%9F-300x300.jpg\" alt=\"\" width=\"300\" height=\"300\"><img loading=\"lazy\" decoding=\"async\" class=\"alignnone size-medium wp-image-17680\" src=\"https:\/\/www.asimis-market.com\/wp-content\/uploads\/2021\/04\/%CE%A3%CE%A5%CE%A3%CE%9A%CE%95%CE%A5%CE%91%CE%A3%CE%99%CE%91-%CE%A0%CE%9F%CE%A5%CE%93%CE%9A%CE%99-_ORGANZA-300x300.jpg\" alt=\"\" width=\"300\" height=\"300\"><img loading=\"lazy\" decoding=\"async\" class=\"alignnone size-medium wp-image-17678\" src=\"https:\/\/www.asimis-market.com\/wp-content\/uploads\/2021\/04\/%CE%A3%CE%A5%CE%A3%CE%9A%CE%95%CE%A5%CE%91%CE%A3%CE%99%CE%91-%CE%9A%CE%9F%CE%A5%CE%A4%CE%91%CE%9A%CE%99_%CE%A1%CE%9F%CE%96-300x300.jpg\" alt=\"\" width=\"300\" height=\"300\"><img loading=\"lazy\" decoding=\"async\" class=\"alignnone size-medium wp-image-17679\" src=\"https:\/\/www.asimis-market.com\/wp-content\/uploads\/2021\/04\/%CE%A3%CE%A5%CE%A3%CE%9A%CE%95%CE%A5%CE%91%CE%A3%CE%99%CE%91-%CE%9A%CE%9F%CE%A5%CE%A4%CE%91%CE%9A%CE%99%CE%91_-%CE%94%CE%99%CE%91%CE%A6%CE%91%CE%9D%CE%91-300x300.jpg\" alt=\"\" width=\"300\" height=\"300\"><img loading=\"lazy\" decoding=\"async\" class=\"alignnone size-medium wp-image-17840\" src=\"https:\/\/www.asimis-market.com\/wp-content\/uploads\/2021\/04\/%CE%A3%CE%91%CE%9A%CE%9F%CE%A5%CE%9B%CE%99%CE%A4%CE%A3%CE%91-%CE%94%CE%A9%CE%A1%CE%9F%CE%A5-300x300.jpg\" alt=\"\" width=\"300\" height=\"300\"><\/p>\n","protected":false},"excerpt":{"rendered":"<p>BRACCIALE CRYSTAL CUBE IN ARGENTO 925 CON PIETRE ZIRCONICHE + COLLANA GRATUITA CON MALOCCHIO E CATENA A SERPENTE IN ARGENTO 925 Un bellissimo bracciale in argento 925 ornato da perline cubiche di zirconi. Un braccialetto di grande effetto con perle cubiche di zirconi che risalta magnificamente al polso e cattura gli sguardi di tutti. Acquistatelo [&#8230;]\n","protected":false},"featured_media":25889,"comment_status":"closed","ping_status":"closed","template":"","meta":{"wds_primary_product_brand":0,"wds_primary_product_cat":0},"product_brand":[],"product_cat":[468,428],"product_tag":[],"class_list":{"0":"post-30701","1":"product","2":"type-product","3":"status-publish","4":"has-post-thumbnail","6":"product_cat-braccialetto","7":"product_cat-gioielleria","8":"product_shipping_class-buste","10":"first","11":"instock","12":"sale","13":"shipping-taxable","14":"purchasable","15":"product-type-simple"},"_links":{"self":[{"href":"https:\/\/www.asimis-market.com\/it\/wp-json\/wp\/v2\/product\/30701","targetHints":{"allow":["GET"]}}],"collection":[{"href":"https:\/\/www.asimis-market.com\/it\/wp-json\/wp\/v2\/product"}],"about":[{"href":"https:\/\/www.asimis-market.com\/it\/wp-json\/wp\/v2\/types\/product"}],"replies":[{"embeddable":true,"href":"https:\/\/www.asimis-market.com\/it\/wp-json\/wp\/v2\/comments?post=30701"}],"wp:featuredmedia":[{"embeddable":true,"href":"https:\/\/www.asimis-market.com\/it\/wp-json\/wp\/v2\/media\/25889"}],"wp:attachment":[{"href":"https:\/\/www.asimis-market.com\/it\/wp-json\/wp\/v2\/media?parent=30701"}],"wp:term":[{"taxonomy":"product_brand","embeddable":true,"href":"https:\/\/www.asimis-market.com\/it\/wp-json\/wp\/v2\/product_brand?post=30701"},{"taxonomy":"product_cat","embeddable":true,"href":"https:\/\/www.asimis-market.com\/it\/wp-json\/wp\/v2\/product_cat?post=30701"},{"taxonomy":"product_tag","embeddable":true,"href":"https:\/\/www.asimis-market.com\/it\/wp-json\/wp\/v2\/product_tag?post=30701"}],"curies":[{"name":"wp","href":"https:\/\/api.w.org\/{rel}","templated":true}]}}