{"id":30706,"date":"2023-10-12T17:33:16","date_gmt":"2023-10-12T14:33:16","guid":{"rendered":"https:\/\/www.asimis-market.com\/product\/anello-con-pietra-singola-in-argento-925-e-placcato-oro-con-zaffiro-bianco-bracciale-in-argento-925-con-albero-di-foglie-in-omaggio\/"},"modified":"2025-06-03T05:01:29","modified_gmt":"2025-06-03T02:01:29","slug":"anello-con-pietra-singola-in-argento-925-e-placcato-oro-con-zaffiro-bianco-bracciale-in-argento-925-con-albero-di-foglie-in-omaggio","status":"publish","type":"product","link":"https:\/\/www.asimis-market.com\/it\/prodotto\/anello-con-pietra-singola-in-argento-925-e-placcato-oro-con-zaffiro-bianco-bracciale-in-argento-925-con-albero-di-foglie-in-omaggio\/","title":{"rendered":"ANELLO CON PIETRA SINGOLA IN ARGENTO 925 E PLACCATO ORO CON ZAFFIRO BIANCO + BRACCIALE IN ARGENTO 925 CON ALBERO DI FOGLIE IN OMAGGIO"},"content":{"rendered":"<p><strong>ANELLO CON PIETRA SINGOLA IN ARGENTO 925 E PLACCATO ORO CON ZAFFIRO BIANCO + BRACCIALE IN ARGENTO 925 CON ALBERO DI FOGLIE IN OMAGGIO<\/strong><\/p>\n<p>Anello in argento 925 e placcato oro con pietra singola e zaffiro sintetico bianco. Un anello a pietra singola bello e imponente che render\u00e0 speciali le vostre apparizioni e catturer\u00e0 tutta l&#8217;attenzione. Prendetelo e lasciatevi ispirare dal suo spirito romantico e dallo zaffiro sintetico, simbolo di fede, tranquillit\u00e0 e protezione.<\/p>\n<p>Caratteristiche dell&#8217;anello:<\/p>\n<p>Codice: 521-634-210<\/p>\n<p>Marchio: Asimis<\/p>\n<p>Tipo: Anello con una sola pietra<\/p>\n<p>Metallo: Argento 925 e placcato oro<\/p>\n<p>Pietra: Zaffiro sintetico<\/p>\n<p>Dimensioni della pietra: 10 mm di larghezza x 5 mm di altezza<\/p>\n<p>Genere: Donne<\/p>\n<p>BRACCIALE IN ARGENTO 925 CON ALBERO DI FOGLIE<\/p>\n<p>Un bellissimo bracciale in argento 925 ornato da ciondoli a forma di foglie pendenti. Un braccialetto di grande effetto, che si fa notare al polso e attira tutti gli sguardi.<\/p>\n<p>Caratteristiche del bracciale:<\/p>\n<p>Codice: 522-550<\/p>\n<p>Marchio: Asimis<\/p>\n<p>Tipo: Bracciale<\/p>\n<p>Metallo: Argento 925<\/p>\n<p>Lunghezza della catena: da 19 a 24 cm<\/p>\n<p>Dimensioni del disegno: 0,8 cm<\/p>\n<p>Genere: Donne<\/p>\n<p>Un gioiello in ARGENTO 925 \u00e8 il miglior regalo per stupire i vostri amici e scaldare i cuori dei vostri cari, sempre al prezzo pi\u00f9 basso del mercato, poich\u00e9 importiamo tutti i nostri gioielli.<\/p>\n<p>Tutti i gioielli sono dotati di confezione.<\/p>\n<p>Potete scegliere l&#8217;imballaggio che desiderate e, quando completate l&#8217;ordine, scriverlo nella nota del cliente. Se non si specifica l&#8217;imballaggio, l&#8217;eshop fornir\u00e0 una custodia.<\/p>\n<p>\u00c8 anche possibile richiedere una busta regalo se si vuole fare un regalo.<\/p>\n<p>Colori Borsa In Tessuto Per Regalo Con Cordino<\/p>\n<ul>\n<li>Arancione<\/li>\n<li>Turchese<\/li>\n<li>Rosso<\/li>\n<li>Rosa<\/li>\n<li>Blu<\/li>\n<li>Azzurro<\/li>\n<li>Verde<\/li>\n<li>Nero<\/li>\n<\/ul>\n<p>COLORI DELLA SCATOLA:<\/p>\n<ul>\n<li>Bianco<\/li>\n<li>Rosso<\/li>\n<li>Nero<\/li>\n<li>Rosa<\/li>\n<\/ul>\n<p>Nelle foto potete vedere tutti i design delle confezioni.<\/p>\n<p>&nbsp;<\/p>\n<p><img loading=\"lazy\" decoding=\"async\" class=\"alignnone size-medium wp-image-17681\" src=\"https:\/\/www.asimis-market.com\/wp-content\/uploads\/2021\/04\/%CE%A3%CE%A5%CE%A3%CE%9A%CE%95%CE%A5%CE%91%CE%A3%CE%99%CE%91-%CE%A0%CE%9F%CE%A5%CE%93%CE%9A%CE%99-_%CE%92%CE%95%CE%9B%CE%9F%CE%A5%CE%94%CE%99%CE%9D%CE%9F-300x300.jpg\" alt=\"\" width=\"300\" height=\"300\" \/><img loading=\"lazy\" decoding=\"async\" class=\"alignnone size-medium wp-image-17680\" src=\"https:\/\/www.asimis-market.com\/wp-content\/uploads\/2021\/04\/%CE%A3%CE%A5%CE%A3%CE%9A%CE%95%CE%A5%CE%91%CE%A3%CE%99%CE%91-%CE%A0%CE%9F%CE%A5%CE%93%CE%9A%CE%99-_ORGANZA-300x300.jpg\" alt=\"\" width=\"300\" height=\"300\" \/><img loading=\"lazy\" decoding=\"async\" class=\"alignnone size-medium wp-image-17678\" src=\"https:\/\/www.asimis-market.com\/wp-content\/uploads\/2021\/04\/%CE%A3%CE%A5%CE%A3%CE%9A%CE%95%CE%A5%CE%91%CE%A3%CE%99%CE%91-%CE%9A%CE%9F%CE%A5%CE%A4%CE%91%CE%9A%CE%99_%CE%A1%CE%9F%CE%96-300x300.jpg\" alt=\"\" width=\"300\" height=\"300\" \/><img loading=\"lazy\" decoding=\"async\" class=\"alignnone size-medium wp-image-17679\" src=\"https:\/\/www.asimis-market.com\/wp-content\/uploads\/2021\/04\/%CE%A3%CE%A5%CE%A3%CE%9A%CE%95%CE%A5%CE%91%CE%A3%CE%99%CE%91-%CE%9A%CE%9F%CE%A5%CE%A4%CE%91%CE%9A%CE%99%CE%91_-%CE%94%CE%99%CE%91%CE%A6%CE%91%CE%9D%CE%91-300x300.jpg\" alt=\"\" width=\"300\" height=\"300\" \/><img loading=\"lazy\" decoding=\"async\" class=\"alignnone size-medium wp-image-17840\" src=\"https:\/\/www.asimis-market.com\/wp-content\/uploads\/2021\/04\/%CE%A3%CE%91%CE%9A%CE%9F%CE%A5%CE%9B%CE%99%CE%A4%CE%A3%CE%91-%CE%94%CE%A9%CE%A1%CE%9F%CE%A5-300x300.jpg\" alt=\"\" width=\"300\" height=\"300\" \/><\/p>\n<p>&nbsp;<\/p>\n","protected":false},"excerpt":{"rendered":"<p>ANELLO CON PIETRA SINGOLA IN ARGENTO 925 E PLACCATO ORO CON ZAFFIRO BIANCO + BRACCIALE IN ARGENTO 925 CON ALBERO DI FOGLIE IN OMAGGIO Anello in argento 925 e placcato oro con pietra singola e zaffiro sintetico bianco. Un anello a pietra singola bello e imponente che render\u00e0 speciali le vostre apparizioni e catturer\u00e0 tutta [&#8230;]\n","protected":false},"featured_media":25881,"comment_status":"closed","ping_status":"closed","template":"","meta":{"wds_primary_product_brand":0,"wds_primary_product_cat":0},"product_brand":[],"product_cat":[467,479,428],"product_tag":[],"class_list":{"0":"post-30706","1":"product","2":"type-product","3":"status-publish","4":"has-post-thumbnail","6":"product_cat-anelli","7":"product_cat-argento-925","8":"product_cat-gioielleria","9":"product_shipping_class-buste","11":"first","12":"instock","13":"sale","14":"shipping-taxable","15":"purchasable","16":"product-type-variable"},"_links":{"self":[{"href":"https:\/\/www.asimis-market.com\/it\/wp-json\/wp\/v2\/product\/30706","targetHints":{"allow":["GET"]}}],"collection":[{"href":"https:\/\/www.asimis-market.com\/it\/wp-json\/wp\/v2\/product"}],"about":[{"href":"https:\/\/www.asimis-market.com\/it\/wp-json\/wp\/v2\/types\/product"}],"replies":[{"embeddable":true,"href":"https:\/\/www.asimis-market.com\/it\/wp-json\/wp\/v2\/comments?post=30706"}],"wp:featuredmedia":[{"embeddable":true,"href":"https:\/\/www.asimis-market.com\/it\/wp-json\/wp\/v2\/media\/25881"}],"wp:attachment":[{"href":"https:\/\/www.asimis-market.com\/it\/wp-json\/wp\/v2\/media?parent=30706"}],"wp:term":[{"taxonomy":"product_brand","embeddable":true,"href":"https:\/\/www.asimis-market.com\/it\/wp-json\/wp\/v2\/product_brand?post=30706"},{"taxonomy":"product_cat","embeddable":true,"href":"https:\/\/www.asimis-market.com\/it\/wp-json\/wp\/v2\/product_cat?post=30706"},{"taxonomy":"product_tag","embeddable":true,"href":"https:\/\/www.asimis-market.com\/it\/wp-json\/wp\/v2\/product_tag?post=30706"}],"curies":[{"name":"wp","href":"https:\/\/api.w.org\/{rel}","templated":true}]}}