{"id":30710,"date":"2023-10-12T17:33:16","date_gmt":"2023-10-12T14:33:16","guid":{"rendered":"https:\/\/www.asimis-market.com\/product\/anello-ovale-a-rosetta-in-argento-925-con-pietra-turchese-e-zaffiro-croce-in-argento-925-con-zaffiro-bianco\/"},"modified":"2025-06-03T03:53:48","modified_gmt":"2025-06-03T00:53:48","slug":"anello-ovale-a-rosetta-in-argento-925-con-pietra-turchese-e-zaffiro-croce-in-argento-925-con-zaffiro-bianco","status":"publish","type":"product","link":"https:\/\/www.asimis-market.com\/it\/prodotto\/anello-ovale-a-rosetta-in-argento-925-con-pietra-turchese-e-zaffiro-croce-in-argento-925-con-zaffiro-bianco\/","title":{"rendered":"ANELLO OVALE A ROSETTA IN ARGENTO 925 CON PIETRA TURCHESE E ZAFFIRO + CROCE IN ARGENTO 925 CON ZAFFIRO BIANCO"},"content":{"rendered":"<p><strong>ANELLO A ROSETTA OVALE IN ARGENTO 925 CON PIETRA TURCHESE E ZAFFIRO + CROCE IN ARGENTO 925 CON ZAFFIRO BIANCO<\/strong><\/p>\n<p>Un bellissimo anello a rosetta ovale in argento 925, ornato da una pietra turchese e da uno zaffiro sintetico bianco. Un anello di grande effetto che render\u00e0 speciali le vostre apparizioni e catturer\u00e0 tutti gli sguardi. Prendetelo e lasciatevi ispirare dal suo spirito romantico e dallo zaffiro sintetico, simbolo di fede, pace e protezione.<\/p>\n<p>Caratteristiche dell&#8217;anello:<\/p>\n<p>SKU: 521-634<\/p>\n<p>Marchio: Asimis<\/p>\n<p>Tipo: Solitario<\/p>\n<p>Metallo: Argento 925<\/p>\n<p>Design dell&#8217;anello: Pietra turchese con zaffiro bianco sintetico<\/p>\n<p>Dimensioni della pietra: 13 mm di altezza<\/p>\n<p>Dimensioni del design: 18 mm di altezza<\/p>\n<p>Genere: Donne<\/p>\n<p>CROCE IN ARGENTO 925 CON ZAFFIRO BIANCO<\/p>\n<p>Una moderna croce da donna in argento 925, decorata con uno zaffiro sintetico bianco. Una croce di grande effetto che risalta splendidamente sul collo della donna e che attirer\u00e0 tutti gli sguardi. Un gioiello ideale per tutte le uscite.<\/p>\n<p>Caratteristiche trasversali:<\/p>\n<p>SKU: 524-531-200<\/p>\n<p>Marchio: Asimis<\/p>\n<p>Tipo: Collana<\/p>\n<p>Metallo: Argento 925<\/p>\n<p>Pietra: Zaffiro sintetico<\/p>\n<p>Lunghezza della catena: 45 cm<\/p>\n<p>Dimensioni del design: 30 mm<\/p>\n<p>Genere: Donne<\/p>\n<p>Un gioiello in ARGENTO 925 \u00e8 il miglior regalo per stupire i vostri amici e scaldare i cuori dei vostri cari, sempre al prezzo pi\u00f9 basso del mercato poich\u00e9 importiamo tutti i nostri gioielli.<\/p>\n<p>Tutti i gioielli vengono forniti con una confezione e si pu\u00f2 scegliere la confezione che si desidera. Quando si completa l&#8217;ordine, \u00e8 possibile scriverlo nella nota del cliente. Se non si specifica la confezione, l&#8217;eshop includer\u00e0 i gioielli in un sacchetto.<\/p>\n<p>Se volete fare un regalo, potete anche richiederci una confezione regalo.<\/p>\n<p>Colori Borsa In Tessuto Per Regalo Con Cordino<\/p>\n<p>Arancione<br \/>\nTurchese<br \/>\nRosso<br \/>\nRosa<br \/>\nBlu<br \/>\nAzzurro<br \/>\nVerde<br \/>\nNero<\/p>\n<p>Colori della scatola:<\/p>\n<p>Bianco<br \/>\nRosso<br \/>\nNero<br \/>\nRosa<\/p>\n<p>Nelle foto potete vedere tutti i design delle confezioni.<\/p>\n<p>&nbsp;<\/p>\n<p><img loading=\"lazy\" decoding=\"async\" class=\"alignnone size-medium wp-image-17681\" src=\"https:\/\/www.asimis-market.com\/wp-content\/uploads\/2021\/04\/%CE%A3%CE%A5%CE%A3%CE%9A%CE%95%CE%A5%CE%91%CE%A3%CE%99%CE%91-%CE%A0%CE%9F%CE%A5%CE%93%CE%9A%CE%99-_%CE%92%CE%95%CE%9B%CE%9F%CE%A5%CE%94%CE%99%CE%9D%CE%9F-300x300.jpg\" alt=\"\" width=\"300\" height=\"300\" \/><img loading=\"lazy\" decoding=\"async\" class=\"alignnone size-medium wp-image-17680\" src=\"https:\/\/www.asimis-market.com\/wp-content\/uploads\/2021\/04\/%CE%A3%CE%A5%CE%A3%CE%9A%CE%95%CE%A5%CE%91%CE%A3%CE%99%CE%91-%CE%A0%CE%9F%CE%A5%CE%93%CE%9A%CE%99-_ORGANZA-300x300.jpg\" alt=\"\" width=\"300\" height=\"300\" \/><img loading=\"lazy\" decoding=\"async\" class=\"alignnone size-medium wp-image-17678\" src=\"https:\/\/www.asimis-market.com\/wp-content\/uploads\/2021\/04\/%CE%A3%CE%A5%CE%A3%CE%9A%CE%95%CE%A5%CE%91%CE%A3%CE%99%CE%91-%CE%9A%CE%9F%CE%A5%CE%A4%CE%91%CE%9A%CE%99_%CE%A1%CE%9F%CE%96-300x300.jpg\" alt=\"\" width=\"300\" height=\"300\" \/><img loading=\"lazy\" decoding=\"async\" class=\"alignnone size-medium wp-image-17679\" src=\"https:\/\/www.asimis-market.com\/wp-content\/uploads\/2021\/04\/%CE%A3%CE%A5%CE%A3%CE%9A%CE%95%CE%A5%CE%91%CE%A3%CE%99%CE%91-%CE%9A%CE%9F%CE%A5%CE%A4%CE%91%CE%9A%CE%99%CE%91_-%CE%94%CE%99%CE%91%CE%A6%CE%91%CE%9D%CE%91-300x300.jpg\" alt=\"\" width=\"300\" height=\"300\" \/><img loading=\"lazy\" decoding=\"async\" class=\"alignnone size-medium wp-image-17840\" src=\"https:\/\/www.asimis-market.com\/wp-content\/uploads\/2021\/04\/%CE%A3%CE%91%CE%9A%CE%9F%CE%A5%CE%9B%CE%99%CE%A4%CE%A3%CE%91-%CE%94%CE%A9%CE%A1%CE%9F%CE%A5-300x300.jpg\" alt=\"\" width=\"300\" height=\"300\" \/><\/p>\n","protected":false},"excerpt":{"rendered":"<p>ANELLO A ROSETTA OVALE IN ARGENTO 925 CON PIETRA TURCHESE E ZAFFIRO + CROCE IN ARGENTO 925 CON ZAFFIRO BIANCO Un bellissimo anello a rosetta ovale in argento 925, ornato da una pietra turchese e da uno zaffiro sintetico bianco. Un anello di grande effetto che render\u00e0 speciali le vostre apparizioni e catturer\u00e0 tutti gli [&#8230;]\n","protected":false},"featured_media":25875,"comment_status":"closed","ping_status":"closed","template":"","meta":{"wds_primary_product_brand":0,"wds_primary_product_cat":0},"product_brand":[],"product_cat":[467,479,428],"product_tag":[],"class_list":{"0":"post-30710","1":"product","2":"type-product","3":"status-publish","4":"has-post-thumbnail","6":"product_cat-anelli","7":"product_cat-argento-925","8":"product_cat-gioielleria","9":"product_shipping_class-buste","11":"first","12":"instock","13":"sale","14":"shipping-taxable","15":"purchasable","16":"product-type-variable"},"_links":{"self":[{"href":"https:\/\/www.asimis-market.com\/it\/wp-json\/wp\/v2\/product\/30710","targetHints":{"allow":["GET"]}}],"collection":[{"href":"https:\/\/www.asimis-market.com\/it\/wp-json\/wp\/v2\/product"}],"about":[{"href":"https:\/\/www.asimis-market.com\/it\/wp-json\/wp\/v2\/types\/product"}],"replies":[{"embeddable":true,"href":"https:\/\/www.asimis-market.com\/it\/wp-json\/wp\/v2\/comments?post=30710"}],"wp:featuredmedia":[{"embeddable":true,"href":"https:\/\/www.asimis-market.com\/it\/wp-json\/wp\/v2\/media\/25875"}],"wp:attachment":[{"href":"https:\/\/www.asimis-market.com\/it\/wp-json\/wp\/v2\/media?parent=30710"}],"wp:term":[{"taxonomy":"product_brand","embeddable":true,"href":"https:\/\/www.asimis-market.com\/it\/wp-json\/wp\/v2\/product_brand?post=30710"},{"taxonomy":"product_cat","embeddable":true,"href":"https:\/\/www.asimis-market.com\/it\/wp-json\/wp\/v2\/product_cat?post=30710"},{"taxonomy":"product_tag","embeddable":true,"href":"https:\/\/www.asimis-market.com\/it\/wp-json\/wp\/v2\/product_tag?post=30710"}],"curies":[{"name":"wp","href":"https:\/\/api.w.org\/{rel}","templated":true}]}}