{"id":30717,"date":"2023-10-12T17:33:15","date_gmt":"2023-10-12T14:33:15","guid":{"rendered":"https:\/\/www.asimis-market.com\/product\/elegante-anello-dargento-925-a-cuore-con-zaffiro-bianco-e-rosso-11-regalo\/"},"modified":"2025-06-03T01:40:49","modified_gmt":"2025-06-02T22:40:49","slug":"elegante-anello-dargento-925-a-cuore-con-zaffiro-bianco-e-rosso-11-regalo","status":"publish","type":"product","link":"https:\/\/www.asimis-market.com\/it\/prodotto\/elegante-anello-dargento-925-a-cuore-con-zaffiro-bianco-e-rosso-11-regalo\/","title":{"rendered":"ELEGANTE ANELLO D&#8217;ARGENTO 925 A CUORE CON ZAFFIRO BIANCO E ROSSO 1+1 REGALO"},"content":{"rendered":"<p><strong>ELEGANTE ANELLO D&#8217;ARGENTO 925 A CUORE CON ZAFFIRO BIANCO E ROSSO 1+1 REGALO<\/strong><\/p>\n<p>Anello in argento 925 con un bellissimo zaffiro sintetico bianco e rosso. Un anello di grande effetto che render\u00e0 speciali le vostre apparizioni e attirer\u00e0 tutta l&#8217;attenzione. Prendetelo e lasciatevi ispirare dal suo spirito romantico e dallo zaffiro sintetico, simbolo di fede, pace e protezione.<\/p>\n<p><strong>Caratteristiche:<\/strong><\/p>\n<ul>\n<li>SKU: 521-604<\/li>\n<li>Marchio: Asimis<\/li>\n<li>Metallo: Argento 925<\/li>\n<li>Pietra: Zaffiro sintetico<\/li>\n<li>Genere: Donne<\/li>\n<\/ul>\n<p>Un gioiello in ARGENTO 925 \u00e8 il regalo migliore per stupire i vostri amici e scaldare i cuori di chi amate, sempre al prezzo pi\u00f9 basso del mercato, poich\u00e9 importiamo tutti i nostri gioielli.<\/p>\n<p>Tutti i gioielli sono dotati di confezione. Potete scegliere la confezione che desiderate e, quando completate l&#8217;ordine, potete scriverlo nella nota del cliente. Nel caso in cui non venga specificata la confezione, l&#8217;eshop include una custodia.<\/p>\n<p>\u00c8 anche possibile richiedere una busta regalo se si vuole fare un regalo.<\/p>\n<p><strong>Colori Borsa In Tessuto Per Regalo Con Cordino<\/strong><\/p>\n<ul>\n<li>Arancione<\/li>\n<li>Turchese<\/li>\n<li>Rosso<\/li>\n<li>Rosa<\/li>\n<li>Blu<\/li>\n<li>Azzurro<\/li>\n<li>Verde<\/li>\n<li>Nero<\/li>\n<\/ul>\n<p><strong>Colori della scatola:<\/strong><\/p>\n<ul>\n<li>Bianco<\/li>\n<li>Rosso<\/li>\n<li>Nero<\/li>\n<li>Rosa<\/li>\n<\/ul>\n<p>Nelle foto potete vedere tutti i design delle confezioni.<\/p>\n<p>&nbsp;<\/p>\n<p><img loading=\"lazy\" decoding=\"async\" class=\"alignnone size-medium wp-image-17681\" src=\"https:\/\/www.asimis-market.com\/wp-content\/uploads\/2021\/04\/%CE%A3%CE%A5%CE%A3%CE%9A%CE%95%CE%A5%CE%91%CE%A3%CE%99%CE%91-%CE%A0%CE%9F%CE%A5%CE%93%CE%9A%CE%99-_%CE%92%CE%95%CE%9B%CE%9F%CE%A5%CE%94%CE%99%CE%9D%CE%9F-300x300.jpg\" alt=\"\" width=\"300\" height=\"300\" \/><img loading=\"lazy\" decoding=\"async\" class=\"alignnone size-medium wp-image-17680\" src=\"https:\/\/www.asimis-market.com\/wp-content\/uploads\/2021\/04\/%CE%A3%CE%A5%CE%A3%CE%9A%CE%95%CE%A5%CE%91%CE%A3%CE%99%CE%91-%CE%A0%CE%9F%CE%A5%CE%93%CE%9A%CE%99-_ORGANZA-300x300.jpg\" alt=\"\" width=\"300\" height=\"300\" \/><img loading=\"lazy\" decoding=\"async\" class=\"alignnone size-medium wp-image-17678\" src=\"https:\/\/www.asimis-market.com\/wp-content\/uploads\/2021\/04\/%CE%A3%CE%A5%CE%A3%CE%9A%CE%95%CE%A5%CE%91%CE%A3%CE%99%CE%91-%CE%9A%CE%9F%CE%A5%CE%A4%CE%91%CE%9A%CE%99_%CE%A1%CE%9F%CE%96-300x300.jpg\" alt=\"\" width=\"300\" height=\"300\" \/><img loading=\"lazy\" decoding=\"async\" class=\"alignnone size-medium wp-image-17679\" src=\"https:\/\/www.asimis-market.com\/wp-content\/uploads\/2021\/04\/%CE%A3%CE%A5%CE%A3%CE%9A%CE%95%CE%A5%CE%91%CE%A3%CE%99%CE%91-%CE%9A%CE%9F%CE%A5%CE%A4%CE%91%CE%9A%CE%99%CE%91_-%CE%94%CE%99%CE%91%CE%A6%CE%91%CE%9D%CE%91-300x300.jpg\" alt=\"\" width=\"300\" height=\"300\" \/><img loading=\"lazy\" decoding=\"async\" class=\"alignnone size-medium wp-image-17840\" src=\"https:\/\/www.asimis-market.com\/wp-content\/uploads\/2021\/04\/%CE%A3%CE%91%CE%9A%CE%9F%CE%A5%CE%9B%CE%99%CE%A4%CE%A3%CE%91-%CE%94%CE%A9%CE%A1%CE%9F%CE%A5-300x300.jpg\" alt=\"\" width=\"300\" height=\"300\" \/><\/p>\n","protected":false},"excerpt":{"rendered":"<div class=\"lRu31\"><span class=\"HwtZe\" lang=\"en\"><span class=\"jCAhz ChMk0b\"><span class=\"ryNqvb\">CON OGNI ACQUISTO RICEVI 1 ANELLO E 1 ALTRO REGALO STESSO DESIGN STESSO NUMERO + CONFEZIONE REGALO<\/span><\/span><\/span><\/div>\n<p>&nbsp;<\/p>\n","protected":false},"featured_media":25863,"comment_status":"closed","ping_status":"closed","template":"","meta":{"wds_primary_product_brand":0,"wds_primary_product_cat":0},"product_brand":[],"product_cat":[467,479,428],"product_tag":[],"class_list":{"0":"post-30717","1":"product","2":"type-product","3":"status-publish","4":"has-post-thumbnail","6":"product_cat-anelli","7":"product_cat-argento-925","8":"product_cat-gioielleria","9":"product_shipping_class-buste","11":"first","12":"instock","13":"sale","14":"shipping-taxable","15":"purchasable","16":"product-type-variable"},"_links":{"self":[{"href":"https:\/\/www.asimis-market.com\/it\/wp-json\/wp\/v2\/product\/30717","targetHints":{"allow":["GET"]}}],"collection":[{"href":"https:\/\/www.asimis-market.com\/it\/wp-json\/wp\/v2\/product"}],"about":[{"href":"https:\/\/www.asimis-market.com\/it\/wp-json\/wp\/v2\/types\/product"}],"replies":[{"embeddable":true,"href":"https:\/\/www.asimis-market.com\/it\/wp-json\/wp\/v2\/comments?post=30717"}],"wp:featuredmedia":[{"embeddable":true,"href":"https:\/\/www.asimis-market.com\/it\/wp-json\/wp\/v2\/media\/25863"}],"wp:attachment":[{"href":"https:\/\/www.asimis-market.com\/it\/wp-json\/wp\/v2\/media?parent=30717"}],"wp:term":[{"taxonomy":"product_brand","embeddable":true,"href":"https:\/\/www.asimis-market.com\/it\/wp-json\/wp\/v2\/product_brand?post=30717"},{"taxonomy":"product_cat","embeddable":true,"href":"https:\/\/www.asimis-market.com\/it\/wp-json\/wp\/v2\/product_cat?post=30717"},{"taxonomy":"product_tag","embeddable":true,"href":"https:\/\/www.asimis-market.com\/it\/wp-json\/wp\/v2\/product_tag?post=30717"}],"curies":[{"name":"wp","href":"https:\/\/api.w.org\/{rel}","templated":true}]}}