{"id":30734,"date":"2023-10-12T17:33:02","date_gmt":"2023-10-12T14:33:02","guid":{"rendered":"https:\/\/www.asimis-market.com\/product\/anello-a-cuore-in-argento-925-con-ametista-e-zaffiro-sintetico-collana-gratuita-con-malocchio-in-acciaio\/"},"modified":"2025-06-03T00:03:02","modified_gmt":"2025-06-02T21:03:02","slug":"anello-a-cuore-in-argento-925-con-ametista-e-zaffiro-sintetico-collana-gratuita-con-malocchio-in-acciaio","status":"publish","type":"product","link":"https:\/\/www.asimis-market.com\/it\/prodotto\/anello-a-cuore-in-argento-925-con-ametista-e-zaffiro-sintetico-collana-gratuita-con-malocchio-in-acciaio\/","title":{"rendered":"ANELLO A CUORE IN ARGENTO 925 CON AMETISTA E ZAFFIRO SINTETICO + COLLANA GRATUITA CON MALOCCHIO IN ACCIAIO"},"content":{"rendered":"<p><strong>ANELLO A CUORE IN ARGENTO 925 CON AMETISTA E ZAFFIRO SINTETICO + COLLANA REGALO CON MALOCCHIO IN ACCIAIO<\/strong><\/p>\n<p>Anello in argento 925 con una bella ametista e uno zaffiro sintetico. Un anello bellissimo e di grande effetto che render\u00e0 speciali le vostre apparizioni e catturer\u00e0 tutta l&#8217;attenzione. Prendetelo e lasciatevi ispirare dal suo spirito romantico, dall&#8217;ametista, pietra dell&#8217;amore e dell&#8217;amicizia, e dallo zaffiro sintetico, simbolo di fede, pace e protezione.<\/p>\n<p>Caratteristiche dell&#8217;anello:<\/p>\n<p>Codice: 521-544<\/p>\n<p>Marchio: Asimis<\/p>\n<p>Tipo: Pietra singola<\/p>\n<p>Metallo: Argento 925<\/p>\n<p>Pietra: Ametista &#8211; Zaffiro sintetico<\/p>\n<p>Dimensioni della pietra: 10 mm di larghezza x 5 mm di altezza<\/p>\n<p>Genere: Donne<\/p>\n<p>Un gioiello in ARGENTO 925 \u00e8 il regalo migliore per stupire i vostri amici e scaldare i cuori di chi amate, sempre al prezzo pi\u00f9 basso del mercato, poich\u00e9 importiamo tutti i nostri gioielli.<\/p>\n<p>Tutti i gioielli vengono forniti con una confezione e potete scegliere il tipo di confezione che desiderate. Quando si completa l&#8217;ordine, \u00e8 possibile scriverlo nella nota del cliente. Se non si specifica la confezione, l&#8217;eshop includer\u00e0 una custodia.<\/p>\n<p>\u00c8 anche possibile richiedere una busta regalo se si vuole fare un regalo.<\/p>\n<p>COLLANA IN ACCIAIO CON MALOCCHIO<\/p>\n<p>Una bella collana con un ciondolo a forma di malocchio su una catena d&#8217;acciaio, che si presenta splendidamente sul collo delle donne e attirer\u00e0 tutti gli sguardi.<\/p>\n<p>Caratteristiche della collana:<\/p>\n<p>Codice: 523-520<\/p>\n<p>Marchio: Asimis<\/p>\n<p>Tipo: Collana<\/p>\n<p>Metallo: Acciaio<\/p>\n<p>Lunghezza della catena: 45 cm<\/p>\n<p>Dimensioni del disegno: 6 mm<\/p>\n<p>Genere: Donne<\/p>\n<p>COLORI BORSA IN TESSUTO PER REGALO CON CORDINO<\/p>\n<ul>\n<li>Arancione<\/li>\n<li>Turchese<\/li>\n<li>Rosso<\/li>\n<li>Rosa<\/li>\n<li>Blu<\/li>\n<li>Azzurro<\/li>\n<li>Verde<\/li>\n<li>Nero<\/li>\n<\/ul>\n<p>COLORI DELLA SCATOLA<\/p>\n<ul>\n<li>Bianco<\/li>\n<li>Rosso<\/li>\n<li>Nero<\/li>\n<li>Rosa<\/li>\n<\/ul>\n<p>Nelle foto \u00e8 possibile vedere tutti i design delle confezioni<\/p>\n<p>&nbsp;<\/p>\n<p><img loading=\"lazy\" decoding=\"async\" class=\"alignnone size-medium wp-image-17681\" src=\"https:\/\/www.asimis-market.com\/wp-content\/uploads\/2021\/04\/%CE%A3%CE%A5%CE%A3%CE%9A%CE%95%CE%A5%CE%91%CE%A3%CE%99%CE%91-%CE%A0%CE%9F%CE%A5%CE%93%CE%9A%CE%99-_%CE%92%CE%95%CE%9B%CE%9F%CE%A5%CE%94%CE%99%CE%9D%CE%9F-300x300.jpg\" alt=\"\" width=\"300\" height=\"300\" \/><img loading=\"lazy\" decoding=\"async\" class=\"alignnone size-medium wp-image-17680\" src=\"https:\/\/www.asimis-market.com\/wp-content\/uploads\/2021\/04\/%CE%A3%CE%A5%CE%A3%CE%9A%CE%95%CE%A5%CE%91%CE%A3%CE%99%CE%91-%CE%A0%CE%9F%CE%A5%CE%93%CE%9A%CE%99-_ORGANZA-300x300.jpg\" alt=\"\" width=\"300\" height=\"300\" \/><img loading=\"lazy\" decoding=\"async\" class=\"alignnone size-medium wp-image-17678\" src=\"https:\/\/www.asimis-market.com\/wp-content\/uploads\/2021\/04\/%CE%A3%CE%A5%CE%A3%CE%9A%CE%95%CE%A5%CE%91%CE%A3%CE%99%CE%91-%CE%9A%CE%9F%CE%A5%CE%A4%CE%91%CE%9A%CE%99_%CE%A1%CE%9F%CE%96-300x300.jpg\" alt=\"\" width=\"300\" height=\"300\" \/><img loading=\"lazy\" decoding=\"async\" class=\"alignnone size-medium wp-image-17679\" src=\"https:\/\/www.asimis-market.com\/wp-content\/uploads\/2021\/04\/%CE%A3%CE%A5%CE%A3%CE%9A%CE%95%CE%A5%CE%91%CE%A3%CE%99%CE%91-%CE%9A%CE%9F%CE%A5%CE%A4%CE%91%CE%9A%CE%99%CE%91_-%CE%94%CE%99%CE%91%CE%A6%CE%91%CE%9D%CE%91-300x300.jpg\" alt=\"\" width=\"300\" height=\"300\" \/><img loading=\"lazy\" decoding=\"async\" class=\"alignnone size-medium wp-image-17840\" src=\"https:\/\/www.asimis-market.com\/wp-content\/uploads\/2021\/04\/%CE%A3%CE%91%CE%9A%CE%9F%CE%A5%CE%9B%CE%99%CE%A4%CE%A3%CE%91-%CE%94%CE%A9%CE%A1%CE%9F%CE%A5-300x300.jpg\" alt=\"\" width=\"300\" height=\"300\" \/><\/p>\n<p>&nbsp;<\/p>\n<p>&nbsp;<\/p>\n","protected":false},"excerpt":{"rendered":"<p>ANELLO A CUORE IN ARGENTO 925 CON AMETISTA E ZAFFIRO SINTETICO + COLLANA REGALO CON MALOCCHIO IN ACCIAIO Anello in argento 925 con una bella ametista e uno zaffiro sintetico. Un anello bellissimo e di grande effetto che render\u00e0 speciali le vostre apparizioni e catturer\u00e0 tutta l&#8217;attenzione. Prendetelo e lasciatevi ispirare dal suo spirito romantico, [&#8230;]\n","protected":false},"featured_media":25851,"comment_status":"closed","ping_status":"closed","template":"","meta":{"wds_primary_product_brand":0,"wds_primary_product_cat":0},"product_brand":[],"product_cat":[467,479,428],"product_tag":[],"class_list":{"0":"post-30734","1":"product","2":"type-product","3":"status-publish","4":"has-post-thumbnail","6":"product_cat-anelli","7":"product_cat-argento-925","8":"product_cat-gioielleria","9":"product_shipping_class-buste","11":"first","12":"instock","13":"sale","14":"shipping-taxable","15":"purchasable","16":"product-type-variable"},"_links":{"self":[{"href":"https:\/\/www.asimis-market.com\/it\/wp-json\/wp\/v2\/product\/30734","targetHints":{"allow":["GET"]}}],"collection":[{"href":"https:\/\/www.asimis-market.com\/it\/wp-json\/wp\/v2\/product"}],"about":[{"href":"https:\/\/www.asimis-market.com\/it\/wp-json\/wp\/v2\/types\/product"}],"replies":[{"embeddable":true,"href":"https:\/\/www.asimis-market.com\/it\/wp-json\/wp\/v2\/comments?post=30734"}],"wp:featuredmedia":[{"embeddable":true,"href":"https:\/\/www.asimis-market.com\/it\/wp-json\/wp\/v2\/media\/25851"}],"wp:attachment":[{"href":"https:\/\/www.asimis-market.com\/it\/wp-json\/wp\/v2\/media?parent=30734"}],"wp:term":[{"taxonomy":"product_brand","embeddable":true,"href":"https:\/\/www.asimis-market.com\/it\/wp-json\/wp\/v2\/product_brand?post=30734"},{"taxonomy":"product_cat","embeddable":true,"href":"https:\/\/www.asimis-market.com\/it\/wp-json\/wp\/v2\/product_cat?post=30734"},{"taxonomy":"product_tag","embeddable":true,"href":"https:\/\/www.asimis-market.com\/it\/wp-json\/wp\/v2\/product_tag?post=30734"}],"curies":[{"name":"wp","href":"https:\/\/api.w.org\/{rel}","templated":true}]}}