{"id":30744,"date":"2023-10-12T17:33:01","date_gmt":"2023-10-12T14:33:01","guid":{"rendered":"https:\/\/www.asimis-market.com\/product\/anello-in-argento-925-con-topazio-mistico-verde-e-zaffiro-sintetico-bianco-e-viola-collana-elegante-in-argento-925-con-zaffiro-bianco-in-omaggio\/"},"modified":"2025-06-02T04:57:32","modified_gmt":"2025-06-02T01:57:32","slug":"anello-in-argento-925-con-topazio-mistico-verde-e-zaffiro-sintetico-bianco-e-viola-collana-elegante-in-argento-925-con-zaffiro-bianco-in-omaggio","status":"publish","type":"product","link":"https:\/\/www.asimis-market.com\/it\/prodotto\/anello-in-argento-925-con-topazio-mistico-verde-e-zaffiro-sintetico-bianco-e-viola-collana-elegante-in-argento-925-con-zaffiro-bianco-in-omaggio\/","title":{"rendered":"ANELLO IN ARGENTO 925 CON TOPAZIO MISTICO VERDE E ZAFFIRO SINTETICO BIANCO E VIOLA + COLLANA ELEGANTE IN ARGENTO 925 CON ZAFFIRO BIANCO IN OMAGGIO"},"content":{"rendered":"<p><strong>ANELLO IN ARGENTO 925 CON TOPAZIO MISTICO VERDE E ZAFFIRO SINTETICO BIANCO E VIOLA + COLLANA ELEGANTE IN ARGENTO 925 CON ZAFFIRO BIANCO IN OMAGGIO<\/strong><\/p>\n<p>Anello in argento 925 a pietra singola con un bellissimo topazio mistico verde segreto ornato da due cuori di zaffiro sintetico viola e bianco. Un bellissimo anello con una sola pietra che render\u00e0 speciali le vostre apparizioni e attirer\u00e0 tutti gli sguardi. Prendetelo e lasciatevi ispirare dal suo spirito romantico e dal mistico topazio segreto, la pietra dell&#8217;amore.<\/p>\n<p>Caratteristiche dell&#8217;anello:<\/p>\n<p>Codice: 521-505 Marca: Asimis For You Tipo: Anello con pietra singola Metallo: Argento 925 Pietra: Topazio mistico &#8211; Zaffiro sintetico Dimensioni: 10 mm di larghezza x 5 mm di altezza Sesso: Donna<\/p>\n<p>ELEGANTE COLLANA IN ARGENTO 925 CON ZAFFIRO BIANCO<\/p>\n<p>Una moderna collana da donna in argento 925 con una pietra di zaffiro sintetico bianco. Una collana di grande effetto che sta benissimo al collo di una donna e che attira tutti gli sguardi. Un gioiello ideale per ogni occasione.<\/p>\n<p>Caratteristiche della collana:<\/p>\n<p>Codice: 524-600-210 Marca: Asimis For You Tipo: Collana Metallo: Argento 925 Pietra: Zaffiro sintetico Lunghezza catena: 45cm Dimensione design: 8mm Genere: Donne<\/p>\n<p>Un gioiello in ARGENTO 925 \u00e8 il miglior regalo per stupire i vostri amici e scaldare i cuori di chi amate, sempre al prezzo pi\u00f9 basso del mercato perch\u00e9 importiamo tutti i nostri gioielli.<\/p>\n<p>Tutti i gioielli sono corredati di confezione.<\/p>\n<p>Potete scegliere la confezione che desiderate e, quando completate l&#8217;ordine, potete scriverlo nella nota del cliente. Nel caso in cui non venga menzionata la confezione, l&#8217;e-shop fornir\u00e0 i gioielli con un astuccio.<\/p>\n<p>Se volete fare un regalo, potete anche richiederci una confezione regalo.<\/p>\n<p>Colori Borsa In Tessuto Per Regalo Con Cordino<\/p>\n<ul>\n<li>Arancione<\/li>\n<li>Turchese<\/li>\n<li>Rosso<\/li>\n<li>Rosa<\/li>\n<li>Blu<\/li>\n<li>Azzurro<\/li>\n<li>Verde<\/li>\n<li>Nero<\/li>\n<\/ul>\n<p>COLORI DELLA SCATOLA:<\/p>\n<ul>\n<li>Bianco<\/li>\n<li>Rosso<\/li>\n<li>Nero<\/li>\n<li>Rosa<\/li>\n<\/ul>\n<p>Nelle foto potete vedere tutti i design delle confezioni.<\/p>\n<p>.<\/p>\n<p><img loading=\"lazy\" decoding=\"async\" class=\"alignnone size-medium wp-image-17681\" src=\"https:\/\/www.asimis-market.com\/wp-content\/uploads\/2021\/04\/%CE%A3%CE%A5%CE%A3%CE%9A%CE%95%CE%A5%CE%91%CE%A3%CE%99%CE%91-%CE%A0%CE%9F%CE%A5%CE%93%CE%9A%CE%99-_%CE%92%CE%95%CE%9B%CE%9F%CE%A5%CE%94%CE%99%CE%9D%CE%9F-300x300.jpg\" alt=\"\" width=\"300\" height=\"300\" \/><img loading=\"lazy\" decoding=\"async\" class=\"alignnone size-medium wp-image-17680\" src=\"https:\/\/www.asimis-market.com\/wp-content\/uploads\/2021\/04\/%CE%A3%CE%A5%CE%A3%CE%9A%CE%95%CE%A5%CE%91%CE%A3%CE%99%CE%91-%CE%A0%CE%9F%CE%A5%CE%93%CE%9A%CE%99-_ORGANZA-300x300.jpg\" alt=\"\" width=\"300\" height=\"300\" \/><img loading=\"lazy\" decoding=\"async\" class=\"alignnone size-medium wp-image-17678\" src=\"https:\/\/www.asimis-market.com\/wp-content\/uploads\/2021\/04\/%CE%A3%CE%A5%CE%A3%CE%9A%CE%95%CE%A5%CE%91%CE%A3%CE%99%CE%91-%CE%9A%CE%9F%CE%A5%CE%A4%CE%91%CE%9A%CE%99_%CE%A1%CE%9F%CE%96-300x300.jpg\" alt=\"\" width=\"300\" height=\"300\" \/><img loading=\"lazy\" decoding=\"async\" class=\"alignnone size-medium wp-image-17679\" src=\"https:\/\/www.asimis-market.com\/wp-content\/uploads\/2021\/04\/%CE%A3%CE%A5%CE%A3%CE%9A%CE%95%CE%A5%CE%91%CE%A3%CE%99%CE%91-%CE%9A%CE%9F%CE%A5%CE%A4%CE%91%CE%9A%CE%99%CE%91_-%CE%94%CE%99%CE%91%CE%A6%CE%91%CE%9D%CE%91-300x300.jpg\" alt=\"\" width=\"300\" height=\"300\" \/><img loading=\"lazy\" decoding=\"async\" class=\"alignnone size-medium wp-image-17840\" src=\"https:\/\/www.asimis-market.com\/wp-content\/uploads\/2021\/04\/%CE%A3%CE%91%CE%9A%CE%9F%CE%A5%CE%9B%CE%99%CE%A4%CE%A3%CE%91-%CE%94%CE%A9%CE%A1%CE%9F%CE%A5-300x300.jpg\" alt=\"\" width=\"300\" height=\"300\" \/><\/p>\n","protected":false},"excerpt":{"rendered":"<p>ANELLO IN ARGENTO 925 CON TOPAZIO MISTICO VERDE E ZAFFIRO SINTETICO BIANCO E VIOLA + COLLANA ELEGANTE IN ARGENTO 925 CON ZAFFIRO BIANCO IN OMAGGIO Anello in argento 925 a pietra singola con un bellissimo topazio mistico verde segreto ornato da due cuori di zaffiro sintetico viola e bianco. Un bellissimo anello con una sola [&#8230;]\n","protected":false},"featured_media":25839,"comment_status":"closed","ping_status":"closed","template":"","meta":{"wds_primary_product_brand":0,"wds_primary_product_cat":0},"product_brand":[],"product_cat":[467,479,428],"product_tag":[],"class_list":{"0":"post-30744","1":"product","2":"type-product","3":"status-publish","4":"has-post-thumbnail","6":"product_cat-anelli","7":"product_cat-argento-925","8":"product_cat-gioielleria","9":"product_shipping_class-buste","11":"first","12":"instock","13":"sale","14":"shipping-taxable","15":"purchasable","16":"product-type-variable"},"_links":{"self":[{"href":"https:\/\/www.asimis-market.com\/it\/wp-json\/wp\/v2\/product\/30744","targetHints":{"allow":["GET"]}}],"collection":[{"href":"https:\/\/www.asimis-market.com\/it\/wp-json\/wp\/v2\/product"}],"about":[{"href":"https:\/\/www.asimis-market.com\/it\/wp-json\/wp\/v2\/types\/product"}],"replies":[{"embeddable":true,"href":"https:\/\/www.asimis-market.com\/it\/wp-json\/wp\/v2\/comments?post=30744"}],"wp:featuredmedia":[{"embeddable":true,"href":"https:\/\/www.asimis-market.com\/it\/wp-json\/wp\/v2\/media\/25839"}],"wp:attachment":[{"href":"https:\/\/www.asimis-market.com\/it\/wp-json\/wp\/v2\/media?parent=30744"}],"wp:term":[{"taxonomy":"product_brand","embeddable":true,"href":"https:\/\/www.asimis-market.com\/it\/wp-json\/wp\/v2\/product_brand?post=30744"},{"taxonomy":"product_cat","embeddable":true,"href":"https:\/\/www.asimis-market.com\/it\/wp-json\/wp\/v2\/product_cat?post=30744"},{"taxonomy":"product_tag","embeddable":true,"href":"https:\/\/www.asimis-market.com\/it\/wp-json\/wp\/v2\/product_tag?post=30744"}],"curies":[{"name":"wp","href":"https:\/\/api.w.org\/{rel}","templated":true}]}}