{"id":30748,"date":"2023-10-12T17:33:01","date_gmt":"2023-10-12T14:33:01","guid":{"rendered":"https:\/\/www.asimis-market.com\/product\/anello-in-argento-925-con-zaffiro-bianco-e-cuore-in-omaggio-collana-in-argento-925-con-zaffiro-bianco\/"},"modified":"2025-06-02T04:41:11","modified_gmt":"2025-06-02T01:41:11","slug":"anello-in-argento-925-con-zaffiro-bianco-e-cuore-in-omaggio-collana-in-argento-925-con-zaffiro-bianco","status":"publish","type":"product","link":"https:\/\/www.asimis-market.com\/it\/prodotto\/anello-in-argento-925-con-zaffiro-bianco-e-cuore-in-omaggio-collana-in-argento-925-con-zaffiro-bianco\/","title":{"rendered":"ANELLO IN ARGENTO 925 CON ZAFFIRO BIANCO E CUORE IN OMAGGIO COLLANA IN ARGENTO 925 CON ZAFFIRO BIANCO"},"content":{"rendered":"<p><strong>ANELLO IN ARGENTO 925 CON ZAFFIRO BIANCO E CUORE IN OMAGGIO COLLANA IN ARGENTO 925 CON ZAFFIRO BIANCO<\/strong><\/p>\n<p>Anello in argento 925 con pietre di cristallo bianco in zaffiro sintetico bianco. Un bellissimo e imponente anello a pi\u00f9 pietre con zaffiri sintetici bianchi che render\u00e0 speciali le vostre apparizioni e attirer\u00e0 tutti gli sguardi. Prendetelo e lasciatevi ispirare dal suo spirito romantico.<\/p>\n<p>Anello Caratteristiche Codice: 521-501-200 Tipo: Multistone Metallo: Argento 925 Pietra: Zaffiro sintetico Altezza: 11 mm Sesso: Donne<\/p>\n<p>COLLANA CON CUORE IN ARGENTO 925 E ZAFFIRO BIANCO<\/p>\n<p>Una moderna collana da donna in argento 925 decorata con un cuore di zaffiro sintetico bianco. Una collana di grande effetto che sta benissimo al collo di una donna e che cattura gli sguardi di tutti. Un gioiello ideale per le vostre uscite.<\/p>\n<p>Caratteristiche della collana Codice: 524-600-220 Tipo: Collana Metallo: Argento 925 Pietra: Zaffiro sintetico Lunghezza catena: 45cm Dimensioni design: 14mm Genere: Donne<\/p>\n<p>Un gioiello in ARGENTO 925 \u00e8 il miglior regalo per stupire i vostri amici e scaldare i cuori di chi amate, sempre al prezzo pi\u00f9 basso del mercato perch\u00e9 importiamo tutti i nostri gioielli.<\/p>\n<p>Tutti i gioielli sono corredati di confezione. \u00c8 possibile scegliere la confezione desiderata. Quando si completa l&#8217;ordine, \u00e8 possibile scriverlo nella nota del cliente. Se non si specifica l&#8217;imballaggio, l&#8217;e-shop fornir\u00e0 ad ogni gioiello un sacchetto.<\/p>\n<p>Potete anche richiederci una confezione regalo se volete regalarla.<\/p>\n<p>COLORI BORSA IN TESSUTO PER REGALO CON CORDINO<\/p>\n<ul>\n<li>Arancione<\/li>\n<li>Turchese<\/li>\n<li>Rosso<\/li>\n<li>Rosa<\/li>\n<li>Blu<\/li>\n<li>Azzurro<\/li>\n<li>Verde<\/li>\n<li>Nero<\/li>\n<\/ul>\n<p>COLORI DELLA SCATOLA<\/p>\n<ul>\n<li>Bianco<\/li>\n<li>Rosso<\/li>\n<li>Nero<\/li>\n<li>Rosa<\/li>\n<\/ul>\n<p>Nelle foto potete vedere tutti i design delle confezioni.<\/p>\n<p>&nbsp;<\/p>\n<p>&nbsp;<\/p>\n<p><img loading=\"lazy\" decoding=\"async\" class=\"alignnone size-medium wp-image-17681\" src=\"https:\/\/www.asimis-market.com\/wp-content\/uploads\/2021\/04\/%CE%A3%CE%A5%CE%A3%CE%9A%CE%95%CE%A5%CE%91%CE%A3%CE%99%CE%91-%CE%A0%CE%9F%CE%A5%CE%93%CE%9A%CE%99-_%CE%92%CE%95%CE%9B%CE%9F%CE%A5%CE%94%CE%99%CE%9D%CE%9F-300x300.jpg\" alt=\"\" width=\"300\" height=\"300\" \/><img loading=\"lazy\" decoding=\"async\" class=\"alignnone size-medium wp-image-17680\" src=\"https:\/\/www.asimis-market.com\/wp-content\/uploads\/2021\/04\/%CE%A3%CE%A5%CE%A3%CE%9A%CE%95%CE%A5%CE%91%CE%A3%CE%99%CE%91-%CE%A0%CE%9F%CE%A5%CE%93%CE%9A%CE%99-_ORGANZA-300x300.jpg\" alt=\"\" width=\"300\" height=\"300\" \/><img loading=\"lazy\" decoding=\"async\" class=\"alignnone size-medium wp-image-17678\" src=\"https:\/\/www.asimis-market.com\/wp-content\/uploads\/2021\/04\/%CE%A3%CE%A5%CE%A3%CE%9A%CE%95%CE%A5%CE%91%CE%A3%CE%99%CE%91-%CE%9A%CE%9F%CE%A5%CE%A4%CE%91%CE%9A%CE%99_%CE%A1%CE%9F%CE%96-300x300.jpg\" alt=\"\" width=\"300\" height=\"300\" \/><img loading=\"lazy\" decoding=\"async\" class=\"alignnone size-medium wp-image-17679\" src=\"https:\/\/www.asimis-market.com\/wp-content\/uploads\/2021\/04\/%CE%A3%CE%A5%CE%A3%CE%9A%CE%95%CE%A5%CE%91%CE%A3%CE%99%CE%91-%CE%9A%CE%9F%CE%A5%CE%A4%CE%91%CE%9A%CE%99%CE%91_-%CE%94%CE%99%CE%91%CE%A6%CE%91%CE%9D%CE%91-300x300.jpg\" alt=\"\" width=\"300\" height=\"300\" \/><img loading=\"lazy\" decoding=\"async\" class=\"alignnone size-medium wp-image-17840\" src=\"https:\/\/www.asimis-market.com\/wp-content\/uploads\/2021\/04\/%CE%A3%CE%91%CE%9A%CE%9F%CE%A5%CE%9B%CE%99%CE%A4%CE%A3%CE%91-%CE%94%CE%A9%CE%A1%CE%9F%CE%A5-300x300.jpg\" alt=\"\" width=\"300\" height=\"300\" \/><\/p>\n","protected":false},"excerpt":{"rendered":"<p>ANELLO IN ARGENTO 925 CON ZAFFIRO BIANCO E CUORE IN OMAGGIO COLLANA IN ARGENTO 925 CON ZAFFIRO BIANCO Anello in argento 925 con pietre di cristallo bianco in zaffiro sintetico bianco. Un bellissimo e imponente anello a pi\u00f9 pietre con zaffiri sintetici bianchi che render\u00e0 speciali le vostre apparizioni e attirer\u00e0 tutti gli sguardi. Prendetelo [&#8230;]\n","protected":false},"featured_media":25835,"comment_status":"closed","ping_status":"closed","template":"","meta":{"wds_primary_product_brand":0,"wds_primary_product_cat":0},"product_brand":[],"product_cat":[467,479,428],"product_tag":[],"class_list":{"0":"post-30748","1":"product","2":"type-product","3":"status-publish","4":"has-post-thumbnail","6":"product_cat-anelli","7":"product_cat-argento-925","8":"product_cat-gioielleria","9":"product_shipping_class-buste","11":"first","12":"instock","13":"sale","14":"shipping-taxable","15":"purchasable","16":"product-type-variable"},"_links":{"self":[{"href":"https:\/\/www.asimis-market.com\/it\/wp-json\/wp\/v2\/product\/30748","targetHints":{"allow":["GET"]}}],"collection":[{"href":"https:\/\/www.asimis-market.com\/it\/wp-json\/wp\/v2\/product"}],"about":[{"href":"https:\/\/www.asimis-market.com\/it\/wp-json\/wp\/v2\/types\/product"}],"replies":[{"embeddable":true,"href":"https:\/\/www.asimis-market.com\/it\/wp-json\/wp\/v2\/comments?post=30748"}],"wp:featuredmedia":[{"embeddable":true,"href":"https:\/\/www.asimis-market.com\/it\/wp-json\/wp\/v2\/media\/25835"}],"wp:attachment":[{"href":"https:\/\/www.asimis-market.com\/it\/wp-json\/wp\/v2\/media?parent=30748"}],"wp:term":[{"taxonomy":"product_brand","embeddable":true,"href":"https:\/\/www.asimis-market.com\/it\/wp-json\/wp\/v2\/product_brand?post=30748"},{"taxonomy":"product_cat","embeddable":true,"href":"https:\/\/www.asimis-market.com\/it\/wp-json\/wp\/v2\/product_cat?post=30748"},{"taxonomy":"product_tag","embeddable":true,"href":"https:\/\/www.asimis-market.com\/it\/wp-json\/wp\/v2\/product_tag?post=30748"}],"curies":[{"name":"wp","href":"https:\/\/api.w.org\/{rel}","templated":true}]}}