{"id":30753,"date":"2023-10-12T17:33:01","date_gmt":"2023-10-12T14:33:01","guid":{"rendered":"https:\/\/www.asimis-market.com\/product\/filtri-nonno-47627-slim-64-mm-lungo-16mm-200-filtri-per-confezione-scatola-da-40-pezzi\/"},"modified":"2026-01-21T00:21:46","modified_gmt":"2026-01-20T22:21:46","slug":"filtri-nonno-47627-slim-64-mm-lungo-16mm-200-filtri-per-confezione-scatola-da-40-pezzi","status":"publish","type":"product","link":"https:\/\/www.asimis-market.com\/it\/prodotto\/filtri-nonno-47627-slim-64-mm-lungo-16mm-200-filtri-per-confezione-scatola-da-40-pezzi\/","title":{"rendered":"FILTRI NONNO 47627 SLIM 6,4 mm LUNGO 16mm 200 FILTRI PER CONFEZIONE SCATOLA DA 40 PEZZI"},"content":{"rendered":"<p><span style=\"font-size: 130%; color: #0000ff;\"><strong>FILTRI NONNO 47627 SLIM 6,4 mm LUNGO 16mm<\/strong><\/span><\/p>\n<p><span style=\"font-size: 130%; color: #0000ff;\"><strong>200 FILTRI PER CONFEZIONE SCATOLA DA 40 PEZZI<\/strong><\/span><\/p>\n<ul>\n<li><strong>Il filtro del nonno 47627 \u00e8 un po&#8217; pi\u00f9 spesso del classico Slim, ovvero 6,4 mm. Ha un filtro lungo da 16 mm e contiene 200 pezzi.<\/strong><\/li>\n<li><strong>\u00c8 ideale per i fumatori che prediligono un&#8217;intensa filtrazione nei loro twist e un ripieno di tabacco corposo.<\/strong><\/li>\n<li><strong>Un altro aspetto positivo della cartuccia filtrante Grandpa 47627 \u00e8 l&#8217;economicit\u00e0 della confezione da 200 pezzi e l&#8217;incredibile prezzo.<\/strong><\/li>\n<\/ul>\n<ul>\n<li> <strong>SCATOLA DA 40 PEZZI<\/strong><\/li>\n<\/ul>\n<p><img decoding=\"async\" class=\"alignnone size-full wp-image-6155\" src=\"https:\/\/www.asimis-market.com\/wp-content\/uploads\/2018\/02\/to-filtro-tou-pappou.jpg\" alt=\" larghezza=\" height=\"225\"><\/p>\n","protected":false},"excerpt":{"rendered":"<p>FILTRI NONNO 47627 SLIM 6,4 mm LUNGO 16mm 200 FILTRI PER CONFEZIONE SCATOLA DA 40 PEZZI Il filtro del nonno 47627 \u00e8 un po&#8217; pi\u00f9 spesso del classico Slim, ovvero 6,4 mm. Ha un filtro lungo da 16 mm e contiene 200 pezzi. \u00c8 ideale per i fumatori che prediligono un&#8217;intensa filtrazione nei loro twist [&#8230;]\n","protected":false},"featured_media":21653,"comment_status":"closed","ping_status":"closed","template":"","meta":{"wds_primary_product_brand":0,"wds_primary_product_cat":0},"product_brand":[],"product_cat":[483,486],"product_tag":[],"class_list":{"0":"post-30753","1":"product","2":"type-product","3":"status-publish","4":"has-post-thumbnail","6":"product_cat-filtri","7":"product_cat-filtri-nonno","9":"first","10":"instock","11":"sale","12":"purchasable","13":"product-type-simple"},"_links":{"self":[{"href":"https:\/\/www.asimis-market.com\/it\/wp-json\/wp\/v2\/product\/30753","targetHints":{"allow":["GET"]}}],"collection":[{"href":"https:\/\/www.asimis-market.com\/it\/wp-json\/wp\/v2\/product"}],"about":[{"href":"https:\/\/www.asimis-market.com\/it\/wp-json\/wp\/v2\/types\/product"}],"replies":[{"embeddable":true,"href":"https:\/\/www.asimis-market.com\/it\/wp-json\/wp\/v2\/comments?post=30753"}],"wp:featuredmedia":[{"embeddable":true,"href":"https:\/\/www.asimis-market.com\/it\/wp-json\/wp\/v2\/media\/21653"}],"wp:attachment":[{"href":"https:\/\/www.asimis-market.com\/it\/wp-json\/wp\/v2\/media?parent=30753"}],"wp:term":[{"taxonomy":"product_brand","embeddable":true,"href":"https:\/\/www.asimis-market.com\/it\/wp-json\/wp\/v2\/product_brand?post=30753"},{"taxonomy":"product_cat","embeddable":true,"href":"https:\/\/www.asimis-market.com\/it\/wp-json\/wp\/v2\/product_cat?post=30753"},{"taxonomy":"product_tag","embeddable":true,"href":"https:\/\/www.asimis-market.com\/it\/wp-json\/wp\/v2\/product_tag?post=30753"}],"curies":[{"name":"wp","href":"https:\/\/api.w.org\/{rel}","templated":true}]}}