{"id":30965,"date":"2023-10-12T17:32:41","date_gmt":"2023-10-12T14:32:41","guid":{"rendered":"https:\/\/www.asimis-market.com\/product\/simon-g-anello-multiplo-in-argento-925-laminato-doro-con-zaffiro-sintetico-bianco-croce-in-argento-925-incorporata-di-cristalli-in-omaggio\/"},"modified":"2025-06-02T04:03:52","modified_gmt":"2025-06-02T01:03:52","slug":"simon-g-anello-multiplo-in-argento-925-laminato-doro-con-zaffiro-sintetico-bianco-croce-in-argento-925-incorporata-di-cristalli-in-omaggio","status":"publish","type":"product","link":"https:\/\/www.asimis-market.com\/it\/prodotto\/simon-g-anello-multiplo-in-argento-925-laminato-doro-con-zaffiro-sintetico-bianco-croce-in-argento-925-incorporata-di-cristalli-in-omaggio\/","title":{"rendered":"Simon G. ANELLO MULTIPLO IN ARGENTO 925 LAMINATO D&#8217;ORO CON ZAFFIRO SINTETICO BIANCO + CROCE IN ARGENTO 925 INCORPORATA DI CRISTALLI IN OMAGGIO"},"content":{"rendered":"<p><strong>Simon G. ANELLO MULTISTONE IN ARGENTO 925 LAMINATO ORO ROSA CON ZAFFIRO SINTETICO BIANCO + CROCE D&#8217;ARGENTO 925 INCORPORATA CON CRISTALLI IN OMAGGIO<\/strong><\/p>\n<p>Anello multistono Simon G. in argento 925 con placcatura in oro rosa, ornato da cristalli di zaffiro sintetici bianchi. Un bellissimo e imponente anello Simon G. con cristalli di zaffiro sintetico bianco che render\u00e0 uniche le vostre apparizioni e attirer\u00e0 tutti gli sguardi. Prendetelo e lasciatevi ispirare dal suo spirito romantico.<\/p>\n<p>Caratteristiche dell&#8217;anello:<\/p>\n<p>Codice: 521-501 Marca: Simon G. Tipo: Multistone Metallo: Argento 925 Colore metallo: Oro rosa Pietra: Zaffiro sintetico bianco Altezza: 11 mm Sesso: Femmina<\/p>\n<p>Una moderna croce da donna in argento 925, decorata con cristalli e dotata di una catena in acciaio inossidabile. Un incrocio impressionante che si staglia magnificamente sul collo della femmina e che attirer\u00e0 tutti gli sguardi. Un gioiello ideale per le vostre uscite.<\/p>\n<p>Caratteristiche trasversali:<\/p>\n<p>Codice: 524-521 Marca: Asimis For You Tipo: Collana Metallo: Argento 925 Lunghezza catena: 50cm Dimensioni del disegno: 3,5cm x 2cm Sesso: Donna<\/p>\n<p>Un gioiello in ARGENTO 925 \u00e8 il regalo migliore per stupire i vostri amici e scaldare i cuori di chi amate, sempre al prezzo pi\u00f9 basso del mercato, poich\u00e9 importiamo tutti i nostri gioielli.<\/p>\n<p>Tutti i gioielli sono accompagnati da una confezione. \u00c8 possibile scegliere la confezione desiderata. Quando si completa l&#8217;ordine, scriverlo nella nota del cliente. Se non si parla di confezione, l&#8217;eshop include un astuccio con ogni gioiello. \u00c8 anche possibile richiedere una busta regalo se si vuole fare un regalo.<\/p>\n<p>Colori Borsa In Tessuto Per Regalo Con Cordino<\/p>\n<ul>\n<li>Arancione<\/li>\n<li>Turchese<\/li>\n<li>Rosso<\/li>\n<li>Rosa<\/li>\n<li>Blu<\/li>\n<li>Azzurro<\/li>\n<li>Verde<\/li>\n<li>Nero<\/li>\n<\/ul>\n<p>Colori della scatola:<\/p>\n<ul>\n<li>Bianco<\/li>\n<li>Rosso<\/li>\n<li>Nero<\/li>\n<li>Rosa<\/li>\n<\/ul>\n<p>Nelle foto potete vedere tutti i design delle confezioni.<\/p>\n<p>&nbsp;<\/p>\n<p>.<\/p>\n<p><img loading=\"lazy\" decoding=\"async\" class=\"alignnone size-medium wp-image-17681\" src=\"https:\/\/www.asimis-market.com\/wp-content\/uploads\/2021\/04\/%CE%A3%CE%A5%CE%A3%CE%9A%CE%95%CE%A5%CE%91%CE%A3%CE%99%CE%91-%CE%A0%CE%9F%CE%A5%CE%93%CE%9A%CE%99-_%CE%92%CE%95%CE%9B%CE%9F%CE%A5%CE%94%CE%99%CE%9D%CE%9F-300x300.jpg\" alt=\"\" width=\"300\" height=\"300\" \/><img loading=\"lazy\" decoding=\"async\" class=\"alignnone size-medium wp-image-17680\" src=\"https:\/\/www.asimis-market.com\/wp-content\/uploads\/2021\/04\/%CE%A3%CE%A5%CE%A3%CE%9A%CE%95%CE%A5%CE%91%CE%A3%CE%99%CE%91-%CE%A0%CE%9F%CE%A5%CE%93%CE%9A%CE%99-_ORGANZA-300x300.jpg\" alt=\"\" width=\"300\" height=\"300\" \/><img loading=\"lazy\" decoding=\"async\" class=\"alignnone size-medium wp-image-17678\" src=\"https:\/\/www.asimis-market.com\/wp-content\/uploads\/2021\/04\/%CE%A3%CE%A5%CE%A3%CE%9A%CE%95%CE%A5%CE%91%CE%A3%CE%99%CE%91-%CE%9A%CE%9F%CE%A5%CE%A4%CE%91%CE%9A%CE%99_%CE%A1%CE%9F%CE%96-300x300.jpg\" alt=\"\" width=\"300\" height=\"300\" \/><img loading=\"lazy\" decoding=\"async\" class=\"alignnone size-medium wp-image-17679\" src=\"https:\/\/www.asimis-market.com\/wp-content\/uploads\/2021\/04\/%CE%A3%CE%A5%CE%A3%CE%9A%CE%95%CE%A5%CE%91%CE%A3%CE%99%CE%91-%CE%9A%CE%9F%CE%A5%CE%A4%CE%91%CE%9A%CE%99%CE%91_-%CE%94%CE%99%CE%91%CE%A6%CE%91%CE%9D%CE%91-300x300.jpg\" alt=\"\" width=\"300\" height=\"300\" \/><img loading=\"lazy\" decoding=\"async\" class=\"alignnone size-medium wp-image-17840\" src=\"https:\/\/www.asimis-market.com\/wp-content\/uploads\/2021\/04\/%CE%A3%CE%91%CE%9A%CE%9F%CE%A5%CE%9B%CE%99%CE%A4%CE%A3%CE%91-%CE%94%CE%A9%CE%A1%CE%9F%CE%A5-300x300.jpg\" alt=\"\" width=\"300\" height=\"300\" \/><\/p>\n","protected":false},"excerpt":{"rendered":"<div class=\"product-short-description\">\n<div class=\"product-short-description\">\n<p>&nbsp;<\/p>\n<\/div>\n<\/div>\n","protected":false},"featured_media":25833,"comment_status":"closed","ping_status":"closed","template":"","meta":{"wds_primary_product_brand":0,"wds_primary_product_cat":0},"product_brand":[],"product_cat":[467,479,428],"product_tag":[],"class_list":{"0":"post-30965","1":"product","2":"type-product","3":"status-publish","4":"has-post-thumbnail","6":"product_cat-anelli","7":"product_cat-argento-925","8":"product_cat-gioielleria","9":"product_shipping_class-buste","11":"first","12":"instock","13":"sale","14":"shipping-taxable","15":"purchasable","16":"product-type-variable"},"_links":{"self":[{"href":"https:\/\/www.asimis-market.com\/it\/wp-json\/wp\/v2\/product\/30965","targetHints":{"allow":["GET"]}}],"collection":[{"href":"https:\/\/www.asimis-market.com\/it\/wp-json\/wp\/v2\/product"}],"about":[{"href":"https:\/\/www.asimis-market.com\/it\/wp-json\/wp\/v2\/types\/product"}],"replies":[{"embeddable":true,"href":"https:\/\/www.asimis-market.com\/it\/wp-json\/wp\/v2\/comments?post=30965"}],"wp:featuredmedia":[{"embeddable":true,"href":"https:\/\/www.asimis-market.com\/it\/wp-json\/wp\/v2\/media\/25833"}],"wp:attachment":[{"href":"https:\/\/www.asimis-market.com\/it\/wp-json\/wp\/v2\/media?parent=30965"}],"wp:term":[{"taxonomy":"product_brand","embeddable":true,"href":"https:\/\/www.asimis-market.com\/it\/wp-json\/wp\/v2\/product_brand?post=30965"},{"taxonomy":"product_cat","embeddable":true,"href":"https:\/\/www.asimis-market.com\/it\/wp-json\/wp\/v2\/product_cat?post=30965"},{"taxonomy":"product_tag","embeddable":true,"href":"https:\/\/www.asimis-market.com\/it\/wp-json\/wp\/v2\/product_tag?post=30965"}],"curies":[{"name":"wp","href":"https:\/\/api.w.org\/{rel}","templated":true}]}}