{"id":30969,"date":"2023-10-12T17:32:41","date_gmt":"2023-10-12T14:32:41","guid":{"rendered":"https:\/\/www.asimis-market.com\/product\/juicy-jays-king-size-slim-lungo-anguria-cartine-aromatica-rolling-papers-32-fogli-per-confezione-solo-confezione-senza-scatola\/"},"modified":"2025-07-25T22:15:02","modified_gmt":"2025-07-25T19:15:02","slug":"juicy-jays-king-size-slim-lungo-anguria-cartine-aromatica-rolling-papers-32-fogli-per-confezione-solo-confezione-senza-scatola","status":"publish","type":"product","link":"https:\/\/www.asimis-market.com\/it\/prodotto\/juicy-jays-king-size-slim-lungo-anguria-cartine-aromatica-rolling-papers-32-fogli-per-confezione-solo-confezione-senza-scatola\/","title":{"rendered":"JUICY JAYS KING SIZE SLIM LUNGO ANGURIA CARTINE AROMATICA ROLLING PAPERS 32 FOGLI PER CONFEZIONE SOLO CONFEZIONE SENZA SCATOLA"},"content":{"rendered":"<p><span style=\"color: #0000ff; font-size: 120%;\"><strong>JUICY JAYS KING SIZE SLIM LUNGO ANGURIA<\/strong><\/span><\/p>\n<p><span style=\"color: #0000ff; font-size: 120%;\"><strong>32 FOGLI PER CONFEZIONE SOLO CONFEZIONE SENZA SCATOLA<\/strong><\/span><\/p>\n<p>King Size Slim: la carta in rotoli King Size Slim lungo \u00e8 la carta in rotoli standard pi\u00f9 grande sul mercato, di dimensioni uniformi per tutti i marchi. Sono lunghi 110 mm e larghi 44 mm. Sono le pi\u00f9 lunghe di tutte le dimensioni dei rulli regolari. Sono molto popolari, facili da trovare e disponibili in molte marche diverse. Le dimensioni variano leggermente da marca a marca, ma di solito rientrano nelle linee guida sopra elencate. Con queste cartine si usa un rotolo di sigaretta da 110 mm.<\/p>\n<p>&nbsp;<\/p>\n<ul>\n<li><strong>Dimensioni 110 x 44 mm king size slim lungo<\/strong><\/li>\n<li><strong>32 Fogli con un design simile al gusto meraviglioso<\/strong><\/li>\n<li><strong>Peso della carta sottile<\/strong><\/li>\n<li><strong>Esalta il gusto e l&#8217;aroma del tabacco come nessun&#8217;altra carta immersa nell&#8217;aroma di frutta e dipinta su tutto il lato esterno della carta.<\/strong><\/li>\n<li><strong>Per dare un tocco di sapore in pi\u00f9, si utilizza il famoso sistema Triple-Dip.<\/strong><\/li>\n<li><strong>Paese di origine, Spagna.<\/strong><\/li>\n<\/ul>\n<p><img decoding=\"async\" class=\"alignnone size-medium wp-image-6250\" src=\"https:\/\/www.asimis-market.com\/wp-content\/uploads\/2018\/02\/test-300x177.jpg\"><\/p>\n","protected":false},"excerpt":{"rendered":"<p>JUICY JAYS KING SIZE SLIM LUNGO ANGURIA 32 FOGLI PER CONFEZIONE SOLO CONFEZIONE SENZA SCATOLA King Size Slim: la carta in rotoli King Size Slim lungo \u00e8 la carta in rotoli standard pi\u00f9 grande sul mercato, di dimensioni uniformi per tutti i marchi. Sono lunghi 110 mm e larghi 44 mm. Sono le pi\u00f9 lunghe [&#8230;]\n","protected":false},"featured_media":25829,"comment_status":"closed","ping_status":"closed","template":"","meta":{"wds_primary_product_brand":0,"wds_primary_product_cat":0},"product_brand":[],"product_cat":[488,453],"product_tag":[],"class_list":{"0":"post-30969","1":"product","2":"type-product","3":"status-publish","4":"has-post-thumbnail","6":"product_cat-cartine","7":"product_cat-cartine-con-gusto","8":"product_shipping_class-buste","10":"first","11":"outofstock","12":"sale","13":"purchasable","14":"product-type-simple"},"_links":{"self":[{"href":"https:\/\/www.asimis-market.com\/it\/wp-json\/wp\/v2\/product\/30969","targetHints":{"allow":["GET"]}}],"collection":[{"href":"https:\/\/www.asimis-market.com\/it\/wp-json\/wp\/v2\/product"}],"about":[{"href":"https:\/\/www.asimis-market.com\/it\/wp-json\/wp\/v2\/types\/product"}],"replies":[{"embeddable":true,"href":"https:\/\/www.asimis-market.com\/it\/wp-json\/wp\/v2\/comments?post=30969"}],"wp:featuredmedia":[{"embeddable":true,"href":"https:\/\/www.asimis-market.com\/it\/wp-json\/wp\/v2\/media\/25829"}],"wp:attachment":[{"href":"https:\/\/www.asimis-market.com\/it\/wp-json\/wp\/v2\/media?parent=30969"}],"wp:term":[{"taxonomy":"product_brand","embeddable":true,"href":"https:\/\/www.asimis-market.com\/it\/wp-json\/wp\/v2\/product_brand?post=30969"},{"taxonomy":"product_cat","embeddable":true,"href":"https:\/\/www.asimis-market.com\/it\/wp-json\/wp\/v2\/product_cat?post=30969"},{"taxonomy":"product_tag","embeddable":true,"href":"https:\/\/www.asimis-market.com\/it\/wp-json\/wp\/v2\/product_tag?post=30969"}],"curies":[{"name":"wp","href":"https:\/\/api.w.org\/{rel}","templated":true}]}}