{"id":31029,"date":"2023-10-12T17:32:18","date_gmt":"2023-10-12T14:32:18","guid":{"rendered":"https:\/\/www.asimis-market.com\/product\/elements-unrefined-plant-papers-king-size-slim-lungo-non-raffinato-super-sottile-cartine-32-foglie-32-filtri-di-carta-per-confezione-connoiseur-scatola-da-24-pezzi\/"},"modified":"2024-03-25T00:35:50","modified_gmt":"2024-03-24T21:35:50","slug":"elements-unrefined-plant-papers-king-size-slim-lungo-non-raffinato-super-sottile-cartine-32-foglie-32-filtri-di-carta-per-confezione-connoiseur-scatola-da-24-pezzi","status":"publish","type":"product","link":"https:\/\/www.asimis-market.com\/it\/prodotto\/elements-unrefined-plant-papers-king-size-slim-lungo-non-raffinato-super-sottile-cartine-32-foglie-32-filtri-di-carta-per-confezione-connoiseur-scatola-da-24-pezzi\/","title":{"rendered":"ELEMENTS UNREFINED PLANT PAPERS KING SIZE SLIM LUNGO NON RAFFINATO SUPER SOTTILE CARTINE 32 FOGLIE + 32 FILTRI DI CARTA PER CONFEZIONE CONNOISEUR SCATOLA DA 24 PEZZI"},"content":{"rendered":"<p><span style=\"color: #0000ff; font-size: 120%;\"><strong>ELEMENTS UNREFINED PLANT PAPERS KING SIZE SLIM LUNGO NON RAFFINATO SUPER SOTTILE CARTINE 32 FOGLIE + 32 FILTRI DI CARTA PER CONFEZIONE<\/strong><\/span><\/p>\n<p><span style=\"color: #0000ff; font-size: 120%;\"><strong>CONNOISEUR SCATOLA DA 24 PEZZI<\/strong><\/span><\/p>\n<p style=\"text-align: left;\">Elements &#8230; un nome simbolo sul mercato globale!<br \/>\nLascia la minor quantit\u00e0 di cenere possibile. Un Carta di riso estremamente sottile che vi stupir\u00e0.<br \/>\nCarta di riso estremamente sottile per utenti esperti del genere.<br \/>\nVengono bruciati lasciando zero cenere, tranne una piccola linea causata dalla combustione dello zucchero che si trasforma in caramello.<br \/>\nColla di zucchero vegetale.<br \/>\nOgni carta \u00e8 filigranata con l&#8217;etichetta di autenticit\u00e0 Criss Cross, che garantisce una combustione pi\u00f9 fluida.<\/p>\n<p>&nbsp;<\/p>\n<p style=\"text-align: left;\">Dimensioni: 110 mm x 44 mm King Size Slim Lungo<br \/>\nPeso della carta: 13 gr\/m2 Super sottile<br \/>\nVelocit\u00e0 di combustione: Lenta<br \/>\nColore carta: Marrone chiaro (non raffinato non sbiancato)<br \/>\nFogli per confezione: 32 fogli<br \/>\nFiltri di carta per confezione: 32 Filtri di carta<br \/>\nPezzi per scatola: 24 pezzi<br \/>\nTipo di confezione: Connoisseur<br \/>\nProdotto originale<br \/>\nProdotto in Spagna<\/p>\n<p style=\"text-align: left;\">Questa carta da rotolo non e, Standard, Regular, cartina corta o 1 1\/4.<br \/>\nQuesta carta da rotolo ha un formato lunghe King Size 110\u00d744 mm.<\/p>\n<p><img decoding=\"async\" class=\"alignnone size-medium wp-image-6244\" src=\"https:\/\/www.asimis-market.com\/wp-content\/uploads\/2018\/02\/elements_logo-300x77.png\" alt=\" larghezza=\" height=\"77\"><\/p>\n","protected":false},"excerpt":{"rendered":"<p>ELEMENTS UNREFINED PLANT PAPERS KING SIZE SLIM LUNGO NON RAFFINATO SUPER SOTTILE CARTINE 32 FOGLIE + 32 FILTRI DI CARTA PER CONFEZIONE CONNOISEUR SCATOLA DA 24 PEZZI Elements &#8230; un nome simbolo sul mercato globale! Lascia la minor quantit\u00e0 di cenere possibile. Un Carta di riso estremamente sottile che vi stupir\u00e0. Carta di riso estremamente [&#8230;]\n","protected":false},"featured_media":25695,"comment_status":"closed","ping_status":"closed","template":"","meta":{"wds_primary_product_brand":0,"wds_primary_product_cat":0},"product_brand":[],"product_cat":[488,490],"product_tag":[],"class_list":{"0":"post-31029","1":"product","2":"type-product","3":"status-publish","4":"has-post-thumbnail","6":"product_cat-cartine","7":"product_cat-cartine-elements","9":"first","10":"instock","11":"sale","12":"purchasable","13":"product-type-simple"},"_links":{"self":[{"href":"https:\/\/www.asimis-market.com\/it\/wp-json\/wp\/v2\/product\/31029","targetHints":{"allow":["GET"]}}],"collection":[{"href":"https:\/\/www.asimis-market.com\/it\/wp-json\/wp\/v2\/product"}],"about":[{"href":"https:\/\/www.asimis-market.com\/it\/wp-json\/wp\/v2\/types\/product"}],"replies":[{"embeddable":true,"href":"https:\/\/www.asimis-market.com\/it\/wp-json\/wp\/v2\/comments?post=31029"}],"wp:featuredmedia":[{"embeddable":true,"href":"https:\/\/www.asimis-market.com\/it\/wp-json\/wp\/v2\/media\/25695"}],"wp:attachment":[{"href":"https:\/\/www.asimis-market.com\/it\/wp-json\/wp\/v2\/media?parent=31029"}],"wp:term":[{"taxonomy":"product_brand","embeddable":true,"href":"https:\/\/www.asimis-market.com\/it\/wp-json\/wp\/v2\/product_brand?post=31029"},{"taxonomy":"product_cat","embeddable":true,"href":"https:\/\/www.asimis-market.com\/it\/wp-json\/wp\/v2\/product_cat?post=31029"},{"taxonomy":"product_tag","embeddable":true,"href":"https:\/\/www.asimis-market.com\/it\/wp-json\/wp\/v2\/product_tag?post=31029"}],"curies":[{"name":"wp","href":"https:\/\/api.w.org\/{rel}","templated":true}]}}