{"id":31032,"date":"2023-10-12T17:32:18","date_gmt":"2023-10-12T14:32:18","guid":{"rendered":"https:\/\/www.asimis-market.com\/product\/elements-unrefined-plant-papers-king-size-slim-lungo-non-raffinato-super-sottile-cartine-32-foglie-32-filtri-di-carta-per-confezione-connoiseur-solo-confezione-senza-scatola\/"},"modified":"2025-10-14T23:19:41","modified_gmt":"2025-10-14T20:19:41","slug":"elements-unrefined-plant-papers-king-size-slim-lungo-non-raffinato-super-sottile-cartine-32-foglie-32-filtri-di-carta-per-confezione-connoiseur-solo-confezione-senza-scatola","status":"publish","type":"product","link":"https:\/\/www.asimis-market.com\/it\/prodotto\/elements-unrefined-plant-papers-king-size-slim-lungo-non-raffinato-super-sottile-cartine-32-foglie-32-filtri-di-carta-per-confezione-connoiseur-solo-confezione-senza-scatola\/","title":{"rendered":"ELEMENTS UNREFINED PLANT PAPERS KING SIZE SLIM LUNGO NON RAFFINATO SUPER SOTTILE CARTINE 32 FOGLIE + 32 FILTRI DI CARTA PER CONFEZIONE CONNOISEUR SOLO CONFEZIONE SENZA SCATOLA"},"content":{"rendered":"<p><span style=\"color: #0000ff; font-size: 120%;\"><strong>ELEMENTS UNREFINED PLANT PAPERS KING SIZE SLIM LUNGO NON RAFFINATO SUPER SOTTILE CARTINE 32 FOGLIE + 32 FILTRI DI CARTA PER CONFEZIONE<\/strong><\/span><\/p>\n<p><span style=\"color: #0000ff; font-size: 120%;\"><strong>CONNOISEUR SOLO CONFEZIONE SENZA SCATOLA<\/strong><\/span><\/p>\n<p>Elements &#8230; un nome simbolo sul mercato globale!<br \/>\nLascia la minor quantit\u00e0 di cenere possibile. Un Carta di riso estremamente sottile che vi stupir\u00e0.<br \/>\nCarta di riso estremamente sottile per utenti esperti del genere.<br \/>\nVengono bruciati lasciando zero cenere, tranne una piccola linea causata dalla combustione dello zucchero che si trasforma in caramello.<br \/>\nColla di zucchero vegetale.<br \/>\nOgni carta \u00e8 filigranata con l&#8217;etichetta di autenticit\u00e0 Criss Cross, che garantisce una combustione pi\u00f9 fluida.<\/p>\n<p>Dimensioni: 110 mm x 44 mm King Size Slim Lungo<br \/>\nPeso della carta: 13 gr\/m2 Super sottile<br \/>\nVelocit\u00e0 di combustione: Lenta<br \/>\nColore carta: Marrone chiaro (non raffinato non sbiancato)<br \/>\nFogli per confezione: 32 fogli<br \/>\nFiltri di carta per confezione: 32 Filtri di carta<br \/>\nPezzi per scatola: 24 pezzi<br \/>\nTipo di confezione: Connoisseur<br \/>\nProdotto originale<br \/>\nProdotto in Spagna<\/p>\n<p>Questa carta da rotolo non e, Standard, Regular, cartina corta o 1 1\/4.<br \/>\nQuesta carta da rotolo ha un formato lunghe King Size 110\u00d744 mm.<\/p>\n<p><img decoding=\"async\" class=\"alignnone size-medium wp-image-6244\" src=\"https:\/\/www.asimis-market.com\/wp-content\/uploads\/2018\/02\/elements_logo-300x77.png\" alt=\" larghezza=\" height=\"77\"><\/p>\n","protected":false},"excerpt":{"rendered":"<p>ELEMENTS UNREFINED PLANT PAPERS KING SIZE SLIM LUNGO NON RAFFINATO SUPER SOTTILE CARTINE 32 FOGLIE + 32 FILTRI DI CARTA PER CONFEZIONE CONNOISEUR SOLO CONFEZIONE SENZA SCATOLA Elements &#8230; un nome simbolo sul mercato globale! Lascia la minor quantit\u00e0 di cenere possibile. Un Carta di riso estremamente sottile che vi stupir\u00e0. Carta di riso estremamente [&#8230;]\n","protected":false},"featured_media":25693,"comment_status":"closed","ping_status":"closed","template":"","meta":{"wds_primary_product_brand":0,"wds_primary_product_cat":0},"product_brand":[],"product_cat":[488,490],"product_tag":[],"class_list":{"0":"post-31032","1":"product","2":"type-product","3":"status-publish","4":"has-post-thumbnail","6":"product_cat-cartine","7":"product_cat-cartine-elements","8":"product_shipping_class-buste","10":"first","11":"instock","12":"sale","13":"purchasable","14":"product-type-simple"},"_links":{"self":[{"href":"https:\/\/www.asimis-market.com\/it\/wp-json\/wp\/v2\/product\/31032","targetHints":{"allow":["GET"]}}],"collection":[{"href":"https:\/\/www.asimis-market.com\/it\/wp-json\/wp\/v2\/product"}],"about":[{"href":"https:\/\/www.asimis-market.com\/it\/wp-json\/wp\/v2\/types\/product"}],"replies":[{"embeddable":true,"href":"https:\/\/www.asimis-market.com\/it\/wp-json\/wp\/v2\/comments?post=31032"}],"wp:featuredmedia":[{"embeddable":true,"href":"https:\/\/www.asimis-market.com\/it\/wp-json\/wp\/v2\/media\/25693"}],"wp:attachment":[{"href":"https:\/\/www.asimis-market.com\/it\/wp-json\/wp\/v2\/media?parent=31032"}],"wp:term":[{"taxonomy":"product_brand","embeddable":true,"href":"https:\/\/www.asimis-market.com\/it\/wp-json\/wp\/v2\/product_brand?post=31032"},{"taxonomy":"product_cat","embeddable":true,"href":"https:\/\/www.asimis-market.com\/it\/wp-json\/wp\/v2\/product_cat?post=31032"},{"taxonomy":"product_tag","embeddable":true,"href":"https:\/\/www.asimis-market.com\/it\/wp-json\/wp\/v2\/product_tag?post=31032"}],"curies":[{"name":"wp","href":"https:\/\/api.w.org\/{rel}","templated":true}]}}