{"id":31843,"date":"2023-10-12T17:30:52","date_gmt":"2023-10-12T14:30:52","guid":{"rendered":"https:\/\/www.asimis-market.com\/product\/filtri-con-carbone-attivato-super-slim-57-mm-pop-out-450-filtri-per-confezione-da-filtraki-solo-confezione-senza-scatola\/"},"modified":"2024-04-04T01:18:34","modified_gmt":"2024-04-03T22:18:34","slug":"filtri-con-carbone-attivato-super-slim-57-mm-pop-out-450-filtri-per-confezione-da-filtraki-solo-confezione-senza-scatola","status":"publish","type":"product","link":"https:\/\/www.asimis-market.com\/it\/prodotto\/filtri-con-carbone-attivato-super-slim-57-mm-pop-out-450-filtri-per-confezione-da-filtraki-solo-confezione-senza-scatola\/","title":{"rendered":"FILTRI CON CARBONE ATTIVATO SUPER SLIM 5,7 mm POP OUT 450 FILTRI PER CONFEZIONE Da Filtraki SOLO CONFEZIONE SENZA SCATOLA"},"content":{"rendered":"<div><span style=\"color: #0000ff; font-size: 120%;\"><strong>FILTRI CON CARBONE ATTIVATO SUPER SLIM 5,7 mm POP OUT<\/strong><\/span><\/div>\n<div><span style=\"color: #0000ff; font-size: 120%;\"><strong>450 FILTRI PER CONFEZIONE Da Filtraki SOLO CONFEZIONE SENZA SCATOLA<\/strong><\/span><\/div>\n<div><\/div>\n<div>La propriet\u00e0 del carbone attivo \u00e8 quella di rendere la ritenzione delle sostanze nocive del fumo molto pi\u00f9 di un semplice filtro.<\/div>\n<div><\/div>\n<div>450 filtri a carbone attivo in barre di ottima qualit\u00e0 sono contenuti in una busta con chiusura a zip.<\/div>\n<div><\/div>\n<div><\/div>\n<div><strong>Caratteristiche:<\/strong><\/div>\n<ul>\n<li>Dimensione: 5,7 mm super slim<\/li>\n<li>450 filtri per confezione<\/li>\n<li>Tipo: filtri pop out In bar.<\/li>\n<li>Prodotto dall&#8217;azienda ROLL &amp; RULL 178 Marathonos Avenue 178 Gerakas, Attica, Attica.<\/li>\n<\/ul>\n<div>\n<p><img decoding=\"async\" class=\"alignnone size-medium wp-image-10862\" src=\"https:\/\/www.asimis-market.com\/wp-content\/uploads\/2019\/07\/logo-Filtraki-300x260.jpg\" alt=\" larghezza=\" height=\"260\"><\/p>\n<\/div>\n","protected":false},"excerpt":{"rendered":"<p>FILTRI CON CARBONE ATTIVATO SUPER SLIM 5,7 mm POP OUT 450 FILTRI PER CONFEZIONE Da Filtraki SOLO CONFEZIONE SENZA SCATOLA La propriet\u00e0 del carbone attivo \u00e8 quella di rendere la ritenzione delle sostanze nocive del fumo molto pi\u00f9 di un semplice filtro. 450 filtri a carbone attivo in barre di ottima qualit\u00e0 sono contenuti in [&#8230;]\n","protected":false},"featured_media":25487,"comment_status":"closed","ping_status":"closed","template":"","meta":{"wds_primary_product_brand":0,"wds_primary_product_cat":0},"product_brand":[],"product_cat":[483,485],"product_tag":[],"class_list":{"0":"post-31843","1":"product","2":"type-product","3":"status-publish","4":"has-post-thumbnail","6":"product_cat-filtri","7":"product_cat-filtri-filtraki","8":"product_shipping_class-buste","10":"first","11":"outofstock","12":"sale","13":"shipping-taxable","14":"purchasable","15":"product-type-simple"},"_links":{"self":[{"href":"https:\/\/www.asimis-market.com\/it\/wp-json\/wp\/v2\/product\/31843","targetHints":{"allow":["GET"]}}],"collection":[{"href":"https:\/\/www.asimis-market.com\/it\/wp-json\/wp\/v2\/product"}],"about":[{"href":"https:\/\/www.asimis-market.com\/it\/wp-json\/wp\/v2\/types\/product"}],"replies":[{"embeddable":true,"href":"https:\/\/www.asimis-market.com\/it\/wp-json\/wp\/v2\/comments?post=31843"}],"wp:featuredmedia":[{"embeddable":true,"href":"https:\/\/www.asimis-market.com\/it\/wp-json\/wp\/v2\/media\/25487"}],"wp:attachment":[{"href":"https:\/\/www.asimis-market.com\/it\/wp-json\/wp\/v2\/media?parent=31843"}],"wp:term":[{"taxonomy":"product_brand","embeddable":true,"href":"https:\/\/www.asimis-market.com\/it\/wp-json\/wp\/v2\/product_brand?post=31843"},{"taxonomy":"product_cat","embeddable":true,"href":"https:\/\/www.asimis-market.com\/it\/wp-json\/wp\/v2\/product_cat?post=31843"},{"taxonomy":"product_tag","embeddable":true,"href":"https:\/\/www.asimis-market.com\/it\/wp-json\/wp\/v2\/product_tag?post=31843"}],"curies":[{"name":"wp","href":"https:\/\/api.w.org\/{rel}","templated":true}]}}