{"id":31855,"date":"2023-10-12T17:30:51","date_gmt":"2023-10-12T14:30:51","guid":{"rendered":"https:\/\/www.asimis-market.com\/product\/colonia-donna-camil-tesoro-tipo-tesoro-junaid-jashed\/"},"modified":"2023-10-12T17:30:51","modified_gmt":"2023-10-12T14:30:51","slug":"colonia-donna-camil-tesoro-tipo-tesoro-junaid-jashed","status":"publish","type":"product","link":"https:\/\/www.asimis-market.com\/it\/prodotto\/colonia-donna-camil-tesoro-tipo-tesoro-junaid-jashed\/","title":{"rendered":"COLONIA DONNA CAMIL TESORO TIPO TESORO JUNAID JASHED"},"content":{"rendered":"<p><strong>COLONIA DONNA CAMIL TESORO TIPO TESORO JUNAID JASHED<\/strong><\/p>\n<p>TREASURE \u00e8 una fragranza floreale da donna lanciata nel 2015. Le note di testa sono rosa e mughetto, la nota centrale \u00e8 petali di rosa, la nota di fondo \u00e8 muschio bianco.<\/p>\n","protected":false},"excerpt":{"rendered":"<p>COLONIA DONNA CAMIL TESORO TIPO TESORO JUNAID JASHED TREASURE \u00e8 una fragranza floreale da donna lanciata nel 2015. Le note di testa sono rosa e mughetto, la nota centrale \u00e8 petali di rosa, la nota di fondo \u00e8 muschio bianco.<\/p>\n","protected":false},"featured_media":25461,"comment_status":"closed","ping_status":"closed","template":"","meta":{"wds_primary_product_brand":0,"wds_primary_product_cat":0},"product_brand":[],"product_cat":[461,480,460],"product_tag":[],"class_list":{"0":"post-31855","1":"product","2":"type-product","3":"status-publish","4":"has-post-thumbnail","6":"product_cat-cura-personale","7":"product_cat-prodotti-intelligenti-e-diversita","8":"product_cat-profumi","10":"first","11":"instock","12":"sale","13":"shipping-taxable","14":"purchasable","15":"product-type-simple"},"_links":{"self":[{"href":"https:\/\/www.asimis-market.com\/it\/wp-json\/wp\/v2\/product\/31855","targetHints":{"allow":["GET"]}}],"collection":[{"href":"https:\/\/www.asimis-market.com\/it\/wp-json\/wp\/v2\/product"}],"about":[{"href":"https:\/\/www.asimis-market.com\/it\/wp-json\/wp\/v2\/types\/product"}],"replies":[{"embeddable":true,"href":"https:\/\/www.asimis-market.com\/it\/wp-json\/wp\/v2\/comments?post=31855"}],"wp:featuredmedia":[{"embeddable":true,"href":"https:\/\/www.asimis-market.com\/it\/wp-json\/wp\/v2\/media\/25461"}],"wp:attachment":[{"href":"https:\/\/www.asimis-market.com\/it\/wp-json\/wp\/v2\/media?parent=31855"}],"wp:term":[{"taxonomy":"product_brand","embeddable":true,"href":"https:\/\/www.asimis-market.com\/it\/wp-json\/wp\/v2\/product_brand?post=31855"},{"taxonomy":"product_cat","embeddable":true,"href":"https:\/\/www.asimis-market.com\/it\/wp-json\/wp\/v2\/product_cat?post=31855"},{"taxonomy":"product_tag","embeddable":true,"href":"https:\/\/www.asimis-market.com\/it\/wp-json\/wp\/v2\/product_tag?post=31855"}],"curies":[{"name":"wp","href":"https:\/\/api.w.org\/{rel}","templated":true}]}}