{"id":31884,"date":"2023-10-12T17:30:06","date_gmt":"2023-10-12T14:30:06","guid":{"rendered":"https:\/\/www.asimis-market.com\/product\/accendino-a-olio-marca-atomic-tipo-zippo-antivento-metallo-accendino-athens-greece\/"},"modified":"2023-10-12T17:30:06","modified_gmt":"2023-10-12T14:30:06","slug":"accendino-a-olio-marca-atomic-tipo-zippo-antivento-metallo-accendino-athens-greece","status":"publish","type":"product","link":"https:\/\/www.asimis-market.com\/it\/prodotto\/accendino-a-olio-marca-atomic-tipo-zippo-antivento-metallo-accendino-athens-greece\/","title":{"rendered":"ACCENDINO A OLIO MARCA ATOMIC TIPO ZIPPO ANTIVENTO METALLO ACCENDINO ATHENS GREECE"},"content":{"rendered":"<p align=\"CENTER\"><b><span style=\"color: #002cfd;\">Accendino ad olio tipo atomic Zippo antivento in metallo<\/span><\/b><\/p>\n<p align=\"CENTER\"><b><span style=\"color: #002cfd;\">22 DISEGNI DIVERSI<\/span><\/b><\/p>\n<p align=\"CENTER\"><span style=\"color: #fb0034;\"><b>l&#8217;accendino atomico non \u00e8 originale zippo ed \u00e8 tipo zippo ma \u00e8 lo stesso con zippo ed \u00e8 la stessa eccellente qualit\u00e0, <\/b><b>e il nome del marchio \u00e8 atomic<\/b><\/span><\/p>\n<p align=\"CENTER\"><span style=\"font-size: large;\"><b><span style=\"color: #002cfd;\">Tutti gli accendini sono nuovi, non utilizzati e senza olio e pietra focaia. si prega di notare che tutti gli accendini vengono forniti senza liquido per accendini e pietra focaia per motivi di sicurezza e per le norme di spedizione. Assicurarsi di riempire l&#8217;accendino e aggiungere la pietra focaia prima di usarlo.<\/span><\/b><\/span><\/p>\n<div>\n<div id=\"ds_div\">\n<p><b>Descrizione:<\/b><b>Accendino ad olio tipo atomic zippo metallo antivento<\/b><\/p>\n<p>&nbsp;<\/p>\n<p>&nbsp;<\/p>\n<p>&nbsp;<\/p>\n<p><span style=\"font-family: Georgia, serif;\"><b>-Nome del marchio atomic <\/b><\/span><\/p>\n<p><span style=\"font-family: Georgia, serif;\"><b>-22 diversi design<\/b><\/span><\/p>\n<p><span style=\"font-family: Georgia, serif;\"><b>-Nuovo di zecca<\/b><\/span><\/p>\n<p><span style=\"font-family: Georgia, serif;\"><b>-A prova di vento<\/b><\/span><\/p>\n<p><b>-Alta qualit\u00e0 della luce<\/b><\/p>\n<p><b>-Dimensioni &#8211; 55 mm x 35 mm x 12 mm<\/b><\/p>\n<p><b>&#8211;<\/b><span style=\"font-family: Georgia, serif;\"><b>materiale <\/b><\/span><b>Metallo<\/b><\/p>\n<p><b>-Tipo di accendino Olio Con stoppino e pietra focaia<\/b><\/p>\n<p><b>&#8211;<\/b><span style=\"font-family: Georgia, serif;\"><b>Gli accendini hanno il loro stoppino (pietra focaia e olio non inclusi). <\/b><\/span><b><span style=\"font-family: Georgia, serif;\">Olio non incluso)<\/span><\/b><\/p>\n<p><b>-L&#8217;immagine<span style=\"font-family: Georgia, serif;\">\u00e8 stampata su un supporto di alta qualit\u00e0 per una protezione dur<\/span>atura.<\/b><\/p>\n<p>&nbsp;<\/p>\n<p><b>-Liquido per <span style=\"font-family: Georgia, serif;\"> accendini<\/span>e pietra focaia non inclusi<\/b><\/p>\n<p>&nbsp;<\/p>\n<p><b>Offerta con accendino a olio Con 1x quantit\u00e0 si riceve<span style=\"font-family: Georgia, serif;\"> 1 x accendino a olio (olio e pietra focaia non inclusi)<\/span><\/b><\/p>\n<\/div>\n<\/div>\n<div>\n<div>\n<div>\n<p><img loading=\"lazy\" decoding=\"async\" class=\"alignnone size-medium wp-image-20674\" src=\"https:\/\/www.asimis-market.com\/wp-content\/uploads\/2022\/01\/300-95c-300x300.jpg\" alt=\"\" width=\"300\" height=\"300\"><\/p>\n<\/div>\n<\/div>\n<\/div>\n","protected":false},"excerpt":{"rendered":"<p>Accendino ad olio tipo atomic Zippo antivento in metallo 22 DISEGNI DIVERSI l&#8217;accendino atomico non \u00e8 originale zippo ed \u00e8 tipo zippo ma \u00e8 lo stesso con zippo ed \u00e8 la stessa eccellente qualit\u00e0, e il nome del marchio \u00e8 atomic Tutti gli accendini sono nuovi, non utilizzati e senza olio e pietra focaia. si [&#8230;]\n","protected":false},"featured_media":25365,"comment_status":"closed","ping_status":"closed","template":"","meta":{"wds_primary_product_brand":0,"wds_primary_product_cat":0},"product_brand":[],"product_cat":[434,436,435,432],"product_tag":[],"class_list":{"0":"post-31884","1":"product","2":"type-product","3":"status-publish","4":"has-post-thumbnail","6":"product_cat-accendini","7":"product_cat-accendini-tipo-zippo","8":"product_cat-accendini-turistici","9":"product_cat-accessori-per-fumatori","10":"product_shipping_class-buste","12":"first","13":"instock","14":"sale","15":"shipping-taxable","16":"purchasable","17":"product-type-simple"},"_links":{"self":[{"href":"https:\/\/www.asimis-market.com\/it\/wp-json\/wp\/v2\/product\/31884","targetHints":{"allow":["GET"]}}],"collection":[{"href":"https:\/\/www.asimis-market.com\/it\/wp-json\/wp\/v2\/product"}],"about":[{"href":"https:\/\/www.asimis-market.com\/it\/wp-json\/wp\/v2\/types\/product"}],"replies":[{"embeddable":true,"href":"https:\/\/www.asimis-market.com\/it\/wp-json\/wp\/v2\/comments?post=31884"}],"wp:featuredmedia":[{"embeddable":true,"href":"https:\/\/www.asimis-market.com\/it\/wp-json\/wp\/v2\/media\/25365"}],"wp:attachment":[{"href":"https:\/\/www.asimis-market.com\/it\/wp-json\/wp\/v2\/media?parent=31884"}],"wp:term":[{"taxonomy":"product_brand","embeddable":true,"href":"https:\/\/www.asimis-market.com\/it\/wp-json\/wp\/v2\/product_brand?post=31884"},{"taxonomy":"product_cat","embeddable":true,"href":"https:\/\/www.asimis-market.com\/it\/wp-json\/wp\/v2\/product_cat?post=31884"},{"taxonomy":"product_tag","embeddable":true,"href":"https:\/\/www.asimis-market.com\/it\/wp-json\/wp\/v2\/product_tag?post=31884"}],"curies":[{"name":"wp","href":"https:\/\/api.w.org\/{rel}","templated":true}]}}