{"id":31890,"date":"2023-10-12T17:29:43","date_gmt":"2023-10-12T14:29:43","guid":{"rendered":"https:\/\/www.asimis-market.com\/product\/accendino-a-olio-marca-atomic-tipo-zippo-antivento-metallo-accendino-athens-parthenon\/"},"modified":"2023-10-12T17:29:43","modified_gmt":"2023-10-12T14:29:43","slug":"accendino-a-olio-marca-atomic-tipo-zippo-antivento-metallo-accendino-athens-parthenon","status":"publish","type":"product","link":"https:\/\/www.asimis-market.com\/it\/prodotto\/accendino-a-olio-marca-atomic-tipo-zippo-antivento-metallo-accendino-athens-parthenon\/","title":{"rendered":"ACCENDINO A OLIO MARCA ATOMIC TIPO ZIPPO ANTIVENTO METALLO ACCENDINO ATHENS PARTHENON"},"content":{"rendered":"<p>&nbsp;<\/p>\n<p align=\"CENTER\"><b>Accendino ad olio tipo atomic Zippo antivento in metallo<\/b><\/p>\n<p align=\"CENTER\"><b>22 DISEGNI DIVERSI<\/b><\/p>\n<p align=\"CENTER\"><b>l&#8217;accendino atomico non \u00e8 originale zippo ed \u00e8 tipo zippo ma \u00e8 lo stesso con zippo ed \u00e8 la stessa eccellente qualit\u00e0, <\/b><b>e il nome del marchio \u00e8 atomic<\/b><\/p>\n<p align=\"CENTER\"><b>Tutti gli accendini sono nuovi, non utilizzati e senza olio e pietra focaia. si prega di notare che tutti gli accendini vengono forniti senza liquido per accendini e pietra focaia per motivi di sicurezza e per le norme di spedizione. Assicurarsi di riempire l&#8217;accendino e aggiungere la pietra focaia prima di usarlo.<\/b><\/p>\n<div>\n<div id=\"ds_div\">\n<p><b>Descrizione:<\/b><b>Accendino ad olio tipo atomic zippo metallo antivento<\/b><\/p>\n<p><b>-Nome del marchio atomic <\/b><\/p>\n<p><b>-22 diversi design<\/b><\/p>\n<p><b>-Nuovo di zecca<\/b><\/p>\n<p><b>-A prova di vento<\/b><\/p>\n<p><b>-Alta qualit\u00e0 della luce<\/b><\/p>\n<p><b>-Dimensioni &#8211; 55 mm x 35 mm x 12 mm<\/b><\/p>\n<p><b>&#8211;<\/b><b>materiale <\/b><b>Metallo<\/b><\/p>\n<p><b>-Tipo di accendino Olio Con stoppino e pietra focaia<\/b><\/p>\n<p><b>&#8211;<\/b><b>Gli accendini hanno il loro stoppino (pietra focaia e olio non inclusi). <\/b><b>Olio non incluso)<\/b><\/p>\n<p><b>-L&#8217;immagine \u00e8 stampata su un supporto di alta qualit\u00e0 per una protezione duratura.<\/b><\/p>\n<p>&nbsp;<\/p>\n<p><b>-Liquido per accendini e pietra focaia non inclusi<\/b><\/p>\n<p>&nbsp;<\/p>\n<p><b>Offerta con accendino a olio Con 1x quantit\u00e0 si riceve 1 x accendino a olio (olio e pietra focaia non inclusi)<\/b><\/p>\n<\/div>\n<\/div>\n<p><img loading=\"lazy\" decoding=\"async\" class=\"alignnone size-medium wp-image-20651\" style=\"font-size: 14.4px;\" src=\"https:\/\/www.asimis-market.com\/wp-content\/uploads\/2022\/01\/300-76c-300x300.jpg\" alt=\"\" width=\"300\" height=\"300\"><\/p>\n<div>\n<p>&nbsp;<\/p>\n<\/div>\n","protected":false},"excerpt":{"rendered":"<p>&nbsp; Accendino ad olio tipo atomic Zippo antivento in metallo 22 DISEGNI DIVERSI l&#8217;accendino atomico non \u00e8 originale zippo ed \u00e8 tipo zippo ma \u00e8 lo stesso con zippo ed \u00e8 la stessa eccellente qualit\u00e0, e il nome del marchio \u00e8 atomic Tutti gli accendini sono nuovi, non utilizzati e senza olio e pietra focaia. [&#8230;]\n","protected":false},"featured_media":25341,"comment_status":"closed","ping_status":"closed","template":"","meta":{"wds_primary_product_brand":0,"wds_primary_product_cat":0},"product_brand":[],"product_cat":[434,436,435,432],"product_tag":[],"class_list":{"0":"post-31890","1":"product","2":"type-product","3":"status-publish","4":"has-post-thumbnail","6":"product_cat-accendini","7":"product_cat-accendini-tipo-zippo","8":"product_cat-accendini-turistici","9":"product_cat-accessori-per-fumatori","10":"product_shipping_class-buste","12":"first","13":"instock","14":"sale","15":"shipping-taxable","16":"purchasable","17":"product-type-simple"},"_links":{"self":[{"href":"https:\/\/www.asimis-market.com\/it\/wp-json\/wp\/v2\/product\/31890","targetHints":{"allow":["GET"]}}],"collection":[{"href":"https:\/\/www.asimis-market.com\/it\/wp-json\/wp\/v2\/product"}],"about":[{"href":"https:\/\/www.asimis-market.com\/it\/wp-json\/wp\/v2\/types\/product"}],"replies":[{"embeddable":true,"href":"https:\/\/www.asimis-market.com\/it\/wp-json\/wp\/v2\/comments?post=31890"}],"wp:featuredmedia":[{"embeddable":true,"href":"https:\/\/www.asimis-market.com\/it\/wp-json\/wp\/v2\/media\/25341"}],"wp:attachment":[{"href":"https:\/\/www.asimis-market.com\/it\/wp-json\/wp\/v2\/media?parent=31890"}],"wp:term":[{"taxonomy":"product_brand","embeddable":true,"href":"https:\/\/www.asimis-market.com\/it\/wp-json\/wp\/v2\/product_brand?post=31890"},{"taxonomy":"product_cat","embeddable":true,"href":"https:\/\/www.asimis-market.com\/it\/wp-json\/wp\/v2\/product_cat?post=31890"},{"taxonomy":"product_tag","embeddable":true,"href":"https:\/\/www.asimis-market.com\/it\/wp-json\/wp\/v2\/product_tag?post=31890"}],"curies":[{"name":"wp","href":"https:\/\/api.w.org\/{rel}","templated":true}]}}