{"id":31954,"date":"2023-10-12T17:28:13","date_gmt":"2023-10-12T14:28:13","guid":{"rendered":"https:\/\/www.asimis-market.com\/product\/spazzola-per-capelli-tpster-ovale\/"},"modified":"2023-10-12T17:28:13","modified_gmt":"2023-10-12T14:28:13","slug":"spazzola-per-capelli-tpster-ovale","status":"publish","type":"product","link":"https:\/\/www.asimis-market.com\/it\/prodotto\/spazzola-per-capelli-tpster-ovale\/","title":{"rendered":"SPAZZOLA PER CAPELLI TPSTER OVALE"},"content":{"rendered":"<p><strong>SPAZZOLA PER CAPELLI TPSTER OVALE<\/strong><\/p>\n<p>\u00c8 ideale per i capelli lunghi e spessi. Districa rapidamente i capelli grazie all&#8217;ampia superficie. Ha pi\u00f9 denti e un manico pi\u00f9 grande per facilitare e controllare meglio la pettinatura.<\/p>\n","protected":false},"excerpt":{"rendered":"<p>SPAZZOLA PER CAPELLI TPSTER OVALE \u00c8 ideale per i capelli lunghi e spessi. Districa rapidamente i capelli grazie all&#8217;ampia superficie. Ha pi\u00f9 denti e un manico pi\u00f9 grande per facilitare e controllare meglio la pettinatura.<\/p>\n","protected":false},"featured_media":25033,"comment_status":"closed","ping_status":"closed","template":"","meta":{"wds_primary_product_brand":0,"wds_primary_product_cat":0},"product_brand":[],"product_cat":[424,480],"product_tag":[],"class_list":{"0":"post-31954","1":"product","2":"type-product","3":"status-publish","4":"has-post-thumbnail","6":"product_cat-cura-dei-capelli","7":"product_cat-prodotti-intelligenti-e-diversita","9":"first","10":"instock","11":"sale","12":"shipping-taxable","13":"purchasable","14":"product-type-simple"},"_links":{"self":[{"href":"https:\/\/www.asimis-market.com\/it\/wp-json\/wp\/v2\/product\/31954","targetHints":{"allow":["GET"]}}],"collection":[{"href":"https:\/\/www.asimis-market.com\/it\/wp-json\/wp\/v2\/product"}],"about":[{"href":"https:\/\/www.asimis-market.com\/it\/wp-json\/wp\/v2\/types\/product"}],"replies":[{"embeddable":true,"href":"https:\/\/www.asimis-market.com\/it\/wp-json\/wp\/v2\/comments?post=31954"}],"wp:featuredmedia":[{"embeddable":true,"href":"https:\/\/www.asimis-market.com\/it\/wp-json\/wp\/v2\/media\/25033"}],"wp:attachment":[{"href":"https:\/\/www.asimis-market.com\/it\/wp-json\/wp\/v2\/media?parent=31954"}],"wp:term":[{"taxonomy":"product_brand","embeddable":true,"href":"https:\/\/www.asimis-market.com\/it\/wp-json\/wp\/v2\/product_brand?post=31954"},{"taxonomy":"product_cat","embeddable":true,"href":"https:\/\/www.asimis-market.com\/it\/wp-json\/wp\/v2\/product_cat?post=31954"},{"taxonomy":"product_tag","embeddable":true,"href":"https:\/\/www.asimis-market.com\/it\/wp-json\/wp\/v2\/product_tag?post=31954"}],"curies":[{"name":"wp","href":"https:\/\/api.w.org\/{rel}","templated":true}]}}