{"id":31976,"date":"2023-10-12T17:27:51","date_gmt":"2023-10-12T14:27:51","guid":{"rendered":"https:\/\/www.asimis-market.com\/product\/filtri-perfect-rolling-con-carbone-attivato-slim-6-mm-125-filtri-per-confezione-da-filtraki\/"},"modified":"2026-03-01T03:02:39","modified_gmt":"2026-03-01T01:02:39","slug":"filtri-perfect-rolling-con-carbone-attivato-slim-6-mm-125-filtri-per-confezione-da-filtraki","status":"publish","type":"product","link":"https:\/\/www.asimis-market.com\/it\/prodotto\/filtri-perfect-rolling-con-carbone-attivato-slim-6-mm-125-filtri-per-confezione-da-filtraki\/","title":{"rendered":"FILTRI PERFECT ROLLING CON CARBONE ATTIVATO SLIM 6 mm 125 FILTRI PER CONFEZIONE Da Filtraki"},"content":{"rendered":"<p><span style=\"color: #0000ff; font-size: 120%;\"><strong>FILTRI PERFECT ROLLING CON CARBONE ATTIVATO SLIM 6 mm 125 FILTRI PER CONFEZIONE Da Filtraki<\/strong><\/span><\/p>\n<ul>\n<li><strong>125 filtri sottili da 6 mm in ogni confezione.<\/strong><\/li>\n<li><strong>Il carbone attivo pu\u00f2 filtrare un numero maggiore di sostanze nocive rispetto ai filtri semplici, ma la grande differenza \u00e8 che la cartuccia \u00e8 il pi\u00f9 possibile organica, con pochi grammi e una pipetta per un filtraggio supplementare.<\/strong><\/li>\n<li><strong>Il filtro al carbone attivo d\u00e0 un po&#8217; di spessore in pi\u00f9 e riesce a rendere la sigaretta rollata pi\u00f9 riempitiva e notevolmente meno dannosa grazie al carbone attivo.<\/strong><\/li>\n<li><strong>Prodotto dalla societ\u00e0 ROLL &amp; RULL 178 Marathonos Avenue, Gerakas, Attica.<\/strong><\/li>\n<\/ul>\n<p><img loading=\"lazy\" decoding=\"async\" class=\"alignnone size-medium wp-image-10862\" src=\"https:\/\/www.asimis-market.com\/wp-content\/uploads\/2019\/07\/logo-Filtraki-300x260.jpg\" alt=\"\" width=\"300\" height=\"260\"><\/p>\n","protected":false},"excerpt":{"rendered":"<p>FILTRI PERFECT ROLLING CON CARBONE ATTIVATO SLIM 6 mm 125 FILTRI PER CONFEZIONE Da Filtraki 125 filtri sottili da 6 mm in ogni confezione. Il carbone attivo pu\u00f2 filtrare un numero maggiore di sostanze nocive rispetto ai filtri semplici, ma la grande differenza \u00e8 che la cartuccia \u00e8 il pi\u00f9 possibile organica, con pochi grammi [&#8230;]\n","protected":false},"featured_media":24959,"comment_status":"closed","ping_status":"closed","template":"","meta":{"wds_primary_product_brand":0,"wds_primary_product_cat":0},"product_brand":[],"product_cat":[483,485],"product_tag":[],"class_list":{"0":"post-31976","1":"product","2":"type-product","3":"status-publish","4":"has-post-thumbnail","6":"product_cat-filtri","7":"product_cat-filtri-filtraki","8":"product_shipping_class-buste","10":"first","11":"instock","12":"sale","13":"shipping-taxable","14":"purchasable","15":"product-type-simple"},"_links":{"self":[{"href":"https:\/\/www.asimis-market.com\/it\/wp-json\/wp\/v2\/product\/31976","targetHints":{"allow":["GET"]}}],"collection":[{"href":"https:\/\/www.asimis-market.com\/it\/wp-json\/wp\/v2\/product"}],"about":[{"href":"https:\/\/www.asimis-market.com\/it\/wp-json\/wp\/v2\/types\/product"}],"replies":[{"embeddable":true,"href":"https:\/\/www.asimis-market.com\/it\/wp-json\/wp\/v2\/comments?post=31976"}],"wp:featuredmedia":[{"embeddable":true,"href":"https:\/\/www.asimis-market.com\/it\/wp-json\/wp\/v2\/media\/24959"}],"wp:attachment":[{"href":"https:\/\/www.asimis-market.com\/it\/wp-json\/wp\/v2\/media?parent=31976"}],"wp:term":[{"taxonomy":"product_brand","embeddable":true,"href":"https:\/\/www.asimis-market.com\/it\/wp-json\/wp\/v2\/product_brand?post=31976"},{"taxonomy":"product_cat","embeddable":true,"href":"https:\/\/www.asimis-market.com\/it\/wp-json\/wp\/v2\/product_cat?post=31976"},{"taxonomy":"product_tag","embeddable":true,"href":"https:\/\/www.asimis-market.com\/it\/wp-json\/wp\/v2\/product_tag?post=31976"}],"curies":[{"name":"wp","href":"https:\/\/api.w.org\/{rel}","templated":true}]}}