{"id":32174,"date":"2023-10-12T17:27:05","date_gmt":"2023-10-12T14:27:05","guid":{"rendered":"https:\/\/www.asimis-market.com\/product\/borsa-spalla-sara-moda-marrone\/"},"modified":"2023-10-12T17:27:05","modified_gmt":"2023-10-12T14:27:05","slug":"borsa-spalla-sara-moda-marrone","status":"publish","type":"product","link":"https:\/\/www.asimis-market.com\/it\/prodotto\/borsa-spalla-sara-moda-marrone\/","title":{"rendered":"BORSA SPALLA SARA MODA MARRONE"},"content":{"rendered":"<p><strong>BORSA SPALLA SARA MODA MARRONE<\/strong><\/p>\n<div id=\"tab-description\" class=\"woocommerce-Tabs-panel woocommerce-Tabs-panel--description panel entry-content active\" role=\"tabpanel\" aria-labelledby=\"tab-title-description\">\n<p>Avete bisogno di migliorare il vostro umore?<\/p>\n<p>Vi presentiamo la borsa perfetta per questo momento!<\/p>\n<p>Un prodotto che garantisce il comfort indipendentemente dal tempo di permanenza sulla spalla.<\/p>\n<p>Questa borsa \u00e8 in grado di aggiungere stile a qualsiasi abbigliamento &#8211; un must have nel vostro guardaroba!<\/p>\n<p>Potete scegliere questa borsa per ogni momento della giornata.<\/p>\n<p>Il colore potrebbe subire lievi variazioni a causa della fotografia.<\/p>\n<p><strong>Caratteristiche<\/strong><\/p>\n<p>Borsa a tracolla di grande capacit\u00e0 che si chiude con una cerniera e ha un unico spazio interno. Ha una tasca interna con cerniera e un portacellulare. \u00c8 dotato di un astuccio esterno sul davanti e sul retro. L&#8217;interno \u00e8 foderato.<\/p>\n<ul>\n<li><strong>Codice:<\/strong> 122-286<\/li>\n<li><strong>Tipo:<\/strong>Spalla-Mano-Crossbody<\/li>\n<li><strong>Colore:<\/strong> Marrone<\/li>\n<li><strong>Dimensioni:<\/strong> lunghezza 37 cm 13 larghezza cm 30 altezza cm<\/li>\n<li><strong>Materiale:<\/strong> Pelle sintetica di alta qualit\u00e0<\/li>\n<\/ul>\n<\/div>\n","protected":false},"excerpt":{"rendered":"<p>BORSA SPALLA SARA MODA MARRONE Avete bisogno di migliorare il vostro umore? Vi presentiamo la borsa perfetta per questo momento! Un prodotto che garantisce il comfort indipendentemente dal tempo di permanenza sulla spalla. Questa borsa \u00e8 in grado di aggiungere stile a qualsiasi abbigliamento &#8211; un must have nel vostro guardaroba! Potete scegliere questa borsa [&#8230;]\n","protected":false},"featured_media":24747,"comment_status":"closed","ping_status":"closed","template":"","meta":{"wds_primary_product_brand":0,"wds_primary_product_cat":0},"product_brand":[],"product_cat":[478,410,520,518],"product_tag":[],"class_list":{"0":"post-32174","1":"product","2":"type-product","3":"status-publish","4":"has-post-thumbnail","6":"product_cat-borse-a-spalla-donna-it","7":"product_cat-borse-a-tracolla","8":"product_cat-borse-da-donna","9":"product_cat-borse-donna","11":"first","12":"instock","13":"sale","14":"shipping-taxable","15":"purchasable","16":"product-type-simple"},"_links":{"self":[{"href":"https:\/\/www.asimis-market.com\/it\/wp-json\/wp\/v2\/product\/32174","targetHints":{"allow":["GET"]}}],"collection":[{"href":"https:\/\/www.asimis-market.com\/it\/wp-json\/wp\/v2\/product"}],"about":[{"href":"https:\/\/www.asimis-market.com\/it\/wp-json\/wp\/v2\/types\/product"}],"replies":[{"embeddable":true,"href":"https:\/\/www.asimis-market.com\/it\/wp-json\/wp\/v2\/comments?post=32174"}],"wp:featuredmedia":[{"embeddable":true,"href":"https:\/\/www.asimis-market.com\/it\/wp-json\/wp\/v2\/media\/24747"}],"wp:attachment":[{"href":"https:\/\/www.asimis-market.com\/it\/wp-json\/wp\/v2\/media?parent=32174"}],"wp:term":[{"taxonomy":"product_brand","embeddable":true,"href":"https:\/\/www.asimis-market.com\/it\/wp-json\/wp\/v2\/product_brand?post=32174"},{"taxonomy":"product_cat","embeddable":true,"href":"https:\/\/www.asimis-market.com\/it\/wp-json\/wp\/v2\/product_cat?post=32174"},{"taxonomy":"product_tag","embeddable":true,"href":"https:\/\/www.asimis-market.com\/it\/wp-json\/wp\/v2\/product_tag?post=32174"}],"curies":[{"name":"wp","href":"https:\/\/api.w.org\/{rel}","templated":true}]}}