{"id":32234,"date":"2023-10-12T17:26:16","date_gmt":"2023-10-12T14:26:16","guid":{"rendered":"https:\/\/www.asimis-market.com\/product\/croce-dargento-925-con-clip-magnetica-anello-psicologico-regalo-e-croce-in-acciaio-con-cambio-di-colore\/"},"modified":"2023-10-12T17:26:16","modified_gmt":"2023-10-12T14:26:16","slug":"croce-dargento-925-con-clip-magnetica-anello-psicologico-regalo-e-croce-in-acciaio-con-cambio-di-colore","status":"publish","type":"product","link":"https:\/\/www.asimis-market.com\/it\/prodotto\/croce-dargento-925-con-clip-magnetica-anello-psicologico-regalo-e-croce-in-acciaio-con-cambio-di-colore\/","title":{"rendered":"CROCE D&#8217;ARGENTO 925 CON CLIP MAGNETICA + ANELLO PSICOLOGICO REGALO E CROCE IN ACCIAIO CON CAMBIO DI COLORE"},"content":{"rendered":"<p><strong>CROCE D&#8217;ARGENTO 925 CON CLIP MAGNETICA + ANELLO PSICOLOGICO REGALO E CROCE IN ACCIAIO CON CAMBIO DI COLORE<\/strong><\/p>\n<p>Croce da donna moderna in argento 925. Una croce di grande effetto che si staglia magnificamente sul collo di una donna e che attira tutti gli sguardi. Gioielli ideali per ogni uscita.<\/p>\n<p><strong>Caratteristiche croce<br \/>\n<\/strong><\/p>\n<p>Codice: 524-300-200<\/p>\n<p>Marchio: Asimis<\/p>\n<p>Tipo: Collana<\/p>\n<p>Metallo: argento 925<\/p>\n<p>Lunghezza della catena: 45 cm<\/p>\n<p>Catena a serpente in argento 925<\/p>\n<p>Dimensioni del design: 15 mm<\/p>\n<p>Femmina<\/p>\n<p><strong>PSICOLOGIA E COLORE CHE CAMBIA ANELLO IN ACCIAIO CROCE<br \/>\n<\/strong><\/p>\n<p><strong>Un anello che capisce come vi sentite! Questo \u00e8 esattamente l&#8217;anello delle emozioni. Non c&#8217;\u00e8 bisogno di fare nulla. Basta indossarlo e riconoscer\u00e0 la vostra temperatura corporea, il vostro stato emotivo e&#8230; Cambier\u00e0 colore! Tutto quello che dovete fare \u00e8 decodificare il colore in emozioni&#8230;<\/strong><\/p>\n<ul>\n<li><strong>BLU=RILASCIATO<\/strong><\/li>\n<li><strong>BLU=CANCRO<\/strong><\/li>\n<li><strong>VIOLA=ROMANTICO<\/strong><\/li>\n<li><strong>ROSA-FELICE<\/strong><\/li>\n<li><strong>VERDE=IN INTENSIT\u00c0<\/strong><\/li>\n<li><strong>ROSSO=NERVOSO O INSTABILE<\/strong><\/li>\n<li><strong>NERO=STRESS<\/strong><\/li>\n<\/ul>\n<p>ogni anello ha un design diverso, con ogni acquisto riceverete la forma che avete scelto e un design diverso. Una fantastica opzione per esplorare le proprie emozioni con il cambio di colore dell&#8217;anello. Un regalo fantastico che non troverete da nessun&#8217;altra parte, ma solo nell&#8217;eshop di asimis-market.gr. che ha creato un nuovo marchio <em><br \/>\n  <strong>asimis per voi<\/strong><br \/>\n<\/em> con i nostri gioielli importati venduti solo nei nostri negozi e sul negozio asimis-market.gr. in nessun altro luogo della Grecia. Un gioiello \u00e8 il miglior regalo per stupire i vostri amici e scaldare i cuori di chi amate, sempre al prezzo pi\u00f9 basso del mercato perch\u00e9 importiamo tutti i nostri gioielli.<\/p>\n<p>Un gioiello in ARGENTO 925 \u00e8 il regalo migliore per stupire i vostri amici e scaldare i cuori di chi amate, sempre al prezzo pi\u00f9 basso del mercato perch\u00e9 importiamo tutti i nostri gioielli.<\/p>\n<p>Tutti i gioielli sono dotati di confezione<\/p>\n<p>Potete scegliere il pacchetto che preferite<\/p>\n<p>E quando si completa l&#8217;ordine<\/p>\n<p>lo scrivete nella nota del cliente<\/p>\n<p>nel caso in cui non ci dica l&#8217;imballaggio<\/p>\n<p>l&#8217;eshop accompagna i gioielli<\/p>\n<p>con confezione in regalo.<\/p>\n<p>potete anche chiederci un sacchetto<\/p>\n<p>regalo se si desidera regalarlo.<\/p>\n<p><strong>Colori Borsa In Tessuto Per Regalo Con Cordino<\/strong><\/p>\n<p>-Arancione<\/p>\n<p>-Turchese<\/p>\n<p>-Rosso<\/p>\n<p>-Rosa<\/p>\n<p>-Blu<\/p>\n<p>-Blu chiaro<\/p>\n<p>-Verde<\/p>\n<p>&#8211; Nero<\/p>\n<p><strong>SCATOLE COLORI<\/strong><\/p>\n<p>-Bianco<\/p>\n<p>-Rosso<\/p>\n<p>&#8211; Nero<\/p>\n<p>-Rosa<\/p>\n<p>Dalle foto si possono vedere anche tutti i design delle confezioni.<\/p>\n<p><img loading=\"lazy\" decoding=\"async\" class=\"alignnone size-medium wp-image-17681\" src=\"https:\/\/www.asimis-market.com\/wp-content\/uploads\/2021\/04\/%CE%A3%CE%A5%CE%A3%CE%9A%CE%95%CE%A5%CE%91%CE%A3%CE%99%CE%91-%CE%A0%CE%9F%CE%A5%CE%93%CE%9A%CE%99-_%CE%92%CE%95%CE%9B%CE%9F%CE%A5%CE%94%CE%99%CE%9D%CE%9F-300x300.jpg\" alt=\"\" width=\"300\" height=\"300\"><img loading=\"lazy\" decoding=\"async\" class=\"alignnone size-medium wp-image-17680\" src=\"https:\/\/www.asimis-market.com\/wp-content\/uploads\/2021\/04\/%CE%A3%CE%A5%CE%A3%CE%9A%CE%95%CE%A5%CE%91%CE%A3%CE%99%CE%91-%CE%A0%CE%9F%CE%A5%CE%93%CE%9A%CE%99-_ORGANZA-300x300.jpg\" alt=\"\" width=\"300\" height=\"300\"><img loading=\"lazy\" decoding=\"async\" class=\"alignnone size-medium wp-image-17678\" src=\"https:\/\/www.asimis-market.com\/wp-content\/uploads\/2021\/04\/%CE%A3%CE%A5%CE%A3%CE%9A%CE%95%CE%A5%CE%91%CE%A3%CE%99%CE%91-%CE%9A%CE%9F%CE%A5%CE%A4%CE%91%CE%9A%CE%99_%CE%A1%CE%9F%CE%96-300x300.jpg\" alt=\"\" width=\"300\" height=\"300\"><img loading=\"lazy\" decoding=\"async\" class=\"alignnone size-medium wp-image-17679\" src=\"https:\/\/www.asimis-market.com\/wp-content\/uploads\/2021\/04\/%CE%A3%CE%A5%CE%A3%CE%9A%CE%95%CE%A5%CE%91%CE%A3%CE%99%CE%91-%CE%9A%CE%9F%CE%A5%CE%A4%CE%91%CE%9A%CE%99%CE%91_-%CE%94%CE%99%CE%91%CE%A6%CE%91%CE%9D%CE%91-300x300.jpg\" alt=\"\" width=\"300\" height=\"300\"><img loading=\"lazy\" decoding=\"async\" class=\"alignnone size-medium wp-image-17840\" src=\"https:\/\/www.asimis-market.com\/wp-content\/uploads\/2021\/04\/%CE%A3%CE%91%CE%9A%CE%9F%CE%A5%CE%9B%CE%99%CE%A4%CE%A3%CE%91-%CE%94%CE%A9%CE%A1%CE%9F%CE%A5-300x300.jpg\" alt=\"\" width=\"300\" height=\"300\"><\/p>\n<p>&nbsp;<\/p>\n","protected":false},"excerpt":{"rendered":"<p><span id=\"[0,3]\" class=\"word\">LA<\/span> <span id=\"[4,14]\" class=\"word\">PSICOLOGIA<\/span> <span id=\"[15,19]\" class=\"word\">REGALO<\/span> <span id=\"[20,24]\" class=\"word\">ANELLO<\/span> <span id=\"[25,27]\" class=\"word\">\u00c8<\/span> <span id=\"[28,36]\" class=\"word\">APERTO<\/span> <span id=\"[37,39]\" class=\"word\">COS\u00cc<\/span> <span id=\"[40,44]\" class=\"word\">CHE<\/span> <span id=\"[45,47]\" class=\"word\">ESSO<\/span> <span id=\"[48,52]\" class=\"word\">SI ADATTA A<\/span> <span id=\"[53,56]\" class=\"word\">TUTTI<\/span> <span id=\"[57,64]\" class=\"word\">DITA<\/span><\/p>\n","protected":false},"featured_media":24579,"comment_status":"closed","ping_status":"closed","template":"","meta":{"wds_primary_product_brand":0,"wds_primary_product_cat":0},"product_brand":[],"product_cat":[469,428],"product_tag":[],"class_list":{"0":"post-32234","1":"product","2":"type-product","3":"status-publish","4":"has-post-thumbnail","6":"product_cat-croci","7":"product_cat-gioielleria","9":"first","10":"instock","11":"sale","12":"shipping-taxable","13":"purchasable","14":"product-type-simple"},"_links":{"self":[{"href":"https:\/\/www.asimis-market.com\/it\/wp-json\/wp\/v2\/product\/32234","targetHints":{"allow":["GET"]}}],"collection":[{"href":"https:\/\/www.asimis-market.com\/it\/wp-json\/wp\/v2\/product"}],"about":[{"href":"https:\/\/www.asimis-market.com\/it\/wp-json\/wp\/v2\/types\/product"}],"replies":[{"embeddable":true,"href":"https:\/\/www.asimis-market.com\/it\/wp-json\/wp\/v2\/comments?post=32234"}],"wp:featuredmedia":[{"embeddable":true,"href":"https:\/\/www.asimis-market.com\/it\/wp-json\/wp\/v2\/media\/24579"}],"wp:attachment":[{"href":"https:\/\/www.asimis-market.com\/it\/wp-json\/wp\/v2\/media?parent=32234"}],"wp:term":[{"taxonomy":"product_brand","embeddable":true,"href":"https:\/\/www.asimis-market.com\/it\/wp-json\/wp\/v2\/product_brand?post=32234"},{"taxonomy":"product_cat","embeddable":true,"href":"https:\/\/www.asimis-market.com\/it\/wp-json\/wp\/v2\/product_cat?post=32234"},{"taxonomy":"product_tag","embeddable":true,"href":"https:\/\/www.asimis-market.com\/it\/wp-json\/wp\/v2\/product_tag?post=32234"}],"curies":[{"name":"wp","href":"https:\/\/api.w.org\/{rel}","templated":true}]}}