{"id":32252,"date":"2023-10-12T17:25:52","date_gmt":"2023-10-12T14:25:52","guid":{"rendered":"https:\/\/www.asimis-market.com\/product\/anello-psicologia-e-cambiamento-di-colore-10mm-largo-in-ottone-11-regalo\/"},"modified":"2024-01-25T01:33:39","modified_gmt":"2024-01-24T22:33:39","slug":"anello-psicologia-e-cambiamento-di-colore-10mm-largo-in-ottone-11-regalo","status":"publish","type":"product","link":"https:\/\/www.asimis-market.com\/it\/prodotto\/anello-psicologia-e-cambiamento-di-colore-10mm-largo-in-ottone-11-regalo\/","title":{"rendered":"ANELLO PSICOLOGIA E CAMBIAMENTO DI COLORE 10mm LARGO IN OTTONE 1+1 REGALO"},"content":{"rendered":"<p><strong>ANELLO PSICOLOGIA E CAMBIAMENTO DI COLORE 10mm LARGO IN OTTONE 1+1 REGALO<br \/>\n<\/strong><\/p>\n<p><strong>Un anello che capisce come vi sentite! Questo \u00e8 esattamente l&#8217;anello delle emozioni. Non c&#8217;\u00e8 bisogno di fare nulla. Basta indossarlo e riconoscer\u00e0 la vostra temperatura corporea, il vostro stato emotivo e&#8230; Cambier\u00e0 colore! Tutto quello che dovete fare \u00e8 decodificare il colore in emozioni&#8230;<\/strong><\/p>\n<ul>\n<li><strong>BLU=RILASCIATO<\/strong><\/li>\n<li><strong>BLU=AMORE<\/strong><\/li>\n<li><strong>VIOLA=ROMANTICO<\/strong><\/li>\n<li><strong>ROSA-FELICE<\/strong><\/li>\n<li><strong>VERDE=IN INTENSIT\u00c0<\/strong><\/li>\n<li><strong>ROSSO=NERVOSO O INSTABILE<\/strong><\/li>\n<li><strong>NERO=STRESS<\/strong><\/li>\n<\/ul>\n<p>Una fantastica opzione per esplorare le proprie emozioni con il cambio di colore dell&#8217;anello. Un regalo fantastico che non troverete da nessun&#8217;altra parte, ma solo nell&#8217;eshop di asimis-market.gr. che ha creato un nuovo marchio <em><br \/>\n  <strong>asimis per voi<\/strong><br \/>\n<\/em> con i nostri gioielli importati venduti solo nei nostri negozi e sul negozio asimis-market.gr. in nessun altro luogo della Grecia. Un gioiello \u00e8 il miglior regalo per stupire i vostri amici e scaldare i cuori di chi amate, sempre al prezzo pi\u00f9 basso del mercato perch\u00e9 importiamo tutti i nostri gioielli.<\/p>\n<p>Tutti i gioielli sono dotati di confezione<\/p>\n<p>Potete scegliere il pacchetto che preferite<\/p>\n<p>E quando si completa l&#8217;ordine<\/p>\n<p>lo scrivete nella nota del cliente<\/p>\n<p>nel caso in cui non ci dica l&#8217;imballaggio<\/p>\n<p>l&#8217;eshop accompagna i gioielli<\/p>\n<p>con confezione in regalo.<\/p>\n<p>potete anche chiederci un sacchetto<\/p>\n<p>regalo se si desidera regalarlo.<\/p>\n<p><strong>Colori Borsa In Tessuto Per Regalo Con Cordino<\/strong><\/p>\n<p>-Arancione<\/p>\n<p>-Turchese<\/p>\n<p>-Rosso<\/p>\n<p>-Rosa<\/p>\n<p>-Blu<\/p>\n<p>-Blu chiaro<\/p>\n<p>-Verde<\/p>\n<p>&#8211; Nero<\/p>\n<p><strong>SCATOLE COLORI<\/strong><\/p>\n<p>-Bianco<\/p>\n<p>-Rosso<\/p>\n<p>&#8211; Nero<\/p>\n<p>-Rosa<\/p>\n<p>Dalle foto si possono vedere anche tutti i design delle confezioni.<\/p>\n<p><img loading=\"lazy\" decoding=\"async\" class=\"alignnone size-medium wp-image-17681\" src=\"https:\/\/www.asimis-market.com\/wp-content\/uploads\/2021\/04\/%CE%A3%CE%A5%CE%A3%CE%9A%CE%95%CE%A5%CE%91%CE%A3%CE%99%CE%91-%CE%A0%CE%9F%CE%A5%CE%93%CE%9A%CE%99-_%CE%92%CE%95%CE%9B%CE%9F%CE%A5%CE%94%CE%99%CE%9D%CE%9F-300x300.jpg\" alt=\"\" width=\"300\" height=\"300\"><img loading=\"lazy\" decoding=\"async\" class=\"alignnone size-medium wp-image-17680\" src=\"https:\/\/www.asimis-market.com\/wp-content\/uploads\/2021\/04\/%CE%A3%CE%A5%CE%A3%CE%9A%CE%95%CE%A5%CE%91%CE%A3%CE%99%CE%91-%CE%A0%CE%9F%CE%A5%CE%93%CE%9A%CE%99-_ORGANZA-300x300.jpg\" alt=\"\" width=\"300\" height=\"300\"><img loading=\"lazy\" decoding=\"async\" class=\"alignnone size-medium wp-image-17678\" src=\"https:\/\/www.asimis-market.com\/wp-content\/uploads\/2021\/04\/%CE%A3%CE%A5%CE%A3%CE%9A%CE%95%CE%A5%CE%91%CE%A3%CE%99%CE%91-%CE%9A%CE%9F%CE%A5%CE%A4%CE%91%CE%9A%CE%99_%CE%A1%CE%9F%CE%96-300x300.jpg\" alt=\"\" width=\"300\" height=\"300\"><img loading=\"lazy\" decoding=\"async\" class=\"alignnone size-medium wp-image-17679\" src=\"https:\/\/www.asimis-market.com\/wp-content\/uploads\/2021\/04\/%CE%A3%CE%A5%CE%A3%CE%9A%CE%95%CE%A5%CE%91%CE%A3%CE%99%CE%91-%CE%9A%CE%9F%CE%A5%CE%A4%CE%91%CE%9A%CE%99%CE%91_-%CE%94%CE%99%CE%91%CE%A6%CE%91%CE%9D%CE%91-300x300.jpg\" alt=\"\" width=\"300\" height=\"300\"><img loading=\"lazy\" decoding=\"async\" class=\"alignnone size-medium wp-image-17840\" src=\"https:\/\/www.asimis-market.com\/wp-content\/uploads\/2021\/04\/%CE%A3%CE%91%CE%9A%CE%9F%CE%A5%CE%9B%CE%99%CE%A4%CE%A3%CE%91-%CE%94%CE%A9%CE%A1%CE%9F%CE%A5-300x300.jpg\" alt=\"\" width=\"300\" height=\"300\"><\/p>\n","protected":false},"excerpt":{"rendered":"<p><strong>CON OGNI ACQUISTO SI RICEVE 1 ANELLO E 1 ALTRO REGALO DELLO STESSO DISEGNO E NUMERO + BUSTA REGALO<\/strong><\/p>\n","protected":false},"featured_media":24517,"comment_status":"closed","ping_status":"closed","template":"","meta":{"wds_primary_product_brand":0,"wds_primary_product_cat":0},"product_brand":[],"product_cat":[467,465,428],"product_tag":[],"class_list":{"0":"post-32252","1":"product","2":"type-product","3":"status-publish","4":"has-post-thumbnail","6":"product_cat-anelli","7":"product_cat-anelli-di-psicologia","8":"product_cat-gioielleria","9":"product_shipping_class-buste","11":"first","12":"instock","13":"sale","14":"shipping-taxable","15":"purchasable","16":"product-type-variable"},"_links":{"self":[{"href":"https:\/\/www.asimis-market.com\/it\/wp-json\/wp\/v2\/product\/32252","targetHints":{"allow":["GET"]}}],"collection":[{"href":"https:\/\/www.asimis-market.com\/it\/wp-json\/wp\/v2\/product"}],"about":[{"href":"https:\/\/www.asimis-market.com\/it\/wp-json\/wp\/v2\/types\/product"}],"replies":[{"embeddable":true,"href":"https:\/\/www.asimis-market.com\/it\/wp-json\/wp\/v2\/comments?post=32252"}],"wp:featuredmedia":[{"embeddable":true,"href":"https:\/\/www.asimis-market.com\/it\/wp-json\/wp\/v2\/media\/24517"}],"wp:attachment":[{"href":"https:\/\/www.asimis-market.com\/it\/wp-json\/wp\/v2\/media?parent=32252"}],"wp:term":[{"taxonomy":"product_brand","embeddable":true,"href":"https:\/\/www.asimis-market.com\/it\/wp-json\/wp\/v2\/product_brand?post=32252"},{"taxonomy":"product_cat","embeddable":true,"href":"https:\/\/www.asimis-market.com\/it\/wp-json\/wp\/v2\/product_cat?post=32252"},{"taxonomy":"product_tag","embeddable":true,"href":"https:\/\/www.asimis-market.com\/it\/wp-json\/wp\/v2\/product_tag?post=32252"}],"curies":[{"name":"wp","href":"https:\/\/api.w.org\/{rel}","templated":true}]}}