{"id":32470,"date":"2023-10-12T17:25:29","date_gmt":"2023-10-12T14:25:29","guid":{"rendered":"https:\/\/www.asimis-market.com\/product\/bracciale-a-cuore-in-argento-925-croce-regalo-in-argento-925-con-zaffiro-bianco-in-cristallo\/"},"modified":"2023-10-12T17:25:29","modified_gmt":"2023-10-12T14:25:29","slug":"bracciale-a-cuore-in-argento-925-croce-regalo-in-argento-925-con-zaffiro-bianco-in-cristallo","status":"publish","type":"product","link":"https:\/\/www.asimis-market.com\/it\/prodotto\/bracciale-a-cuore-in-argento-925-croce-regalo-in-argento-925-con-zaffiro-bianco-in-cristallo\/","title":{"rendered":"BRACCIALE A CUORE IN ARGENTO 925 + CROCE REGALO IN ARGENTO 925 CON ZAFFIRO BIANCO IN CRISTALLO"},"content":{"rendered":"<p><strong>BRACCIALE A CUORE IN ARGENTO 925 + CROCE REGALO IN ARGENTO 925 CON ZAFFIRO BIANCO IN CRISTALLO<\/strong><\/p>\n<p>Un bellissimo bracciale con base in acciaio placcato argento 925 decorato con un cuore circondato da pietre bianche. Un bracciale di grande effetto che risalta magnificamente sulla mano e cattura gli sguardi.<\/p>\n<p><strong>Caratteristiche Bracciale<\/strong><\/p>\n<p>Codice: 522-540-210<\/p>\n<p>Marchio: Asimis<\/p>\n<p>Tipo: Bracciale<\/p>\n<p>Metallo: Acciaio placcato argento 925<\/p>\n<p>Lunghezza della catena: da 18 a 24 cm<\/p>\n<p>Dimensioni del design: 6 mm<\/p>\n<p>Femmina<\/p>\n<p>CROCE D&#8217;ARGENTO 925 CON ZAFFIRO BIANCO IN CRISTALLO<\/p>\n<p>Una moderna croce da donna in argento 925 con zaffiro sintetico bianco decorato in cristallo. La croce \u00e8 dotata di una catena in acciaio. Una croce di grande effetto che si staglia magnificamente sul collo di una donna e che attira tutti gli sguardi. Gioielli ideali per ogni uscita<\/p>\n<p><strong>Caratteristiche Croce<\/strong><\/p>\n<p>Codice: 524-511<\/p>\n<p>Marchio: Asimis<\/p>\n<p>Tipo: Collana<\/p>\n<p>Metallo: argento 925<\/p>\n<p>Pietra: zaffiro sintetico<\/p>\n<p>Lunghezza della catena: 50 cm<\/p>\n<p>Dimensioni del disegno: 3,5cm.x2cm<\/p>\n<p>Femmina<\/p>\n<p><strong>Un gioiello in ARGENTO 925 \u00e8 il regalo migliore per stupire i vostri amici e scaldare i cuori di chi amate, sempre al prezzo pi\u00f9 basso del mercato perch\u00e9 importiamo tutti i nostri gioielli.<\/strong><\/p>\n<p>Tutti i gioielli sono dotati di confezione<\/p>\n<p>Potete scegliere il pacchetto che preferite<\/p>\n<p>E quando si completa l&#8217;ordine<\/p>\n<p>lo scrivete nella nota del cliente<\/p>\n<p>nel caso in cui non ci dica l&#8217;imballaggio<\/p>\n<p>l&#8217;eshop accompagna i gioielli<\/p>\n<p>con confezione in regalo.<\/p>\n<p>potete anche chiederci un sacchetto<\/p>\n<p>regalo se si desidera regalarlo.<\/p>\n<p><strong>Colori Borsa In Tessuto Per Regalo Con Cordino<\/strong><\/p>\n<p>-Arancione<\/p>\n<p>-Turchese<\/p>\n<p>-Rosso<\/p>\n<p>-Rosa<\/p>\n<p>-Blu<\/p>\n<p>-Blu chiaro<\/p>\n<p>-Verde<\/p>\n<p>&#8211; Nero<\/p>\n<p><strong>SCATOLE COLORI<\/strong><\/p>\n<p>-Bianco<\/p>\n<p>-Rosso<\/p>\n<p>&#8211; Nero<\/p>\n<p>-Rosa<\/p>\n<p>Dalle foto si possono vedere anche tutti i design delle confezioni.<\/p>\n<p><img loading=\"lazy\" decoding=\"async\" class=\"alignnone size-medium wp-image-17681\" src=\"https:\/\/www.asimis-market.com\/wp-content\/uploads\/2021\/04\/%CE%A3%CE%A5%CE%A3%CE%9A%CE%95%CE%A5%CE%91%CE%A3%CE%99%CE%91-%CE%A0%CE%9F%CE%A5%CE%93%CE%9A%CE%99-_%CE%92%CE%95%CE%9B%CE%9F%CE%A5%CE%94%CE%99%CE%9D%CE%9F-300x300.jpg\" alt=\"\" width=\"300\" height=\"300\"><img loading=\"lazy\" decoding=\"async\" class=\"alignnone size-medium wp-image-17680\" src=\"https:\/\/www.asimis-market.com\/wp-content\/uploads\/2021\/04\/%CE%A3%CE%A5%CE%A3%CE%9A%CE%95%CE%A5%CE%91%CE%A3%CE%99%CE%91-%CE%A0%CE%9F%CE%A5%CE%93%CE%9A%CE%99-_ORGANZA-300x300.jpg\" alt=\"\" width=\"300\" height=\"300\"><img loading=\"lazy\" decoding=\"async\" class=\"alignnone size-medium wp-image-17678\" src=\"https:\/\/www.asimis-market.com\/wp-content\/uploads\/2021\/04\/%CE%A3%CE%A5%CE%A3%CE%9A%CE%95%CE%A5%CE%91%CE%A3%CE%99%CE%91-%CE%9A%CE%9F%CE%A5%CE%A4%CE%91%CE%9A%CE%99_%CE%A1%CE%9F%CE%96-300x300.jpg\" alt=\"\" width=\"300\" height=\"300\"><img loading=\"lazy\" decoding=\"async\" class=\"alignnone size-medium wp-image-17679\" src=\"https:\/\/www.asimis-market.com\/wp-content\/uploads\/2021\/04\/%CE%A3%CE%A5%CE%A3%CE%9A%CE%95%CE%A5%CE%91%CE%A3%CE%99%CE%91-%CE%9A%CE%9F%CE%A5%CE%A4%CE%91%CE%9A%CE%99%CE%91_-%CE%94%CE%99%CE%91%CE%A6%CE%91%CE%9D%CE%91-300x300.jpg\" alt=\"\" width=\"300\" height=\"300\"><img loading=\"lazy\" decoding=\"async\" class=\"alignnone size-medium wp-image-17840\" src=\"https:\/\/www.asimis-market.com\/wp-content\/uploads\/2021\/04\/%CE%A3%CE%91%CE%9A%CE%9F%CE%A5%CE%9B%CE%99%CE%A4%CE%A3%CE%91-%CE%94%CE%A9%CE%A1%CE%9F%CE%A5-300x300.jpg\" alt=\"\" width=\"300\" height=\"300\">\u0394<\/p>\n","protected":false},"excerpt":{"rendered":"<p>BRACCIALE A CUORE IN ARGENTO 925 + CROCE REGALO IN ARGENTO 925 CON ZAFFIRO BIANCO IN CRISTALLO Un bellissimo bracciale con base in acciaio placcato argento 925 decorato con un cuore circondato da pietre bianche. Un bracciale di grande effetto che risalta magnificamente sulla mano e cattura gli sguardi. Caratteristiche Bracciale Codice: 522-540-210 Marchio: Asimis [&#8230;]\n","protected":false},"featured_media":24407,"comment_status":"closed","ping_status":"closed","template":"","meta":{"wds_primary_product_brand":0,"wds_primary_product_cat":0},"product_brand":[],"product_cat":[468,428],"product_tag":[],"class_list":{"0":"post-32470","1":"product","2":"type-product","3":"status-publish","4":"has-post-thumbnail","6":"product_cat-braccialetto","7":"product_cat-gioielleria","8":"product_shipping_class-buste","10":"first","11":"instock","12":"sale","13":"shipping-taxable","14":"purchasable","15":"product-type-simple"},"_links":{"self":[{"href":"https:\/\/www.asimis-market.com\/it\/wp-json\/wp\/v2\/product\/32470","targetHints":{"allow":["GET"]}}],"collection":[{"href":"https:\/\/www.asimis-market.com\/it\/wp-json\/wp\/v2\/product"}],"about":[{"href":"https:\/\/www.asimis-market.com\/it\/wp-json\/wp\/v2\/types\/product"}],"replies":[{"embeddable":true,"href":"https:\/\/www.asimis-market.com\/it\/wp-json\/wp\/v2\/comments?post=32470"}],"wp:featuredmedia":[{"embeddable":true,"href":"https:\/\/www.asimis-market.com\/it\/wp-json\/wp\/v2\/media\/24407"}],"wp:attachment":[{"href":"https:\/\/www.asimis-market.com\/it\/wp-json\/wp\/v2\/media?parent=32470"}],"wp:term":[{"taxonomy":"product_brand","embeddable":true,"href":"https:\/\/www.asimis-market.com\/it\/wp-json\/wp\/v2\/product_brand?post=32470"},{"taxonomy":"product_cat","embeddable":true,"href":"https:\/\/www.asimis-market.com\/it\/wp-json\/wp\/v2\/product_cat?post=32470"},{"taxonomy":"product_tag","embeddable":true,"href":"https:\/\/www.asimis-market.com\/it\/wp-json\/wp\/v2\/product_tag?post=32470"}],"curies":[{"name":"wp","href":"https:\/\/api.w.org\/{rel}","templated":true}]}}