{"id":32484,"date":"2023-10-12T17:25:28","date_gmt":"2023-10-12T14:25:28","guid":{"rendered":"https:\/\/www.asimis-market.com\/product\/croce-dargento-925-con-zaffiro-bianco-e-anello-psicologia-regalo\/"},"modified":"2023-10-12T17:25:28","modified_gmt":"2023-10-12T14:25:28","slug":"croce-dargento-925-con-zaffiro-bianco-e-anello-psicologia-regalo","status":"publish","type":"product","link":"https:\/\/www.asimis-market.com\/it\/prodotto\/croce-dargento-925-con-zaffiro-bianco-e-anello-psicologia-regalo\/","title":{"rendered":"CROCE D&#8217;ARGENTO 925 CON ZAFFIRO BIANCO E ANELLO PSICOLOGIA REGALO"},"content":{"rendered":"<p><strong>CROCE D&#8217;ARGENTO 925 CON ZAFFIRO BIANCO E ANELLO PSICOLOGIA REGALO<\/strong><\/p>\n<p>Una moderna croce da donna in argento 925 decorata con uno zaffiro sintetico bianco. Una croce di grande effetto che si staglia magnificamente sul collo di una donna e che attira tutti gli sguardi. Gioielli ideali per ogni uscita.<\/p>\n<p><strong>Caratteristiche<\/strong><\/p>\n<p>Codice: 524-531-200<\/p>\n<p>Marchio: Asimis<\/p>\n<p>Tipo: Collana<\/p>\n<p>Metallo: argento 925<\/p>\n<p>Pietra: zaffiro sintetico<\/p>\n<p>Lunghezza della catena: 45 cm<\/p>\n<p>Dimensioni del design: 30 mm<\/p>\n<p>Femmina<\/p>\n<p>Un gioiello in ARGENTO 925 \u00e8 il regalo migliore per stupire i vostri amici e scaldare i cuori di chi amate, sempre al prezzo pi\u00f9 basso del mercato perch\u00e9 importiamo tutti i nostri gioielli.<\/p>\n<p>Tutti i gioielli sono dotati di confezione<\/p>\n<p>Potete scegliere il pacchetto che preferite<\/p>\n<p>E quando si completa l&#8217;ordine<\/p>\n<p>lo scrivete nella nota del cliente<\/p>\n<p>nel caso in cui non ci dica l&#8217;imballaggio<\/p>\n<p>l&#8217;eshop accompagna i gioielli<\/p>\n<p>con confezione in regalo.<\/p>\n<p>potete anche chiederci un sacchetto<\/p>\n<p>regalo se si desidera regalarlo.<\/p>\n<p><strong>Colori Borsa In Tessuto Per Regalo Con Cordino<\/strong><\/p>\n<p>-Arancione<\/p>\n<p>-Turchese<\/p>\n<p>-Rosso<\/p>\n<p>-Rosa<\/p>\n<p>-Blu<\/p>\n<p>-Blu chiaro<\/p>\n<p>-Verde<\/p>\n<p>&#8211; Nero<\/p>\n<p><strong>SCATOLE COLORI<\/strong><\/p>\n<p>-Bianco<\/p>\n<p>-Rosso<\/p>\n<p>&#8211; Nero<\/p>\n<p>-Rosa<\/p>\n<p>Dalle foto si possono vedere anche tutti i design delle confezioni.<\/p>\n<p>I gioielli vengono forniti anche con un anello psicologico GRATUITO.<\/p>\n<p>anello di psicologia e colori cangianti berillo di 3 mm di spessore<\/p>\n<p>di ottone.<br \/>\n<img loading=\"lazy\" decoding=\"async\" class=\"alignnone size-medium wp-image-17681\" src=\"https:\/\/www.asimis-market.com\/wp-content\/uploads\/2021\/04\/%CE%A3%CE%A5%CE%A3%CE%9A%CE%95%CE%A5%CE%91%CE%A3%CE%99%CE%91-%CE%A0%CE%9F%CE%A5%CE%93%CE%9A%CE%99-_%CE%92%CE%95%CE%9B%CE%9F%CE%A5%CE%94%CE%99%CE%9D%CE%9F-300x300.jpg\" alt=\"\" width=\"300\" height=\"300\"><img loading=\"lazy\" decoding=\"async\" class=\"alignnone size-medium wp-image-17680\" src=\"https:\/\/www.asimis-market.com\/wp-content\/uploads\/2021\/04\/%CE%A3%CE%A5%CE%A3%CE%9A%CE%95%CE%A5%CE%91%CE%A3%CE%99%CE%91-%CE%A0%CE%9F%CE%A5%CE%93%CE%9A%CE%99-_ORGANZA-300x300.jpg\" alt=\"\" width=\"300\" height=\"300\"><img loading=\"lazy\" decoding=\"async\" class=\"alignnone size-medium wp-image-17678\" src=\"https:\/\/www.asimis-market.com\/wp-content\/uploads\/2021\/04\/%CE%A3%CE%A5%CE%A3%CE%9A%CE%95%CE%A5%CE%91%CE%A3%CE%99%CE%91-%CE%9A%CE%9F%CE%A5%CE%A4%CE%91%CE%9A%CE%99_%CE%A1%CE%9F%CE%96-300x300.jpg\" alt=\"\" width=\"300\" height=\"300\"><img loading=\"lazy\" decoding=\"async\" class=\"alignnone size-medium wp-image-17679\" src=\"https:\/\/www.asimis-market.com\/wp-content\/uploads\/2021\/04\/%CE%A3%CE%A5%CE%A3%CE%9A%CE%95%CE%A5%CE%91%CE%A3%CE%99%CE%91-%CE%9A%CE%9F%CE%A5%CE%A4%CE%91%CE%9A%CE%99%CE%91_-%CE%94%CE%99%CE%91%CE%A6%CE%91%CE%9D%CE%91-300x300.jpg\" alt=\"\" width=\"300\" height=\"300\"><img loading=\"lazy\" decoding=\"async\" class=\"alignnone size-medium wp-image-17840\" src=\"https:\/\/www.asimis-market.com\/wp-content\/uploads\/2021\/04\/%CE%A3%CE%91%CE%9A%CE%9F%CE%A5%CE%9B%CE%99%CE%A4%CE%A3%CE%91-%CE%94%CE%A9%CE%A1%CE%9F%CE%A5-300x300.jpg\" alt=\"\" width=\"300\" height=\"300\"><\/p>\n<p>&nbsp;<\/p>\n","protected":false},"excerpt":{"rendered":"<p>CROCE D&#8217;ARGENTO 925 CON ZAFFIRO BIANCO E ANELLO PSICOLOGIA REGALO Una moderna croce da donna in argento 925 decorata con uno zaffiro sintetico bianco. Una croce di grande effetto che si staglia magnificamente sul collo di una donna e che attira tutti gli sguardi. Gioielli ideali per ogni uscita. Caratteristiche Codice: 524-531-200 Marchio: Asimis Tipo: [&#8230;]\n","protected":false},"featured_media":24353,"comment_status":"closed","ping_status":"closed","template":"","meta":{"wds_primary_product_brand":0,"wds_primary_product_cat":0},"product_brand":[],"product_cat":[469,428],"product_tag":[],"class_list":{"0":"post-32484","1":"product","2":"type-product","3":"status-publish","4":"has-post-thumbnail","6":"product_cat-croci","7":"product_cat-gioielleria","8":"product_shipping_class-buste","10":"first","11":"instock","12":"sale","13":"shipping-taxable","14":"purchasable","15":"product-type-variable"},"_links":{"self":[{"href":"https:\/\/www.asimis-market.com\/it\/wp-json\/wp\/v2\/product\/32484","targetHints":{"allow":["GET"]}}],"collection":[{"href":"https:\/\/www.asimis-market.com\/it\/wp-json\/wp\/v2\/product"}],"about":[{"href":"https:\/\/www.asimis-market.com\/it\/wp-json\/wp\/v2\/types\/product"}],"replies":[{"embeddable":true,"href":"https:\/\/www.asimis-market.com\/it\/wp-json\/wp\/v2\/comments?post=32484"}],"wp:featuredmedia":[{"embeddable":true,"href":"https:\/\/www.asimis-market.com\/it\/wp-json\/wp\/v2\/media\/24353"}],"wp:attachment":[{"href":"https:\/\/www.asimis-market.com\/it\/wp-json\/wp\/v2\/media?parent=32484"}],"wp:term":[{"taxonomy":"product_brand","embeddable":true,"href":"https:\/\/www.asimis-market.com\/it\/wp-json\/wp\/v2\/product_brand?post=32484"},{"taxonomy":"product_cat","embeddable":true,"href":"https:\/\/www.asimis-market.com\/it\/wp-json\/wp\/v2\/product_cat?post=32484"},{"taxonomy":"product_tag","embeddable":true,"href":"https:\/\/www.asimis-market.com\/it\/wp-json\/wp\/v2\/product_tag?post=32484"}],"curies":[{"name":"wp","href":"https:\/\/api.w.org\/{rel}","templated":true}]}}