{"id":32594,"date":"2023-10-12T17:24:23","date_gmt":"2023-10-12T14:24:23","guid":{"rendered":"https:\/\/www.asimis-market.com\/product\/anello-cuore-in-argento-925-con-ametista-e-zaffiro-sintetico-e-anello-psicologia-regalo-2\/"},"modified":"2025-06-02T23:54:59","modified_gmt":"2025-06-02T20:54:59","slug":"anello-cuore-in-argento-925-con-ametista-e-zaffiro-sintetico-e-anello-psicologia-regalo-2","status":"publish","type":"product","link":"https:\/\/www.asimis-market.com\/it\/prodotto\/anello-cuore-in-argento-925-con-ametista-e-zaffiro-sintetico-e-anello-psicologia-regalo-2\/","title":{"rendered":"ANELLO CUORE IN ARGENTO 925 CON AMETISTA E ZAFFIRO SINTETICO E ANELLO PSICOLOGIA REGALO"},"content":{"rendered":"<p><strong>ANELLO CUORE IN ARGENTO 925 CON AMETISTA E ZAFFIRO SINTETICO E ANELLO PSICOLOGIA REGALO<\/strong><\/p>\n<p>Anello in argento 925 con splendida ametista e zaffiro sintetico.<br \/>\nUn bellissimo anello d&#8217;effetto che far\u00e0 risaltare le vostre apparizioni e attirer\u00e0 tutti gli sguardi.<br \/>\nPrendetelo e lasciatevi ispirare dal suo spirito romantico: l&#8217;ametista, pietra dell&#8217;amore e dell&#8217;amicizia, e lo zaffiro sintetico, simbolo di fede, pace e protezione.<\/p>\n<p><strong>Caratteristiche<\/strong><\/p>\n<p>Codice: 521-544<\/p>\n<p>Marchio: Asimis<\/p>\n<p>Tipo: Pietra singola<\/p>\n<p>Metallo: argento 925<\/p>\n<p>Pietra: Ametista-Saffiro sintetico<\/p>\n<p>Dimensioni della pietra: 10 mm di larghezza x 5 mm di altezza<\/p>\n<p>Femmina<\/p>\n<p><span style=\"font-size: 14.4px;\">Un gioiello in ARGENTO 925 \u00e8 il regalo migliore per stupire i vostri amici e scaldare i cuori di chi amate, sempre al prezzo pi\u00f9 basso del mercato perch\u00e9 importiamo tutti i nostri gioielli.<\/span><\/p>\n<p>Tutti i gioielli sono dotati di confezione<\/p>\n<p>Potete scegliere il pacchetto che preferite<\/p>\n<p>E quando si completa l&#8217;ordine<\/p>\n<p>lo scrivete nella nota del cliente<\/p>\n<p>nel caso in cui non ci dica l&#8217;imballaggio<\/p>\n<p>l&#8217;eshop accompagna i gioielli<\/p>\n<p>con confezione in regalo.<\/p>\n<p>potete anche chiederci un sacchetto<\/p>\n<p>regalo se si desidera regalarlo.<\/p>\n<p><strong>Colori Borsa In Tessuto Per Regalo Con Cordino<\/strong><\/p>\n<p>-Arancione<\/p>\n<p>-Turchese<\/p>\n<p>-Rosso<\/p>\n<p>-Rosa<\/p>\n<p>-Blu<\/p>\n<p>-Blu chiaro<\/p>\n<p>-Verde<\/p>\n<p>&#8211; Nero<\/p>\n<p><strong>SCATOLE COLORI<\/strong><\/p>\n<p>-Bianco<\/p>\n<p>-Rosso<\/p>\n<p>&#8211; Nero<\/p>\n<p>-Rosa<\/p>\n<p>Dalle foto si possono vedere anche tutti i design delle confezioni.<\/p>\n<p>I gioielli vengono forniti anche con un anello psicologico GRATUITO.<\/p>\n<p>anello di psicologia e colori cangianti berillo di 3 mm di spessore<\/p>\n<p>di ottone.<\/p>\n<p><img loading=\"lazy\" decoding=\"async\" class=\"alignnone size-medium wp-image-17681\" src=\"https:\/\/www.asimis-market.com\/wp-content\/uploads\/2021\/04\/%CE%A3%CE%A5%CE%A3%CE%9A%CE%95%CE%A5%CE%91%CE%A3%CE%99%CE%91-%CE%A0%CE%9F%CE%A5%CE%93%CE%9A%CE%99-_%CE%92%CE%95%CE%9B%CE%9F%CE%A5%CE%94%CE%99%CE%9D%CE%9F-300x300.jpg\" alt=\"\" width=\"300\" height=\"300\" \/><img loading=\"lazy\" decoding=\"async\" class=\"alignnone size-medium wp-image-17680\" src=\"https:\/\/www.asimis-market.com\/wp-content\/uploads\/2021\/04\/%CE%A3%CE%A5%CE%A3%CE%9A%CE%95%CE%A5%CE%91%CE%A3%CE%99%CE%91-%CE%A0%CE%9F%CE%A5%CE%93%CE%9A%CE%99-_ORGANZA-300x300.jpg\" alt=\"\" width=\"300\" height=\"300\" \/><img loading=\"lazy\" decoding=\"async\" class=\"alignnone size-medium wp-image-17678\" src=\"https:\/\/www.asimis-market.com\/wp-content\/uploads\/2021\/04\/%CE%A3%CE%A5%CE%A3%CE%9A%CE%95%CE%A5%CE%91%CE%A3%CE%99%CE%91-%CE%9A%CE%9F%CE%A5%CE%A4%CE%91%CE%9A%CE%99_%CE%A1%CE%9F%CE%96-300x300.jpg\" alt=\"\" width=\"300\" height=\"300\" \/><img loading=\"lazy\" decoding=\"async\" class=\"alignnone size-medium wp-image-17679\" src=\"https:\/\/www.asimis-market.com\/wp-content\/uploads\/2021\/04\/%CE%A3%CE%A5%CE%A3%CE%9A%CE%95%CE%A5%CE%91%CE%A3%CE%99%CE%91-%CE%9A%CE%9F%CE%A5%CE%A4%CE%91%CE%9A%CE%99%CE%91_-%CE%94%CE%99%CE%91%CE%A6%CE%91%CE%9D%CE%91-300x300.jpg\" alt=\"\" width=\"300\" height=\"300\" \/><img loading=\"lazy\" decoding=\"async\" class=\"alignnone size-medium wp-image-17840\" src=\"https:\/\/www.asimis-market.com\/wp-content\/uploads\/2021\/04\/%CE%A3%CE%91%CE%9A%CE%9F%CE%A5%CE%9B%CE%99%CE%A4%CE%A3%CE%91-%CE%94%CE%A9%CE%A1%CE%9F%CE%A5-300x300.jpg\" alt=\"\" width=\"300\" height=\"300\" \/><\/p>\n<p>&nbsp;<\/p>\n<p>&nbsp;<\/p>\n","protected":false},"excerpt":{"rendered":"<p><a  href=\"https:\/\/www.asimis-market.com\/it\/prodotto\/anello-cuore-in-argento-925-con-ametista-e-zaffiro-sintetico-e-anello-psicologia-regalo\/\">ANELLO CUORE IN ARGENTO 925 CON AMETISTA E ZAFFIRO SINTETICO E ANELLO PSICOLOGIA REGALO<\/a> Anello in argento 925 con splendida ametista e zaffiro sintetico. Un bellissimo anello d&#8217;effetto che far\u00e0 risaltare le vostre apparizioni e attirer\u00e0 tutti gli sguardi. Prendetelo e lasciatevi ispirare dal suo spirito romantico: l&#8217;ametista, pietra dell&#8217;amore e dell&#8217;amicizia, e lo zaffiro [&#8230;]\n","protected":false},"featured_media":24143,"comment_status":"closed","ping_status":"closed","template":"","meta":{"wds_primary_product_brand":0,"wds_primary_product_cat":0},"product_brand":[],"product_cat":[467,479,428],"product_tag":[],"class_list":{"0":"post-32594","1":"product","2":"type-product","3":"status-publish","4":"has-post-thumbnail","6":"product_cat-anelli","7":"product_cat-argento-925","8":"product_cat-gioielleria","9":"product_shipping_class-buste","11":"first","12":"instock","13":"sale","14":"shipping-taxable","15":"purchasable","16":"product-type-variable"},"_links":{"self":[{"href":"https:\/\/www.asimis-market.com\/it\/wp-json\/wp\/v2\/product\/32594","targetHints":{"allow":["GET"]}}],"collection":[{"href":"https:\/\/www.asimis-market.com\/it\/wp-json\/wp\/v2\/product"}],"about":[{"href":"https:\/\/www.asimis-market.com\/it\/wp-json\/wp\/v2\/types\/product"}],"replies":[{"embeddable":true,"href":"https:\/\/www.asimis-market.com\/it\/wp-json\/wp\/v2\/comments?post=32594"}],"wp:featuredmedia":[{"embeddable":true,"href":"https:\/\/www.asimis-market.com\/it\/wp-json\/wp\/v2\/media\/24143"}],"wp:attachment":[{"href":"https:\/\/www.asimis-market.com\/it\/wp-json\/wp\/v2\/media?parent=32594"}],"wp:term":[{"taxonomy":"product_brand","embeddable":true,"href":"https:\/\/www.asimis-market.com\/it\/wp-json\/wp\/v2\/product_brand?post=32594"},{"taxonomy":"product_cat","embeddable":true,"href":"https:\/\/www.asimis-market.com\/it\/wp-json\/wp\/v2\/product_cat?post=32594"},{"taxonomy":"product_tag","embeddable":true,"href":"https:\/\/www.asimis-market.com\/it\/wp-json\/wp\/v2\/product_tag?post=32594"}],"curies":[{"name":"wp","href":"https:\/\/api.w.org\/{rel}","templated":true}]}}