{"id":32936,"date":"2023-10-12T17:23:16","date_gmt":"2023-10-12T14:23:16","guid":{"rendered":"https:\/\/www.asimis-market.com\/product\/volleyball-challenge-playstation-2console-di-videogiochi-ps2\/"},"modified":"2023-10-12T17:23:16","modified_gmt":"2023-10-12T14:23:16","slug":"volleyball-challenge-playstation-2console-di-videogiochi-ps2","status":"publish","type":"product","link":"https:\/\/www.asimis-market.com\/it\/prodotto\/volleyball-challenge-playstation-2console-di-videogiochi-ps2\/","title":{"rendered":"VOLLEYBALL CHALLENGE&#8211;PLAYSTATION 2,CONSOLE DI VIDEOGIOCHI PS2"},"content":{"rendered":"<p><strong><span style=\"font-size: 130%;\">VOLLEYBALL CHALLENGE&#8211;PLAYSTATION 2,CONSOLE DI VIDEOGIOCHI PS2<\/span><\/strong><span style=\"font-size: 150%;\"><strong><br \/>\n<\/strong><\/span><\/p>\n<p><strong>&#8211; TIPO DI GIOCO: SPORT\/VOLLEY<br \/>\n-PRODUTTORE: 505 GAMESTREET<br \/>\n-UTILIZZATO: S\u00cc<br \/>\n-CONDIZIONE DEL GIOCO: ESCLUSIONE DI RESPONSABILIT\u00c0 E ASSENZA DELLA COPERTINA DELLA SCATOLA<br \/>\n&#8211; MANUALE: S\u00cc<br \/>\n-FORMATO: 1 CD<br \/>\n-Codice regione: PAL (standard UK)<br \/>\n-Valutazione: E-Tutti<br \/>\n-SLES:52520<br \/>\n-ANNO DI USCITA: 2004<br \/>\n<img decoding=\"async\" class=\"alignnone size-medium wp-image-8421\" src=\"https:\/\/www.asimis-market.com\/wp-content\/uploads\/2018\/11\/PS2-LOGO-300x300.jpg\"><\/strong><\/p>\n","protected":false},"excerpt":{"rendered":"<p>VOLLEYBALL CHALLENGE&#8211;PLAYSTATION 2,CONSOLE DI VIDEOGIOCHI PS2 &#8211; TIPO DI GIOCO: SPORT\/VOLLEY -PRODUTTORE: 505 GAMESTREET -UTILIZZATO: S\u00cc -CONDIZIONE DEL GIOCO: ESCLUSIONE DI RESPONSABILIT\u00c0 E ASSENZA DELLA COPERTINA DELLA SCATOLA &#8211; MANUALE: S\u00cc -FORMATO: 1 CD -Codice regione: PAL (standard UK) -Valutazione: E-Tutti -SLES:52520 -ANNO DI USCITA: 2004<\/p>\n","protected":false},"featured_media":23809,"comment_status":"closed","ping_status":"closed","template":"","meta":{"wds_primary_product_brand":0,"wds_primary_product_cat":0},"product_brand":[],"product_cat":[516,480,464,384],"product_tag":[],"class_list":{"0":"post-32936","1":"product","2":"type-product","3":"status-publish","4":"has-post-thumbnail","6":"product_cat-disco-usato","7":"product_cat-prodotti-intelligenti-e-diversita","8":"product_cat-ps2-it","9":"product_cat-videogiochi","10":"product_shipping_class-buste","12":"first","13":"instock","14":"sale","15":"purchasable","16":"product-type-simple"},"_links":{"self":[{"href":"https:\/\/www.asimis-market.com\/it\/wp-json\/wp\/v2\/product\/32936","targetHints":{"allow":["GET"]}}],"collection":[{"href":"https:\/\/www.asimis-market.com\/it\/wp-json\/wp\/v2\/product"}],"about":[{"href":"https:\/\/www.asimis-market.com\/it\/wp-json\/wp\/v2\/types\/product"}],"replies":[{"embeddable":true,"href":"https:\/\/www.asimis-market.com\/it\/wp-json\/wp\/v2\/comments?post=32936"}],"wp:featuredmedia":[{"embeddable":true,"href":"https:\/\/www.asimis-market.com\/it\/wp-json\/wp\/v2\/media\/23809"}],"wp:attachment":[{"href":"https:\/\/www.asimis-market.com\/it\/wp-json\/wp\/v2\/media?parent=32936"}],"wp:term":[{"taxonomy":"product_brand","embeddable":true,"href":"https:\/\/www.asimis-market.com\/it\/wp-json\/wp\/v2\/product_brand?post=32936"},{"taxonomy":"product_cat","embeddable":true,"href":"https:\/\/www.asimis-market.com\/it\/wp-json\/wp\/v2\/product_cat?post=32936"},{"taxonomy":"product_tag","embeddable":true,"href":"https:\/\/www.asimis-market.com\/it\/wp-json\/wp\/v2\/product_tag?post=32936"}],"curies":[{"name":"wp","href":"https:\/\/api.w.org\/{rel}","templated":true}]}}