{"id":33068,"date":"2023-10-12T17:19:26","date_gmt":"2023-10-12T14:19:26","guid":{"rendered":"https:\/\/www.asimis-market.com\/product\/the-jungle-book-das-dschungelbuch-super-nintendo-videogiochi-sigillati\/"},"modified":"2023-10-12T17:19:26","modified_gmt":"2023-10-12T14:19:26","slug":"the-jungle-book-das-dschungelbuch-super-nintendo-videogiochi-sigillati","status":"publish","type":"product","link":"https:\/\/www.asimis-market.com\/it\/prodotto\/the-jungle-book-das-dschungelbuch-super-nintendo-videogiochi-sigillati\/","title":{"rendered":"THE JUNGLE BOOK (DAS DSCHUNGELBUCH)-SUPER NINTENDO VIDEOGIOCHI (SIGILLATI)"},"content":{"rendered":"<p><strong><span style=\"font-size: 130%;\">THE JUNGLE BOOK (DAS DSCHUNGELBUCH)-SUPER NINTENDO VIDEOGIOCHI (SIGILLATI)<\/span><\/strong><span style=\"font-size: 150%;\"><strong><br \/>\n<\/strong><\/span><\/p>\n<p><strong>-TIPO DI GIOCO: PLATFORM CARTOON<br \/>\n&#8211; FABBRICANTE: VIRGIN\/DISNEY<br \/>\n-UTILIZZATO: NO<br \/>\n-STATO DEL GIOCO: SIGILLATO (IL GIOCO NON \u00c8 MAI STATO GIOCATO E NON ERA SIGILLATO QUINDI NON \u00c8 STATO MESSO NELLA SCATOLA \u00c8 TEDESCO CON UN MENU INGLESE NEL GIOCO E QUINDI ERA SIGILLATO IN GRECIA C&#8217;\u00c8 ANCORA IL PREZZO IN DRACCE POI COSTANO 23.900MILA DRAMMA CIRCA \u20ac 70,00 )<br \/>\n-MANUALE: SIGILLATO<br \/>\n-FORMATO:1 CARTRIDGE<br \/>\n<img decoding=\"async\" class=\"alignnone size-medium wp-image-8678\" src=\"https:\/\/www.asimis-market.com\/wp-content\/uploads\/2018\/11\/SUPER-NINTENDO-CONSOLE-300x211.jpeg\"><\/strong><\/p>\n<p><img decoding=\"async\" class=\"alignnone size-medium wp-image-8679\" src=\"https:\/\/www.asimis-market.com\/wp-content\/uploads\/2018\/11\/logo-super-nintendo-300x99.png\"><\/p>\n","protected":false},"excerpt":{"rendered":"<p>THE JUNGLE BOOK (DAS DSCHUNGELBUCH)-SUPER NINTENDO VIDEOGIOCHI (SIGILLATI) -TIPO DI GIOCO: PLATFORM CARTOON &#8211; FABBRICANTE: VIRGIN\/DISNEY -UTILIZZATO: NO -STATO DEL GIOCO: SIGILLATO (IL GIOCO NON \u00c8 MAI STATO GIOCATO E NON ERA SIGILLATO QUINDI NON \u00c8 STATO MESSO NELLA SCATOLA \u00c8 TEDESCO CON UN MENU INGLESE NEL GIOCO E QUINDI ERA SIGILLATO IN GRECIA C&#8217;\u00c8 [&#8230;]\n","protected":false},"featured_media":22927,"comment_status":"closed","ping_status":"closed","template":"","meta":{"wds_primary_product_brand":0,"wds_primary_product_cat":0},"product_brand":[],"product_cat":[448,516,480,384],"product_tag":[],"class_list":{"0":"post-33068","1":"product","2":"type-product","3":"status-publish","4":"has-post-thumbnail","6":"product_cat-altri-titoli-giochi-da-collezione","7":"product_cat-disco-usato","8":"product_cat-prodotti-intelligenti-e-diversita","9":"product_cat-videogiochi","11":"first","12":"instock","13":"purchasable","14":"product-type-simple"},"_links":{"self":[{"href":"https:\/\/www.asimis-market.com\/it\/wp-json\/wp\/v2\/product\/33068","targetHints":{"allow":["GET"]}}],"collection":[{"href":"https:\/\/www.asimis-market.com\/it\/wp-json\/wp\/v2\/product"}],"about":[{"href":"https:\/\/www.asimis-market.com\/it\/wp-json\/wp\/v2\/types\/product"}],"replies":[{"embeddable":true,"href":"https:\/\/www.asimis-market.com\/it\/wp-json\/wp\/v2\/comments?post=33068"}],"wp:featuredmedia":[{"embeddable":true,"href":"https:\/\/www.asimis-market.com\/it\/wp-json\/wp\/v2\/media\/22927"}],"wp:attachment":[{"href":"https:\/\/www.asimis-market.com\/it\/wp-json\/wp\/v2\/media?parent=33068"}],"wp:term":[{"taxonomy":"product_brand","embeddable":true,"href":"https:\/\/www.asimis-market.com\/it\/wp-json\/wp\/v2\/product_brand?post=33068"},{"taxonomy":"product_cat","embeddable":true,"href":"https:\/\/www.asimis-market.com\/it\/wp-json\/wp\/v2\/product_cat?post=33068"},{"taxonomy":"product_tag","embeddable":true,"href":"https:\/\/www.asimis-market.com\/it\/wp-json\/wp\/v2\/product_tag?post=33068"}],"curies":[{"name":"wp","href":"https:\/\/api.w.org\/{rel}","templated":true}]}}