{"id":33675,"date":"2023-10-12T17:17:13","date_gmt":"2023-10-12T14:17:13","guid":{"rendered":"https:\/\/www.asimis-market.com\/product\/freiya-crema-occhi-calendula-mirto-tiglio-100-erbe-naturali-antirughe-50-ml\/"},"modified":"2024-02-11T03:36:09","modified_gmt":"2024-02-11T00:36:09","slug":"freiya-crema-occhi-calendula-mirto-tiglio-100-erbe-naturali-antirughe-50-ml","status":"publish","type":"product","link":"https:\/\/www.asimis-market.com\/it\/prodotto\/freiya-crema-occhi-calendula-mirto-tiglio-100-erbe-naturali-antirughe-50-ml\/","title":{"rendered":"FREIYA CREMA OCCHI CALENDULA MIRTO TIGLIO 100% ERBE NATURALI ANTIRUGHE 50 ml."},"content":{"rendered":"<p><span style=\"font-size: 130%;\"><strong>FREIYA CREMA OCCHI CALENDULA MIRTO TIGLIO 100% ERBE NATURALI ANTIRUGHE 50 ml.<br \/>\n<\/strong><\/span><\/p>\n<p><strong>\u00c8 un\u2019esperienza straordinaria da vivere quotidianamente. Dona un&#8217;incredibile compattezza e l&#8217;estratto nutriente di burro di karit\u00e8 enfatizza il contorno naturale della pelle, migliorandone visibilmente l&#8217;elasticit\u00e0 e il tono. Proteine uniche trasformano e donano morbidezza e consistenza setose alla pelle. Raddrizza la pelle e le ripristina la compattezza. I risultati durano molto a lungo.<\/strong><\/p>\n<p><strong>La grande differenza con le altre creme \u00e8 che \u00e8 anche una crema concentrata, quindi ne metti poca e hai anche un enorme risparmio,<\/strong><\/p>\n<p><strong>SENZA OLIO DI PARAFFINA, VASELINA, GLICONE PROPILENICO E PARABENI.<\/strong><br \/>\n<strong>DERMATOLOGICAMENTE TESTATO.<\/strong><\/p>\n<div><\/div>\n<div>\n<h3><strong>Carite butter: its valuable skin benefits.<\/strong><\/h3>\n<p><strong>Carite butter is derived from the natural fats of the fruit of the African Shea tree (Vitellaria paradoxa) and is white or ivory in color. \u00c8 ricco di vitamine A, D, E ed F e i suoi numerosi benefici risalgono a tempi antichi. In fact, it has so many healing properties that in the Wolof language of Senegal, the Shea tree is called karite, which means &#8220;The Tree of Life&#8221;.<\/strong><\/p>\n<p><strong>The reputation of shea butter has taken off in recent years because of its distinct healing and moisturizing properties. Questo lo rende anche un ingrediente preferito nell\u2019industria dei cosmetici. \u00c8 dimostrato che include propriet\u00e0 antiossidanti grazie al suo contenuto di tocoferolo. It even has anti-inflammatory properties thanks to the triterpene alcohols contained in it.<\/strong><\/p>\n<h3><strong>Is carite butter better than others in its class?<\/strong><\/h3>\n<p><strong>La maggior parte degli oli derivati dai frutti si dividono in saponificabili (con propriet\u00e0 idratanti) e insaponificabili (con propriet\u00e0 terapeutiche). Il burro di karit\u00e9 \u00e8 considerato eccellente in quanto ha una struttura insaponificabile insolitamente alta (5-17%), il che indica che \u00e8 il migliore amico della nostra pelle! Altri oli hanno solitamente una struttura terapeutica inferiore (circa l&#8217;1%).Corpo Ma analizziamo un po&#8217; pi\u00f9 a fondo alcuni dei benefici di questo burro miracoloso.<\/strong><\/p>\n<h3><strong>Burro di Carite per pelle e capelli<\/strong><br \/>\n<strong>Per pelli secche<\/strong><\/h3>\n<p><strong>Il burro di carit\u00e9 idrata efficacemente tutto il nostro corpo. Le sue propriet\u00e0 biochimiche imitano le caratteristiche riscontrate nell&#8217;idratazione rilasciata dalle nostre ghiandole sebacee. And, as it is composed of natural lipids, it also has natural moisturizing properties. As such, shea butter is now a key ingredient in moisturising lotions, lip balms, hand creams, soaps, eye and face creams and ointments.<\/strong><\/p>\n<\/div>\n","protected":false},"excerpt":{"rendered":"<p>FREIYA CREMA OCCHI CALENDULA MIRTO TIGLIO 100% ERBE NATURALI ANTIRUGHE 50 ml. \u00c8 un\u2019esperienza straordinaria da vivere quotidianamente. Dona un&#8217;incredibile compattezza e l&#8217;estratto nutriente di burro di karit\u00e8 enfatizza il contorno naturale della pelle, migliorandone visibilmente l&#8217;elasticit\u00e0 e il tono. Proteine uniche trasformano e donano morbidezza e consistenza setose alla pelle. Raddrizza la pelle e [&#8230;]\n","protected":false},"featured_media":22401,"comment_status":"closed","ping_status":"closed","template":"","meta":{"wds_primary_product_brand":0,"wds_primary_product_cat":0},"product_brand":[],"product_cat":[401,480,417],"product_tag":[],"class_list":{"0":"post-33675","1":"product","2":"type-product","3":"status-publish","4":"has-post-thumbnail","6":"product_cat-creme-cura-e-bellezza","7":"product_cat-prodotti-intelligenti-e-diversita","8":"product_cat-trattamento-facciale","10":"first","11":"instock","12":"sale","13":"purchasable","14":"product-type-simple"},"_links":{"self":[{"href":"https:\/\/www.asimis-market.com\/it\/wp-json\/wp\/v2\/product\/33675","targetHints":{"allow":["GET"]}}],"collection":[{"href":"https:\/\/www.asimis-market.com\/it\/wp-json\/wp\/v2\/product"}],"about":[{"href":"https:\/\/www.asimis-market.com\/it\/wp-json\/wp\/v2\/types\/product"}],"replies":[{"embeddable":true,"href":"https:\/\/www.asimis-market.com\/it\/wp-json\/wp\/v2\/comments?post=33675"}],"wp:featuredmedia":[{"embeddable":true,"href":"https:\/\/www.asimis-market.com\/it\/wp-json\/wp\/v2\/media\/22401"}],"wp:attachment":[{"href":"https:\/\/www.asimis-market.com\/it\/wp-json\/wp\/v2\/media?parent=33675"}],"wp:term":[{"taxonomy":"product_brand","embeddable":true,"href":"https:\/\/www.asimis-market.com\/it\/wp-json\/wp\/v2\/product_brand?post=33675"},{"taxonomy":"product_cat","embeddable":true,"href":"https:\/\/www.asimis-market.com\/it\/wp-json\/wp\/v2\/product_cat?post=33675"},{"taxonomy":"product_tag","embeddable":true,"href":"https:\/\/www.asimis-market.com\/it\/wp-json\/wp\/v2\/product_tag?post=33675"}],"curies":[{"name":"wp","href":"https:\/\/api.w.org\/{rel}","templated":true}]}}