{"id":33691,"date":"2023-10-12T17:16:50","date_gmt":"2023-10-12T14:16:50","guid":{"rendered":"https:\/\/www.asimis-market.com\/product\/smalto-per-unghie-sexapil-%ce%bd%ce%bf888\/"},"modified":"2023-10-12T17:16:50","modified_gmt":"2023-10-12T14:16:50","slug":"smalto-per-unghie-sexapil-%ce%bd%ce%bf888","status":"publish","type":"product","link":"https:\/\/www.asimis-market.com\/it\/prodotto\/smalto-per-unghie-sexapil-%ce%bd%ce%bf888\/","title":{"rendered":"SMALTO PER UNGHIE SEXAPIL \u039d\u03bf888."},"content":{"rendered":"<p><strong><span style=\"font-size: 130%;\">SMALTO PER UNGHIE SEXAPIL \u039d\u03bf888.<\/span><\/strong><\/p>\n<p><strong>Sexapil smalto, ricco e cremoso.<\/strong><\/p>\n<p><strong>Vernice di alta qualit\u00e0 e durevole..<\/strong><\/p>\n<p><strong>Smalto per unghie della collezione con le tonalit\u00e0 elixir sexapil pi\u00f9 apprezzate.<\/strong><\/p>\n<p><strong>esotico, inebriante!<\/strong><\/p>\n<p><strong>PRESTAZIONI<\/strong><\/p>\n<ul>\n<li><strong>Facile applicazione, grande durata e asciugatura rapida in 50 secondi.<\/strong><\/li>\n<li><strong>Ottima copertura e finitura professionale.<\/strong><\/li>\n<li><strong>Non contiene DBP, formaldeide e toluene.<\/strong><\/li>\n<\/ul>\n<p><img decoding=\"async\" class=\"alignnone size-medium wp-image-6517\" src=\"https:\/\/www.asimis-market.com\/wp-content\/uploads\/2018\/02\/bernikia-nyxion-sexapil-asimis-market.gr_.jpg-300x153.jpg\"><\/p>\n","protected":false},"excerpt":{"rendered":"<p>SMALTO PER UNGHIE SEXAPIL \u039d\u03bf888. Sexapil smalto, ricco e cremoso. Vernice di alta qualit\u00e0 e durevole.. Smalto per unghie della collezione con le tonalit\u00e0 elixir sexapil pi\u00f9 apprezzate. esotico, inebriante! PRESTAZIONI Facile applicazione, grande durata e asciugatura rapida in 50 secondi. Ottima copertura e finitura professionale. Non contiene DBP, formaldeide e toluene.<\/p>\n","protected":false},"featured_media":22333,"comment_status":"closed","ping_status":"closed","template":"","meta":{"wds_primary_product_brand":0,"wds_primary_product_cat":0},"product_brand":[],"product_cat":[461,480,446],"product_tag":[],"class_list":{"0":"post-33691","1":"product","2":"type-product","3":"status-publish","4":"has-post-thumbnail","6":"product_cat-cura-personale","7":"product_cat-prodotti-intelligenti-e-diversita","8":"product_cat-smalti-per-unghie-trattamento","10":"first","11":"instock","12":"sale","13":"purchasable","14":"product-type-simple"},"_links":{"self":[{"href":"https:\/\/www.asimis-market.com\/it\/wp-json\/wp\/v2\/product\/33691","targetHints":{"allow":["GET"]}}],"collection":[{"href":"https:\/\/www.asimis-market.com\/it\/wp-json\/wp\/v2\/product"}],"about":[{"href":"https:\/\/www.asimis-market.com\/it\/wp-json\/wp\/v2\/types\/product"}],"replies":[{"embeddable":true,"href":"https:\/\/www.asimis-market.com\/it\/wp-json\/wp\/v2\/comments?post=33691"}],"wp:featuredmedia":[{"embeddable":true,"href":"https:\/\/www.asimis-market.com\/it\/wp-json\/wp\/v2\/media\/22333"}],"wp:attachment":[{"href":"https:\/\/www.asimis-market.com\/it\/wp-json\/wp\/v2\/media?parent=33691"}],"wp:term":[{"taxonomy":"product_brand","embeddable":true,"href":"https:\/\/www.asimis-market.com\/it\/wp-json\/wp\/v2\/product_brand?post=33691"},{"taxonomy":"product_cat","embeddable":true,"href":"https:\/\/www.asimis-market.com\/it\/wp-json\/wp\/v2\/product_cat?post=33691"},{"taxonomy":"product_tag","embeddable":true,"href":"https:\/\/www.asimis-market.com\/it\/wp-json\/wp\/v2\/product_tag?post=33691"}],"curies":[{"name":"wp","href":"https:\/\/api.w.org\/{rel}","templated":true}]}}