{"id":34199,"date":"2023-10-12T17:14:39","date_gmt":"2023-10-12T14:14:39","guid":{"rendered":"https:\/\/www.asimis-market.com\/product\/impala-blush-on-rouz-no3\/"},"modified":"2023-10-12T17:14:39","modified_gmt":"2023-10-12T14:14:39","slug":"impala-blush-on-rouz-no3","status":"publish","type":"product","link":"https:\/\/www.asimis-market.com\/it\/prodotto\/impala-blush-on-rouz-no3\/","title":{"rendered":"IMPALA blush-on ROUZ No3."},"content":{"rendered":"<p><strong><span style=\"font-size: 130%;\">IMPALA blush-on ROUZ No3.<\/span><br \/>\n<\/strong><\/p>\n<p><strong>La verit\u00e0 \u00e8 che quando impala ruby rose \u00e8 apparsa per la prima volta nei miei negozi fisici, ho avuto un problema con i saldi perch\u00e9 ogni donna interessata rimaneva colpita da un prezzo cos\u00ec basso, ovviamente le ho spiegato che qui non si paga la pubblicit\u00e0 e che Non metto le enormi percentuali di profitto come se gestisse un negozio che vende solo cosmetici.<\/strong><\/p>\n<p><strong>Ho spiegato che ho altri prodotti e che non mi interessa guadagnare un po&#8217; di soldi con un cosmetico.<\/strong><\/p>\n<p><strong>quindi con cautela hanno iniziato ad acquistare il prodotto RISULTATO clienti permanenti<\/strong><\/p>\n<p><strong>non solo in questo particolare prodotto ma in tutti gli impala e successivamente e fanatici posso dire clienti!!! nei cosmetici alla rosa rubino.<\/strong><\/p>\n<p><strong>LA CONFEZIONE CONTIENE UN PENNELLO.<\/strong><\/p>\n<p><strong>PRODOTTO TEDESCO.<\/strong><\/p>\n<p><img decoding=\"async\" class=\"alignnone size-medium wp-image-6792\" src=\"https:\/\/www.asimis-market.com\/wp-content\/uploads\/2018\/02\/rouz-impala-asimis-market.gr_-300x300.jpg\"><\/p>\n","protected":false},"excerpt":{"rendered":"<p>IMPALA blush-on ROUZ No3. La verit\u00e0 \u00e8 che quando impala ruby rose \u00e8 apparsa per la prima volta nei miei negozi fisici, ho avuto un problema con i saldi perch\u00e9 ogni donna interessata rimaneva colpita da un prezzo cos\u00ec basso, ovviamente le ho spiegato che qui non si paga la pubblicit\u00e0 e che Non metto [&#8230;]\n","protected":false},"featured_media":21989,"comment_status":"closed","ping_status":"closed","template":"","meta":{"wds_primary_product_brand":0,"wds_primary_product_cat":0},"product_brand":[],"product_cat":[439,480,417],"product_tag":[],"class_list":{"0":"post-34199","1":"product","2":"type-product","3":"status-publish","4":"has-post-thumbnail","6":"product_cat-makeup-it","7":"product_cat-prodotti-intelligenti-e-diversita","8":"product_cat-trattamento-facciale","9":"product_shipping_class-buste","11":"first","12":"instock","13":"purchasable","14":"product-type-simple"},"_links":{"self":[{"href":"https:\/\/www.asimis-market.com\/it\/wp-json\/wp\/v2\/product\/34199","targetHints":{"allow":["GET"]}}],"collection":[{"href":"https:\/\/www.asimis-market.com\/it\/wp-json\/wp\/v2\/product"}],"about":[{"href":"https:\/\/www.asimis-market.com\/it\/wp-json\/wp\/v2\/types\/product"}],"replies":[{"embeddable":true,"href":"https:\/\/www.asimis-market.com\/it\/wp-json\/wp\/v2\/comments?post=34199"}],"wp:featuredmedia":[{"embeddable":true,"href":"https:\/\/www.asimis-market.com\/it\/wp-json\/wp\/v2\/media\/21989"}],"wp:attachment":[{"href":"https:\/\/www.asimis-market.com\/it\/wp-json\/wp\/v2\/media?parent=34199"}],"wp:term":[{"taxonomy":"product_brand","embeddable":true,"href":"https:\/\/www.asimis-market.com\/it\/wp-json\/wp\/v2\/product_brand?post=34199"},{"taxonomy":"product_cat","embeddable":true,"href":"https:\/\/www.asimis-market.com\/it\/wp-json\/wp\/v2\/product_cat?post=34199"},{"taxonomy":"product_tag","embeddable":true,"href":"https:\/\/www.asimis-market.com\/it\/wp-json\/wp\/v2\/product_tag?post=34199"}],"curies":[{"name":"wp","href":"https:\/\/api.w.org\/{rel}","templated":true}]}}