{"id":34267,"date":"2023-10-12T17:13:13","date_gmt":"2023-10-12T14:13:13","guid":{"rendered":"https:\/\/www.asimis-market.com\/product\/24-filtri-posizionamento-42902-090-per-tutti-nono-tubi-cigarette-holder-extra-slim-42907-122-42902-099-098-slim-42902-095-097-regolare-42902-091-scatola-da-12-pezzi\/"},"modified":"2024-02-17T23:19:01","modified_gmt":"2024-02-17T20:19:01","slug":"24-filtri-posizionamento-42902-090-per-tutti-nono-tubi-cigarette-holder-extra-slim-42907-122-42902-099-098-slim-42902-095-097-regolare-42902-091-scatola-da-12-pezzi","status":"publish","type":"product","link":"https:\/\/www.asimis-market.com\/it\/prodotto\/24-filtri-posizionamento-42902-090-per-tutti-nono-tubi-cigarette-holder-extra-slim-42907-122-42902-099-098-slim-42902-095-097-regolare-42902-091-scatola-da-12-pezzi\/","title":{"rendered":"24 SOSTITUZIONE FILTRI 42902-090 PER TUTTI NONO TUBI CIGARETTE HOLDER EXTRA SLIM 42907-122\/42902-099 098\/SLIM 42902-095 097\/REGOLARE 42902-091 SCATOLA DA 12 PEZZI"},"content":{"rendered":"<p><strong><span style=\"font-size: 130%;\">24 SOSTITUZIONE FILTRI 42902-090 PER TUTTI NONO TUBI CIGARETTE HOLDER EXTRA SLIM 42907-122\/42902-099 098\/SLIM 42902-095 097\/REGOLARE 42902-091 SCATOLA DA 12 PEZZI<\/span><\/strong><\/p>\n<div>Massima ritenzione di catrame e nicotina, Le sue fibre extra assorbenti intrappolano efficacemente le emissioni di catrame e nicotina, bloccando le sostanze nocive e i liquidi, in modo che non entrino in contatto diretto con la bocca del fumatore, Combinazione unica di durata. Adatto anche ai fumi pi\u00f9 pesanti. La pipa del nonno \u00e8 sterilizzata e rimane pulita pi\u00f9 a lungo. Per ottenere risultati migliori, sostituire il filtro quando cambia colore.<\/div>\n<div><\/div>\n<ul>\n<li><strong>Per un risultato pi\u00f9 corretto, cambiamo il filtro verde di ricambio quando cambia colore, all&#8217;incirca ogni 10 &#8211; 15 sigarette di torsione.<\/strong><\/li>\n<li><strong>filtro verde di ricambio in cotone per pipa da sigaretta PER TUTTE LE PIPE DEL NONNO EXTRA SLIM 42907-122\/42902-099 o 098\/SLIM 42902-095 097\/REGOLARE 42902-091)<\/strong><\/li>\n<li><strong>24 pezzi per confezione.<\/strong><\/li>\n<li><strong>scatola intera 12 pacchi<\/strong><\/li>\n<li><strong>Code 42902-090.<\/strong><\/li>\n<\/ul>\n<p><img decoding=\"async\" class=\"alignnone size-full wp-image-6155\" src=\"https:\/\/www.asimis-market.com\/wp-content\/uploads\/2018\/02\/to-filtro-tou-pappou.jpg\" alt=\" larghezza=\" height=\"225\"><\/p>\n","protected":false},"excerpt":{"rendered":"<p>24 SOSTITUZIONE FILTRI 42902-090 PER TUTTI NONO TUBI CIGARETTE HOLDER EXTRA SLIM 42907-122\/42902-099 098\/SLIM 42902-095 097\/REGOLARE 42902-091 SCATOLA DA 12 PEZZI Massima ritenzione di catrame e nicotina, Le sue fibre extra assorbenti intrappolano efficacemente le emissioni di catrame e nicotina, bloccando le sostanze nocive e i liquidi, in modo che non entrino in contatto diretto [&#8230;]\n","protected":false},"featured_media":21643,"comment_status":"closed","ping_status":"closed","template":"","meta":{"wds_primary_product_brand":0,"wds_primary_product_cat":0},"product_brand":[],"product_cat":[387],"product_tag":[],"class_list":{"0":"post-34267","1":"product","2":"type-product","3":"status-publish","4":"has-post-thumbnail","6":"product_cat-cigarette-holder-tubi-per-sigarette","8":"first","9":"instock","10":"sale","11":"purchasable","12":"product-type-simple"},"_links":{"self":[{"href":"https:\/\/www.asimis-market.com\/it\/wp-json\/wp\/v2\/product\/34267","targetHints":{"allow":["GET"]}}],"collection":[{"href":"https:\/\/www.asimis-market.com\/it\/wp-json\/wp\/v2\/product"}],"about":[{"href":"https:\/\/www.asimis-market.com\/it\/wp-json\/wp\/v2\/types\/product"}],"replies":[{"embeddable":true,"href":"https:\/\/www.asimis-market.com\/it\/wp-json\/wp\/v2\/comments?post=34267"}],"wp:featuredmedia":[{"embeddable":true,"href":"https:\/\/www.asimis-market.com\/it\/wp-json\/wp\/v2\/media\/21643"}],"wp:attachment":[{"href":"https:\/\/www.asimis-market.com\/it\/wp-json\/wp\/v2\/media?parent=34267"}],"wp:term":[{"taxonomy":"product_brand","embeddable":true,"href":"https:\/\/www.asimis-market.com\/it\/wp-json\/wp\/v2\/product_brand?post=34267"},{"taxonomy":"product_cat","embeddable":true,"href":"https:\/\/www.asimis-market.com\/it\/wp-json\/wp\/v2\/product_cat?post=34267"},{"taxonomy":"product_tag","embeddable":true,"href":"https:\/\/www.asimis-market.com\/it\/wp-json\/wp\/v2\/product_tag?post=34267"}],"curies":[{"name":"wp","href":"https:\/\/api.w.org\/{rel}","templated":true}]}}