{"id":34310,"date":"2023-10-12T17:12:54","date_gmt":"2023-10-12T14:12:54","guid":{"rendered":"https:\/\/www.asimis-market.com\/product\/filtri-nonno-47630-5-7-mm-extra-slim-300-filtri-in-cellophane-per-confezione-solo-confezione-senza-scatola\/"},"modified":"2023-10-12T17:12:54","modified_gmt":"2023-10-12T14:12:54","slug":"filtri-nonno-47630-5-7-mm-extra-slim-300-filtri-in-cellophane-per-confezione-solo-confezione-senza-scatola","status":"publish","type":"product","link":"https:\/\/www.asimis-market.com\/it\/prodotto\/filtri-nonno-47630-5-7-mm-extra-slim-300-filtri-in-cellophane-per-confezione-solo-confezione-senza-scatola\/","title":{"rendered":"FILTRI NONNO 47630 5.7 mm EXTRA SLIM 300 FILTRI IN CELLOPHANE PER CONFEZIONE SOLO CONFEZIONE SENZA SCATOLA"},"content":{"rendered":"<p><span style=\"color: #0000ff; font-size: 120%;\"><strong>FILTRI NONNO 47630 5,7 mm EXTRA SLIM<\/strong><\/span><\/p>\n<p><span style=\"color: #0000ff; font-size: 120%;\"><strong>300 FILTRI IN CELLOPHANE PER CONFEZIONE SOLO CONFEZIONE SENZA SCATOLA<\/strong><\/span><\/p>\n<div><\/div>\n<div>FILTRI DEL NONNO 47630 5,7 mm EXTRA SLIM IN CONFEZIONE ECONOMICA CON 300 FILTRI<\/div>\n<div>IN CELLOPHANE IN UNA COMODA CONFEZIONE.<\/div>\n<div>QUESTO PARTICOLARE FILTRO \u00c8 PROGETTATO PER COMPETERE CON LO SWAN GIALLO.<\/div>\n<div>LA SUA ARMA PI\u00d9 GRANDE \u00c8 IL PREZZO.<\/div>\n<p><img decoding=\"async\" class=\"alignnone size-full wp-image-6155\" src=\"https:\/\/www.asimis-market.com\/wp-content\/uploads\/2018\/02\/to-filtro-tou-pappou.jpg\" alt=\" larghezza=\" height=\"225\"><\/p>\n","protected":false},"excerpt":{"rendered":"<p>FILTRI NONNO 47630 5,7 mm EXTRA SLIM 300 FILTRI IN CELLOPHANE PER CONFEZIONE SOLO CONFEZIONE SENZA SCATOLA FILTRI DEL NONNO 47630 5,7 mm EXTRA SLIM IN CONFEZIONE ECONOMICA CON 300 FILTRI IN CELLOPHANE IN UNA COMODA CONFEZIONE. QUESTO PARTICOLARE FILTRO \u00c8 PROGETTATO PER COMPETERE CON LO SWAN GIALLO. LA SUA ARMA PI\u00d9 GRANDE \u00c8 IL [&#8230;]\n","protected":false},"featured_media":21573,"comment_status":"closed","ping_status":"closed","template":"","meta":{"wds_primary_product_brand":0,"wds_primary_product_cat":0},"product_brand":[],"product_cat":[483,486],"product_tag":[],"class_list":{"0":"post-34310","1":"product","2":"type-product","3":"status-publish","4":"has-post-thumbnail","6":"product_cat-filtri","7":"product_cat-filtri-nonno","9":"first","10":"instock","11":"sale","12":"purchasable","13":"product-type-simple"},"_links":{"self":[{"href":"https:\/\/www.asimis-market.com\/it\/wp-json\/wp\/v2\/product\/34310","targetHints":{"allow":["GET"]}}],"collection":[{"href":"https:\/\/www.asimis-market.com\/it\/wp-json\/wp\/v2\/product"}],"about":[{"href":"https:\/\/www.asimis-market.com\/it\/wp-json\/wp\/v2\/types\/product"}],"replies":[{"embeddable":true,"href":"https:\/\/www.asimis-market.com\/it\/wp-json\/wp\/v2\/comments?post=34310"}],"wp:featuredmedia":[{"embeddable":true,"href":"https:\/\/www.asimis-market.com\/it\/wp-json\/wp\/v2\/media\/21573"}],"wp:attachment":[{"href":"https:\/\/www.asimis-market.com\/it\/wp-json\/wp\/v2\/media?parent=34310"}],"wp:term":[{"taxonomy":"product_brand","embeddable":true,"href":"https:\/\/www.asimis-market.com\/it\/wp-json\/wp\/v2\/product_brand?post=34310"},{"taxonomy":"product_cat","embeddable":true,"href":"https:\/\/www.asimis-market.com\/it\/wp-json\/wp\/v2\/product_cat?post=34310"},{"taxonomy":"product_tag","embeddable":true,"href":"https:\/\/www.asimis-market.com\/it\/wp-json\/wp\/v2\/product_tag?post=34310"}],"curies":[{"name":"wp","href":"https:\/\/api.w.org\/{rel}","templated":true}]}}