{"id":34319,"date":"2023-10-12T17:12:54","date_gmt":"2023-10-12T14:12:54","guid":{"rendered":"https:\/\/www.asimis-market.com\/product\/rolling-filters-slim-6-12-mm-pop-out-filter-108-filtri-per-confezione-by-filtraki-scatola-da-20-pezzi\/"},"modified":"2024-06-25T23:08:47","modified_gmt":"2024-06-25T20:08:47","slug":"rolling-filters-slim-6-12-mm-pop-out-filter-108-filtri-per-confezione-by-filtraki-scatola-da-20-pezzi","status":"publish","type":"product","link":"https:\/\/www.asimis-market.com\/it\/prodotto\/rolling-filters-slim-6-12-mm-pop-out-filter-108-filtri-per-confezione-by-filtraki-scatola-da-20-pezzi\/","title":{"rendered":"FILTRI SLIM 6.12 mm POP OUT 108 FILTRI PER CONFEZIONE By Filtraki SCATOLA DA 20 PEZZI"},"content":{"rendered":"<div id=\"tab-description\" class=\"panel entry-content active\">\n<p><strong><span style=\"font-size: 120%;\">FILTRI SLIM 6.12 mm POP OUT 108 FILTRI PER CONFEZIONE By Filtraki SCATOLA DA 20 PEZZI<\/span><\/strong><\/p>\n<div>108 Filtri in barrette di ottima qualit\u00e0 e al prezzo pi\u00f9 basso<\/div>\n<div><\/div>\n<div>rispetto alla quantit\u00e0 che si ottiene da tutti gli altri filtri dell&#8217;eshop asimis-market<\/div>\n<div><\/div>\n<div>molto buono per il comfort in ogni uso per la torsione di una sigaretta attorcigliata.<\/div>\n<div><\/div>\n<div><strong> Caratteristiche<\/strong><\/div>\n<div><\/div>\n<ul>\n<li>SPESSORE: 6.12 mm slim<\/li>\n<li>108 Filters per confezione<\/li>\n<li>SCATOLA DA 20 PEZZI<\/li>\n<li>Tipo: filtri pop out In bar.<\/li>\n<li>Made by ROLL &amp; RULL company 178 Marathonos Avenue, Heraklion, Attica, Attica.<\/li>\n<\/ul>\n<div>\n<p>&nbsp;<\/p>\n<\/div>\n<div>\n<p><img decoding=\"async\" class=\"alignnone size-medium wp-image-10862\" src=\"https:\/\/www.asimis-market.com\/wp-content\/uploads\/2019\/07\/logo-Filtraki-300x260.jpg\" alt=\" larghezza=\" height=\"260\"><\/p>\n<\/div>\n<\/div>\n","protected":false},"excerpt":{"rendered":"<p>FILTRI SLIM 6.12 mm POP OUT 108 FILTRI PER CONFEZIONE By Filtraki SCATOLA DA 20 PEZZI 108 Filtri in barrette di ottima qualit\u00e0 e al prezzo pi\u00f9 basso rispetto alla quantit\u00e0 che si ottiene da tutti gli altri filtri dell&#8217;eshop asimis-market molto buono per il comfort in ogni uso per la torsione di una sigaretta [&#8230;]\n","protected":false},"featured_media":21553,"comment_status":"closed","ping_status":"closed","template":"","meta":{"wds_primary_product_brand":0,"wds_primary_product_cat":0},"product_brand":[],"product_cat":[483,485],"product_tag":[],"class_list":{"0":"post-34319","1":"product","2":"type-product","3":"status-publish","4":"has-post-thumbnail","6":"product_cat-filtri","7":"product_cat-filtri-filtraki","9":"first","10":"instock","11":"sale","12":"purchasable","13":"product-type-simple"},"_links":{"self":[{"href":"https:\/\/www.asimis-market.com\/it\/wp-json\/wp\/v2\/product\/34319","targetHints":{"allow":["GET"]}}],"collection":[{"href":"https:\/\/www.asimis-market.com\/it\/wp-json\/wp\/v2\/product"}],"about":[{"href":"https:\/\/www.asimis-market.com\/it\/wp-json\/wp\/v2\/types\/product"}],"replies":[{"embeddable":true,"href":"https:\/\/www.asimis-market.com\/it\/wp-json\/wp\/v2\/comments?post=34319"}],"wp:featuredmedia":[{"embeddable":true,"href":"https:\/\/www.asimis-market.com\/it\/wp-json\/wp\/v2\/media\/21553"}],"wp:attachment":[{"href":"https:\/\/www.asimis-market.com\/it\/wp-json\/wp\/v2\/media?parent=34319"}],"wp:term":[{"taxonomy":"product_brand","embeddable":true,"href":"https:\/\/www.asimis-market.com\/it\/wp-json\/wp\/v2\/product_brand?post=34319"},{"taxonomy":"product_cat","embeddable":true,"href":"https:\/\/www.asimis-market.com\/it\/wp-json\/wp\/v2\/product_cat?post=34319"},{"taxonomy":"product_tag","embeddable":true,"href":"https:\/\/www.asimis-market.com\/it\/wp-json\/wp\/v2\/product_tag?post=34319"}],"curies":[{"name":"wp","href":"https:\/\/api.w.org\/{rel}","templated":true}]}}