{"id":34323,"date":"2023-10-12T17:12:54","date_gmt":"2023-10-12T14:12:54","guid":{"rendered":"https:\/\/www.asimis-market.com\/product\/filtri-super-slim-5-6-mm-pop-out-120-filtri-per-confezione-scatola-da-20-pezzi-by-filtraki\/"},"modified":"2024-02-20T03:22:31","modified_gmt":"2024-02-20T00:22:31","slug":"filtri-super-slim-5-6-mm-pop-out-120-filtri-per-confezione-scatola-da-20-pezzi-by-filtraki","status":"publish","type":"product","link":"https:\/\/www.asimis-market.com\/it\/prodotto\/filtri-super-slim-5-6-mm-pop-out-120-filtri-per-confezione-scatola-da-20-pezzi-by-filtraki\/","title":{"rendered":"FILTRI SUPER SLIM 5.6 mm POP OUT 120 FILTRI PER CONFEZIONE SCATOLA DA 20 PEZZI By Filtraki"},"content":{"rendered":"<p><span style=\"font-size: 120%;\"><strong>FILTRI SUPER SLIM 5.6 mm POP OUT 120 FILTRI PER CONFEZIONE SCATOLA DA 20 PEZZI By Filtraki<\/strong><\/span><\/p>\n<div style=\"text-align: left;\">120 Filtri in barrette di ottima qualit\u00e0 e al prezzo pi\u00f9 basso rispetto alla quantit\u00e0 che ottieni da tutti gli altri filtri dell&#8217;eshop asimis-market<\/div>\n<div><\/div>\n<div style=\"text-align: left;\">molto buono per il comfort in ogni uso per la torsione di una sigaretta attorcigliata.<\/div>\n<div><\/div>\n<div><strong>Caratteristiche<\/strong><\/div>\n<ul>\n<li>SPESSORE: 5.6mm<\/li>\n<li>120 Filters per confezione<\/li>\n<li>SCATOLA DA 20 PEZZI<\/li>\n<li>Tipo: filtri pop out In bar.<\/li>\n<li>Prodotto dalla societ\u00e0 ROLL &amp; RULL 178 Marathonos Avenue, Heraklion, Attica, Attica.<\/li>\n<\/ul>\n<p><img decoding=\"async\" class=\"alignnone size-medium wp-image-10862\" src=\"https:\/\/www.asimis-market.com\/wp-content\/uploads\/2019\/07\/logo-Filtraki-300x260.jpg\" alt=\" larghezza=\" height=\"260\"><\/p>\n","protected":false},"excerpt":{"rendered":"<p>FILTRI SUPER SLIM 5.6 mm POP OUT 120 FILTRI PER CONFEZIONE SCATOLA DA 20 PEZZI By Filtraki 120 Filtri in barrette di ottima qualit\u00e0 e al prezzo pi\u00f9 basso rispetto alla quantit\u00e0 che ottieni da tutti gli altri filtri dell&#8217;eshop asimis-market molto buono per il comfort in ogni uso per la torsione di una sigaretta [&#8230;]\n","protected":false},"featured_media":21549,"comment_status":"closed","ping_status":"closed","template":"","meta":{"wds_primary_product_brand":0,"wds_primary_product_cat":0},"product_brand":[],"product_cat":[483,485],"product_tag":[],"class_list":{"0":"post-34323","1":"product","2":"type-product","3":"status-publish","4":"has-post-thumbnail","6":"product_cat-filtri","7":"product_cat-filtri-filtraki","9":"first","10":"instock","11":"sale","12":"purchasable","13":"product-type-simple"},"_links":{"self":[{"href":"https:\/\/www.asimis-market.com\/it\/wp-json\/wp\/v2\/product\/34323","targetHints":{"allow":["GET"]}}],"collection":[{"href":"https:\/\/www.asimis-market.com\/it\/wp-json\/wp\/v2\/product"}],"about":[{"href":"https:\/\/www.asimis-market.com\/it\/wp-json\/wp\/v2\/types\/product"}],"replies":[{"embeddable":true,"href":"https:\/\/www.asimis-market.com\/it\/wp-json\/wp\/v2\/comments?post=34323"}],"wp:featuredmedia":[{"embeddable":true,"href":"https:\/\/www.asimis-market.com\/it\/wp-json\/wp\/v2\/media\/21549"}],"wp:attachment":[{"href":"https:\/\/www.asimis-market.com\/it\/wp-json\/wp\/v2\/media?parent=34323"}],"wp:term":[{"taxonomy":"product_brand","embeddable":true,"href":"https:\/\/www.asimis-market.com\/it\/wp-json\/wp\/v2\/product_brand?post=34323"},{"taxonomy":"product_cat","embeddable":true,"href":"https:\/\/www.asimis-market.com\/it\/wp-json\/wp\/v2\/product_cat?post=34323"},{"taxonomy":"product_tag","embeddable":true,"href":"https:\/\/www.asimis-market.com\/it\/wp-json\/wp\/v2\/product_tag?post=34323"}],"curies":[{"name":"wp","href":"https:\/\/api.w.org\/{rel}","templated":true}]}}