{"id":34346,"date":"2023-10-12T17:12:32","date_gmt":"2023-10-12T14:12:32","guid":{"rendered":"https:\/\/www.asimis-market.com\/product\/filtri-slim-6-12mm-pop-out-15012-gift162-filtri-per-confezione-solo-confezione-senza-scatola-by-filtraki\/"},"modified":"2024-02-21T03:48:25","modified_gmt":"2024-02-21T00:48:25","slug":"filtri-slim-6-12mm-pop-out-15012-gift162-filtri-per-confezione-solo-confezione-senza-scatola-by-filtraki","status":"publish","type":"product","link":"https:\/\/www.asimis-market.com\/it\/prodotto\/filtri-slim-6-12mm-pop-out-15012-gift162-filtri-per-confezione-solo-confezione-senza-scatola-by-filtraki\/","title":{"rendered":"FILTRI SLIM 6.12mm POP OUT 150+12 REGALO=162 FILTRI PER CONFEZIONE SOLO CONFEZIONE SENZA SCATOLA By Filtraki"},"content":{"rendered":"<p><span style=\"color: #0000ff;\"><strong>FILTRI SLIM 6.12mm POP OUT 150+12 REGALO=162 FILTRI PER CONFEZIONE<\/strong><\/span><\/p>\n<p><span style=\"color: #0000ff;\"><strong>SOLO CONFEZIONE SENZA SCATOLA By Filtraki<\/strong><\/span><\/p>\n<div>162 Filtri in barrette di ottima qualit\u00e0 e al prezzo pi\u00f9 basso<\/div>\n<div><\/div>\n<div>rispetto alla quantit\u00e0 che ottieni da tutti gli altri filtri di eshop asimis-market<\/div>\n<div><\/div>\n<div>Cassetto di confezionamento molto buono per la comodit\u00e0 in ogni utilizzo per attorcigliare una sigaretta attorcigliata.<\/div>\n<div><\/div>\n<div>caratteristiche<\/div>\n<div>\n<ul>\n<li>dimensioni: 6.12mm<\/li>\n<li>162 filtri in ogni confezione<\/li>\n<li>18 confezioni per scatola intera<\/li>\n<li>Tipo: filtri pop out In bar.<\/li>\n<li>Prodotto dalla societ\u00e0 ROLL &amp; RULL 178 Marathonos Avenue, Heraklion, Attica, Attica.<\/li>\n<\/ul>\n<\/div>\n<div>\n<p><img decoding=\"async\" class=\"alignnone size-medium wp-image-10862\" src=\"https:\/\/www.asimis-market.com\/wp-content\/uploads\/2019\/07\/logo-Filtraki-300x260.jpg\" alt=\" larghezza=\" height=\"260\"><\/p>\n<\/div>\n","protected":false},"excerpt":{"rendered":"<p>FILTRI SLIM 6.12mm POP OUT 150+12 REGALO=162 FILTRI PER CONFEZIONE SOLO CONFEZIONE SENZA SCATOLA By Filtraki 162 Filtri in barrette di ottima qualit\u00e0 e al prezzo pi\u00f9 basso rispetto alla quantit\u00e0 che ottieni da tutti gli altri filtri di eshop asimis-market Cassetto di confezionamento molto buono per la comodit\u00e0 in ogni utilizzo per attorcigliare una [&#8230;]\n","protected":false},"featured_media":21519,"comment_status":"closed","ping_status":"closed","template":"","meta":{"wds_primary_product_brand":0,"wds_primary_product_cat":0},"product_brand":[],"product_cat":[483,485],"product_tag":[],"class_list":{"0":"post-34346","1":"product","2":"type-product","3":"status-publish","4":"has-post-thumbnail","6":"product_cat-filtri","7":"product_cat-filtri-filtraki","8":"product_shipping_class-buste","10":"first","11":"instock","12":"sale","13":"purchasable","14":"product-type-simple"},"_links":{"self":[{"href":"https:\/\/www.asimis-market.com\/it\/wp-json\/wp\/v2\/product\/34346","targetHints":{"allow":["GET"]}}],"collection":[{"href":"https:\/\/www.asimis-market.com\/it\/wp-json\/wp\/v2\/product"}],"about":[{"href":"https:\/\/www.asimis-market.com\/it\/wp-json\/wp\/v2\/types\/product"}],"replies":[{"embeddable":true,"href":"https:\/\/www.asimis-market.com\/it\/wp-json\/wp\/v2\/comments?post=34346"}],"wp:featuredmedia":[{"embeddable":true,"href":"https:\/\/www.asimis-market.com\/it\/wp-json\/wp\/v2\/media\/21519"}],"wp:attachment":[{"href":"https:\/\/www.asimis-market.com\/it\/wp-json\/wp\/v2\/media?parent=34346"}],"wp:term":[{"taxonomy":"product_brand","embeddable":true,"href":"https:\/\/www.asimis-market.com\/it\/wp-json\/wp\/v2\/product_brand?post=34346"},{"taxonomy":"product_cat","embeddable":true,"href":"https:\/\/www.asimis-market.com\/it\/wp-json\/wp\/v2\/product_cat?post=34346"},{"taxonomy":"product_tag","embeddable":true,"href":"https:\/\/www.asimis-market.com\/it\/wp-json\/wp\/v2\/product_tag?post=34346"}],"curies":[{"name":"wp","href":"https:\/\/api.w.org\/{rel}","templated":true}]}}