{"id":34710,"date":"2023-10-12T17:10:33","date_gmt":"2023-10-12T14:10:33","guid":{"rendered":"https:\/\/www.asimis-market.com\/product\/nonno-47563-arrotolare-cartine-rosa-cartina-corta-spessore-medio-175gr-m2-60-foglie-per-confezione-scatola-da-50-pezzi\/"},"modified":"2026-02-17T04:03:55","modified_gmt":"2026-02-17T02:03:55","slug":"nonno-47563-arrotolare-cartine-rosa-cartina-corta-spessore-medio-175gr-m2-60-foglie-per-confezione-scatola-da-50-pezzi","status":"publish","type":"product","link":"https:\/\/www.asimis-market.com\/it\/prodotto\/nonno-47563-arrotolare-cartine-rosa-cartina-corta-spessore-medio-175gr-m2-60-foglie-per-confezione-scatola-da-50-pezzi\/","title":{"rendered":"NONNO 47563 ROSA ARROTOLARE CARTINE COLORE ROSA NON BIANCO CARTINA CORTA SPESSORE MEDIO 17,5 G\/M2 60 FOGLIE PER CONFEZIONE SCATOLA DA 50 PEZZI"},"content":{"rendered":"<p><span style=\"color: #0000ff;\"><strong><span style=\"font-size: 150%;\">NONNO 47563 ARROTOLARE CARTINE ROSA CARTINA CORTA<\/span><\/strong><\/span><\/p>\n<p><span style=\"color: #0000ff;\"><strong><span style=\"font-size: 150%;\">SPESSORE MEDIO 17,5gr\/m2 60 FOGLIE PER CONFEZIONE SCATOLA DA 50 PEZZI<\/span><\/strong><\/span><\/p>\n<ul>\n<li><strong>Le carte rosa 47563 del nonno hanno un cartine regolare in una tonalit\u00e0 rosa<\/strong><\/li>\n<li><strong>Confezione da 60 fogli e dimensioni: 35 x 70 mm.<\/strong><\/li>\n<li><strong>Le cartine rosa Grandfathers 47563 ci riportano sicuramente ai vecchi tempi in cui i produttori fumavano le mitiche cartine rosa per sigarette e il loro colore \u00e8 sicuramente un fattore determinante per la scelta del nonno da parte del fumatore.<\/strong><\/li>\n<li><strong>Il loro spessore \u00e8 normale e possiamo paragonarli ai verdi Rizla.<\/strong><\/li>\n<li><strong>Le carte di nostro nonno ci riportano alla tradizione dei fratelli Kolokas. Matrimonio dello stile di fumare di ieri con quello di oggi.<\/strong><\/li>\n<\/ul>\n<p><strong>Molte persone ci chiedono quali siano le differenze tra le carte del nonno e quelle Rizla. Ognuno si dar\u00e0 la risposta quando li prover\u00e0. \u00c8 sufficiente conoscere la grammatura di ogni carta, cio\u00e8 lo spessore, che determina se un pezzo di carta brucia velocemente o lentamente. Ad esempio, se confrontiamo la carta rosa del nonno con la rizla arancione, scopriremo che la rosa brucia pi\u00f9 lentamente e si spegne pi\u00f9 volte rispetto alla rizla arancione. Se confrontiamo ancora la carta rosa del nonno con rizla micron e sertiko lahani scopriremo che rizla micron e sertiko lahani \u00e8 ancora pi\u00f9 lenta di quella rosa del nonno e pi\u00f9 chiara.<\/strong><\/p>\n<p>Caratteristiche<br \/>\n\u00e8 difficile da estinguere<br \/>\ncenere normale<br \/>\ngrammatura carta: 17 g\/m2 spessore medio<br \/>\ncolore rosa non bianco<br \/>\ndimensioni: 35 mm x 70 mm misura piccola normale<br \/>\n60 fogli per confezione<br \/>\nscatola intera da 50 pacchi<br \/>\ncodice: 47563<\/p>\n<p><img decoding=\"async\" class=\"alignnone size-full wp-image-6155\" src=\"https:\/\/www.asimis-market.com\/wp-content\/uploads\/2018\/02\/to-filtro-tou-pappou.jpg\" alt=\" larghezza=\" height=\"225\" \/><\/p>\n","protected":false},"excerpt":{"rendered":"<p>NONNO 47563 ARROTOLARE CARTINE ROSA CARTINA CORTA SPESSORE MEDIO 17,5gr\/m2 60 FOGLIE PER CONFEZIONE SCATOLA DA 50 PEZZI Le carte rosa 47563 del nonno hanno un cartine regolare in una tonalit\u00e0 rosa Confezione da 60 fogli e dimensioni: 35 x 70 mm. Le cartine rosa Grandfathers 47563 ci riportano sicuramente ai vecchi tempi in cui [&#8230;]\n","protected":false},"featured_media":21103,"comment_status":"closed","ping_status":"closed","template":"","meta":{"wds_primary_product_brand":0,"wds_primary_product_cat":0},"product_brand":[],"product_cat":[488,451],"product_tag":[],"class_list":{"0":"post-34710","1":"product","2":"type-product","3":"status-publish","4":"has-post-thumbnail","6":"product_cat-cartine","7":"product_cat-cartine-nonno","9":"first","10":"instock","11":"sale","12":"purchasable","13":"product-type-simple"},"_links":{"self":[{"href":"https:\/\/www.asimis-market.com\/it\/wp-json\/wp\/v2\/product\/34710","targetHints":{"allow":["GET"]}}],"collection":[{"href":"https:\/\/www.asimis-market.com\/it\/wp-json\/wp\/v2\/product"}],"about":[{"href":"https:\/\/www.asimis-market.com\/it\/wp-json\/wp\/v2\/types\/product"}],"replies":[{"embeddable":true,"href":"https:\/\/www.asimis-market.com\/it\/wp-json\/wp\/v2\/comments?post=34710"}],"wp:featuredmedia":[{"embeddable":true,"href":"https:\/\/www.asimis-market.com\/it\/wp-json\/wp\/v2\/media\/21103"}],"wp:attachment":[{"href":"https:\/\/www.asimis-market.com\/it\/wp-json\/wp\/v2\/media?parent=34710"}],"wp:term":[{"taxonomy":"product_brand","embeddable":true,"href":"https:\/\/www.asimis-market.com\/it\/wp-json\/wp\/v2\/product_brand?post=34710"},{"taxonomy":"product_cat","embeddable":true,"href":"https:\/\/www.asimis-market.com\/it\/wp-json\/wp\/v2\/product_cat?post=34710"},{"taxonomy":"product_tag","embeddable":true,"href":"https:\/\/www.asimis-market.com\/it\/wp-json\/wp\/v2\/product_tag?post=34710"}],"curies":[{"name":"wp","href":"https:\/\/api.w.org\/{rel}","templated":true}]}}