{"id":34749,"date":"2023-10-12T17:10:17","date_gmt":"2023-10-12T14:10:17","guid":{"rendered":"https:\/\/www.asimis-market.com\/product\/grandfather-47565-ciel-arrotolare-cartine-sottile-cartina-corta-2-confezioni-60-fogli-per-confezione-totale-120-fogli-11-regalo-scatola-da-50-pezzi\/"},"modified":"2026-02-17T03:22:16","modified_gmt":"2026-02-17T01:22:16","slug":"grandfather-47565-ciel-arrotolare-cartine-sottile-cartina-corta-2-confezioni-60-fogli-per-confezione-totale-120-fogli-11-regalo-scatola-da-50-pezzi","status":"publish","type":"product","link":"https:\/\/www.asimis-market.com\/it\/prodotto\/grandfather-47565-ciel-arrotolare-cartine-sottile-cartina-corta-2-confezioni-60-fogli-per-confezione-totale-120-fogli-11-regalo-scatola-da-50-pezzi\/","title":{"rendered":"NONNO 47565 CIEL ARROTOLARE CARTINE 14 G\/M2 SOTTILE CARTINA CORTA 2 PACCHETTI 60 FOGLI PER CONFEZIONE TOTALE 120 FOGLI 1+1 REGALO SCATOLA DA 50 PACCHETTI"},"content":{"rendered":"<p><span style=\"font-size: 120%; color: #0000ff;\"><strong>NONNO 47565 CIEL ARROTOLARE CARTINE SOTTILE CARTINA CORTA <\/strong><\/span><\/p>\n<p>&nbsp;<\/p>\n<p><span style=\"font-size: 120%; color: #0000ff;\"><strong>2 PACCHETTI 60 FOGLI PER CONFEZIONE TOTALE 120 FOGLI 1+1 REGALO SCATOLA DA 50 PACCHETTI<\/strong><\/span><\/p>\n<p>&nbsp;<\/p>\n<p>Le cartine azzurre 47565 del nonno contengono 2 pacchetti e 60 fogli per confezione per un totale di 120 fogli e sono sottili per una combustione da media a lenta.<br \/>\nSono prodotti senza cloro, a base di fibre vegetali, cola acacia vegetale, senza additivi di combustione.<\/p>\n<p>Per facilitarne l&#8217;identificazione molti lo chiamano con il nome azzurro del nonno (ciel).<br \/>\nQuesta particolare carta per sigarette arriva a competere con Rizla Verde dove l&#8217;unica differenza \u00e8 il prezzo che \u00e8 molto pi\u00f9 economico rispetto a Rizla Verde della stessa qualit\u00e0 ed \u00e8 prodotta per il mercato greco e non \u00e8 correlata a prodotti simili fabbricati in modo industriale.<br \/>\nPer quanto riguarda le materie prime, sono di origine europea e tutte le tipologie di tabacco sono soggette a severi standard di controllo. Sono prodotti in Grecia e approvati per l&#8217;esportazione in tutto il mondo dall&#8217;organizzazione globale americana e tedesca di alimenti e bevande TVO.<\/p>\n<p><strong>Caratteristiche:<\/strong><br \/>\ncombustione medio-lenta<br \/>\nsi spegne con relativa facilit\u00e0<br \/>\ncenere media<br \/>\nIl colore della carta \u00e8 bianco<br \/>\npeso 14 g\/m2 sottile<br \/>\ndimensioni 35 mm x 70 mm cartina corta<br \/>\n2 confezionati in cellophane ermetico<\/p>\n<p>60 fogli<\/p>\n<p>&nbsp;<\/p>\n<p>2 PACCHETTI 60 FOGLI PER CONFEZIONE TOTALE 120 FOGLI SCATOLA DA 50 PACCHETTI TOTALE 3000 FOGLI<\/p>\n<p>&nbsp;<\/p>\n<p><img decoding=\"async\" class=\"alignnone size-full wp-image-6155\" src=\"https:\/\/www.asimis-market.com\/wp-content\/uploads\/2018\/02\/to-filtro-tou-pappou.jpg\" alt=\" larghezza=\" height=\"225\" \/><\/p>\n","protected":false},"excerpt":{"rendered":"<p>NONNO 47565 CIEL ARROTOLARE CARTINE SOTTILE CARTINA CORTA &nbsp; 2 PACCHETTI 60 FOGLI PER CONFEZIONE TOTALE 120 FOGLI 1+1 REGALO SCATOLA DA 50 PACCHETTI &nbsp; Le cartine azzurre 47565 del nonno contengono 2 pacchetti e 60 fogli per confezione per un totale di 120 fogli e sono sottili per una combustione da media a lenta. [&#8230;]\n","protected":false},"featured_media":21061,"comment_status":"closed","ping_status":"closed","template":"","meta":{"wds_primary_product_brand":0,"wds_primary_product_cat":0},"product_brand":[],"product_cat":[488,451],"product_tag":[],"class_list":{"0":"post-34749","1":"product","2":"type-product","3":"status-publish","4":"has-post-thumbnail","6":"product_cat-cartine","7":"product_cat-cartine-nonno","9":"first","10":"instock","11":"sale","12":"purchasable","13":"product-type-simple"},"_links":{"self":[{"href":"https:\/\/www.asimis-market.com\/it\/wp-json\/wp\/v2\/product\/34749","targetHints":{"allow":["GET"]}}],"collection":[{"href":"https:\/\/www.asimis-market.com\/it\/wp-json\/wp\/v2\/product"}],"about":[{"href":"https:\/\/www.asimis-market.com\/it\/wp-json\/wp\/v2\/types\/product"}],"replies":[{"embeddable":true,"href":"https:\/\/www.asimis-market.com\/it\/wp-json\/wp\/v2\/comments?post=34749"}],"wp:featuredmedia":[{"embeddable":true,"href":"https:\/\/www.asimis-market.com\/it\/wp-json\/wp\/v2\/media\/21061"}],"wp:attachment":[{"href":"https:\/\/www.asimis-market.com\/it\/wp-json\/wp\/v2\/media?parent=34749"}],"wp:term":[{"taxonomy":"product_brand","embeddable":true,"href":"https:\/\/www.asimis-market.com\/it\/wp-json\/wp\/v2\/product_brand?post=34749"},{"taxonomy":"product_cat","embeddable":true,"href":"https:\/\/www.asimis-market.com\/it\/wp-json\/wp\/v2\/product_cat?post=34749"},{"taxonomy":"product_tag","embeddable":true,"href":"https:\/\/www.asimis-market.com\/it\/wp-json\/wp\/v2\/product_tag?post=34749"}],"curies":[{"name":"wp","href":"https:\/\/api.w.org\/{rel}","templated":true}]}}