{"id":34755,"date":"2023-10-12T17:10:17","date_gmt":"2023-10-12T14:10:17","guid":{"rendered":"https:\/\/www.asimis-market.com\/product\/nonno-47566-verde-arrotolare-cartine-cartina-corta-2-confezioni-60-fogli-per-confezione-totale-120-fogli-11-regalo-solo-confezione-senza-scatola\/"},"modified":"2026-02-17T03:26:25","modified_gmt":"2026-02-17T01:26:25","slug":"nonno-47566-verde-arrotolare-cartine-cartina-corta-2-confezioni-60-fogli-per-confezione-totale-120-fogli-11-regalo-solo-confezione-senza-scatola","status":"publish","type":"product","link":"https:\/\/www.asimis-market.com\/it\/prodotto\/nonno-47566-verde-arrotolare-cartine-cartina-corta-2-confezioni-60-fogli-per-confezione-totale-120-fogli-11-regalo-solo-confezione-senza-scatola\/","title":{"rendered":"NONNO 47566-100 VERDE ARROTOLARE CARTINE CARTINA CORTA 18 G\/M2 COMBUSTIONE MODERATA 2 PACCHETTI 60 FOGLI PER CONFEZIONE TOTALE 120 FOGLI 1+1 REGALO SOLO CONFEZIONE SENZA SCATOLA"},"content":{"rendered":"<p><span style=\"color: #0000ff; font-size: 120%;\"><strong>NONNO 47566-100 VERDE ARROTOLARE CARTINE CARTINA CORTA<\/strong><\/span><\/p>\n<p>&nbsp;<\/p>\n<p><span style=\"color: #0000ff; font-size: 120%;\"><strong>2 PACCHETTI 60 FOGLI PER CONFEZIONE TOTALE 120 FOGLI 1+1 REGALO SOLO CONFEZIONE SENZA SCATOLA<\/strong><\/span><\/p>\n<p>&nbsp;<\/p>\n<p>&nbsp;<\/p>\n<p>Le cartine verdi 47566-100 del nonno contengono 2 pacchetti e 60 fogli per confezione per un totale di 120 fogli e sono media per una bruciatura media.<br \/>\nSono prodotti senza cloro, a base di fibre vegetali, cola acacia vegetale, senza additivi di combustione.<\/p>\n<p>Per una facile identificazione, molti lo chiamano con il nome verde del nonno.<br \/>\nQuesta particolare carta per sigarette arriva a competere con la rizla verde dove l&#8217;unica differenza \u00e8 il prezzo che \u00e8 molto pi\u00f9 economico rispetto alla rizla verde della stessa qualit\u00e0 ed \u00e8 prodotta per il mercato greco e non \u00e8 correlata a prodotti simili fabbricati in modo industriale.<br \/>\nPer quanto riguarda le materie prime, sono di origine europea e tutte le tipologie di tabacco sono soggette a severi standard di controllo. Sono prodotti in Grecia e approvati per l&#8217;esportazione in tutto il mondo dall&#8217;organizzazione globale americana e tedesca di alimenti e bevande TVO.<\/p>\n<p><strong>Caratteristiche:<\/strong><br \/>\ncombustione media<br \/>\nBrucia dolcemente da normale a moderata<br \/>\ncenere media<br \/>\nIl colore della carta \u00e8 bianco<br \/>\npeso 18 g\/m2 combustione moderata<br \/>\ndimensioni 35 mm x 70 mm cartina corta<br \/>\n2 confezionati in cellophane ermetico.<\/p>\n<p>60 fogli<\/p>\n<p>&nbsp;<\/p>\n<p>2 PACCHETTI 60 FOGLI PER CONFEZIONE TOTALE 120 FOGLI<\/p>\n<p>&nbsp;<\/p>\n<p><img decoding=\"async\" class=\"alignnone size-full wp-image-6155\" src=\"https:\/\/www.asimis-market.com\/wp-content\/uploads\/2018\/02\/to-filtro-tou-pappou.jpg\" alt=\" larghezza=\" height=\"225\" \/><\/p>\n","protected":false},"excerpt":{"rendered":"<p>NONNO 47566-100 VERDE ARROTOLARE CARTINE CARTINA CORTA &nbsp; 2 PACCHETTI 60 FOGLI PER CONFEZIONE TOTALE 120 FOGLI 1+1 REGALO SOLO CONFEZIONE SENZA SCATOLA &nbsp; &nbsp; Le cartine verdi 47566-100 del nonno contengono 2 pacchetti e 60 fogli per confezione per un totale di 120 fogli e sono media per una bruciatura media. Sono prodotti senza [&#8230;]\n","protected":false},"featured_media":21055,"comment_status":"closed","ping_status":"closed","template":"","meta":{"wds_primary_product_brand":0,"wds_primary_product_cat":0},"product_brand":[],"product_cat":[488,451],"product_tag":[],"class_list":{"0":"post-34755","1":"product","2":"type-product","3":"status-publish","4":"has-post-thumbnail","6":"product_cat-cartine","7":"product_cat-cartine-nonno","8":"product_shipping_class-buste","10":"first","11":"instock","12":"sale","13":"purchasable","14":"product-type-simple"},"_links":{"self":[{"href":"https:\/\/www.asimis-market.com\/it\/wp-json\/wp\/v2\/product\/34755","targetHints":{"allow":["GET"]}}],"collection":[{"href":"https:\/\/www.asimis-market.com\/it\/wp-json\/wp\/v2\/product"}],"about":[{"href":"https:\/\/www.asimis-market.com\/it\/wp-json\/wp\/v2\/types\/product"}],"replies":[{"embeddable":true,"href":"https:\/\/www.asimis-market.com\/it\/wp-json\/wp\/v2\/comments?post=34755"}],"wp:featuredmedia":[{"embeddable":true,"href":"https:\/\/www.asimis-market.com\/it\/wp-json\/wp\/v2\/media\/21055"}],"wp:attachment":[{"href":"https:\/\/www.asimis-market.com\/it\/wp-json\/wp\/v2\/media?parent=34755"}],"wp:term":[{"taxonomy":"product_brand","embeddable":true,"href":"https:\/\/www.asimis-market.com\/it\/wp-json\/wp\/v2\/product_brand?post=34755"},{"taxonomy":"product_cat","embeddable":true,"href":"https:\/\/www.asimis-market.com\/it\/wp-json\/wp\/v2\/product_cat?post=34755"},{"taxonomy":"product_tag","embeddable":true,"href":"https:\/\/www.asimis-market.com\/it\/wp-json\/wp\/v2\/product_tag?post=34755"}],"curies":[{"name":"wp","href":"https:\/\/api.w.org\/{rel}","templated":true}]}}