{"id":34777,"date":"2023-10-12T17:10:04","date_gmt":"2023-10-12T14:10:04","guid":{"rendered":"https:\/\/www.asimis-market.com\/product\/borsa-a-mano-borsa-a-tracolla-borse-antonio-grey-no-yo15\/"},"modified":"2023-10-12T17:10:04","modified_gmt":"2023-10-12T14:10:04","slug":"borsa-a-mano-borsa-a-tracolla-borse-antonio-grey-no-yo15","status":"publish","type":"product","link":"https:\/\/www.asimis-market.com\/it\/prodotto\/borsa-a-mano-borsa-a-tracolla-borse-antonio-grey-no-yo15\/","title":{"rendered":"BORSA A MANO \u2013 BORSA A TRACOLLA BORSE ANTONIO GREY No yo15"},"content":{"rendered":"<p><strong>BORSA A MANO \u2013 BORSA A TRACOLLA BORSE ANTONIO GREY No yo15<\/strong><\/p>\n<p style=\"font-weight: 400;\">Hai bisogno di risollevarti l&#8217;umore?<\/p>\n<p style=\"font-weight: 400;\">Vi presentiamo la borsa perfetta per questo momento!<\/p>\n<p style=\"font-weight: 400;\">Un prodotto che garantisce il comfort indipendentemente dal tempo di permanenza sulla spalla.<\/p>\n<p style=\"font-weight: 400;\">Questa borsa aggiunger\u00e0 sicuramente stile a qualsiasi completo: un must nel tuo guardaroba!<\/p>\n<p>Potete scegliere questa borsa per ogni momento della giornata.<\/p>\n<p>Il colore potrebbe subire lievi variazioni a causa della fotografia.<\/p>\n<p><strong>Caratteristiche<\/strong><\/p>\n<p>Borsa a tracolla di grande capacit\u00e0 che si chiude con una cerniera e ha un unico spazio interno. Ha una tasca interna con cerniera e un portacellulare. \u00c8 dotato di un astuccio esterno sul davanti e sul retro. L&#8217;interno \u00e8 foderato.<\/p>\n<ul>\n<li><strong>Tipo:<\/strong>borsa a tracolla<\/li>\n<li><strong>Color:<\/strong>Grigio<\/li>\n<li><strong>Dimensioni: lunghezza 40 cm 18 larghezza cm 30 altezza cm<\/strong><\/li>\n<li><strong>Materiale:<\/strong> Pelle sintetica di alta qualit\u00e0<\/li>\n<\/ul>\n","protected":false},"excerpt":{"rendered":"<p>BORSA A MANO \u2013 BORSA A TRACOLLA BORSE ANTONIO GREY No yo15 Hai bisogno di risollevarti l&#8217;umore? Vi presentiamo la borsa perfetta per questo momento! Un prodotto che garantisce il comfort indipendentemente dal tempo di permanenza sulla spalla. Questa borsa aggiunger\u00e0 sicuramente stile a qualsiasi completo: un must nel tuo guardaroba! Potete scegliere questa borsa [&#8230;]\n","protected":false},"featured_media":21001,"comment_status":"closed","ping_status":"closed","template":"","meta":{"wds_primary_product_brand":0,"wds_primary_product_cat":0},"product_brand":[],"product_cat":[478,520,518,418],"product_tag":[],"class_list":{"0":"post-34777","1":"product","2":"type-product","3":"status-publish","4":"has-post-thumbnail","6":"product_cat-borse-a-spalla-donna-it","7":"product_cat-borse-da-donna","8":"product_cat-borse-donna","9":"product_cat-moda","11":"first","12":"instock","13":"sale","14":"purchasable","15":"product-type-simple"},"_links":{"self":[{"href":"https:\/\/www.asimis-market.com\/it\/wp-json\/wp\/v2\/product\/34777","targetHints":{"allow":["GET"]}}],"collection":[{"href":"https:\/\/www.asimis-market.com\/it\/wp-json\/wp\/v2\/product"}],"about":[{"href":"https:\/\/www.asimis-market.com\/it\/wp-json\/wp\/v2\/types\/product"}],"replies":[{"embeddable":true,"href":"https:\/\/www.asimis-market.com\/it\/wp-json\/wp\/v2\/comments?post=34777"}],"wp:featuredmedia":[{"embeddable":true,"href":"https:\/\/www.asimis-market.com\/it\/wp-json\/wp\/v2\/media\/21001"}],"wp:attachment":[{"href":"https:\/\/www.asimis-market.com\/it\/wp-json\/wp\/v2\/media?parent=34777"}],"wp:term":[{"taxonomy":"product_brand","embeddable":true,"href":"https:\/\/www.asimis-market.com\/it\/wp-json\/wp\/v2\/product_brand?post=34777"},{"taxonomy":"product_cat","embeddable":true,"href":"https:\/\/www.asimis-market.com\/it\/wp-json\/wp\/v2\/product_cat?post=34777"},{"taxonomy":"product_tag","embeddable":true,"href":"https:\/\/www.asimis-market.com\/it\/wp-json\/wp\/v2\/product_tag?post=34777"}],"curies":[{"name":"wp","href":"https:\/\/api.w.org\/{rel}","templated":true}]}}