{"id":34862,"date":"2023-10-04T17:42:56","date_gmt":"2023-10-04T14:42:56","guid":{"rendered":"https:\/\/www.asimis-market.com\/product\/ring-925-silver-single-stone-with-blue-sapphire-and-white-secret-topaz-crystal-cube-gift-bracelet-925-silver-and-zircon-stones\/"},"modified":"2025-06-03T04:15:22","modified_gmt":"2025-06-03T01:15:22","slug":"ring-925-silver-single-stone-with-blue-sapphire-and-white-secret-topaz-crystal-cube-gift-bracelet-925-silver-and-zircon-stones","status":"publish","type":"product","link":"https:\/\/www.asimis-market.com\/it\/prodotto\/ring-925-silver-single-stone-with-blue-sapphire-and-white-secret-topaz-crystal-cube-gift-bracelet-925-silver-and-zircon-stones\/","title":{"rendered":"RING 925 SILVER SINGLE STONE WITH BLUE SAPPHIRE AND WHITE SECRET TOPAZ + CRYSTAL CUBE GIFT BRACELET 925 SILVER AND ZIRCON STONES"},"content":{"rendered":"<p><strong>RING 925 SILVER SINGLE STONE WITH BLUE SAPPHIRE AND WHITE SECRET TOPAZ + CRYSTAL CUBE GIFT BRACELET 925 SILVER AND ZIRCON STONES<\/strong><\/p>\n<p>Anello in argento 925 con pietra singola e un bellissimo zaffiro sintetico blu ornato da un topazio segreto bianco.<br \/>\nUn bellissimo anello con pietra singola che far\u00e0 risaltare il vostro look e catturer\u00e0 tutti gli sguardi.<br \/>\nPrendetelo e lasciatevi ispirare dal suo spirito romantico e dal topazio segreto, la pietra dell&#8217;amore.<\/p>\n<p><strong>Features Ring<\/strong><\/p>\n<p>Codice: 521-634-200<\/p>\n<p>Marchio: Asimis<\/p>\n<p>Tipo: Pietra singola<\/p>\n<p>Metallo: argento 925<\/p>\n<p>Pietra: Zaffiro sintetico &#8211; Topazio segreto<\/p>\n<p>Dimensioni della pietra: 10 mm di larghezza x 8 mm di altezza<\/p>\n<p>Femmina<\/p>\n<p>BRACCIALE A CUBO DI CRISTALLO IN ARGENTO 925 E PIETRE DI ZIRCONE<\/p>\n<p>Un bellissimo bracciale in argento 925 con zirconi incastonati. Un bracciale di grande effetto con zirconi che risalta splendidamente sulla mano e cattura tutti gli sguardi. Prendetelo e lasciatevi ispirare dal suo spirito romantico e dalla sicurezza che vi infonde lo zircone.<\/p>\n<p><strong>Caratteristiche Bracciale<\/strong><\/p>\n<p>Codice: 522-621<\/p>\n<p>Marchio: Asimis<\/p>\n<p>Tipo: Bracciale<\/p>\n<p>Metallo: Argento 925 o argento 925 placcato oro (se avete una preferenza di colore, scrivetelo nell&#8217;ordine).<\/p>\n<p>Lunghezza della catena: da 20 cm a 24 cm<\/p>\n<p>Pietre: Zirconi sintetici<\/p>\n<p>Dimensioni del disegno 0,6 cm<\/p>\n<p>Femmina<\/p>\n<p>Un gioiello in ARGENTO 925 \u00e8 il regalo migliore per stupire i vostri amici e scaldare i cuori di chi amate, sempre al prezzo pi\u00f9 basso del mercato perch\u00e9 importiamo tutti i nostri gioielli.<\/p>\n<p>Tutti i gioielli sono dotati di confezione<\/p>\n<p>Potete scegliere il pacchetto che preferite<\/p>\n<p>E quando si completa l&#8217;ordine<\/p>\n<p>lo scrivete nella nota del cliente<\/p>\n<p>nel caso in cui non ci dica l&#8217;imballaggio<\/p>\n<p>l&#8217;eshop accompagna i gioielli<\/p>\n<p>con confezione in regalo.<\/p>\n<p>potete anche chiederci un sacchetto<\/p>\n<p>regalo se si desidera regalarlo.<\/p>\n<p><strong>Colori Borsa In Tessuto Per Regalo Con Cordino<\/strong><\/p>\n<p>-Arancione<\/p>\n<p>-Turchese<\/p>\n<p>-Rosso<\/p>\n<p>-Rosa<\/p>\n<p>-Blu<\/p>\n<p>-Blu chiaro<\/p>\n<p>-Verde<\/p>\n<p>&#8211; Nero<\/p>\n<p><strong>Colori Borsa In Tessuto Per Regalo Con Cordino<\/strong><\/p>\n<p>-Bianco<\/p>\n<p>-Rosso<\/p>\n<p>&#8211; Nero<\/p>\n<p>-Rosa<\/p>\n<p>Dalle foto si possono vedere anche tutti i design delle confezioni.<\/p>\n<p><img loading=\"lazy\" decoding=\"async\" class=\"alignnone size-medium wp-image-17681\" src=\"https:\/\/www.asimis-market.com\/wp-content\/uploads\/2021\/04\/%CE%A3%CE%A5%CE%A3%CE%9A%CE%95%CE%A5%CE%91%CE%A3%CE%99%CE%91-%CE%A0%CE%9F%CE%A5%CE%93%CE%9A%CE%99-_%CE%92%CE%95%CE%9B%CE%9F%CE%A5%CE%94%CE%99%CE%9D%CE%9F-300x300.jpg\" alt=\"\" width=\"300\" height=\"300\" \/><img loading=\"lazy\" decoding=\"async\" class=\"alignnone size-medium wp-image-17680\" src=\"https:\/\/www.asimis-market.com\/wp-content\/uploads\/2021\/04\/%CE%A3%CE%A5%CE%A3%CE%9A%CE%95%CE%A5%CE%91%CE%A3%CE%99%CE%91-%CE%A0%CE%9F%CE%A5%CE%93%CE%9A%CE%99-_ORGANZA-300x300.jpg\" alt=\"\" width=\"300\" height=\"300\" \/><img loading=\"lazy\" decoding=\"async\" class=\"alignnone size-medium wp-image-17678\" src=\"https:\/\/www.asimis-market.com\/wp-content\/uploads\/2021\/04\/%CE%A3%CE%A5%CE%A3%CE%9A%CE%95%CE%A5%CE%91%CE%A3%CE%99%CE%91-%CE%9A%CE%9F%CE%A5%CE%A4%CE%91%CE%9A%CE%99_%CE%A1%CE%9F%CE%96-300x300.jpg\" alt=\"\" width=\"300\" height=\"300\" \/><img loading=\"lazy\" decoding=\"async\" class=\"alignnone size-medium wp-image-17679\" src=\"https:\/\/www.asimis-market.com\/wp-content\/uploads\/2021\/04\/%CE%A3%CE%A5%CE%A3%CE%9A%CE%95%CE%A5%CE%91%CE%A3%CE%99%CE%91-%CE%9A%CE%9F%CE%A5%CE%A4%CE%91%CE%9A%CE%99%CE%91_-%CE%94%CE%99%CE%91%CE%A6%CE%91%CE%9D%CE%91-300x300.jpg\" alt=\"\" width=\"300\" height=\"300\" \/><img loading=\"lazy\" decoding=\"async\" class=\"alignnone size-medium wp-image-17840\" src=\"https:\/\/www.asimis-market.com\/wp-content\/uploads\/2021\/04\/%CE%A3%CE%91%CE%9A%CE%9F%CE%A5%CE%9B%CE%99%CE%A4%CE%A3%CE%91-%CE%94%CE%A9%CE%A1%CE%9F%CE%A5-300x300.jpg\" alt=\"\" width=\"300\" height=\"300\" \/><\/p>\n<p>&nbsp;<\/p>\n","protected":false},"excerpt":{"rendered":"<p><a  href=\"https:\/\/www.asimis-market.com\/prodotto\/ring-925-silver-single-stone-with-blue-sapphire-and-white-secret-topaz-crystal-cube-gift-bracelet-925-silver-and-zircon-stones\/\">RING 925 SILVER SINGLE STONE WITH BLUE SAPPHIRE AND WHITE SECRET TOPAZ + CRYSTAL CUBE GIFT BRACELET 925 SILVER AND ZIRCON STONES<\/a> Anello in argento 925 con pietra singola e un bellissimo zaffiro sintetico blu ornato da un topazio segreto bianco. Un bellissimo anello con pietra singola che far\u00e0 risaltare il vostro look e catturer\u00e0 [&#8230;]\n","protected":false},"featured_media":20595,"comment_status":"closed","ping_status":"closed","template":"","meta":{"wds_primary_product_brand":0,"wds_primary_product_cat":0},"product_brand":[],"product_cat":[467,479,428],"product_tag":[],"class_list":{"0":"post-34862","1":"product","2":"type-product","3":"status-publish","4":"has-post-thumbnail","6":"product_cat-anelli","7":"product_cat-argento-925","8":"product_cat-gioielleria","9":"product_shipping_class-buste","11":"first","12":"instock","13":"sale","14":"shipping-taxable","15":"purchasable","16":"product-type-variable"},"_links":{"self":[{"href":"https:\/\/www.asimis-market.com\/it\/wp-json\/wp\/v2\/product\/34862","targetHints":{"allow":["GET"]}}],"collection":[{"href":"https:\/\/www.asimis-market.com\/it\/wp-json\/wp\/v2\/product"}],"about":[{"href":"https:\/\/www.asimis-market.com\/it\/wp-json\/wp\/v2\/types\/product"}],"replies":[{"embeddable":true,"href":"https:\/\/www.asimis-market.com\/it\/wp-json\/wp\/v2\/comments?post=34862"}],"wp:featuredmedia":[{"embeddable":true,"href":"https:\/\/www.asimis-market.com\/it\/wp-json\/wp\/v2\/media\/20595"}],"wp:attachment":[{"href":"https:\/\/www.asimis-market.com\/it\/wp-json\/wp\/v2\/media?parent=34862"}],"wp:term":[{"taxonomy":"product_brand","embeddable":true,"href":"https:\/\/www.asimis-market.com\/it\/wp-json\/wp\/v2\/product_brand?post=34862"},{"taxonomy":"product_cat","embeddable":true,"href":"https:\/\/www.asimis-market.com\/it\/wp-json\/wp\/v2\/product_cat?post=34862"},{"taxonomy":"product_tag","embeddable":true,"href":"https:\/\/www.asimis-market.com\/it\/wp-json\/wp\/v2\/product_tag?post=34862"}],"curies":[{"name":"wp","href":"https:\/\/api.w.org\/{rel}","templated":true}]}}