{"id":34874,"date":"2023-10-03T12:42:48","date_gmt":"2023-10-03T09:42:48","guid":{"rendered":"https:\/\/www.asimis-market.com\/product\/freiya-crema-al-burro-crema-viso-100-naturale-50-ml\/"},"modified":"2023-10-03T12:42:48","modified_gmt":"2023-10-03T09:42:48","slug":"freiya-crema-al-burro-crema-viso-100-naturale-50-ml","status":"publish","type":"product","link":"https:\/\/www.asimis-market.com\/it\/prodotto\/freiya-crema-al-burro-crema-viso-100-naturale-50-ml\/","title":{"rendered":"FREIYA CREMA AL BURRO CREMA VISO 100% NATURALE 50 ml."},"content":{"rendered":"<p><strong><span style=\"font-size: 130%;\">FREIYA CREMA AL BURRO CREMA VISO 100% NATURALE 50 ml.<\/span><br \/>\n<\/strong><\/p>\n<p><strong>\u00c8 un\u2019esperienza straordinaria da vivere quotidianamente. Dona un incredibile rassodamento e l&#8217;estratto nutriente del burro di karit\u00e8, evidenzia i contorni naturali della pelle, migliorandone visibilmente l&#8217;elasticit\u00e0 e il tono. Proteine uniche trasformano e donano morbidezza e consistenza setose alla pelle. Lifta la pelle e le ripristina la compattezza. I risultati durano molto a lungo.<\/strong><\/p>\n<p><strong>La grande differenza con le altre creme \u00e8 che \u00e8 anche una crema concentrata quindi ne metti poca e hai un risparmio enorme,<\/strong><\/p>\n<p><strong>SENZA OLIO DI PARAFFINA, SENZA PETROLATO, SENZA PETROLATO, SENZA GLICOLE PROPILENICO E SENZA PARABENI.<\/strong><br \/>\n<strong>DERMATOLOGICAMENTE TESTATO.<\/strong><\/p>\n<div>\n<p><em><strong>Burro di Carit\u00e9: i suoi preziosi benefici per la pelle.<\/strong><br \/>\n<\/em><\/p>\n<p><strong>Il burro di karit\u00e9 deriva dai grassi naturali del frutto dell&#8217;albero africano del karit\u00e8 (Vitellaria paradoxa) ed \u00e8 di colore bianco o avorio. \u00c8 ricco di vitamine A, D, E ed F e i suoi numerosi benefici risalgono a tempi antichi. Le sue propriet\u00e0 curative sono infatti cos\u00ec tante che nella lingua wolof del Senegal l&#8217;albero di Karit\u00e8 viene chiamato karite, che significa &#8220;L&#8217;Albero della Vita&#8221;.<\/strong><\/p>\n<p><strong>La reputazione del burro di karit\u00e8 \u00e8 decollata negli ultimi anni grazie alle sue distinte propriet\u00e0 curative e idratanti. Questo lo rende anche un ingrediente preferito nell\u2019industria dei cosmetici. \u00c8 dimostrato che include propriet\u00e0 antiossidanti grazie al suo contenuto di tocoferolo. Ha anche propriet\u00e0 antinfiammatorie grazie agli alcoli triterpenici in esso contenuti.<\/strong><\/p>\n<h2><strong>Il burro di karit\u00e8 \u00e8 migliore degli altri della sua categoria?<\/strong><\/h2>\n<p><strong>La maggior parte degli oli derivati dai frutti si dividono in saponificabili (con propriet\u00e0 idratanti) e insaponificabili (con propriet\u00e0 terapeutiche). Il burro di karit\u00e9 \u00e8 considerato eccellente in quanto ha una struttura insaponificabile insolitamente alta (5-17%), il che indica che \u00e8 il migliore amico della nostra pelle! Altri oli hanno solitamente una struttura terapeutica inferiore (circa l&#8217;1%).Corpo Ma analizziamo un po&#8217; pi\u00f9 a fondo alcuni dei benefici di questo burro miracoloso.<\/strong><\/p>\n<h2><strong>Burro di karit\u00e9 per pelle e capelli<\/strong><\/h2>\n<h3><strong> Per pelli secche<\/strong><\/h3>\n<p><strong>Il burro di karit\u00e8 idrata efficacemente tutto il nostro corpo. Le sue propriet\u00e0 biochimiche imitano le caratteristiche riscontrate nell&#8217;idratazione rilasciata dalle nostre ghiandole sebacee. Inoltre, poich\u00e9 \u00e8 composto da lipidi naturali, ha anche propriet\u00e0 idratanti naturali. Pertanto, il burro di karit\u00e8 \u00e8 ora un ingrediente chiave in lozioni idratanti, balsami per labbra, creme per le mani, saponi, creme e unguenti per occhi e viso.<\/strong><\/p>\n<p><strong>Oggigiorno \u00e8 disponibile il burro di karit\u00e9 biologico, genuino e puro al 100% e puoi applicarlo su tutto il corpo (preferibilmente dopo la doccia) quando hai bisogno di idratazione. Funziona a meraviglia anche sulla pelle secca che tende a squamarsi. L&#8217;American Academy of Dermatology consiglia il burro di karit\u00e8 come trattamento contro la pelle secca.<\/strong><\/p>\n<h3><strong>Per le smagliature<\/strong><\/h3>\n<p><strong>Grazie al suo contenuto di vitamina E, il burro di karit\u00e8 \u00e8 eccellente nel trattamento o nella scomparsa delle smagliature legate alla gravidanza. Applicalo liberamente su pancia e fianchi durante la gravidanza (non solo dopo la loro comparsa) e manterr\u00e0 la pelle elastica anche dopo il parto, riducendo cos\u00ec la possibilit\u00e0 che si formino smagliature. \u00c8 stato tradizionalmente utilizzato per secoli dalle donne africane.<\/strong><\/p>\n<h3><strong>Per cicatrici e cicatrici da acne<\/strong><\/h3>\n<p><strong>Il burro di karit\u00e8 \u00e8 efficace sia nel prevenire la comparsa dell&#8217;acne che nel trattarla. Aiuta anche a ridurre il rossore della pelle e le cicatrici legate all&#8217;acne. Se usi prodotti per la cura dell&#8217;acne, ci sono buone probabilit\u00e0 che contengano retinolo (vitamina A). Tuttavia, il burro di karit\u00e8 \u00e8 anche naturalmente ricco di vitamina A, quindi se sei irritato dalle sostanze chimiche pesanti presenti nei prodotti cosmetici per l&#8217;acne, il burro di karit\u00e8 fornir\u00e0 un&#8217;alternativa naturale con le stesse propriet\u00e0 del retinolo.<\/strong><\/p>\n<h3><strong>Per prurito e desquamazione della pelle<\/strong><\/h3>\n<p><strong>Il burro di karit\u00e8 contiene alfa-amirina, una sostanza chimica nota per le sue propriet\u00e0 antinfiammatorie. Fornisce un sollievo immediato da prurito, punture di insetti, eruzioni cutanee e arrossamenti e aiuta la pelle che tende a desquamarsi dal sole.<\/strong><\/p>\n<h3><strong>Per la rasatura<\/strong><\/h3>\n<p><strong>As a natural alternative, shea butter can help you get silky smooth skin after shaving. Using it during shaving (for men and women) can help reduce cuts and irritation and allows the razor to glide close to the skin for a very smooth shave.<\/strong><\/p>\n<h3><strong>For eczema and dermatitis<\/strong><\/h3>\n<p><strong>Altamente raccomandato per chi soffre di eczemi e dermatiti. In fact, numerous products given for the treatment of eczema or dermatitis contain shea butter as the main ingredient. As it is packed with moisturizing agents that include vitamins, frequent use of the butter can help with the dryness and itchiness symptoms associated with these problems.<\/strong><\/p>\n<h3><strong>For hair care<\/strong><\/h3>\n<p><strong>Incorporate shea butter into your daily hair care routine and it will leave you with soft, shiny and thick hair thanks to its moisturizing property. Try mixing a little coconut oil with shea butter and apply freely to your hair, focusing on the scalp and ends. Wrap your hair with a damp, warm towel for 15- 30 minutes and then wash with a gentle shampoo.<\/strong><\/p>\n<h3><strong>For damaged hair<\/strong><\/h3>\n<p><strong>This magical butter works as a remedy to repair and rebuild dry and damaged hair due to too many colourings, treatments and heat from the hairdryer. As it contains fatty acids, it helps revitalize and regenerate the hair to give you shiny hair. You can make a quick mask by putting shea butter in a small bowl, adding mashed avocado, a little water and a few drops of your favourite essential oil to create a creamy paste. Apply to all of your hair, leave on for 30 minutes to an hour and rinse carefully with warm water before using shampoo.<\/strong><\/p>\n<h3><strong>For hair loss<\/strong><\/h3>\n<p><strong>Shea butter enhances hair growth and can even act as a preventative against hair breakage and hair loss, as it contains phytonutrients. These elements protect your hair from harmful UV rays, air pollution and even pool chlorine.<\/strong><\/p>\n<h3><strong>What if I have a nut allergy?<\/strong><\/h3>\n<p><strong>The news is good for you too! An extensive study conducted at the University of Nebraska found that shea butter does not contain any of those proteins that usually trigger allergies. This means that shea butter and any product containing it is safe to use even for those of you who have allergies to tree nuts!<\/strong><\/p>\n<\/div>\n","protected":false},"excerpt":{"rendered":"<p>FREIYA CREMA AL BURRO CREMA VISO 100% NATURALE 50 ml. \u00c8 un\u2019esperienza straordinaria da vivere quotidianamente. Dona un incredibile rassodamento e l&#8217;estratto nutriente del burro di karit\u00e8, evidenzia i contorni naturali della pelle, migliorandone visibilmente l&#8217;elasticit\u00e0 e il tono. Proteine uniche trasformano e donano morbidezza e consistenza setose alla pelle. Lifta la pelle e le [&#8230;]\n","protected":false},"featured_media":20577,"comment_status":"closed","ping_status":"closed","template":"","meta":{"wds_primary_product_brand":0,"wds_primary_product_cat":0},"product_brand":[],"product_cat":[401,480,417],"product_tag":[],"class_list":{"0":"post-34874","1":"product","2":"type-product","3":"status-publish","4":"has-post-thumbnail","6":"product_cat-creme-cura-e-bellezza","7":"product_cat-prodotti-intelligenti-e-diversita","8":"product_cat-trattamento-facciale","10":"first","11":"instock","12":"sale","13":"purchasable","14":"product-type-simple"},"_links":{"self":[{"href":"https:\/\/www.asimis-market.com\/it\/wp-json\/wp\/v2\/product\/34874","targetHints":{"allow":["GET"]}}],"collection":[{"href":"https:\/\/www.asimis-market.com\/it\/wp-json\/wp\/v2\/product"}],"about":[{"href":"https:\/\/www.asimis-market.com\/it\/wp-json\/wp\/v2\/types\/product"}],"replies":[{"embeddable":true,"href":"https:\/\/www.asimis-market.com\/it\/wp-json\/wp\/v2\/comments?post=34874"}],"wp:featuredmedia":[{"embeddable":true,"href":"https:\/\/www.asimis-market.com\/it\/wp-json\/wp\/v2\/media\/20577"}],"wp:attachment":[{"href":"https:\/\/www.asimis-market.com\/it\/wp-json\/wp\/v2\/media?parent=34874"}],"wp:term":[{"taxonomy":"product_brand","embeddable":true,"href":"https:\/\/www.asimis-market.com\/it\/wp-json\/wp\/v2\/product_brand?post=34874"},{"taxonomy":"product_cat","embeddable":true,"href":"https:\/\/www.asimis-market.com\/it\/wp-json\/wp\/v2\/product_cat?post=34874"},{"taxonomy":"product_tag","embeddable":true,"href":"https:\/\/www.asimis-market.com\/it\/wp-json\/wp\/v2\/product_tag?post=34874"}],"curies":[{"name":"wp","href":"https:\/\/api.w.org\/{rel}","templated":true}]}}