{"id":34875,"date":"2023-10-03T12:42:48","date_gmt":"2023-10-03T09:42:48","guid":{"rendered":"https:\/\/www.asimis-market.com\/product\/cera-di-cupra-crema-viso-bianca-pelle-normale-base-100-ml\/"},"modified":"2023-10-03T12:42:48","modified_gmt":"2023-10-03T09:42:48","slug":"cera-di-cupra-crema-viso-bianca-pelle-normale-base-100-ml","status":"publish","type":"product","link":"https:\/\/www.asimis-market.com\/it\/prodotto\/cera-di-cupra-crema-viso-bianca-pelle-normale-base-100-ml\/","title":{"rendered":"CERA DI CUPRA CREMA VISO BIANCA PELLE NORMALE &#8211; BASE 100 ml."},"content":{"rendered":"<div id=\"showdescription\" class=\"container-fluid producttoggleblock opentoggle\">\n<div class=\"container productdescmain\">\n<div class=\"row\">\n<p><strong><span style=\"font-size: 130%;\">CERA DI CUPRA CREMA VISO BIANCA PELLE NORMALE &#8211; BASE 100 ml.<\/span><\/strong><\/p>\n<p><strong>Per la pelle normale. La crema viso Cera di Cupra \u00e8 un prodotto naturale con ingredienti principali cera d&#8217;api &#8211; che \u00e8 l&#8217;ingrediente caratteristico della linea &#8211; e glicerina.<\/strong><\/p>\n<p><strong>Questa ricetta di bellezza \u00e8 stata creata dal Dr. Ciccarelli e rimane indelebile nel tempo, mentre continua ad essere prodotta con i migliori e pi\u00f9 puri ingredienti della natura.<\/strong><br \/>\n<strong>Formula unica con cera d&#8217;api.<\/strong><br \/>\n<strong>Applicazione: Utilizzare la Cera di Cupra mattina e sera sulla pelle del viso, dopo averla ben pulita. Si consiglia l&#8217;uso quotidiano per ottenere i migliori risultati.<\/strong><\/p>\n<p>&nbsp;<\/p>\n<\/div>\n<\/div>\n<\/div>\n","protected":false},"excerpt":{"rendered":"<p>CERA DI CUPRA CREMA VISO BIANCA PELLE NORMALE &#8211; BASE 100 ml. Per la pelle normale. La crema viso Cera di Cupra \u00e8 un prodotto naturale con ingredienti principali cera d&#8217;api &#8211; che \u00e8 l&#8217;ingrediente caratteristico della linea &#8211; e glicerina. Questa ricetta di bellezza \u00e8 stata creata dal Dr. Ciccarelli e rimane indelebile nel [&#8230;]\n","protected":false},"featured_media":20575,"comment_status":"closed","ping_status":"closed","template":"","meta":{"wds_primary_product_brand":0,"wds_primary_product_cat":0},"product_brand":[],"product_cat":[401,480,417],"product_tag":[],"class_list":{"0":"post-34875","1":"product","2":"type-product","3":"status-publish","4":"has-post-thumbnail","6":"product_cat-creme-cura-e-bellezza","7":"product_cat-prodotti-intelligenti-e-diversita","8":"product_cat-trattamento-facciale","10":"first","11":"instock","12":"sale","13":"purchasable","14":"product-type-simple"},"_links":{"self":[{"href":"https:\/\/www.asimis-market.com\/it\/wp-json\/wp\/v2\/product\/34875","targetHints":{"allow":["GET"]}}],"collection":[{"href":"https:\/\/www.asimis-market.com\/it\/wp-json\/wp\/v2\/product"}],"about":[{"href":"https:\/\/www.asimis-market.com\/it\/wp-json\/wp\/v2\/types\/product"}],"replies":[{"embeddable":true,"href":"https:\/\/www.asimis-market.com\/it\/wp-json\/wp\/v2\/comments?post=34875"}],"wp:featuredmedia":[{"embeddable":true,"href":"https:\/\/www.asimis-market.com\/it\/wp-json\/wp\/v2\/media\/20575"}],"wp:attachment":[{"href":"https:\/\/www.asimis-market.com\/it\/wp-json\/wp\/v2\/media?parent=34875"}],"wp:term":[{"taxonomy":"product_brand","embeddable":true,"href":"https:\/\/www.asimis-market.com\/it\/wp-json\/wp\/v2\/product_brand?post=34875"},{"taxonomy":"product_cat","embeddable":true,"href":"https:\/\/www.asimis-market.com\/it\/wp-json\/wp\/v2\/product_cat?post=34875"},{"taxonomy":"product_tag","embeddable":true,"href":"https:\/\/www.asimis-market.com\/it\/wp-json\/wp\/v2\/product_tag?post=34875"}],"curies":[{"name":"wp","href":"https:\/\/api.w.org\/{rel}","templated":true}]}}