{"id":34889,"date":"2023-10-02T12:51:02","date_gmt":"2023-10-02T09:51:02","guid":{"rendered":"https:\/\/www.asimis-market.com\/product\/bracciale-in-argento-925-con-sfere-di-cristallo-elegante-collana-regalo-in-argento-925-con-zaffiro-bianco\/"},"modified":"2024-03-16T03:13:52","modified_gmt":"2024-03-16T00:13:52","slug":"bracciale-in-argento-925-con-sfere-di-cristallo-elegante-collana-regalo-in-argento-925-con-zaffiro-bianco","status":"publish","type":"product","link":"https:\/\/www.asimis-market.com\/it\/prodotto\/bracciale-in-argento-925-con-sfere-di-cristallo-elegante-collana-regalo-in-argento-925-con-zaffiro-bianco\/","title":{"rendered":"BRACCIALE IN ARGENTO 925 CON SFERE DI CRISTALLO + ELEGANTE COLLANA REGALO IN ARGENTO 925 CON ZAFFIRO BIANCO"},"content":{"rendered":"<p><strong>BRACCIALE IN ARGENTO 925 CON SFERE DI CRISTALLO + ELEGANTE COLLANA REGALO IN ARGENTO 925 CON ZAFFIRO BIANCO<\/strong><\/p>\n<p>Un bellissimo bracciale con metallo di base in acciaio placcato in argento 925. Un bracciale di grande effetto che risalta magnificamente sulla mano e cattura gli sguardi.<\/p>\n<p><strong>Caratteristiche Bracciale<\/strong><\/p>\n<p>Codice: 522-540<\/p>\n<p>Marchio: Asimis<\/p>\n<p>Tipo: Bracciale<\/p>\n<p>Metallo: Acciaio placcato argento 925<\/p>\n<p>Lunghezza della catena: da 19 a 25 cm<\/p>\n<p>Dimensioni del design: 6 mm<\/p>\n<p>Femmina<\/p>\n<p><strong>ELEGANTE COLLANA IN ARGENTO 925 CON ZAFFIRO BIANCO<\/strong><\/p>\n<p>Una moderna collana da donna in argento 925 con una pietra di zaffiro sintetico bianco. Una collana di grande effetto che si staglia magnificamente sul collo di una donna e che attira tutti gli sguardi. Gioielli ideali per ogni uscita.<\/p>\n<p><strong>Caratteristiche Collana<\/strong><\/p>\n<p>Codice: 524-600-210<\/p>\n<p>Marchio: Asimis<\/p>\n<p>Tipo: Collana<\/p>\n<p>Metallo: argento 925<\/p>\n<p>Pietra: zaffiro sintetico<\/p>\n<p>Lunghezza della catena: 45 cm<\/p>\n<p>Dimensioni del design: 8 mm<\/p>\n<p>Femmina<\/p>\n<p>Un gioiello in ARGENTO 925 \u00e8 il regalo migliore per stupire i vostri amici e scaldare i cuori di chi amate, sempre al prezzo pi\u00f9 basso del mercato perch\u00e9 importiamo tutti i nostri gioielli.<\/p>\n<p>Tutti i gioielli sono dotati di confezione<\/p>\n<p>Potete scegliere il pacchetto che preferite<\/p>\n<p>E quando si completa l&#8217;ordine<\/p>\n<p>lo scrivete nella nota del cliente<\/p>\n<p>nel caso in cui non ci dica l&#8217;imballaggio<\/p>\n<p>l&#8217;eshop accompagna i gioielli<\/p>\n<p>con confezione in regalo.<\/p>\n<p>potete anche chiederci un sacchetto<\/p>\n<p>regalo se si desidera regalarlo.<\/p>\n<p><strong>Colori Borsa In Tessuto Per Regalo Con Cordino<\/strong><\/p>\n<p>-Arancione<\/p>\n<p>-Turchese<\/p>\n<p>-Rosso<\/p>\n<p>-Rosa<\/p>\n<p>-Blu<\/p>\n<p>-Blu chiaro<\/p>\n<p>-Verde<\/p>\n<p>&#8211; Nero<\/p>\n<p><strong>Colori Borsa In Tessuto Per Regalo Con Cordino<\/strong><\/p>\n<p>-Bianco<\/p>\n<p>-Rosso<\/p>\n<p>&#8211; Nero<\/p>\n<p>-Rosa<\/p>\n","protected":false},"excerpt":{"rendered":"<p>BRACCIALE IN ARGENTO 925 CON SFERE DI CRISTALLO + ELEGANTE COLLANA REGALO IN ARGENTO 925 CON ZAFFIRO BIANCO Un bellissimo bracciale con metallo di base in acciaio placcato in argento 925. Un bracciale di grande effetto che risalta magnificamente sulla mano e cattura gli sguardi. Caratteristiche Bracciale Codice: 522-540 Marchio: Asimis Tipo: Bracciale Metallo: Acciaio [&#8230;]\n","protected":false},"featured_media":20505,"comment_status":"closed","ping_status":"closed","template":"","meta":{"wds_primary_product_brand":0,"wds_primary_product_cat":0},"product_brand":[],"product_cat":[468,428],"product_tag":[],"class_list":{"0":"post-34889","1":"product","2":"type-product","3":"status-publish","4":"has-post-thumbnail","6":"product_cat-braccialetto","7":"product_cat-gioielleria","8":"product_shipping_class-buste","10":"first","11":"instock","12":"sale","13":"shipping-taxable","14":"purchasable","15":"product-type-simple"},"_links":{"self":[{"href":"https:\/\/www.asimis-market.com\/it\/wp-json\/wp\/v2\/product\/34889","targetHints":{"allow":["GET"]}}],"collection":[{"href":"https:\/\/www.asimis-market.com\/it\/wp-json\/wp\/v2\/product"}],"about":[{"href":"https:\/\/www.asimis-market.com\/it\/wp-json\/wp\/v2\/types\/product"}],"replies":[{"embeddable":true,"href":"https:\/\/www.asimis-market.com\/it\/wp-json\/wp\/v2\/comments?post=34889"}],"wp:featuredmedia":[{"embeddable":true,"href":"https:\/\/www.asimis-market.com\/it\/wp-json\/wp\/v2\/media\/20505"}],"wp:attachment":[{"href":"https:\/\/www.asimis-market.com\/it\/wp-json\/wp\/v2\/media?parent=34889"}],"wp:term":[{"taxonomy":"product_brand","embeddable":true,"href":"https:\/\/www.asimis-market.com\/it\/wp-json\/wp\/v2\/product_brand?post=34889"},{"taxonomy":"product_cat","embeddable":true,"href":"https:\/\/www.asimis-market.com\/it\/wp-json\/wp\/v2\/product_cat?post=34889"},{"taxonomy":"product_tag","embeddable":true,"href":"https:\/\/www.asimis-market.com\/it\/wp-json\/wp\/v2\/product_tag?post=34889"}],"curies":[{"name":"wp","href":"https:\/\/api.w.org\/{rel}","templated":true}]}}