{"id":37407,"date":"2024-11-04T04:46:19","date_gmt":"2024-11-04T01:46:19","guid":{"rendered":"https:\/\/www.asimis-market.com\/product\/atomic-filtro-slim-6-mm1000-filters-economic-packaging\/"},"modified":"2026-04-13T14:11:46","modified_gmt":"2026-04-13T11:11:46","slug":"atomic-filtro-slim-6-mm1000-filters-economic-packaging","status":"publish","type":"product","link":"https:\/\/www.asimis-market.com\/it\/prodotto\/atomic-filtro-slim-6-mm1000-filters-economic-packaging\/","title":{"rendered":"ATOMIC FILTRO SLIM 6 mm 1000 FILTRI PER ROLLARE IMBALLAGGIO ECONOMICO"},"content":{"rendered":"<p><strong><span style=\"font-size: 120%; color: #0000ff;\">ATOMIC FILTRO SLIM 6 mm 1000 FILTRI PER ROLLARE IMBALLAGGIO ECONOMICO<\/span><\/strong><\/p>\n<p>&nbsp;<\/p>\n<p>Dimensione filtro 6mm slim<\/p>\n<p>&nbsp;<\/p>\n<p>Lunghezza 15 mm<\/p>\n<p>&nbsp;<\/p>\n<p>Colore filtro Bianco<\/p>\n<p>&nbsp;<\/p>\n<p>1000 Filtri Slim In comoda confezione ermetica con Zip<\/p>\n<p>&nbsp;<\/p>\n<p>Il filtro pi\u00f9 economico dell&#8217;eshop,<\/p>\n<p>&nbsp;<\/p>\n<p><span style=\"background-color: #ff0000;\">\u00a0 \u00a0 \u00a0 \u00a0 \u00a0 \u00a0 \u00a0 \u00a0 \u00a0 \u00a0 \u00a0 \u00a0 \u00a0 \u00a0 \u00a0 \u00a0 \u00a0 \u00a0 \u00a0 \u00a0 \u00a0 \u00a0 \u00a0 \u00a0 \u00a0 \u00a0 \u00a0 \u00a0 \u00a0 \u00a0 \u00a0 \u00a0 \u00a0 \u00a0 \u00a0 \u00a0 \u00a0 \u00a0 \u00a0 \u00a0 \u00a0 \u00a0 \u00a0 \u00a0 \u00a0 \u00a0 \u00a0 \u00a0 \u00a0 \u00a0 \u00a0 \u00a0 \u00a0 \u00a0 \u00a0 \u00a0 \u00a0 \u00a0 \u00a0 \u00a0 \u00a0 \u00a0 \u00a0 \u00a0 \u00a0 \u00a0 \u00a0 \u00a0 \u00a0 \u00a0 \u00a0 \u00a0 \u00a0 \u00a0 \u00a0 \u00a0 \u00a0 \u00a0 \u00a0 \u00a0 \u00a0 \u00a0 \u00a0 \u00a0 \u00a0 \u00a0 \u00a0 \u00a0 \u00a0 \u00a0 \u00a0 \u00a0 \u00a0 \u00a0 \u00a0 \u00a0 \u00a0 \u00a0 \u00a0 \u00a0 \u00a0 \u00a0 \u00a0 \u00a0 \u00a0 \u00a0 \u00a0 \u00a0 \u00a0 \u00a0 \u00a0 \u00a0 \u00a0 \u00a0 \u00a0 \u00a0 \u00a0 \u00a0 \u00a0 \u00a0 \u00a0 \u00a0 \u00a0 \u00a0 \u00a0 \u00a0 \u00a0 \u00a0 \u00a0 \u00a0 \u00a0 \u00a0 \u00a0 \u00a0 \u00a0 \u00a0 \u00a0 \u00a0 \u00a0 \u00a0 \u00a0 \u00a0 \u00a0 \u00a0<\/span><\/p>\n<p>&nbsp;<\/p>\n<p>Quando \u00e8 arrivato questo particolare filtro slim ho pensato che la sua qualit\u00e0<\/p>\n<p>&nbsp;<\/p>\n<p>sarebbe stata nella media, perch\u00e9 a questo prezzo molto basso non sarebbe<\/p>\n<p>&nbsp;<\/p>\n<p>stato in grado di competere con le note marche di filtri per sigarette.<\/p>\n<p>&nbsp;<\/p>\n<p>Ma facendo il primo test sono rimasto impressionato e mi ha subito conquistato<\/p>\n<p>&nbsp;<\/p>\n<p>cambiando immediatamente la marca del filtro,<\/p>\n<p>&nbsp;<\/p>\n<p>che fino a quel momento stavo fumando. al momento fumo questo particolare<\/p>\n<p>&nbsp;<\/p>\n<p>filtro senza alcuna tosse che avevo prima con il vecchio filtro.<\/p>\n<p>&nbsp;<\/p>\n<p>il prezzo del filtro non \u00e8 cos\u00ec economico, tuttavia l&#8217;eshop asimis-market<\/p>\n<p>&nbsp;<\/p>\n<p>\u00e8 riuscito ad avere un prezzo cos\u00ec basso e la qualit\u00e0 \u00e8 incredibile,<\/p>\n<p>&nbsp;<\/p>\n<p>ancora un&#8217;altra cosa buona \u00e8 la dimensione slm 6mm che rende<\/p>\n<p>&nbsp;<\/p>\n<p>la sigaretta da rollare pi\u00f9 riempimento con una sensazione migliore,<\/p>\n<p>&nbsp;<\/p>\n<p>rispetto al 5.7mm extra slim.<\/p>\n<p>&nbsp;<\/p>\n<p><span style=\"background-color: #ff0000;\">\u00a0 \u00a0 \u00a0 \u00a0 \u00a0 \u00a0 \u00a0 \u00a0 \u00a0 \u00a0 \u00a0 \u00a0 \u00a0 \u00a0 \u00a0 \u00a0 \u00a0 \u00a0 \u00a0 \u00a0 \u00a0 \u00a0 \u00a0 \u00a0 \u00a0 \u00a0 \u00a0 \u00a0 \u00a0 \u00a0 \u00a0 \u00a0 \u00a0 \u00a0 \u00a0 \u00a0 \u00a0 \u00a0 \u00a0 \u00a0 \u00a0 \u00a0 \u00a0 \u00a0 \u00a0 \u00a0 \u00a0 \u00a0 \u00a0 \u00a0 \u00a0 \u00a0 \u00a0 \u00a0 \u00a0 \u00a0 \u00a0 \u00a0 \u00a0 \u00a0 \u00a0 \u00a0 \u00a0 \u00a0 \u00a0 \u00a0 \u00a0 \u00a0 \u00a0 \u00a0 \u00a0 \u00a0 \u00a0 \u00a0 \u00a0 \u00a0 \u00a0 \u00a0 \u00a0 \u00a0 \u00a0 \u00a0 \u00a0 \u00a0 \u00a0 \u00a0 \u00a0 \u00a0 \u00a0 \u00a0 \u00a0 \u00a0 \u00a0 \u00a0 \u00a0 \u00a0 \u00a0 \u00a0 \u00a0 \u00a0 \u00a0 \u00a0 \u00a0 \u00a0 \u00a0 \u00a0 \u00a0 \u00a0 \u00a0 \u00a0 \u00a0 \u00a0 \u00a0 \u00a0 \u00a0 \u00a0 \u00a0 \u00a0 \u00a0 \u00a0 \u00a0 \u00a0 \u00a0 \u00a0 \u00a0 \u00a0 \u00a0 \u00a0 \u00a0 \u00a0 \u00a0 \u00a0 \u00a0 \u00a0 \u00a0 \u00a0 \u00a0 \u00a0 \u00a0 \u00a0 \u00a0 \u00a0 \u00a0 \u00a0<\/span><\/p>\n<p>&nbsp;<\/p>\n<p>e da quando ho scritto la mia storia con questo particolare filtro,<\/p>\n<p>&nbsp;<\/p>\n<p>uso la carta rotolante gizeh blue con magnete che si chiude<\/p>\n<p>&nbsp;<\/p>\n<p>con il magnete e non rimane aperta come tutte le altre carte,<\/p>\n<p>&nbsp;<\/p>\n<p>e cos\u00ec si protegge dall&#8217;acqua e dalla polvere, ecco il link se volete acquistare questa carta.<\/p>\n<p>&nbsp;<\/p>\n<blockquote class=\"wp-embedded-content\" data-secret=\"1GwP9ANlcd\"><p><a href=\"https:\/\/www.asimis-market.com\/it\/prodotto\/gizeh-original-blu-con-calamita-cartine-100-fogli-dimensione-regolare-scatola-completa-20-pezzi\/\">GIZEH ORIGINAL BLUE WITH MAGNET ROLLING PAPERS 100 SHEETS PER PACK 21GR\/M2 NORMAL BURNING REGULAR SIZE FULL BOX 20 PACKS<\/a><\/p><\/blockquote>\n<p><iframe loading=\"lazy\" class=\"wp-embedded-content\" sandbox=\"allow-scripts\" security=\"restricted\" style=\"position: absolute; visibility: hidden;\" title=\"&#8220;GIZEH ORIGINAL BLUE WITH MAGNET ROLLING PAPERS 100 SHEETS PER PACK 21GR\/M2 NORMAL BURNING REGULAR SIZE FULL BOX 20 PACKS&#8221; &#8212; Asimis Market\" src=\"https:\/\/www.asimis-market.com\/it\/prodotto\/gizeh-original-blu-con-calamita-cartine-100-fogli-dimensione-regolare-scatola-completa-20-pezzi\/embed\/#?secret=lMuGwb7Gd8#?secret=1GwP9ANlcd\" data-secret=\"1GwP9ANlcd\" width=\"600\" height=\"338\" frameborder=\"0\" marginwidth=\"0\" marginheight=\"0\" scrolling=\"no\"><\/iframe><\/p>\n<p>&nbsp;<\/p>\n<p>e il tubo del nonno 42902-075 che filtra molto bene le sostanze nocive.<\/p>\n<p>&nbsp;<\/p>\n<p>ecco il link se volete acquistare questo prodotto<\/p>\n<p>&nbsp;<\/p>\n<blockquote class=\"wp-embedded-content\" data-secret=\"ghsEmhFpdW\"><p><a href=\"https:\/\/www.asimis-market.com\/it\/prodotto\/nonno-tubi-per-sigarette-cigarette-holder-pipe-42902-075-slim-6mm-6-3mm-con-filtro-a-ventilazione-meccanica-e-separatori-dacqua-23-tubi-per-confezione-scatola-da-10-pezzi\/\">GRANDFATHER PIPES FOR ROLLING CIGARETTE 42902-075 SLIM 6mm 6.3mm WITH MECHANICALLY OILED FILTER AND 4 HYDROFILES AND REMOVABLE MOUTHPIECE 23 PIPES PER PACK BOX OF 10 PIECES<\/a><\/p><\/blockquote>\n<p><iframe loading=\"lazy\" class=\"wp-embedded-content\" sandbox=\"allow-scripts\" security=\"restricted\" style=\"position: absolute; visibility: hidden;\" title=\"&#8220;GRANDFATHER PIPES FOR ROLLING CIGARETTE 42902-075 SLIM 6mm 6.3mm WITH MECHANICALLY OILED FILTER AND 4 HYDROFILES AND REMOVABLE MOUTHPIECE 23 PIPES PER PACK BOX OF 10 PIECES&#8221; &#8212; Asimis Market\" src=\"https:\/\/www.asimis-market.com\/it\/prodotto\/nonno-tubi-per-sigarette-cigarette-holder-pipe-42902-075-slim-6mm-6-3mm-con-filtro-a-ventilazione-meccanica-e-separatori-dacqua-23-tubi-per-confezione-scatola-da-10-pezzi\/embed\/#?secret=wvD4iY0PrF#?secret=ghsEmhFpdW\" data-secret=\"ghsEmhFpdW\" width=\"600\" height=\"338\" frameborder=\"0\" marginwidth=\"0\" marginheight=\"0\" scrolling=\"no\"><\/iframe><\/p>\n<p>&nbsp;<\/p>\n<p><span style=\"background-color: #ff0000;\">\u00a0 \u00a0 \u00a0 \u00a0 \u00a0 \u00a0 \u00a0 \u00a0 \u00a0 \u00a0 \u00a0 \u00a0 \u00a0 \u00a0 \u00a0 \u00a0 \u00a0 \u00a0 \u00a0 \u00a0 \u00a0 \u00a0 \u00a0 \u00a0 \u00a0 \u00a0 \u00a0 \u00a0 \u00a0 \u00a0 \u00a0 \u00a0 \u00a0 \u00a0 \u00a0 \u00a0 \u00a0 \u00a0 \u00a0 \u00a0 \u00a0 \u00a0 \u00a0 \u00a0 \u00a0 \u00a0 \u00a0 \u00a0 \u00a0 \u00a0 \u00a0 \u00a0 \u00a0 \u00a0 \u00a0 \u00a0 \u00a0 \u00a0 \u00a0 \u00a0 \u00a0 \u00a0 \u00a0 \u00a0 \u00a0 \u00a0 \u00a0 \u00a0 \u00a0 \u00a0 \u00a0 \u00a0 \u00a0 \u00a0 \u00a0 \u00a0 \u00a0 \u00a0 \u00a0 \u00a0 \u00a0 \u00a0 \u00a0 \u00a0 \u00a0 \u00a0 \u00a0 \u00a0 \u00a0 \u00a0 \u00a0 \u00a0 \u00a0 \u00a0 \u00a0 \u00a0 \u00a0 \u00a0 \u00a0 \u00a0 \u00a0 \u00a0 \u00a0 \u00a0 \u00a0 \u00a0 \u00a0 \u00a0 \u00a0 \u00a0 \u00a0 \u00a0 \u00a0 \u00a0 \u00a0 \u00a0 \u00a0 \u00a0 \u00a0 \u00a0 \u00a0 \u00a0 \u00a0 \u00a0 \u00a0 \u00a0 \u00a0 \u00a0 \u00a0 \u00a0 \u00a0 \u00a0 \u00a0 \u00a0 \u00a0 \u00a0 \u00a0 \u00a0 \u00a0 \u00a0 \u00a0 \u00a0 \u00a0 \u00a0<\/span><\/p>\n<p>&nbsp;<\/p>\n<p>e in chiusura voglio confermare, uno dei migliori filtri di eshop asimis-market<\/p>\n<p>&nbsp;<\/p>\n<p>il miglior filtro prezzo lo consiglio vivamente.<\/p>\n<p>&nbsp;<\/p>\n<p><span style=\"background-color: #ff0000;\">\u00a0 \u00a0 \u00a0 \u00a0 \u00a0 \u00a0 \u00a0 \u00a0 \u00a0 \u00a0 \u00a0 \u00a0 \u00a0 \u00a0 \u00a0 \u00a0 \u00a0 \u00a0 \u00a0 \u00a0 \u00a0 \u00a0 \u00a0 \u00a0 \u00a0 \u00a0 \u00a0 \u00a0 \u00a0 \u00a0 \u00a0 \u00a0 \u00a0 \u00a0 \u00a0 \u00a0 \u00a0 \u00a0 \u00a0 \u00a0 \u00a0 \u00a0 \u00a0 \u00a0 \u00a0 \u00a0 \u00a0 \u00a0 \u00a0 \u00a0 \u00a0 \u00a0 \u00a0 \u00a0 \u00a0 \u00a0 \u00a0 \u00a0 \u00a0 \u00a0 \u00a0 \u00a0 \u00a0 \u00a0 \u00a0 \u00a0 \u00a0 \u00a0 \u00a0 \u00a0 \u00a0 \u00a0 \u00a0 \u00a0 \u00a0 \u00a0 \u00a0 \u00a0 \u00a0 \u00a0 \u00a0 \u00a0 \u00a0 \u00a0 \u00a0 \u00a0 \u00a0 \u00a0 \u00a0 \u00a0 \u00a0 \u00a0 \u00a0 \u00a0 \u00a0 \u00a0 \u00a0 \u00a0 \u00a0 \u00a0 \u00a0 \u00a0 \u00a0 \u00a0 \u00a0 \u00a0 \u00a0 \u00a0 \u00a0 \u00a0 \u00a0 \u00a0 \u00a0 \u00a0 \u00a0 \u00a0 \u00a0 \u00a0 \u00a0 \u00a0 \u00a0 \u00a0 \u00a0 \u00a0 \u00a0 \u00a0 \u00a0 \u00a0 \u00a0 \u00a0 \u00a0 \u00a0 \u00a0 \u00a0 \u00a0 \u00a0 \u00a0 \u00a0 \u00a0 \u00a0 \u00a0 \u00a0 \u00a0 \u00a0<\/span><\/p>\n<p>&nbsp;<\/p>\n<p>L\u2019eshop asimis-market.com ha i migliori prezzi per Atomic Filtro Slim 6mm 1000 Filtri Per Rollare.<\/p>\n<p>&nbsp;<\/p>\n<p><a href=\"https:\/\/www.asimis-market.com\/product-category\/smoking-products\/papers\/\">cartine<\/a>\u00a0e\u00a0<a href=\"https:\/\/www.asimis-market.com\/product-category\/smoking-products\/filters\/\">filtri<\/a>. buste di tabacco,\u00a0<a href=\"https:\/\/www.asimis-market.com\/product-category\/lighters-accessories\/lighters\/\">accendini<\/a>\u00a0t\u03b9po zippo, tubi portasigarette,\u00a0<a href=\"https:\/\/www.asimis-market.com\/product-category\/cigar-leaves\/\">foglie di sigaro<\/a>, rotoli\u00a0<a href=\"https:\/\/www.asimis-market.com\/product-category\/smoking-products\/papers\/\">cartine<\/a><a href=\"https:\/\/www.asimis-market.com\/product-category\/smoking-products\/filters\/\">filtri<\/a>.<\/p>\n<p>&nbsp;<\/p>\n<p>tutte le dimensioni\u00a0<a href=\"https:\/\/www.asimis-market.com\/product-category\/smoking-products\/papers\/\">cartine<\/a>\u00a0regolari piccole dimensioni 1 1\/4 king size e king size connoisseur,\u00a0<a href=\"https:\/\/www.asimis-market.com\/product-category\/grinders\/\">grinders.<\/a><\/p>\n<p>&nbsp;<\/p>\n<p><a href=\"https:\/\/www.asimis-market.com\/product-category\/smoking-products\/filters\/\">filtri<\/a>\u00a0tutte le dimensioni rizla ultra slim 5.7mm, rizla slim 6mm, rizla king size regular 8mm,<\/p>\n<p>&nbsp;<\/p>\n<p>rizla carbon and mentol, swan extra slim e slim, discovery carbon e lungo.<\/p>\n<p>&nbsp;<\/p>\n<p>abbiamo prezzi migliori di tutti gli altri negozi online, fino a Sconto extra del 50%.<\/p>\n<p>&nbsp;<\/p>\n<p>abbiamo tutte le marche pi\u00f9 famose di Rizla, swan, raw, smoking, gizeh, ocb, drum,<\/p>\n<p>&nbsp;<\/p>\n<p>elements, juice, old holborn, discovery, evans per prodotti per sigarette ai prezzi pi\u00f9 economici<\/p>\n<p>&nbsp;<\/p>\n<p><a href=\"https:\/\/www.asimis-market.com\/product-category\/smoking-products\/filters\/\">cartine<\/a>\u00a0e\u00a0<a href=\"https:\/\/www.asimis-market.com\/product-category\/smoking-products\/papers\/\">filtri<\/a>\u00a0e accessori per fumatori.<\/p>\n<p>&nbsp;<\/p>\n<p><span style=\"background-color: #ff0000;\">\u00a0 \u00a0 \u00a0 \u00a0 \u00a0 \u00a0 \u00a0 \u00a0 \u00a0 \u00a0 \u00a0 \u00a0 \u00a0 \u00a0 \u00a0 \u00a0 \u00a0 \u00a0 \u00a0 \u00a0 \u00a0 \u00a0 \u00a0 \u00a0 \u00a0 \u00a0 \u00a0 \u00a0 \u00a0 \u00a0 \u00a0 \u00a0 \u00a0 \u00a0 \u00a0 \u00a0 \u00a0 \u00a0 \u00a0 \u00a0 \u00a0 \u00a0 \u00a0 \u00a0 \u00a0 \u00a0 \u00a0 \u00a0 \u00a0 \u00a0 \u00a0 \u00a0 \u00a0 \u00a0 \u00a0 \u00a0 \u00a0 \u00a0 \u00a0 \u00a0 \u00a0 \u00a0 \u00a0 \u00a0 \u00a0 \u00a0 \u00a0 \u00a0 \u00a0 \u00a0 \u00a0 \u00a0 \u00a0 \u00a0 \u00a0 \u00a0 \u00a0 \u00a0 \u00a0 \u00a0 \u00a0 \u00a0 \u00a0 \u00a0 \u00a0 \u00a0 \u00a0 \u00a0 \u00a0 \u00a0 \u00a0 \u00a0 \u00a0 \u00a0 \u00a0 \u00a0 \u00a0 \u00a0 \u00a0 \u00a0 \u00a0 \u00a0 \u00a0 \u00a0 \u00a0 \u00a0 \u00a0 \u00a0 \u00a0 \u00a0 \u00a0 \u00a0 \u00a0 \u00a0 \u00a0 \u00a0 \u00a0 \u00a0 \u00a0 \u00a0 \u00a0 \u00a0 \u00a0 \u00a0 \u00a0 \u00a0 \u00a0 \u00a0 \u00a0 \u00a0 \u00a0 \u00a0 \u00a0 \u00a0 \u00a0 \u00a0 \u00a0 \u00a0 \u00a0 \u00a0 \u00a0 \u00a0 \u00a0 \u00a0<\/span><\/p>\n<p>&nbsp;<\/p>\n<p>SERVIAMO PAESI GLOBALI COME<\/p>\n<p>&nbsp;<\/p>\n<p>ITALIA, REGNO UNITO, FRANCIA, GERMANIA, SPAGNA, PORTOGALLO,<\/p>\n<p>&nbsp;<\/p>\n<p>PAESI BASSI, SVIZZERA, DANIMARCA, NORVEGIA, SVEZIA,<\/p>\n<p>&nbsp;<\/p>\n<p>FINLANDIA, IRLANDA, ISLANDA, AUSTRIA, BELGIO,<\/p>\n<p>&nbsp;<\/p>\n<p>REPUBBLICA CECA, GROENLANDIA, STATI UNITI USA, CANADA,<\/p>\n<p>&nbsp;<\/p>\n<p>AUSTRALIA, BAHREIN, ARABIA SAUDITA, EMIRATI ARABI UNITI,<\/p>\n<p>&nbsp;<\/p>\n<p>KUWAIT, GIAPPONE, COREA, CINA, THAILANDIA, ISRAELE.<\/p>\n<p>&nbsp;<\/p>\n<p>E IN GENERALE TUTTI I PAESI DEL MONDO.<\/p>\n<p>&nbsp;<\/p>\n<p>INVIAMO TUTTI GLI ORDINI MOLTO VELOCEMENTE ENTRO<\/p>\n<p>&nbsp;<\/p>\n<p>LO STESSO GIORNO O DA 1 A 2 GIORNI LAVORATIVI.<\/p>\n<p>&nbsp;<\/p>\n<p>L\u2019IMBALLAGGIO E\u2019 SEMPRE PROTETTO DA UNA<\/p>\n<p>&nbsp;<\/p>\n<p>SCATOLA DI CARTA RIGIDA O DA UN PROTETTIVO A BOLLE.<\/p>\n<p>&nbsp;<\/p>\n<p>TUTTE LE SPEDIZIONI SONO CON UN NUMERO<\/p>\n<p>&nbsp;<\/p>\n<p>DI TRACKING E SIETE AGGIORNATI TRAMITE EMAIL,<\/p>\n<p>&nbsp;<\/p>\n<p>COME VISUALIZZARE IL TUO NUMERO DI TRACCIAMENTO<\/p>\n<p>&nbsp;<\/p>\n<p>PER RICEVERE VELOCEMENTE IL TUO ORDINE.<\/p>\n<p>&nbsp;<\/p>\n<p>GARANZIA COMPLETA RIMBORSO.<\/p>\n<p>&nbsp;<\/p>\n<p><span style=\"background-color: #ff0000;\">\u00a0 \u00a0 \u00a0 \u00a0 \u00a0 \u00a0 \u00a0 \u00a0 \u00a0 \u00a0 \u00a0 \u00a0 \u00a0 \u00a0 \u00a0 \u00a0 \u00a0 \u00a0 \u00a0 \u00a0 \u00a0 \u00a0 \u00a0 \u00a0 \u00a0 \u00a0 \u00a0 \u00a0 \u00a0 \u00a0 \u00a0 \u00a0 \u00a0 \u00a0 \u00a0 \u00a0 \u00a0 \u00a0 \u00a0 \u00a0 \u00a0 \u00a0 \u00a0 \u00a0 \u00a0 \u00a0 \u00a0 \u00a0 \u00a0 \u00a0 \u00a0 \u00a0 \u00a0 \u00a0 \u00a0 \u00a0 \u00a0 \u00a0 \u00a0 \u00a0 \u00a0 \u00a0 \u00a0 \u00a0 \u00a0 \u00a0 \u00a0 \u00a0 \u00a0 \u00a0 \u00a0 \u00a0 \u00a0 \u00a0 \u00a0 \u00a0 \u00a0 \u00a0 \u00a0 \u00a0 \u00a0 \u00a0 \u00a0 \u00a0 \u00a0 \u00a0 \u00a0 \u00a0 \u00a0 \u00a0 \u00a0 \u00a0 \u00a0 \u00a0 \u00a0 \u00a0 \u00a0 \u00a0 \u00a0 \u00a0 \u00a0 \u00a0 \u00a0 \u00a0 \u00a0 \u00a0 \u00a0 \u00a0 \u00a0 \u00a0 \u00a0 \u00a0 \u00a0 \u00a0 \u00a0 \u00a0 \u00a0 \u00a0 \u00a0 \u00a0 \u00a0 \u00a0 \u00a0 \u00a0 \u00a0 \u00a0 \u00a0 \u00a0 \u00a0 \u00a0 \u00a0 \u00a0 \u00a0 \u00a0 \u00a0 \u00a0 \u00a0 \u00a0 \u00a0 \u00a0 \u00a0 \u00a0 \u00a0 \u00a0<\/span><\/p>\n<p>&nbsp;<\/p>\n<p><img loading=\"lazy\" decoding=\"async\" class=\"alignnone size-medium wp-image-37396\" src=\"https:\/\/www.asimis-market.com\/wp-content\/uploads\/2024\/11\/244-500_ATOMIC-FILTRO-SLIM-1000-400x400.jpg\" alt=\"\" width=\"400\" height=\"400\" srcset=\"https:\/\/www.asimis-market.com\/wp-content\/uploads\/2024\/11\/244-500_ATOMIC-FILTRO-SLIM-1000-400x400.jpg 400w, https:\/\/www.asimis-market.com\/wp-content\/uploads\/2024\/11\/244-500_ATOMIC-FILTRO-SLIM-1000-280x280.jpg 280w, https:\/\/www.asimis-market.com\/wp-content\/uploads\/2024\/11\/244-500_ATOMIC-FILTRO-SLIM-1000-300x300.jpg 300w, https:\/\/www.asimis-market.com\/wp-content\/uploads\/2024\/11\/244-500_ATOMIC-FILTRO-SLIM-1000-100x100.jpg 100w, https:\/\/www.asimis-market.com\/wp-content\/uploads\/2024\/11\/244-500_ATOMIC-FILTRO-SLIM-1000-64x64.jpg 64w, https:\/\/www.asimis-market.com\/wp-content\/uploads\/2024\/11\/244-500_ATOMIC-FILTRO-SLIM-1000.jpg 500w\" sizes=\"auto, (max-width: 400px) 100vw, 400px\" \/><\/p>\n","protected":false},"excerpt":{"rendered":"<p>ATOMIC FILTRO SLIM 6 mm 1000 FILTRI PER ROLLARE IMBALLAGGIO ECONOMICO &nbsp; Dimensione filtro 6mm slim &nbsp; Lunghezza 15 mm &nbsp; Colore filtro Bianco &nbsp; 1000 Filtri Slim In comoda confezione ermetica con Zip &nbsp; Il filtro pi\u00f9 economico dell&#8217;eshop, &nbsp; \u00a0 \u00a0 \u00a0 \u00a0 \u00a0 \u00a0 \u00a0 \u00a0 \u00a0 \u00a0 \u00a0 \u00a0 \u00a0 \u00a0 [&#8230;]\n","protected":false},"featured_media":37397,"comment_status":"closed","ping_status":"closed","template":"","meta":{"wds_primary_product_brand":0,"wds_primary_product_cat":0},"product_brand":[],"product_cat":[483,604,503,482],"product_tag":[],"class_list":{"0":"post-37407","1":"product","2":"type-product","3":"status-publish","4":"has-post-thumbnail","6":"product_cat-filtri","7":"product_cat-filtri-atomic","8":"product_cat-non-categorizzato","9":"product_cat-prodotti-da-fumo","11":"first","12":"instock","13":"sale","14":"shipping-taxable","15":"purchasable","16":"product-type-simple"},"_links":{"self":[{"href":"https:\/\/www.asimis-market.com\/it\/wp-json\/wp\/v2\/product\/37407","targetHints":{"allow":["GET"]}}],"collection":[{"href":"https:\/\/www.asimis-market.com\/it\/wp-json\/wp\/v2\/product"}],"about":[{"href":"https:\/\/www.asimis-market.com\/it\/wp-json\/wp\/v2\/types\/product"}],"replies":[{"embeddable":true,"href":"https:\/\/www.asimis-market.com\/it\/wp-json\/wp\/v2\/comments?post=37407"}],"wp:featuredmedia":[{"embeddable":true,"href":"https:\/\/www.asimis-market.com\/it\/wp-json\/wp\/v2\/media\/37397"}],"wp:attachment":[{"href":"https:\/\/www.asimis-market.com\/it\/wp-json\/wp\/v2\/media?parent=37407"}],"wp:term":[{"taxonomy":"product_brand","embeddable":true,"href":"https:\/\/www.asimis-market.com\/it\/wp-json\/wp\/v2\/product_brand?post=37407"},{"taxonomy":"product_cat","embeddable":true,"href":"https:\/\/www.asimis-market.com\/it\/wp-json\/wp\/v2\/product_cat?post=37407"},{"taxonomy":"product_tag","embeddable":true,"href":"https:\/\/www.asimis-market.com\/it\/wp-json\/wp\/v2\/product_tag?post=37407"}],"curies":[{"name":"wp","href":"https:\/\/api.w.org\/{rel}","templated":true}]}}