{"id":37944,"date":"2024-12-18T02:48:47","date_gmt":"2024-12-17T23:48:47","guid":{"rendered":"https:\/\/www.asimis-market.com\/?post_type=product&#038;p=37944"},"modified":"2026-03-07T19:26:11","modified_gmt":"2026-03-07T17:26:11","slug":"smoking-active-filters-30-riutilizzabile-filtri-carbone-in-legno-di-cocco-slim-6mm-e-lungo-27mm","status":"publish","type":"product","link":"https:\/\/www.asimis-market.com\/it\/prodotto\/smoking-active-filters-30-riutilizzabile-filtri-carbone-in-legno-di-cocco-slim-6mm-e-lungo-27mm\/","title":{"rendered":"SMOKING ACTIVE FILTERS 30 RIUTILIZZABILE FILTRI CARBONE IN LEGNO DI COCCO SLIM 6MM E LUNGO 27MM"},"content":{"rendered":"<p><span style=\"font-size: 120%; color: #0000ff;\"><strong>SMOKING ACTIVE FILTERS 30 RIUTILIZZABILE FILTRI CARBONE<\/strong><\/span><\/p>\n<p>&nbsp;<\/p>\n<p><span style=\"font-size: 120%; color: #0000ff;\"><strong> IN LEGNO DI COCCO SLIM 6MM E LUNGO 27MM<\/strong><\/span><\/p>\n<p>&nbsp;<\/p>\n<p>Smoking active filters sono filtri al carbone attivo che puoi riutilizzare!<\/p>\n<p>&nbsp;<\/p>\n<p>In questa confezione hai 30 filtri lunghi 27 mm e spessi 6 mm, per rollare le tue sigarette.<\/p>\n<p>&nbsp;<\/p>\n<p>Sono al 100% vegetali e includono tappi in ceramica con legno di cocco e carbone attivo all&#8217;interno,<\/p>\n<p>&nbsp;<\/p>\n<p>per una filtrazione pi\u00f9 fluida, con cui possono trattenere tossine e sostanze nocive.<\/p>\n<p>&nbsp;<\/p>\n<p>Un&#8217;alternativa pi\u00f9 sostenibile ai tuoi filtri che ti d\u00e0 anche un gusto pi\u00f9 fluido nelle tue sigarette.<\/p>\n<p>&nbsp;<\/p>\n<p><span style=\"background-color: #996100; color: #000000;\">\u00a0 \u00a0 \u00a0 \u00a0 \u00a0 \u00a0 \u00a0 \u00a0 \u00a0 \u00a0 \u00a0 \u00a0 \u00a0 \u00a0 \u00a0 \u00a0 \u00a0 \u00a0 \u00a0 \u00a0 \u00a0 \u00a0 \u00a0 \u00a0 \u00a0 \u00a0 \u00a0 \u00a0 \u00a0 \u00a0 \u00a0 \u00a0 \u00a0 \u00a0 \u00a0 \u00a0 \u00a0 \u00a0 \u00a0 \u00a0 \u00a0 \u00a0 \u00a0 \u00a0 \u00a0 \u00a0 \u00a0 \u00a0 \u00a0 \u00a0 \u00a0 \u00a0 \u00a0 \u00a0 \u00a0 \u00a0 \u00a0 \u00a0 \u00a0 \u00a0 \u00a0 \u00a0 \u00a0 \u00a0 \u00a0 \u00a0 \u00a0 \u00a0 \u00a0 \u00a0 \u00a0 \u00a0 \u00a0 \u00a0 \u00a0 \u00a0 \u00a0 \u00a0 \u00a0 \u00a0 \u00a0 \u00a0 \u00a0 \u00a0 \u00a0 \u00a0 \u00a0 \u00a0 \u00a0 \u00a0 \u00a0 \u00a0 \u00a0 \u00a0 \u00a0 \u00a0 \u00a0 \u00a0 \u00a0 \u00a0 \u00a0 \u00a0 \u00a0 \u00a0 \u00a0 \u00a0 \u00a0 \u00a0 \u00a0 \u00a0 \u00a0 \u00a0 \u00a0 \u00a0 \u00a0 \u00a0 \u00a0 \u00a0 \u00a0 \u00a0 \u00a0 \u00a0 \u00a0 \u00a0 \u00a0 \u00a0 \u00a0 \u00a0 \u00a0 \u00a0 \u00a0 \u00a0 \u00a0 \u00a0 \u00a0 \u00a0 \u00a0 \u00a0 \u00a0 \u00a0 \u00a0 \u00a0 \u00a0 \u00a0<\/span><\/p>\n<p>&nbsp;<\/p>\n<div>\n<p>Smoking Active Filters 30 Riutilizzabile Filtri Carbone In Legno Di Cocco Slim 6mm e Lungo 27mm.<\/p>\n<p>&nbsp;<\/p>\n<p>Il migliori Smoking Active Filtri Riutilizzabile.<\/p>\n<p>&nbsp;<\/p>\n<p>il migliori prezzo, filtri economici ingrosso.<\/p>\n<p>&nbsp;<\/p>\n<p><span style=\"background-color: #996100; color: #000000;\">\u00a0 \u00a0 \u00a0 \u00a0 \u00a0 \u00a0 \u00a0 \u00a0 \u00a0 \u00a0 \u00a0 \u00a0 \u00a0 \u00a0 \u00a0 \u00a0 \u00a0 \u00a0 \u00a0 \u00a0 \u00a0 \u00a0 \u00a0 \u00a0 \u00a0 \u00a0 \u00a0 \u00a0 \u00a0 \u00a0 \u00a0 \u00a0 \u00a0 \u00a0 \u00a0 \u00a0 \u00a0 \u00a0 \u00a0 \u00a0 \u00a0 \u00a0 \u00a0 \u00a0 \u00a0 \u00a0 \u00a0 \u00a0 \u00a0 \u00a0 \u00a0 \u00a0 \u00a0 \u00a0 \u00a0 \u00a0 \u00a0 \u00a0 \u00a0 \u00a0 \u00a0 \u00a0 \u00a0 \u00a0 \u00a0 \u00a0 \u00a0 \u00a0 \u00a0 \u00a0 \u00a0 \u00a0 \u00a0 \u00a0 \u00a0 \u00a0 \u00a0 \u00a0 \u00a0 \u00a0 \u00a0 \u00a0 \u00a0 \u00a0 \u00a0 \u00a0 \u00a0 \u00a0 \u00a0 \u00a0 \u00a0 \u00a0 \u00a0 \u00a0 \u00a0 \u00a0 \u00a0 \u00a0 \u00a0 \u00a0 \u00a0 \u00a0 \u00a0 \u00a0 \u00a0 \u00a0 \u00a0 \u00a0 \u00a0 \u00a0 \u00a0 \u00a0 \u00a0 \u00a0 \u00a0 \u00a0 \u00a0 \u00a0 \u00a0 \u00a0 \u00a0 \u00a0 \u00a0 \u00a0 \u00a0 \u00a0 \u00a0 \u00a0 \u00a0 \u00a0 \u00a0 \u00a0 \u00a0 \u00a0 \u00a0 \u00a0 \u00a0 \u00a0 \u00a0 \u00a0 \u00a0 \u00a0 \u00a0 \u00a0<\/span><\/p>\n<p>&nbsp;<\/p>\n<p>Questa \u00e8 l&#8217;offerta che fa per voi se volete un ottimo porta tabacco.<\/p>\n<\/div>\n<p>&nbsp;<\/p>\n<blockquote class=\"wp-embedded-content\" data-secret=\"3Jb0WHUvTm\"><p><a href=\"https:\/\/www.asimis-market.com\/it\/prodotto\/tobacco-pouch-case-elements-pu-leather-for-rolling-cigarette-smoke-in-10-designs\/\">PORTA TABACCO ELEMENTS PU PELLE PER ROTOLARE TABACCO DI SIGARETTA IN 10 DISEGNI<\/a><\/p><\/blockquote>\n<p><iframe loading=\"lazy\" class=\"wp-embedded-content\" sandbox=\"allow-scripts\" security=\"restricted\" style=\"position: absolute; visibility: hidden;\" title=\"&#8220;PORTA TABACCO ELEMENTS PU PELLE PER ROTOLARE TABACCO DI SIGARETTA IN 10 DISEGNI&#8221; &#8212; Asimis Market\" src=\"https:\/\/www.asimis-market.com\/it\/prodotto\/tobacco-pouch-case-elements-pu-leather-for-rolling-cigarette-smoke-in-10-designs\/embed\/#?secret=sRFp1MUMfl#?secret=3Jb0WHUvTm\" data-secret=\"3Jb0WHUvTm\" width=\"600\" height=\"338\" frameborder=\"0\" marginwidth=\"0\" marginheight=\"0\" scrolling=\"no\"><\/iframe><\/p>\n<div>\n<p>&nbsp;<\/p>\n<p>E queste cartine hanno un ottimo prezzo e cartine molto buone,<\/p>\n<p>&nbsp;<\/p>\n<p>se vuoi completare il tuo ordine anche con le cartine.<\/p>\n<p>&nbsp;<\/p>\n<blockquote class=\"wp-embedded-content\" data-secret=\"7jdGOXGldI\"><p><a href=\"https:\/\/www.asimis-market.com\/it\/prodotto\/rizla-silver-arrotolare-cartine-super-sottile-cartina-corta-50-foglie-per-confezione-scatola-da-100-pezzi\/\">RIZLA SILVER ARROTOLARE CARTINE SUPER SOTTILE CARTINA CORTA 50 FOGLI PER CONFEZIONE SCATOLA COMPLETA 100 CONFEZIONI<\/a><\/p><\/blockquote>\n<p><iframe loading=\"lazy\" class=\"wp-embedded-content\" sandbox=\"allow-scripts\" security=\"restricted\" style=\"position: absolute; visibility: hidden;\" title=\"&#8220;RIZLA SILVER ARROTOLARE CARTINE SUPER SOTTILE CARTINA CORTA 50 FOGLI PER CONFEZIONE SCATOLA COMPLETA 100 CONFEZIONI&#8221; &#8212; Asimis Market\" src=\"https:\/\/www.asimis-market.com\/it\/prodotto\/rizla-silver-arrotolare-cartine-super-sottile-cartina-corta-50-foglie-per-confezione-scatola-da-100-pezzi\/embed\/#?secret=7k30QvKFXL#?secret=7jdGOXGldI\" data-secret=\"7jdGOXGldI\" width=\"600\" height=\"338\" frameborder=\"0\" marginwidth=\"0\" marginheight=\"0\" scrolling=\"no\"><\/iframe><\/p>\n<p>&nbsp;<\/p>\n<p><span style=\"background-color: #996100; color: #000000;\">\u00a0 \u00a0 \u00a0 \u00a0 \u00a0 \u00a0 \u00a0 \u00a0 \u00a0 \u00a0 \u00a0 \u00a0 \u00a0 \u00a0 \u00a0 \u00a0 \u00a0 \u00a0 \u00a0 \u00a0 \u00a0 \u00a0 \u00a0 \u00a0 \u00a0 \u00a0 \u00a0 \u00a0 \u00a0 \u00a0 \u00a0 \u00a0 \u00a0 \u00a0 \u00a0 \u00a0 \u00a0 \u00a0 \u00a0 \u00a0 \u00a0 \u00a0 \u00a0 \u00a0 \u00a0 \u00a0 \u00a0 \u00a0 \u00a0 \u00a0 \u00a0 \u00a0 \u00a0 \u00a0 \u00a0 \u00a0 \u00a0 \u00a0 \u00a0 \u00a0 \u00a0 \u00a0 \u00a0 \u00a0 \u00a0 \u00a0 \u00a0 \u00a0 \u00a0 \u00a0 \u00a0 \u00a0 \u00a0 \u00a0 \u00a0 \u00a0 \u00a0 \u00a0 \u00a0 \u00a0 \u00a0 \u00a0 \u00a0 \u00a0 \u00a0 \u00a0 \u00a0 \u00a0 \u00a0 \u00a0 \u00a0 \u00a0 \u00a0 \u00a0 \u00a0 \u00a0 \u00a0 \u00a0 \u00a0 \u00a0 \u00a0 \u00a0 \u00a0 \u00a0 \u00a0 \u00a0 \u00a0 \u00a0 \u00a0 \u00a0 \u00a0 \u00a0 \u00a0 \u00a0 \u00a0 \u00a0 \u00a0 \u00a0 \u00a0 \u00a0 \u00a0 \u00a0 \u00a0 \u00a0 \u00a0 \u00a0 \u00a0 \u00a0 \u00a0 \u00a0 \u00a0 \u00a0 \u00a0 \u00a0 \u00a0 \u00a0 \u00a0 \u00a0 \u00a0 \u00a0 \u00a0 \u00a0 \u00a0 \u00a0<\/span><\/p>\n<p>&nbsp;<\/p>\n<p>L\u2019eshop asimis-market.com ha i migliori prezzi per Smoking Active Filters 30 Riutilizzabile Filtri Carbone In Legno Di Cocco Slim 6mm e Lungo 27mm.<\/p>\n<p>&nbsp;<\/p>\n<p>buste di tabacco,\u00a0<a href=\"https:\/\/www.asimis-market.com\/product-category\/lighters-accessories\/lighters\/\">accendini<\/a>\u00a0t\u03b9po zippo, tubi portasigarette,\u00a0<a href=\"https:\/\/www.asimis-market.com\/product-category\/cigar-leaves\/\">foglie di sigaro<\/a>, rotoli\u00a0<a href=\"https:\/\/www.asimis-market.com\/product-category\/smoking-products\/papers\/\">cartine<\/a><a href=\"https:\/\/www.asimis-market.com\/product-category\/smoking-products\/filters\/\">filtri<\/a>.<\/p>\n<p>&nbsp;<\/p>\n<p>tutte le dimensioni\u00a0<a href=\"https:\/\/www.asimis-market.com\/product-category\/smoking-products\/papers\/\">cartine<\/a>\u00a0regolari piccole dimensioni 1 1\/4 king size e king size connoisseur,\u00a0<a href=\"https:\/\/www.asimis-market.com\/product-category\/grinders\/\">grinders.<\/a><\/p>\n<p>&nbsp;<\/p>\n<p><a href=\"https:\/\/www.asimis-market.com\/product-category\/smoking-products\/filters\/\">filtri<\/a>\u00a0tutte le dimensioni rizla ultra slim 5.7mm, rizla slim 6mm, rizla king size regular 8mm,<\/p>\n<p>&nbsp;<\/p>\n<p>rizla carbon and mentol, swan extra slim e slim, discovery carbon e lungo.<\/p>\n<p>&nbsp;<\/p>\n<p>abbiamo prezzi migliori di tutti gli altri negozi online, fino a Sconto extra del 50%.<\/p>\n<p>&nbsp;<\/p>\n<p>abbiamo tutte le marche pi\u00f9 famose di Rizla, swan, raw, smoking, gizeh, ocb, drum,<\/p>\n<p>&nbsp;<\/p>\n<p>elements, juice, old holborn, discovery, evans per prodotti per sigarette ai prezzi pi\u00f9 economici<\/p>\n<p>&nbsp;<\/p>\n<p><a href=\"https:\/\/www.asimis-market.com\/product-category\/smoking-products\/filters\/\">cartine<\/a>\u00a0e\u00a0<a href=\"https:\/\/www.asimis-market.com\/product-category\/smoking-products\/papers\/\">filtri<\/a>\u00a0e accessori per fumatori.<\/p>\n<p>&nbsp;<\/p>\n<p><span style=\"background-color: #996100; color: #000000;\">\u00a0 \u00a0 \u00a0 \u00a0 \u00a0 \u00a0 \u00a0 \u00a0 \u00a0 \u00a0 \u00a0 \u00a0 \u00a0 \u00a0 \u00a0 \u00a0 \u00a0 \u00a0 \u00a0 \u00a0 \u00a0 \u00a0 \u00a0 \u00a0 \u00a0 \u00a0 \u00a0 \u00a0 \u00a0 \u00a0 \u00a0 \u00a0 \u00a0 \u00a0 \u00a0 \u00a0 \u00a0 \u00a0 \u00a0 \u00a0 \u00a0 \u00a0 \u00a0 \u00a0 \u00a0 \u00a0 \u00a0 \u00a0 \u00a0 \u00a0 \u00a0 \u00a0 \u00a0 \u00a0 \u00a0 \u00a0 \u00a0 \u00a0 \u00a0 \u00a0 \u00a0 \u00a0 \u00a0 \u00a0 \u00a0 \u00a0 \u00a0 \u00a0 \u00a0 \u00a0 \u00a0 \u00a0 \u00a0 \u00a0 \u00a0 \u00a0 \u00a0 \u00a0 \u00a0 \u00a0 \u00a0 \u00a0 \u00a0 \u00a0 \u00a0 \u00a0 \u00a0 \u00a0 \u00a0 \u00a0 \u00a0 \u00a0 \u00a0 \u00a0 \u00a0 \u00a0 \u00a0 \u00a0 \u00a0 \u00a0 \u00a0 \u00a0 \u00a0 \u00a0 \u00a0 \u00a0 \u00a0 \u00a0 \u00a0 \u00a0 \u00a0 \u00a0 \u00a0 \u00a0 \u00a0 \u00a0 \u00a0 \u00a0 \u00a0 \u00a0 \u00a0 \u00a0 \u00a0 \u00a0 \u00a0 \u00a0 \u00a0 \u00a0 \u00a0 \u00a0 \u00a0 \u00a0 \u00a0 \u00a0 \u00a0 \u00a0 \u00a0 \u00a0 \u00a0 \u00a0 \u00a0 \u00a0 \u00a0 \u00a0<\/span><\/p>\n<p>&nbsp;<\/p>\n<p>SERVIAMO PAESI GLOBALI COME<\/p>\n<p>&nbsp;<\/p>\n<p>ITALIA, REGNO UNITO, FRANCIA, GERMANIA, SPAGNA, PORTOGALLO,<\/p>\n<p>&nbsp;<\/p>\n<p>PAESI BASSI, SVIZZERA, DANIMARCA, NORVEGIA, SVEZIA,<\/p>\n<p>&nbsp;<\/p>\n<p>FINLANDIA, IRLANDA, ISLANDA, AUSTRIA, BELGIO,<\/p>\n<p>&nbsp;<\/p>\n<p>REPUBBLICA CECA, GROENLANDIA, STATI UNITI USA, CANADA,<\/p>\n<p>&nbsp;<\/p>\n<p>AUSTRALIA, BAHREIN, ARABIA SAUDITA, EMIRATI ARABI UNITI,<\/p>\n<p>&nbsp;<\/p>\n<p>KUWAIT, GIAPPONE, COREA, CINA, THAILANDIA, ISRAELE.<\/p>\n<p>&nbsp;<\/p>\n<p>E IN GENERALE TUTTI I PAESI DEL MONDO.<\/p>\n<p>&nbsp;<\/p>\n<p>INVIAMO TUTTI GLI ORDINI MOLTO VELOCEMENTE ENTRO<\/p>\n<p>&nbsp;<\/p>\n<p>LO STESSO GIORNO O DA 1 A 2 GIORNI LAVORATIVI.<\/p>\n<p>&nbsp;<\/p>\n<p>L\u2019IMBALLAGGIO E\u2019 SEMPRE PROTETTO DA UNA SCATOLA DI CARTA<\/p>\n<p>&nbsp;<\/p>\n<p>RIGIDA O DA UN PROTETTIVO A BOLLE.<\/p>\n<p>&nbsp;<\/p>\n<p>TUTTE LE SPEDIZIONI SONO CON UN NUMERO DI TRACKING<\/p>\n<p>&nbsp;<\/p>\n<p>E SIETE AGGIORNATI TRAMITE EMAIL,<\/p>\n<\/div>\n<p>&nbsp;<\/p>\n<div>\n<p>COME VISUALIZZARE IL TUO NUMERO DI TRACCIAMENTO<\/p>\n<p>&nbsp;<\/p>\n<p>PER RICEVERE VELOCEMENTE IL TUO ORDINE.<\/p>\n<p>&nbsp;<\/p>\n<p>GARANZIA COMPLETA RIMBORSO.<\/p>\n<\/div>\n<p>&nbsp;<\/p>\n<p><span style=\"background-color: #996100; color: #000000;\">\u00a0 \u00a0 \u00a0 \u00a0 \u00a0 \u00a0 \u00a0 \u00a0 \u00a0 \u00a0 \u00a0 \u00a0 \u00a0 \u00a0 \u00a0 \u00a0 \u00a0 \u00a0 \u00a0 \u00a0 \u00a0 \u00a0 \u00a0 \u00a0 \u00a0 \u00a0 \u00a0 \u00a0 \u00a0 \u00a0 \u00a0 \u00a0 \u00a0 \u00a0 \u00a0 \u00a0 \u00a0 \u00a0 \u00a0 \u00a0 \u00a0 \u00a0 \u00a0 \u00a0 \u00a0 \u00a0 \u00a0 \u00a0 \u00a0 \u00a0 \u00a0 \u00a0 \u00a0 \u00a0 \u00a0 \u00a0 \u00a0 \u00a0 \u00a0 \u00a0 \u00a0 \u00a0 \u00a0 \u00a0 \u00a0 \u00a0 \u00a0 \u00a0 \u00a0 \u00a0 \u00a0 \u00a0 \u00a0 \u00a0 \u00a0 \u00a0 \u00a0 \u00a0 \u00a0 \u00a0 \u00a0 \u00a0 \u00a0 \u00a0 \u00a0 \u00a0 \u00a0 \u00a0 \u00a0 \u00a0 \u00a0 \u00a0 \u00a0 \u00a0 \u00a0 \u00a0 \u00a0 \u00a0 \u00a0 \u00a0 \u00a0 \u00a0 \u00a0 \u00a0 \u00a0 \u00a0 \u00a0 \u00a0 \u00a0 \u00a0 \u00a0 \u00a0 \u00a0 \u00a0 \u00a0 \u00a0 \u00a0 \u00a0 \u00a0 \u00a0 \u00a0 \u00a0 \u00a0 \u00a0 \u00a0 \u00a0 \u00a0 \u00a0 \u00a0 \u00a0 \u00a0 \u00a0 \u00a0 \u00a0 \u00a0 \u00a0 \u00a0 \u00a0 \u00a0 \u00a0 \u00a0 \u00a0 \u00a0 \u00a0<\/span><\/p>\n<p>&nbsp;<\/p>\n<p><img loading=\"lazy\" decoding=\"async\" class=\"alignnone size-medium wp-image-37946\" src=\"https:\/\/www.asimis-market.com\/wp-content\/uploads\/2024\/12\/230-599_SMOKING-ACTIVE-FILTERS-CARBON-30-FILTERS-400x400.jpg\" alt=\"\" width=\"400\" height=\"400\" srcset=\"https:\/\/www.asimis-market.com\/wp-content\/uploads\/2024\/12\/230-599_SMOKING-ACTIVE-FILTERS-CARBON-30-FILTERS-400x400.jpg 400w, https:\/\/www.asimis-market.com\/wp-content\/uploads\/2024\/12\/230-599_SMOKING-ACTIVE-FILTERS-CARBON-30-FILTERS-280x280.jpg 280w, https:\/\/www.asimis-market.com\/wp-content\/uploads\/2024\/12\/230-599_SMOKING-ACTIVE-FILTERS-CARBON-30-FILTERS-300x300.jpg 300w, https:\/\/www.asimis-market.com\/wp-content\/uploads\/2024\/12\/230-599_SMOKING-ACTIVE-FILTERS-CARBON-30-FILTERS-100x100.jpg 100w, https:\/\/www.asimis-market.com\/wp-content\/uploads\/2024\/12\/230-599_SMOKING-ACTIVE-FILTERS-CARBON-30-FILTERS-64x64.jpg 64w, https:\/\/www.asimis-market.com\/wp-content\/uploads\/2024\/12\/230-599_SMOKING-ACTIVE-FILTERS-CARBON-30-FILTERS.jpg 500w\" sizes=\"auto, (max-width: 400px) 100vw, 400px\" \/><\/p>\n","protected":false},"excerpt":{"rendered":"<p>SMOKING ACTIVE FILTERS 30 RIUTILIZZABILE FILTRI CARBONE &nbsp; IN LEGNO DI COCCO SLIM 6MM E LUNGO 27MM &nbsp; Smoking active filters sono filtri al carbone attivo che puoi riutilizzare! &nbsp; In questa confezione hai 30 filtri lunghi 27 mm e spessi 6 mm, per rollare le tue sigarette. &nbsp; Sono al 100% vegetali e includono [&#8230;]\n","protected":false},"featured_media":37946,"comment_status":"closed","ping_status":"closed","template":"","meta":{"wds_primary_product_brand":0,"wds_primary_product_cat":0},"product_brand":[],"product_cat":[483,608,503,482],"product_tag":[],"class_list":{"0":"post-37944","1":"product","2":"type-product","3":"status-publish","4":"has-post-thumbnail","6":"product_cat-filtri","7":"product_cat-filtri-smoking","8":"product_cat-non-categorizzato","9":"product_cat-prodotti-da-fumo","10":"product_shipping_class-buste","12":"first","13":"instock","14":"sale","15":"shipping-taxable","16":"purchasable","17":"product-type-simple"},"_links":{"self":[{"href":"https:\/\/www.asimis-market.com\/it\/wp-json\/wp\/v2\/product\/37944","targetHints":{"allow":["GET"]}}],"collection":[{"href":"https:\/\/www.asimis-market.com\/it\/wp-json\/wp\/v2\/product"}],"about":[{"href":"https:\/\/www.asimis-market.com\/it\/wp-json\/wp\/v2\/types\/product"}],"replies":[{"embeddable":true,"href":"https:\/\/www.asimis-market.com\/it\/wp-json\/wp\/v2\/comments?post=37944"}],"wp:featuredmedia":[{"embeddable":true,"href":"https:\/\/www.asimis-market.com\/it\/wp-json\/wp\/v2\/media\/37946"}],"wp:attachment":[{"href":"https:\/\/www.asimis-market.com\/it\/wp-json\/wp\/v2\/media?parent=37944"}],"wp:term":[{"taxonomy":"product_brand","embeddable":true,"href":"https:\/\/www.asimis-market.com\/it\/wp-json\/wp\/v2\/product_brand?post=37944"},{"taxonomy":"product_cat","embeddable":true,"href":"https:\/\/www.asimis-market.com\/it\/wp-json\/wp\/v2\/product_cat?post=37944"},{"taxonomy":"product_tag","embeddable":true,"href":"https:\/\/www.asimis-market.com\/it\/wp-json\/wp\/v2\/product_tag?post=37944"}],"curies":[{"name":"wp","href":"https:\/\/api.w.org\/{rel}","templated":true}]}}