{"id":37959,"date":"2024-12-19T04:10:10","date_gmt":"2024-12-19T01:10:10","guid":{"rendered":"https:\/\/www.asimis-market.com\/?post_type=product&#038;p=37959"},"modified":"2025-09-01T17:06:56","modified_gmt":"2025-09-01T14:06:56","slug":"cartine-the-bulldog-amsterdam-black-1-1-4-medio-grandezza-40-foglie-sottili-40-filtri-di-carta-con-perforazioni-per-confezione-connoisseur-solo-confezione-senza-scatola","status":"publish","type":"product","link":"https:\/\/www.asimis-market.com\/it\/prodotto\/cartine-the-bulldog-amsterdam-black-1-1-4-medio-grandezza-40-foglie-sottili-40-filtri-di-carta-con-perforazioni-per-confezione-connoisseur-solo-confezione-senza-scatola\/","title":{"rendered":"CARTINE THE BULLDOG AMSTERDAM BLACK 1 1\/4 MEDIO GRANDEZZA 40 FOGLIE SOTTILI + 40 FILTRI DI CARTA CON PERFORAZIONI PER CONFEZIONE CONNOISSEUR SOLO CONFEZIONE SENZA SCATOLA"},"content":{"rendered":"<p><span style=\"font-size: 120%; color: #0000ff;\"><strong>CARTINE THE BULLDOG AMSTERDAM BLACK 1 1\/4 MEDIO GRANDEZZA 40 FOGLIE SOTTILI + 40 FILTRI DI CARTA<\/strong><\/span><\/p>\n<p>&nbsp;<\/p>\n<p><span style=\"font-size: 120%; color: #0000ff;\"><strong> CON PERFORAZIONI PER CONFEZIONE CONNOISSEUR SOLO CONFEZIONE SENZA SCATOLA<\/strong><\/span><\/p>\n<p>&nbsp;<\/p>\n<p>-FOGLI:40<\/p>\n<p>&nbsp;<\/p>\n<p>-CARTINE FILTRI DI CARTA: 40 PERFORATE<\/p>\n<p>&nbsp;<\/p>\n<p>-SCATOLA PIENA:24 CONFEZIONI<\/p>\n<p>&nbsp;<\/p>\n<p>-LUNGHEZZA (mm):77<\/p>\n<p>&nbsp;<\/p>\n<p>-LARGHEZZA:(mm):44 1 1\/4 TAGLIA MEDIA<\/p>\n<p>&nbsp;<\/p>\n<p>-GRAMMATURA CARTA (gr\/m2):14 ESTINGUE LA SIGARETTA<\/p>\n<p>&nbsp;<\/p>\n<p>-COLORE CARTA: BIANCO<\/p>\n<p>&nbsp;<\/p>\n<p>-COLORE FILTRI DI CARTA: BIANCO<\/p>\n<p>&nbsp;<\/p>\n<p>-TIPO:CONNOISSEUR (CARTINE CON FILTRI DI CARTA INSIEME)<\/p>\n<p>&nbsp;<\/p>\n<p>-PRODOTTO IN: AMSTERDAM PAESI BASSI<\/p>\n<p>&nbsp;<\/p>\n<p>La Bulldog Rolling Paper 1 1\/4 Black + Filter Tips \u00e8 una carta a combustione lenta con arabic gum naturale.<\/p>\n<p>&nbsp;<\/p>\n<p>Ogni confezione contiene 40 fogli ed \u00e8 77 mm x 44 mm 1 1\/4 media.<\/p>\n<p>&nbsp;<\/p>\n<p>e 40 filtri di carta perforati, tipo connoisseur.<\/p>\n<p>&nbsp;<\/p>\n<p>Un rotolo di carta sottile del peso di 14 g che \u00e8 estngue la sigaretta.<\/p>\n<p>&nbsp;<\/p>\n<p>Non \u00e8 necessario acquistare filtri di carta extra perch\u00e9 ogni libretto li ha gi\u00e0.<\/p>\n<p>&nbsp;<\/p>\n<p><span style=\"background-color: #996100; color: #000000;\">\u00a0 \u00a0 \u00a0 \u00a0 \u00a0 \u00a0 \u00a0 \u00a0 \u00a0 \u00a0 \u00a0 \u00a0 \u00a0 \u00a0 \u00a0 \u00a0 \u00a0 \u00a0 \u00a0 \u00a0 \u00a0 \u00a0 \u00a0 \u00a0 \u00a0 \u00a0 \u00a0 \u00a0 \u00a0 \u00a0 \u00a0 \u00a0 \u00a0 \u00a0 \u00a0 \u00a0 \u00a0 \u00a0 \u00a0 \u00a0 \u00a0 \u00a0 \u00a0 \u00a0 \u00a0 \u00a0 \u00a0 \u00a0 \u00a0 \u00a0 \u00a0 \u00a0 \u00a0 \u00a0 \u00a0 \u00a0 \u00a0 \u00a0 \u00a0 \u00a0 \u00a0 \u00a0 \u00a0 \u00a0 \u00a0 \u00a0 \u00a0 \u00a0 \u00a0 \u00a0 \u00a0 \u00a0 \u00a0 \u00a0 \u00a0 \u00a0 \u00a0 \u00a0 \u00a0 \u00a0 \u00a0 \u00a0 \u00a0 \u00a0 \u00a0 \u00a0 \u00a0 \u00a0 \u00a0 \u00a0 \u00a0 \u00a0 \u00a0 \u00a0 \u00a0 \u00a0 \u00a0 \u00a0 \u00a0 \u00a0 \u00a0 \u00a0 \u00a0 \u00a0 \u00a0 \u00a0 \u00a0 \u00a0 \u00a0 \u00a0 \u00a0 \u00a0 \u00a0 \u00a0 \u00a0 \u00a0 \u00a0 \u00a0 \u00a0 \u00a0 \u00a0 \u00a0 \u00a0 \u00a0 \u00a0 \u00a0 \u00a0 \u00a0 \u00a0 \u00a0 \u00a0 \u00a0 \u00a0 \u00a0 \u00a0 \u00a0 \u00a0 \u00a0 \u00a0 \u00a0 \u00a0 \u00a0 \u00a0 \u00a0<\/span><\/p>\n<p>&nbsp;<\/p>\n<div>\n<p>Cartine The Bulldog Amsterdam Black 1 1\/4 Medio Grandezza 40 Foglie Sottili + 40 Filtri Di Carta Con Perforazioni Per Confezione Connoisseur<\/p>\n<p>&nbsp;<\/p>\n<p>Il Migliori Cartine The Bulldog Amsterdam Black 1 1\/4 + tips.<\/p>\n<p>&nbsp;<\/p>\n<p>il migliori prezzo, cartine economici ingrosso.<\/p>\n<p>&nbsp;<\/p>\n<p><span style=\"background-color: #996100; color: #000000;\">\u00a0 \u00a0 \u00a0 \u00a0 \u00a0 \u00a0 \u00a0 \u00a0 \u00a0 \u00a0 \u00a0 \u00a0 \u00a0 \u00a0 \u00a0 \u00a0 \u00a0 \u00a0 \u00a0 \u00a0 \u00a0 \u00a0 \u00a0 \u00a0 \u00a0 \u00a0 \u00a0 \u00a0 \u00a0 \u00a0 \u00a0 \u00a0 \u00a0 \u00a0 \u00a0 \u00a0 \u00a0 \u00a0 \u00a0 \u00a0 \u00a0 \u00a0 \u00a0 \u00a0 \u00a0 \u00a0 \u00a0 \u00a0 \u00a0 \u00a0 \u00a0 \u00a0 \u00a0 \u00a0 \u00a0 \u00a0 \u00a0 \u00a0 \u00a0 \u00a0 \u00a0 \u00a0 \u00a0 \u00a0 \u00a0 \u00a0 \u00a0 \u00a0 \u00a0 \u00a0 \u00a0 \u00a0 \u00a0 \u00a0 \u00a0 \u00a0 \u00a0 \u00a0 \u00a0 \u00a0 \u00a0 \u00a0 \u00a0 \u00a0 \u00a0 \u00a0 \u00a0 \u00a0 \u00a0 \u00a0 \u00a0 \u00a0 \u00a0 \u00a0 \u00a0 \u00a0 \u00a0 \u00a0 \u00a0 \u00a0 \u00a0 \u00a0 \u00a0 \u00a0 \u00a0 \u00a0 \u00a0 \u00a0 \u00a0 \u00a0 \u00a0 \u00a0 \u00a0 \u00a0 \u00a0 \u00a0 \u00a0 \u00a0 \u00a0 \u00a0 \u00a0 \u00a0 \u00a0 \u00a0 \u00a0 \u00a0 \u00a0 \u00a0 \u00a0 \u00a0 \u00a0 \u00a0 \u00a0 \u00a0 \u00a0 \u00a0 \u00a0 \u00a0 \u00a0 \u00a0 \u00a0 \u00a0 \u00a0 \u00a0<\/span><\/p>\n<p>&nbsp;<\/p>\n<p>Questa \u00e8 l\u2019offerta se desideri la scatola completa\u00a0 cartine the bulldog amsterdam black 1 1\/4 + filtri<\/p>\n<\/div>\n<p>&nbsp;<\/p>\n<blockquote class=\"wp-embedded-content\" data-secret=\"A1DK7Zpsrx\"><p><a href=\"https:\/\/www.asimis-market.com\/it\/prodotto\/cartine-the-bulldog-amsterdam-black-1-1-4-medio-grandezza-40-foglie-sottili-40-filtri-di-carta-con-perforazioni-per-confezione-connoisseur-scatola-completa-24-pezzi\/\">CARTINE THE BULLDOG AMSTERDAM BLACK 1 1\/4 MEDIO GRANDEZZA 40 FOGLIE SOTTILI + 40 FILTRI DI CARTA CON PERFORAZIONI PER CONFEZIONE CONNOISSEUR SCATOLA COMPLETA 24 PEZZI<\/a><\/p><\/blockquote>\n<p><iframe loading=\"lazy\" class=\"wp-embedded-content\" sandbox=\"allow-scripts\" security=\"restricted\" style=\"position: absolute; visibility: hidden;\" title=\"&#8220;CARTINE THE BULLDOG AMSTERDAM BLACK 1 1\/4 MEDIO GRANDEZZA 40 FOGLIE SOTTILI + 40 FILTRI DI CARTA CON PERFORAZIONI PER CONFEZIONE CONNOISSEUR SCATOLA COMPLETA 24 PEZZI&#8221; &#8212; Asimis Market\" src=\"https:\/\/www.asimis-market.com\/it\/prodotto\/cartine-the-bulldog-amsterdam-black-1-1-4-medio-grandezza-40-foglie-sottili-40-filtri-di-carta-con-perforazioni-per-confezione-connoisseur-scatola-completa-24-pezzi\/embed\/#?secret=Ov1zRzPKTf#?secret=A1DK7Zpsrx\" data-secret=\"A1DK7Zpsrx\" width=\"600\" height=\"338\" frameborder=\"0\" marginwidth=\"0\" marginheight=\"0\" scrolling=\"no\"><\/iframe><\/p>\n<div>\n<p>&nbsp;<\/p>\n<p>E queste cartine hanno un ottimo prezzo e smerigliatrice molto buone,<\/p>\n<p>&nbsp;<\/p>\n<p>se vuoi completare il tuo ordine anche con le smerigliatrice.<\/p>\n<p>&nbsp;<\/p>\n<blockquote class=\"wp-embedded-content\" data-secret=\"orvnx7Grs8\"><p><a href=\"https:\/\/www.asimis-market.com\/it\/prodotto\/smerigliatrice-per-tabacco-smoking-euphoria-50mm-4-parti-metallo-con-schermo-in-6-disegni\/\">SMERIGLIATRICE PER TABACCO SMOKING EUPHORIA 50mm 4 PARTI METALLO CON SCHERMO IN 6 DISEGNI<\/a><\/p><\/blockquote>\n<p><iframe loading=\"lazy\" class=\"wp-embedded-content\" sandbox=\"allow-scripts\" security=\"restricted\" style=\"position: absolute; visibility: hidden;\" title=\"&#8220;SMERIGLIATRICE PER TABACCO SMOKING EUPHORIA 50mm 4 PARTI METALLO CON SCHERMO IN 6 DISEGNI&#8221; &#8212; Asimis Market\" src=\"https:\/\/www.asimis-market.com\/it\/prodotto\/smerigliatrice-per-tabacco-smoking-euphoria-50mm-4-parti-metallo-con-schermo-in-6-disegni\/embed\/#?secret=agkdSe1PIs#?secret=orvnx7Grs8\" data-secret=\"orvnx7Grs8\" width=\"600\" height=\"338\" frameborder=\"0\" marginwidth=\"0\" marginheight=\"0\" scrolling=\"no\"><\/iframe><\/p>\n<p>&nbsp;<\/p>\n<p><span style=\"background-color: #996100; color: #000000;\">\u00a0 \u00a0 \u00a0 \u00a0 \u00a0 \u00a0 \u00a0 \u00a0 \u00a0 \u00a0 \u00a0 \u00a0 \u00a0 \u00a0 \u00a0 \u00a0 \u00a0 \u00a0 \u00a0 \u00a0 \u00a0 \u00a0 \u00a0 \u00a0 \u00a0 \u00a0 \u00a0 \u00a0 \u00a0 \u00a0 \u00a0 \u00a0 \u00a0 \u00a0 \u00a0 \u00a0 \u00a0 \u00a0 \u00a0 \u00a0 \u00a0 \u00a0 \u00a0 \u00a0 \u00a0 \u00a0 \u00a0 \u00a0 \u00a0 \u00a0 \u00a0 \u00a0 \u00a0 \u00a0 \u00a0 \u00a0 \u00a0 \u00a0 \u00a0 \u00a0 \u00a0 \u00a0 \u00a0 \u00a0 \u00a0 \u00a0 \u00a0 \u00a0 \u00a0 \u00a0 \u00a0 \u00a0 \u00a0 \u00a0 \u00a0 \u00a0 \u00a0 \u00a0 \u00a0 \u00a0 \u00a0 \u00a0 \u00a0 \u00a0 \u00a0 \u00a0 \u00a0 \u00a0 \u00a0 \u00a0 \u00a0 \u00a0 \u00a0 \u00a0 \u00a0 \u00a0 \u00a0 \u00a0 \u00a0 \u00a0 \u00a0 \u00a0 \u00a0 \u00a0 \u00a0 \u00a0 \u00a0 \u00a0 \u00a0 \u00a0 \u00a0 \u00a0 \u00a0 \u00a0 \u00a0 \u00a0 \u00a0 \u00a0 \u00a0 \u00a0 \u00a0 \u00a0 \u00a0 \u00a0 \u00a0 \u00a0 \u00a0 \u00a0 \u00a0 \u00a0 \u00a0 \u00a0 \u00a0 \u00a0 \u00a0 \u00a0 \u00a0 \u00a0 \u00a0 \u00a0 \u00a0 \u00a0 \u00a0 \u00a0<\/span><\/p>\n<p>&nbsp;<\/p>\n<p>L\u2019eshop asimis-market.com ha i migliori prezzi per Cartine The Bulldog Amsterdam Black 1 1\/4 Medio Grandezza 40 Foglie Sottili + 40 Filtri Di Carta Con Perforazioni Per Confezione Connoisseur<\/p>\n<p>&nbsp;<\/p>\n<p>buste di tabacco,\u00a0<a href=\"https:\/\/www.asimis-market.com\/product-category\/lighters-accessories\/lighters\/\">accendini<\/a>\u00a0t\u03b9po zippo, tubi portasigarette,\u00a0<a href=\"https:\/\/www.asimis-market.com\/product-category\/cigar-leaves\/\">foglie di sigaro<\/a>, rotoli\u00a0<a href=\"https:\/\/www.asimis-market.com\/product-category\/smoking-products\/papers\/\">cartine<\/a><a href=\"https:\/\/www.asimis-market.com\/product-category\/smoking-products\/filters\/\">filtri<\/a>.<\/p>\n<p>&nbsp;<\/p>\n<p>tutte le dimensioni\u00a0<a href=\"https:\/\/www.asimis-market.com\/product-category\/smoking-products\/papers\/\">cartine<\/a>\u00a0regolari piccole dimensioni 1 1\/4 king size e king size connoisseur,\u00a0<a href=\"https:\/\/www.asimis-market.com\/product-category\/grinders\/\">grinders.<\/a><\/p>\n<p>&nbsp;<\/p>\n<p><a href=\"https:\/\/www.asimis-market.com\/product-category\/smoking-products\/filters\/\">filtri<\/a>\u00a0tutte le dimensioni rizla ultra slim 5.7mm, rizla slim 6mm, rizla king size regular 8mm,<\/p>\n<p>&nbsp;<\/p>\n<p>rizla carbon and mentol, swan extra slim e slim, discovery carbon e lungo.<\/p>\n<p>&nbsp;<\/p>\n<p>abbiamo prezzi migliori di tutti gli altri negozi online, fino a Sconto extra del 50%.<\/p>\n<p>&nbsp;<\/p>\n<p>abbiamo tutte le marche pi\u00f9 famose di Rizla, swan, raw, smoking, gizeh, ocb, drum,<\/p>\n<p>&nbsp;<\/p>\n<p>elements, juice, old holborn, discovery, evans per prodotti per sigarette ai prezzi pi\u00f9 economici<\/p>\n<p>&nbsp;<\/p>\n<p><a href=\"https:\/\/www.asimis-market.com\/product-category\/smoking-products\/filters\/\">cartine<\/a>\u00a0e\u00a0<a href=\"https:\/\/www.asimis-market.com\/product-category\/smoking-products\/papers\/\">filtri<\/a>\u00a0e accessori per fumatori.<\/p>\n<p>&nbsp;<\/p>\n<p><span style=\"background-color: #996100; color: #000000;\">\u00a0 \u00a0 \u00a0 \u00a0 \u00a0 \u00a0 \u00a0 \u00a0 \u00a0 \u00a0 \u00a0 \u00a0 \u00a0 \u00a0 \u00a0 \u00a0 \u00a0 \u00a0 \u00a0 \u00a0 \u00a0 \u00a0 \u00a0 \u00a0 \u00a0 \u00a0 \u00a0 \u00a0 \u00a0 \u00a0 \u00a0 \u00a0 \u00a0 \u00a0 \u00a0 \u00a0 \u00a0 \u00a0 \u00a0 \u00a0 \u00a0 \u00a0 \u00a0 \u00a0 \u00a0 \u00a0 \u00a0 \u00a0 \u00a0 \u00a0 \u00a0 \u00a0 \u00a0 \u00a0 \u00a0 \u00a0 \u00a0 \u00a0 \u00a0 \u00a0 \u00a0 \u00a0 \u00a0 \u00a0 \u00a0 \u00a0 \u00a0 \u00a0 \u00a0 \u00a0 \u00a0 \u00a0 \u00a0 \u00a0 \u00a0 \u00a0 \u00a0 \u00a0 \u00a0 \u00a0 \u00a0 \u00a0 \u00a0 \u00a0 \u00a0 \u00a0 \u00a0 \u00a0 \u00a0 \u00a0 \u00a0 \u00a0 \u00a0 \u00a0 \u00a0 \u00a0 \u00a0 \u00a0 \u00a0 \u00a0 \u00a0 \u00a0 \u00a0 \u00a0 \u00a0 \u00a0 \u00a0 \u00a0 \u00a0 \u00a0 \u00a0 \u00a0 \u00a0 \u00a0 \u00a0 \u00a0 \u00a0 \u00a0 \u00a0 \u00a0 \u00a0 \u00a0 \u00a0 \u00a0 \u00a0 \u00a0 \u00a0 \u00a0 \u00a0 \u00a0 \u00a0 \u00a0 \u00a0 \u00a0 \u00a0 \u00a0 \u00a0 \u00a0 \u00a0 \u00a0 \u00a0 \u00a0 \u00a0 \u00a0<\/span><\/p>\n<p>&nbsp;<\/p>\n<p>SERVIAMO PAESI GLOBALI COME<\/p>\n<p>&nbsp;<\/p>\n<p>ITALIA, REGNO UNITO, FRANCIA, GERMANIA, SPAGNA, PORTOGALLO,<\/p>\n<p>&nbsp;<\/p>\n<p>PAESI BASSI, SVIZZERA, DANIMARCA, NORVEGIA, SVEZIA,<\/p>\n<p>&nbsp;<\/p>\n<p>FINLANDIA, IRLANDA, ISLANDA, AUSTRIA, BELGIO,<\/p>\n<p>&nbsp;<\/p>\n<p>REPUBBLICA CECA, GROENLANDIA, STATI UNITI USA, CANADA,<\/p>\n<p>&nbsp;<\/p>\n<p>AUSTRALIA, BAHREIN, ARABIA SAUDITA, EMIRATI ARABI UNITI,<\/p>\n<p>&nbsp;<\/p>\n<p>KUWAIT, GIAPPONE, COREA, CINA, THAILANDIA, ISRAELE.<\/p>\n<p>&nbsp;<\/p>\n<p>E IN GENERALE TUTTI I PAESI DEL MONDO.<\/p>\n<p>&nbsp;<\/p>\n<p>INVIAMO TUTTI GLI ORDINI MOLTO VELOCEMENTE ENTRO<\/p>\n<p>&nbsp;<\/p>\n<p>LO STESSO GIORNO O DA 1 A 2 GIORNI LAVORATIVI.<\/p>\n<p>&nbsp;<\/p>\n<p>L\u2019IMBALLAGGIO E\u2019 SEMPRE PROTETTO DA UNA SCATOLA DI CARTA<\/p>\n<p>&nbsp;<\/p>\n<p>RIGIDA O DA UN PROTETTIVO A BOLLE.<\/p>\n<p>&nbsp;<\/p>\n<p>TUTTE LE SPEDIZIONI SONO CON UN NUMERO DI TRACKING<\/p>\n<p>&nbsp;<\/p>\n<p>E SIETE AGGIORNATI TRAMITE EMAIL,<\/p>\n<\/div>\n<p>&nbsp;<\/p>\n<div>\n<p>COME VISUALIZZARE IL TUO NUMERO DI TRACCIAMENTO<\/p>\n<p>&nbsp;<\/p>\n<p>PER RICEVERE VELOCEMENTE IL TUO ORDINE.<\/p>\n<p>&nbsp;<\/p>\n<p>GARANZIA COMPLETA RIMBORSO.<\/p>\n<\/div>\n<p>&nbsp;<\/p>\n<p><span style=\"background-color: #996100; color: #000000;\">\u00a0 \u00a0 \u00a0 \u00a0 \u00a0 \u00a0 \u00a0 \u00a0 \u00a0 \u00a0 \u00a0 \u00a0 \u00a0 \u00a0 \u00a0 \u00a0 \u00a0 \u00a0 \u00a0 \u00a0 \u00a0 \u00a0 \u00a0 \u00a0 \u00a0 \u00a0 \u00a0 \u00a0 \u00a0 \u00a0 \u00a0 \u00a0 \u00a0 \u00a0 \u00a0 \u00a0 \u00a0 \u00a0 \u00a0 \u00a0 \u00a0 \u00a0 \u00a0 \u00a0 \u00a0 \u00a0 \u00a0 \u00a0 \u00a0 \u00a0 \u00a0 \u00a0 \u00a0 \u00a0 \u00a0 \u00a0 \u00a0 \u00a0 \u00a0 \u00a0 \u00a0 \u00a0 \u00a0 \u00a0 \u00a0 \u00a0 \u00a0 \u00a0 \u00a0 \u00a0 \u00a0 \u00a0 \u00a0 \u00a0 \u00a0 \u00a0 \u00a0 \u00a0 \u00a0 \u00a0 \u00a0 \u00a0 \u00a0 \u00a0 \u00a0 \u00a0 \u00a0 \u00a0 \u00a0 \u00a0 \u00a0 \u00a0 \u00a0 \u00a0 \u00a0 \u00a0 \u00a0 \u00a0 \u00a0 \u00a0 \u00a0 \u00a0 \u00a0 \u00a0 \u00a0 \u00a0 \u00a0 \u00a0 \u00a0 \u00a0 \u00a0 \u00a0 \u00a0 \u00a0 \u00a0 \u00a0 \u00a0 \u00a0 \u00a0 \u00a0 \u00a0 \u00a0 \u00a0 \u00a0 \u00a0 \u00a0 \u00a0 \u00a0 \u00a0 \u00a0 \u00a0 \u00a0 \u00a0 \u00a0 \u00a0 \u00a0 \u00a0 \u00a0 \u00a0 \u00a0 \u00a0 \u00a0 \u00a0 \u00a0<\/span><\/p>\n<p>&nbsp;<\/p>\n<p><img loading=\"lazy\" decoding=\"async\" class=\"alignnone size-medium wp-image-37961\" src=\"https:\/\/www.asimis-market.com\/wp-content\/uploads\/2024\/12\/148-499_THE-BULLDOG-AMSTERDAM-BLACK-1-1-4-AND-TIPS-ROLLING-PAPERS-PACK-400x400.jpg\" alt=\"\" width=\"400\" height=\"400\" srcset=\"https:\/\/www.asimis-market.com\/wp-content\/uploads\/2024\/12\/148-499_THE-BULLDOG-AMSTERDAM-BLACK-1-1-4-AND-TIPS-ROLLING-PAPERS-PACK-400x400.jpg 400w, https:\/\/www.asimis-market.com\/wp-content\/uploads\/2024\/12\/148-499_THE-BULLDOG-AMSTERDAM-BLACK-1-1-4-AND-TIPS-ROLLING-PAPERS-PACK-280x280.jpg 280w, https:\/\/www.asimis-market.com\/wp-content\/uploads\/2024\/12\/148-499_THE-BULLDOG-AMSTERDAM-BLACK-1-1-4-AND-TIPS-ROLLING-PAPERS-PACK-300x300.jpg 300w, https:\/\/www.asimis-market.com\/wp-content\/uploads\/2024\/12\/148-499_THE-BULLDOG-AMSTERDAM-BLACK-1-1-4-AND-TIPS-ROLLING-PAPERS-PACK-100x100.jpg 100w, https:\/\/www.asimis-market.com\/wp-content\/uploads\/2024\/12\/148-499_THE-BULLDOG-AMSTERDAM-BLACK-1-1-4-AND-TIPS-ROLLING-PAPERS-PACK-64x64.jpg 64w, https:\/\/www.asimis-market.com\/wp-content\/uploads\/2024\/12\/148-499_THE-BULLDOG-AMSTERDAM-BLACK-1-1-4-AND-TIPS-ROLLING-PAPERS-PACK.jpg 500w\" sizes=\"auto, (max-width: 400px) 100vw, 400px\" \/><\/p>\n","protected":false},"excerpt":{"rendered":"<p>CARTINE THE BULLDOG AMSTERDAM BLACK 1 1\/4 MEDIO GRANDEZZA 40 FOGLIE SOTTILI + 40 FILTRI DI CARTA &nbsp; CON PERFORAZIONI PER CONFEZIONE CONNOISSEUR SOLO CONFEZIONE SENZA SCATOLA &nbsp; -FOGLI:40 &nbsp; -CARTINE FILTRI DI CARTA: 40 PERFORATE &nbsp; -SCATOLA PIENA:24 CONFEZIONI &nbsp; -LUNGHEZZA (mm):77 &nbsp; -LARGHEZZA:(mm):44 1 1\/4 TAGLIA MEDIA &nbsp; -GRAMMATURA CARTA (gr\/m2):14 ESTINGUE LA [&#8230;]\n","protected":false},"featured_media":37961,"comment_status":"closed","ping_status":"closed","template":"","meta":{"wds_primary_product_brand":0,"wds_primary_product_cat":0},"product_brand":[616],"product_cat":[488,610,503,482],"product_tag":[],"class_list":{"0":"post-37959","1":"product","2":"type-product","3":"status-publish","4":"has-post-thumbnail","6":"product_brand-the-bulldog-amsterdam","7":"product_cat-cartine","8":"product_cat-cartine-the-bulldog-amsterdam","9":"product_cat-non-categorizzato","10":"product_cat-prodotti-da-fumo","11":"product_shipping_class-buste","13":"first","14":"instock","15":"sale","16":"shipping-taxable","17":"purchasable","18":"product-type-simple"},"_links":{"self":[{"href":"https:\/\/www.asimis-market.com\/it\/wp-json\/wp\/v2\/product\/37959","targetHints":{"allow":["GET"]}}],"collection":[{"href":"https:\/\/www.asimis-market.com\/it\/wp-json\/wp\/v2\/product"}],"about":[{"href":"https:\/\/www.asimis-market.com\/it\/wp-json\/wp\/v2\/types\/product"}],"replies":[{"embeddable":true,"href":"https:\/\/www.asimis-market.com\/it\/wp-json\/wp\/v2\/comments?post=37959"}],"wp:featuredmedia":[{"embeddable":true,"href":"https:\/\/www.asimis-market.com\/it\/wp-json\/wp\/v2\/media\/37961"}],"wp:attachment":[{"href":"https:\/\/www.asimis-market.com\/it\/wp-json\/wp\/v2\/media?parent=37959"}],"wp:term":[{"taxonomy":"product_brand","embeddable":true,"href":"https:\/\/www.asimis-market.com\/it\/wp-json\/wp\/v2\/product_brand?post=37959"},{"taxonomy":"product_cat","embeddable":true,"href":"https:\/\/www.asimis-market.com\/it\/wp-json\/wp\/v2\/product_cat?post=37959"},{"taxonomy":"product_tag","embeddable":true,"href":"https:\/\/www.asimis-market.com\/it\/wp-json\/wp\/v2\/product_tag?post=37959"}],"curies":[{"name":"wp","href":"https:\/\/api.w.org\/{rel}","templated":true}]}}